{"id":81,"date":"2020-04-15T16:59:56","date_gmt":"2020-04-15T16:59:56","guid":{"rendered":"http:\/\/joaquinfranco.com\/?page_id=81"},"modified":"2020-05-12T18:50:49","modified_gmt":"2020-05-12T18:50:49","slug":"proyectos","status":"publish","type":"page","link":"https:\/\/joaquinfranco.com\/index.php\/proyectos\/","title":{"rendered":"PROYECTOS-DISE\u00d1OS"},"content":{"rendered":"\n<div class=\"wp-block-media-text alignwide has-media-on-the-right has-background has-very-light-gray-background-color is-stacked-on-mobile\"><figure class=\"wp-block-media-text__media\"><a href=\"joaquinfranco.com\/index.php\/gimnasio\/\"><img loading=\"lazy\" width=\"400\" height=\"250\" src=\"http:\/\/joaquinfranco.com\/wp-content\/uploads\/2020\/05\/sala5.jpg\" alt=\"\" class=\"wp-image-845\" srcset=\"https:\/\/joaquinfranco.com\/wp-content\/uploads\/2020\/05\/sala5.jpg 400w, https:\/\/joaquinfranco.com\/wp-content\/uploads\/2020\/05\/sala5-300x188.jpg 300w\" sizes=\"(max-width: 400px) 100vw, 400px\" \/><\/a><\/figure><div class=\"wp-block-media-text__content\">\n<p class=\"has-medium-font-size\"><a href=\"http:\/\/joaquinfranco.com\/index.php\/gimnasio\/\" target=\"_blank\" rel=\"noreferrer noopener\">ACONDICIONAMIENTO DE NAVE PARA GIMNASIO EN MERUELO<\/a><\/p>\n<\/div><\/div>\n\n\n\n<div class=\"wp-block-media-text alignwide has-background has-very-light-gray-background-color is-stacked-on-mobile\"><figure class=\"wp-block-media-text__media\"><img loading=\"lazy\" width=\"960\" height=\"720\" src=\"http:\/\/joaquinfranco.com\/wp-content\/uploads\/2020\/04\/Diapositiva1.png\" alt=\"\" class=\"wp-image-82\" srcset=\"https:\/\/joaquinfranco.com\/wp-content\/uploads\/2020\/04\/Diapositiva1.png 960w, https:\/\/joaquinfranco.com\/wp-content\/uploads\/2020\/04\/Diapositiva1-300x225.png 300w, https:\/\/joaquinfranco.com\/wp-content\/uploads\/2020\/04\/Diapositiva1-768x576.png 768w\" sizes=\"(max-width: 960px) 100vw, 960px\" \/><\/figure><div class=\"wp-block-media-text__content\">\n<p class=\"has-background has-medium-font-size has-very-light-gray-background-color\"><a href=\"http:\/\/joaquinfranco.com\/index.php\/proyecto-para-el-acondicionamiento-de-local-centro-de-rehabilitacion-psicosocial-dual-acorde-fundacion-acorde\/\" target=\"_blank\" rel=\"noreferrer noopener\">PROYECTO FUNDACI\u00d3N ACORDE<\/a><\/p>\n<\/div><\/div>\n\n\n\n<div class=\"wp-block-media-text alignwide has-media-on-the-right has-background has-very-light-gray-background-color is-stacked-on-mobile\"><figure class=\"wp-block-media-text__media\"><img loading=\"lazy\" width=\"400\" height=\"300\" src=\"http:\/\/joaquinfranco.com\/wp-content\/uploads\/2020\/05\/SAM_6400.jpg\" alt=\"\" class=\"wp-image-961\" srcset=\"https:\/\/joaquinfranco.com\/wp-content\/uploads\/2020\/05\/SAM_6400.jpg 400w, https:\/\/joaquinfranco.com\/wp-content\/uploads\/2020\/05\/SAM_6400-300x225.jpg 300w\" sizes=\"(max-width: 400px) 100vw, 400px\" \/><\/figure><div class=\"wp-block-media-text__content\">\n<p class=\"has-background has-medium-font-size has-very-light-gray-background-color\"><a href=\"http:\/\/joaquinfranco.com\/index.php\/reforma-de-puesto-de-marcado-para-bar\/\" target=\"_blank\" rel=\"noreferrer noopener\">REFORMA DE PUESTO DE MERCADO PARA BAR EN LA PLAZA DE EL ASTILLERO<\/a><\/p>\n<\/div><\/div>\n\n\n\n<div class=\"wp-block-media-text alignwide has-background has-very-light-gray-background-color is-stacked-on-mobile\"><figure class=\"wp-block-media-text__media\"><img loading=\"lazy\" width=\"300\" height=\"225\" src=\"http:\/\/joaquinfranco.com\/wp-content\/uploads\/2020\/05\/100_301.jpg\" alt=\"\" class=\"wp-image-1259\"\/><\/figure><div class=\"wp-block-media-text__content\">\n<p class=\"has-background has-medium-font-size has-very-light-gray-background-color\"><a href=\"http:\/\/joaquinfranco.com\/index.php\/nave-ezquerra-mazo\/\" target=\"_blank\" rel=\"noreferrer noopener\">DISE\u00d1O ACEDUACI\u00d3N DE NAVE PARA ALMACEN DE CAMIONES, EMPRESA DE TRANSPORTES EZQUERRA MAZO EN MALIA\u00d1O (A\u00d1O 2005)<\/a><\/p>\n<\/div><\/div>\n\n\n\n<p><\/p>\n\n\n\n<p><\/p>\n","protected":false},"excerpt":{"rendered":"<p>ACONDICIONAMIENTO DE NAVE PARA GIMNASIO EN MERUELO PROYECTO FUNDACI\u00d3N ACORDE REFORMA DE PUESTO DE MERCADO PARA BAR EN LA PLAZA DE EL ASTILLERO DISE\u00d1O ACEDUACI\u00d3N DE NAVE PARA ALMACEN DE CAMIONES, EMPRESA DE TRANSPORTES EZQUERRA MAZO EN MALIA\u00d1O (A\u00d1O 2005)<\/p>\n","protected":false},"author":1,"featured_media":0,"parent":0,"menu_order":0,"comment_status":"closed","ping_status":"closed","template":"","meta":[],"yoast_head":"<!-- This site is optimized with the Yoast SEO plugin v15.2.1 - https:\/\/yoast.com\/wordpress\/plugins\/seo\/ -->\n<title>PROYECTOS-DISE\u00d1OS - INTERIORISMO JOAQUIN FRANCO<\/title>\n<meta name=\"robots\" content=\"index, follow, max-snippet:-1, max-image-preview:large, max-video-preview:-1\" \/>\n<link rel=\"canonical\" href=\"https:\/\/joaquinfranco.com\/index.php\/proyectos\/\" \/>\n<meta property=\"og:locale\" content=\"es_ES\" \/>\n<meta property=\"og:type\" content=\"article\" \/>\n<meta property=\"og:title\" content=\"PROYECTOS-DISE\u00d1OS - INTERIORISMO JOAQUIN FRANCO\" \/>\n<meta property=\"og:description\" content=\"ACONDICIONAMIENTO DE NAVE PARA GIMNASIO EN MERUELO PROYECTO FUNDACI\u00d3N ACORDE REFORMA DE PUESTO DE MERCADO PARA BAR EN LA PLAZA DE EL ASTILLERO DISE\u00d1O ACEDUACI\u00d3N DE NAVE PARA ALMACEN DE CAMIONES, EMPRESA DE TRANSPORTES EZQUERRA MAZO EN MALIA\u00d1O (A\u00d1O 2005)\" \/>\n<meta property=\"og:url\" content=\"https:\/\/joaquinfranco.com\/index.php\/proyectos\/\" \/>\n<meta property=\"og:site_name\" content=\"INTERIORISMO JOAQUIN FRANCO\" \/>\n<meta property=\"article:publisher\" content=\"https:\/\/www.facebook.com\/joaquin.francotrueba\" \/>\n<meta property=\"article:modified_time\" content=\"2020-05-12T18:50:49+00:00\" \/>\n<meta property=\"og:image\" content=\"http:\/\/joaquinfranco.com\/wp-content\/uploads\/2020\/05\/sala5.jpg\" \/>\n<meta name=\"twitter:card\" content=\"summary_large_image\" \/>\n<meta name=\"twitter:label1\" content=\"Escrito por\">\n\t<meta name=\"twitter:data1\" content=\"admin\">\n\t<meta name=\"twitter:label2\" content=\"Tiempo de lectura\">\n\t<meta name=\"twitter:data2\" content=\"0 minutos\">\n<script type=\"application\/ld+json\" class=\"yoast-schema-graph\">{\"@context\":\"https:\/\/schema.org\",\"@graph\":[{\"@type\":\"WebSite\",\"@id\":\"https:\/\/joaquinfranco.com\/#website\",\"url\":\"https:\/\/joaquinfranco.com\/\",\"name\":\"INTERIORISMO JOAQUIN FRANCO\",\"description\":\"Estudio de Decoraci\\u00f3n y Arquitectura Interior\",\"potentialAction\":[{\"@type\":\"SearchAction\",\"target\":\"https:\/\/joaquinfranco.com\/?s={search_term_string}\",\"query-input\":\"required name=search_term_string\"}],\"inLanguage\":\"es\"},{\"@type\":\"ImageObject\",\"@id\":\"https:\/\/joaquinfranco.com\/index.php\/proyectos\/#primaryimage\",\"inLanguage\":\"es\",\"url\":\"http:\/\/joaquinfranco.com\/wp-content\/uploads\/2020\/05\/sala5.jpg\"},{\"@type\":\"WebPage\",\"@id\":\"https:\/\/joaquinfranco.com\/index.php\/proyectos\/#webpage\",\"url\":\"https:\/\/joaquinfranco.com\/index.php\/proyectos\/\",\"name\":\"PROYECTOS-DISE\\u00d1OS - INTERIORISMO JOAQUIN FRANCO\",\"isPartOf\":{\"@id\":\"https:\/\/joaquinfranco.com\/#website\"},\"primaryImageOfPage\":{\"@id\":\"https:\/\/joaquinfranco.com\/index.php\/proyectos\/#primaryimage\"},\"datePublished\":\"2020-04-15T16:59:56+00:00\",\"dateModified\":\"2020-05-12T18:50:49+00:00\",\"inLanguage\":\"es\",\"potentialAction\":[{\"@type\":\"ReadAction\",\"target\":[\"https:\/\/joaquinfranco.com\/index.php\/proyectos\/\"]}]}]}<\/script>\n<!-- \/ Yoast SEO plugin. -->","_links":{"self":[{"href":"https:\/\/joaquinfranco.com\/index.php\/wp-json\/wp\/v2\/pages\/81"}],"collection":[{"href":"https:\/\/joaquinfranco.com\/index.php\/wp-json\/wp\/v2\/pages"}],"about":[{"href":"https:\/\/joaquinfranco.com\/index.php\/wp-json\/wp\/v2\/types\/page"}],"author":[{"embeddable":true,"href":"https:\/\/joaquinfranco.com\/index.php\/wp-json\/wp\/v2\/users\/1"}],"replies":[{"embeddable":true,"href":"https:\/\/joaquinfranco.com\/index.php\/wp-json\/wp\/v2\/comments?post=81"}],"version-history":[{"count":8,"href":"https:\/\/joaquinfranco.com\/index.php\/wp-json\/wp\/v2\/pages\/81\/revisions"}],"predecessor-version":[{"id":1523,"href":"https:\/\/joaquinfranco.com\/index.php\/wp-json\/wp\/v2\/pages\/81\/revisions\/1523"}],"wp:attachment":[{"href":"https:\/\/joaquinfranco.com\/index.php\/wp-json\/wp\/v2\/media?parent=81"}],"curies":[{"name":"wp","href":"https:\/\/api.w.org\/{rel}","templated":true}]}}