{"id":706,"date":"2020-05-03T16:25:09","date_gmt":"2020-05-03T16:25:09","guid":{"rendered":"http:\/\/joaquinfranco.com\/?page_id=706"},"modified":"2020-05-03T16:25:09","modified_gmt":"2020-05-03T16:25:09","slug":"comedor-para-restaurante","status":"publish","type":"page","link":"https:\/\/joaquinfranco.com\/index.php\/comedor-para-restaurante\/","title":{"rendered":"COMEDOR PARA RESTAURANTE"},"content":{"rendered":"\n<h3 class=\"has-text-align-center\">COMEDOR PARA AMPLIACI\u00d3N DE BAR-CAFETERIA A RESTAURANTE (2005)<br>Urbanizaci\u00f3n Costa Verde, AJO-BAREYO<\/h3>\n\n\n\n<p class=\"has-drop-cap\">Acondicionamiento de local para la ampliaci\u00f3n de un bar a restaurante por medio de un comedor. Las amplias cristaleras que  facilitan la iluminaci\u00f3n natural del comedor teniendo acceso desde la cocina y desde el bar actual. La fachada se iguala al realizarse con los mismos materiales, madera tintada de verde en las carpinter\u00edas, ladrillo viejo con travesa\u00f1os de madera y el parte alta de la fachada enfoscada y pintada de amarillo. La amplitud del local permite la versatilidad y la colocaci\u00f3n de las mesas con un f\u00e1cil acceso a los dependientes que las sirven.<\/p>\n\n\n\n<figure class=\"wp-block-gallery alignwide columns-2 is-cropped\"><ul class=\"blocks-gallery-grid\"><li class=\"blocks-gallery-item\"><figure><a href=\"http:\/\/joaquinfranco.com\/wp-content\/uploads\/2020\/05\/FACHADA-2.jpg\"><img loading=\"lazy\" width=\"277\" height=\"208\" src=\"http:\/\/joaquinfranco.com\/wp-content\/uploads\/2020\/05\/FACHADA-2.jpg\" alt=\"\" data-id=\"707\" data-full-url=\"http:\/\/joaquinfranco.com\/wp-content\/uploads\/2020\/05\/FACHADA-2.jpg\" data-link=\"http:\/\/joaquinfranco.com\/?attachment_id=707\" class=\"wp-image-707\"\/><\/a><\/figure><\/li><li class=\"blocks-gallery-item\"><figure><a href=\"http:\/\/joaquinfranco.com\/wp-content\/uploads\/2020\/05\/PLANTA.jpg\"><img loading=\"lazy\" width=\"332\" height=\"229\" src=\"http:\/\/joaquinfranco.com\/wp-content\/uploads\/2020\/05\/PLANTA.jpg\" alt=\"\" data-id=\"708\" data-full-url=\"http:\/\/joaquinfranco.com\/wp-content\/uploads\/2020\/05\/PLANTA.jpg\" data-link=\"http:\/\/joaquinfranco.com\/?attachment_id=708\" class=\"wp-image-708\" srcset=\"https:\/\/joaquinfranco.com\/wp-content\/uploads\/2020\/05\/PLANTA.jpg 332w, https:\/\/joaquinfranco.com\/wp-content\/uploads\/2020\/05\/PLANTA-300x207.jpg 300w\" sizes=\"(max-width: 332px) 100vw, 332px\" \/><\/a><\/figure><\/li><\/ul><\/figure>\n\n\n\n<div class=\"wp-block-file\"><a href=\"http:\/\/joaquinfranco.com\/wp-content\/uploads\/2020\/05\/PLANOS-CAFETERIA-A-RESTAURANTE-EN-AJO.pdf\" target=\"_blank\" rel=\"noreferrer noopener\">PLANOS-CAFETERIA-A-RESTAURANTE-EN-AJO<\/a><a href=\"http:\/\/joaquinfranco.com\/wp-content\/uploads\/2020\/05\/PLANOS-CAFETERIA-A-RESTAURANTE-EN-AJO.pdf\" class=\"wp-block-file__button\" download>Descarga<\/a><\/div>\n\n\n\n<figure class=\"wp-block-embed-youtube alignwide wp-block-embed is-type-video is-provider-youtube wp-embed-aspect-16-9 wp-has-aspect-ratio\"><div class=\"wp-block-embed__wrapper\">\n<iframe title=\"RESTAURANTE\" width=\"790\" height=\"444\" src=\"https:\/\/www.youtube.com\/embed\/Om-gjFs0g54?feature=oembed\" frameborder=\"0\" allow=\"accelerometer; autoplay; encrypted-media; gyroscope; picture-in-picture\" allowfullscreen><\/iframe>\n<\/div><\/figure>\n","protected":false},"excerpt":{"rendered":"<p>COMEDOR PARA AMPLIACI\u00d3N DE BAR-CAFETERIA A RESTAURANTE (2005)Urbanizaci\u00f3n Costa Verde, AJO-BAREYO Acondicionamiento de local para la ampliaci\u00f3n de un bar a restaurante por medio de un comedor. Las amplias cristaleras que facilitan la iluminaci\u00f3n natural del comedor teniendo acceso desde la cocina y desde el bar actual. La fachada se&#8230;<\/p>\n","protected":false},"author":1,"featured_media":0,"parent":0,"menu_order":0,"comment_status":"closed","ping_status":"closed","template":"","meta":[],"yoast_head":"<!-- This site is optimized with the Yoast SEO plugin v15.2.1 - https:\/\/yoast.com\/wordpress\/plugins\/seo\/ -->\n<title>COMEDOR PARA RESTAURANTE - INTERIORISMO JOAQUIN FRANCO<\/title>\n<meta name=\"robots\" content=\"index, follow, max-snippet:-1, max-image-preview:large, max-video-preview:-1\" \/>\n<link rel=\"canonical\" href=\"https:\/\/joaquinfranco.com\/index.php\/comedor-para-restaurante\/\" \/>\n<meta property=\"og:locale\" content=\"es_ES\" \/>\n<meta property=\"og:type\" content=\"article\" \/>\n<meta property=\"og:title\" content=\"COMEDOR PARA RESTAURANTE - INTERIORISMO JOAQUIN FRANCO\" \/>\n<meta property=\"og:description\" content=\"COMEDOR PARA AMPLIACI\u00d3N DE BAR-CAFETERIA A RESTAURANTE (2005)Urbanizaci\u00f3n Costa Verde, AJO-BAREYO Acondicionamiento de local para la ampliaci\u00f3n de un bar a restaurante por medio de un comedor. Las amplias cristaleras que facilitan la iluminaci\u00f3n natural del comedor teniendo acceso desde la cocina y desde el bar actual. La fachada se...\" \/>\n<meta property=\"og:url\" content=\"https:\/\/joaquinfranco.com\/index.php\/comedor-para-restaurante\/\" \/>\n<meta property=\"og:site_name\" content=\"INTERIORISMO JOAQUIN FRANCO\" \/>\n<meta property=\"article:publisher\" content=\"https:\/\/www.facebook.com\/joaquin.francotrueba\" \/>\n<meta property=\"og:image\" content=\"http:\/\/joaquinfranco.com\/wp-content\/uploads\/2020\/05\/FACHADA-2.jpg\" \/>\n<meta name=\"twitter:card\" content=\"summary_large_image\" \/>\n<meta name=\"twitter:label1\" content=\"Escrito por\">\n\t<meta name=\"twitter:data1\" content=\"admin\">\n\t<meta name=\"twitter:label2\" content=\"Tiempo de lectura\">\n\t<meta name=\"twitter:data2\" content=\"0 minutos\">\n<script type=\"application\/ld+json\" class=\"yoast-schema-graph\">{\"@context\":\"https:\/\/schema.org\",\"@graph\":[{\"@type\":\"WebSite\",\"@id\":\"https:\/\/joaquinfranco.com\/#website\",\"url\":\"https:\/\/joaquinfranco.com\/\",\"name\":\"INTERIORISMO JOAQUIN FRANCO\",\"description\":\"Estudio de Decoraci\\u00f3n y Arquitectura Interior\",\"potentialAction\":[{\"@type\":\"SearchAction\",\"target\":\"https:\/\/joaquinfranco.com\/?s={search_term_string}\",\"query-input\":\"required name=search_term_string\"}],\"inLanguage\":\"es\"},{\"@type\":\"ImageObject\",\"@id\":\"https:\/\/joaquinfranco.com\/index.php\/comedor-para-restaurante\/#primaryimage\",\"inLanguage\":\"es\",\"url\":\"http:\/\/joaquinfranco.com\/wp-content\/uploads\/2020\/05\/FACHADA-2.jpg\"},{\"@type\":\"WebPage\",\"@id\":\"https:\/\/joaquinfranco.com\/index.php\/comedor-para-restaurante\/#webpage\",\"url\":\"https:\/\/joaquinfranco.com\/index.php\/comedor-para-restaurante\/\",\"name\":\"COMEDOR PARA RESTAURANTE - INTERIORISMO JOAQUIN FRANCO\",\"isPartOf\":{\"@id\":\"https:\/\/joaquinfranco.com\/#website\"},\"primaryImageOfPage\":{\"@id\":\"https:\/\/joaquinfranco.com\/index.php\/comedor-para-restaurante\/#primaryimage\"},\"datePublished\":\"2020-05-03T16:25:09+00:00\",\"dateModified\":\"2020-05-03T16:25:09+00:00\",\"inLanguage\":\"es\",\"potentialAction\":[{\"@type\":\"ReadAction\",\"target\":[\"https:\/\/joaquinfranco.com\/index.php\/comedor-para-restaurante\/\"]}]}]}<\/script>\n<!-- \/ Yoast SEO plugin. -->","_links":{"self":[{"href":"https:\/\/joaquinfranco.com\/index.php\/wp-json\/wp\/v2\/pages\/706"}],"collection":[{"href":"https:\/\/joaquinfranco.com\/index.php\/wp-json\/wp\/v2\/pages"}],"about":[{"href":"https:\/\/joaquinfranco.com\/index.php\/wp-json\/wp\/v2\/types\/page"}],"author":[{"embeddable":true,"href":"https:\/\/joaquinfranco.com\/index.php\/wp-json\/wp\/v2\/users\/1"}],"replies":[{"embeddable":true,"href":"https:\/\/joaquinfranco.com\/index.php\/wp-json\/wp\/v2\/comments?post=706"}],"version-history":[{"count":1,"href":"https:\/\/joaquinfranco.com\/index.php\/wp-json\/wp\/v2\/pages\/706\/revisions"}],"predecessor-version":[{"id":711,"href":"https:\/\/joaquinfranco.com\/index.php\/wp-json\/wp\/v2\/pages\/706\/revisions\/711"}],"wp:attachment":[{"href":"https:\/\/joaquinfranco.com\/index.php\/wp-json\/wp\/v2\/media?parent=706"}],"curies":[{"name":"wp","href":"https:\/\/api.w.org\/{rel}","templated":true}]}}