{"id":662,"date":"2020-05-03T09:39:44","date_gmt":"2020-05-03T09:39:44","guid":{"rendered":"http:\/\/joaquinfranco.com\/?page_id=662"},"modified":"2020-05-03T10:18:12","modified_gmt":"2020-05-03T10:18:12","slug":"peluquerias","status":"publish","type":"page","link":"https:\/\/joaquinfranco.com\/index.php\/peluquerias\/","title":{"rendered":"PELUQUERIAS"},"content":{"rendered":"\n<div class=\"wp-block-media-text alignfull is-stacked-on-mobile\"><figure class=\"wp-block-media-text__media\"><a href=\"joaquinfranco.com\/index.php\/peluqueria-leticia-arenal\/\"><img loading=\"lazy\" width=\"300\" height=\"200\" src=\"http:\/\/joaquinfranco.com\/wp-content\/uploads\/2020\/05\/DCP_0509.jpg\" alt=\"\" class=\"wp-image-633\"\/><\/a><\/figure><div class=\"wp-block-media-text__content\">\n<p class=\"has-background has-drop-cap has-normal-font-size has-very-light-gray-background-color\">PELUQUERIA LETICIA ARENAL EN BOO DE PIELAGOS  (A\u00d1O 2004)<\/p>\n<\/div><\/div>\n\n\n\n<div class=\"wp-block-media-text alignfull\"><figure class=\"wp-block-media-text__media\"><a href=\"joaquinfranco.com\/index.php\/peluqueria-en-santona\/\"><img loading=\"lazy\" width=\"300\" height=\"168\" src=\"http:\/\/joaquinfranco.com\/wp-content\/uploads\/2020\/05\/SAM_1363.jpg\" alt=\"\" class=\"wp-image-642\"\/><\/a><\/figure><div class=\"wp-block-media-text__content\">\n<p class=\"has-background has-drop-cap has-normal-font-size has-very-light-gray-background-color\">PELUQUERIA LAURA GONZALEZ EN SANTO\u00d1A (A\u00d1O 2014)<\/p>\n<\/div><\/div>\n\n\n\n<p><\/p>\n","protected":false},"excerpt":{"rendered":"<p>PELUQUERIA LETICIA ARENAL EN BOO DE PIELAGOS (A\u00d1O 2004) PELUQUERIA LAURA GONZALEZ EN SANTO\u00d1A (A\u00d1O 2014)<\/p>\n","protected":false},"author":1,"featured_media":0,"parent":0,"menu_order":0,"comment_status":"closed","ping_status":"closed","template":"","meta":[],"yoast_head":"<!-- This site is optimized with the Yoast SEO plugin v15.2.1 - https:\/\/yoast.com\/wordpress\/plugins\/seo\/ -->\n<title>PELUQUERIAS - INTERIORISMO JOAQUIN FRANCO<\/title>\n<meta name=\"robots\" content=\"index, follow, max-snippet:-1, max-image-preview:large, max-video-preview:-1\" \/>\n<link rel=\"canonical\" href=\"https:\/\/joaquinfranco.com\/index.php\/peluquerias\/\" \/>\n<meta property=\"og:locale\" content=\"es_ES\" \/>\n<meta property=\"og:type\" content=\"article\" \/>\n<meta property=\"og:title\" content=\"PELUQUERIAS - INTERIORISMO JOAQUIN FRANCO\" \/>\n<meta property=\"og:description\" content=\"PELUQUERIA LETICIA ARENAL EN BOO DE PIELAGOS (A\u00d1O 2004) PELUQUERIA LAURA GONZALEZ EN SANTO\u00d1A (A\u00d1O 2014)\" \/>\n<meta property=\"og:url\" content=\"https:\/\/joaquinfranco.com\/index.php\/peluquerias\/\" \/>\n<meta property=\"og:site_name\" content=\"INTERIORISMO JOAQUIN FRANCO\" \/>\n<meta property=\"article:publisher\" content=\"https:\/\/www.facebook.com\/joaquin.francotrueba\" \/>\n<meta property=\"article:modified_time\" content=\"2020-05-03T10:18:12+00:00\" \/>\n<meta property=\"og:image\" content=\"http:\/\/joaquinfranco.com\/wp-content\/uploads\/2020\/05\/DCP_0509.jpg\" \/>\n<meta name=\"twitter:card\" content=\"summary_large_image\" \/>\n<meta name=\"twitter:label1\" content=\"Escrito por\">\n\t<meta name=\"twitter:data1\" content=\"admin\">\n\t<meta name=\"twitter:label2\" content=\"Tiempo de lectura\">\n\t<meta name=\"twitter:data2\" content=\"0 minutos\">\n<script type=\"application\/ld+json\" class=\"yoast-schema-graph\">{\"@context\":\"https:\/\/schema.org\",\"@graph\":[{\"@type\":\"WebSite\",\"@id\":\"https:\/\/joaquinfranco.com\/#website\",\"url\":\"https:\/\/joaquinfranco.com\/\",\"name\":\"INTERIORISMO JOAQUIN FRANCO\",\"description\":\"Estudio de Decoraci\\u00f3n y Arquitectura Interior\",\"potentialAction\":[{\"@type\":\"SearchAction\",\"target\":\"https:\/\/joaquinfranco.com\/?s={search_term_string}\",\"query-input\":\"required name=search_term_string\"}],\"inLanguage\":\"es\"},{\"@type\":\"ImageObject\",\"@id\":\"https:\/\/joaquinfranco.com\/index.php\/peluquerias\/#primaryimage\",\"inLanguage\":\"es\",\"url\":\"http:\/\/joaquinfranco.com\/wp-content\/uploads\/2020\/05\/DCP_0509.jpg\"},{\"@type\":\"WebPage\",\"@id\":\"https:\/\/joaquinfranco.com\/index.php\/peluquerias\/#webpage\",\"url\":\"https:\/\/joaquinfranco.com\/index.php\/peluquerias\/\",\"name\":\"PELUQUERIAS - INTERIORISMO JOAQUIN FRANCO\",\"isPartOf\":{\"@id\":\"https:\/\/joaquinfranco.com\/#website\"},\"primaryImageOfPage\":{\"@id\":\"https:\/\/joaquinfranco.com\/index.php\/peluquerias\/#primaryimage\"},\"datePublished\":\"2020-05-03T09:39:44+00:00\",\"dateModified\":\"2020-05-03T10:18:12+00:00\",\"inLanguage\":\"es\",\"potentialAction\":[{\"@type\":\"ReadAction\",\"target\":[\"https:\/\/joaquinfranco.com\/index.php\/peluquerias\/\"]}]}]}<\/script>\n<!-- \/ Yoast SEO plugin. -->","_links":{"self":[{"href":"https:\/\/joaquinfranco.com\/index.php\/wp-json\/wp\/v2\/pages\/662"}],"collection":[{"href":"https:\/\/joaquinfranco.com\/index.php\/wp-json\/wp\/v2\/pages"}],"about":[{"href":"https:\/\/joaquinfranco.com\/index.php\/wp-json\/wp\/v2\/types\/page"}],"author":[{"embeddable":true,"href":"https:\/\/joaquinfranco.com\/index.php\/wp-json\/wp\/v2\/users\/1"}],"replies":[{"embeddable":true,"href":"https:\/\/joaquinfranco.com\/index.php\/wp-json\/wp\/v2\/comments?post=662"}],"version-history":[{"count":5,"href":"https:\/\/joaquinfranco.com\/index.php\/wp-json\/wp\/v2\/pages\/662\/revisions"}],"predecessor-version":[{"id":669,"href":"https:\/\/joaquinfranco.com\/index.php\/wp-json\/wp\/v2\/pages\/662\/revisions\/669"}],"wp:attachment":[{"href":"https:\/\/joaquinfranco.com\/index.php\/wp-json\/wp\/v2\/media?parent=662"}],"curies":[{"name":"wp","href":"https:\/\/api.w.org\/{rel}","templated":true}]}}