{"id":575,"date":"2020-05-03T08:36:14","date_gmt":"2020-05-03T08:36:14","guid":{"rendered":"http:\/\/joaquinfranco.com\/?page_id=575"},"modified":"2020-06-04T15:24:22","modified_gmt":"2020-06-04T15:24:22","slug":"tienda-de-ropa","status":"publish","type":"page","link":"https:\/\/joaquinfranco.com\/index.php\/tienda-de-ropa\/","title":{"rendered":"TIENDA DE ROPA"},"content":{"rendered":"\n<h2>TIENDA DE ROPA \u201cGoyca\u201d (2006)<br>Avenida de Oviedo-SOLARES<\/h2>\n\n\n\n<p class=\"has-drop-cap\">Proyecto integral para tienda de ropa.La fachada en negro enmarca el escaparate y resalta el nombre de la tienda. Es una tienda de moda juvenil actual y desenfadada con sus complementos. Los colores verdes y naranjas combinan con las paredes y las cortinas de acceso al os vestidores y almac\u00e9n. La tienda consta de baldas, barras y estanter\u00edas en las paredes, un mostrador-acristalado para los complementos; Y un espacio central di\u00e1fano y vers\u00e1til en el cual se pueden poner mesas y barras m\u00f3viles para mostrar las ropas y prendas dobladas o colgadas de f\u00e1cil acceso a los clientes.<\/p>\n\n\n\n<figure class=\"wp-block-embed-youtube alignwide wp-block-embed is-type-video is-provider-youtube wp-embed-aspect-16-9 wp-has-aspect-ratio\"><div class=\"wp-block-embed__wrapper\">\n<iframe title=\"TIENDA DE ROPA GOYCA EN SOLARES\" width=\"790\" height=\"444\" src=\"https:\/\/www.youtube.com\/embed\/xvnsqLAJTeE?feature=oembed\" frameborder=\"0\" allow=\"accelerometer; autoplay; encrypted-media; gyroscope; picture-in-picture\" allowfullscreen><\/iframe>\n<\/div><\/figure>\n\n\n\n<figure class=\"wp-block-gallery alignfull columns-5 is-cropped\"><ul class=\"blocks-gallery-grid\"><li class=\"blocks-gallery-item\"><figure><a href=\"http:\/\/joaquinfranco.com\/wp-content\/uploads\/2020\/05\/100_2486-1.jpg\"><img loading=\"lazy\" width=\"407\" height=\"305\" src=\"http:\/\/joaquinfranco.com\/wp-content\/uploads\/2020\/05\/100_2486-1.jpg\" alt=\"\" data-id=\"577\" data-full-url=\"http:\/\/joaquinfranco.com\/wp-content\/uploads\/2020\/05\/100_2486-1.jpg\" data-link=\"http:\/\/joaquinfranco.com\/?attachment_id=577\" class=\"wp-image-577\" srcset=\"https:\/\/joaquinfranco.com\/wp-content\/uploads\/2020\/05\/100_2486-1.jpg 407w, https:\/\/joaquinfranco.com\/wp-content\/uploads\/2020\/05\/100_2486-1-300x225.jpg 300w\" sizes=\"(max-width: 407px) 100vw, 407px\" \/><\/a><\/figure><\/li><li class=\"blocks-gallery-item\"><figure><a href=\"http:\/\/joaquinfranco.com\/wp-content\/uploads\/2020\/05\/100_2487.jpg\"><img loading=\"lazy\" width=\"305\" height=\"407\" src=\"http:\/\/joaquinfranco.com\/wp-content\/uploads\/2020\/05\/100_2487.jpg\" alt=\"\" data-id=\"578\" data-full-url=\"http:\/\/joaquinfranco.com\/wp-content\/uploads\/2020\/05\/100_2487.jpg\" data-link=\"http:\/\/joaquinfranco.com\/?attachment_id=578\" class=\"wp-image-578\" srcset=\"https:\/\/joaquinfranco.com\/wp-content\/uploads\/2020\/05\/100_2487.jpg 305w, https:\/\/joaquinfranco.com\/wp-content\/uploads\/2020\/05\/100_2487-225x300.jpg 225w\" sizes=\"(max-width: 305px) 100vw, 305px\" \/><\/a><\/figure><\/li><li class=\"blocks-gallery-item\"><figure><a href=\"http:\/\/joaquinfranco.com\/wp-content\/uploads\/2020\/05\/100_2488.jpg\"><img loading=\"lazy\" width=\"305\" height=\"407\" src=\"http:\/\/joaquinfranco.com\/wp-content\/uploads\/2020\/05\/100_2488.jpg\" alt=\"\" data-id=\"579\" data-full-url=\"http:\/\/joaquinfranco.com\/wp-content\/uploads\/2020\/05\/100_2488.jpg\" data-link=\"http:\/\/joaquinfranco.com\/?attachment_id=579\" class=\"wp-image-579\" srcset=\"https:\/\/joaquinfranco.com\/wp-content\/uploads\/2020\/05\/100_2488.jpg 305w, https:\/\/joaquinfranco.com\/wp-content\/uploads\/2020\/05\/100_2488-225x300.jpg 225w\" sizes=\"(max-width: 305px) 100vw, 305px\" \/><\/a><\/figure><\/li><li class=\"blocks-gallery-item\"><figure><a href=\"http:\/\/joaquinfranco.com\/wp-content\/uploads\/2020\/05\/100_2489.jpg\"><img loading=\"lazy\" width=\"407\" height=\"305\" src=\"http:\/\/joaquinfranco.com\/wp-content\/uploads\/2020\/05\/100_2489.jpg\" alt=\"\" data-id=\"580\" data-full-url=\"http:\/\/joaquinfranco.com\/wp-content\/uploads\/2020\/05\/100_2489.jpg\" data-link=\"http:\/\/joaquinfranco.com\/?attachment_id=580\" class=\"wp-image-580\" srcset=\"https:\/\/joaquinfranco.com\/wp-content\/uploads\/2020\/05\/100_2489.jpg 407w, https:\/\/joaquinfranco.com\/wp-content\/uploads\/2020\/05\/100_2489-300x225.jpg 300w\" sizes=\"(max-width: 407px) 100vw, 407px\" \/><\/a><\/figure><\/li><li class=\"blocks-gallery-item\"><figure><a href=\"http:\/\/joaquinfranco.com\/wp-content\/uploads\/2020\/05\/100_2490.jpg\"><img loading=\"lazy\" width=\"305\" height=\"407\" src=\"http:\/\/joaquinfranco.com\/wp-content\/uploads\/2020\/05\/100_2490.jpg\" alt=\"\" data-id=\"581\" data-full-url=\"http:\/\/joaquinfranco.com\/wp-content\/uploads\/2020\/05\/100_2490.jpg\" data-link=\"http:\/\/joaquinfranco.com\/?attachment_id=581\" class=\"wp-image-581\" srcset=\"https:\/\/joaquinfranco.com\/wp-content\/uploads\/2020\/05\/100_2490.jpg 305w, https:\/\/joaquinfranco.com\/wp-content\/uploads\/2020\/05\/100_2490-225x300.jpg 225w\" sizes=\"(max-width: 305px) 100vw, 305px\" \/><\/a><\/figure><\/li><li class=\"blocks-gallery-item\"><figure><a href=\"http:\/\/joaquinfranco.com\/wp-content\/uploads\/2020\/05\/100_2491.jpg\"><img loading=\"lazy\" width=\"407\" height=\"305\" src=\"http:\/\/joaquinfranco.com\/wp-content\/uploads\/2020\/05\/100_2491.jpg\" alt=\"\" data-id=\"582\" data-full-url=\"http:\/\/joaquinfranco.com\/wp-content\/uploads\/2020\/05\/100_2491.jpg\" data-link=\"http:\/\/joaquinfranco.com\/?attachment_id=582\" class=\"wp-image-582\" srcset=\"https:\/\/joaquinfranco.com\/wp-content\/uploads\/2020\/05\/100_2491.jpg 407w, https:\/\/joaquinfranco.com\/wp-content\/uploads\/2020\/05\/100_2491-300x225.jpg 300w\" sizes=\"(max-width: 407px) 100vw, 407px\" \/><\/a><\/figure><\/li><li class=\"blocks-gallery-item\"><figure><a href=\"http:\/\/joaquinfranco.com\/wp-content\/uploads\/2020\/05\/100_2492.jpg\"><img loading=\"lazy\" width=\"305\" height=\"407\" src=\"http:\/\/joaquinfranco.com\/wp-content\/uploads\/2020\/05\/100_2492.jpg\" alt=\"\" data-id=\"583\" data-full-url=\"http:\/\/joaquinfranco.com\/wp-content\/uploads\/2020\/05\/100_2492.jpg\" data-link=\"http:\/\/joaquinfranco.com\/?attachment_id=583\" class=\"wp-image-583\" srcset=\"https:\/\/joaquinfranco.com\/wp-content\/uploads\/2020\/05\/100_2492.jpg 305w, https:\/\/joaquinfranco.com\/wp-content\/uploads\/2020\/05\/100_2492-225x300.jpg 225w\" sizes=\"(max-width: 305px) 100vw, 305px\" \/><\/a><\/figure><\/li><li class=\"blocks-gallery-item\"><figure><a href=\"http:\/\/joaquinfranco.com\/wp-content\/uploads\/2020\/05\/100_2493.jpg\"><img loading=\"lazy\" width=\"305\" height=\"407\" src=\"http:\/\/joaquinfranco.com\/wp-content\/uploads\/2020\/05\/100_2493.jpg\" alt=\"\" data-id=\"584\" data-full-url=\"http:\/\/joaquinfranco.com\/wp-content\/uploads\/2020\/05\/100_2493.jpg\" data-link=\"http:\/\/joaquinfranco.com\/?attachment_id=584\" class=\"wp-image-584\" srcset=\"https:\/\/joaquinfranco.com\/wp-content\/uploads\/2020\/05\/100_2493.jpg 305w, https:\/\/joaquinfranco.com\/wp-content\/uploads\/2020\/05\/100_2493-225x300.jpg 225w\" sizes=\"(max-width: 305px) 100vw, 305px\" \/><\/a><\/figure><\/li><li class=\"blocks-gallery-item\"><figure><a href=\"http:\/\/joaquinfranco.com\/wp-content\/uploads\/2020\/05\/100_2494.jpg\"><img loading=\"lazy\" width=\"305\" height=\"407\" src=\"http:\/\/joaquinfranco.com\/wp-content\/uploads\/2020\/05\/100_2494.jpg\" alt=\"\" data-id=\"585\" data-full-url=\"http:\/\/joaquinfranco.com\/wp-content\/uploads\/2020\/05\/100_2494.jpg\" data-link=\"http:\/\/joaquinfranco.com\/?attachment_id=585\" class=\"wp-image-585\" srcset=\"https:\/\/joaquinfranco.com\/wp-content\/uploads\/2020\/05\/100_2494.jpg 305w, https:\/\/joaquinfranco.com\/wp-content\/uploads\/2020\/05\/100_2494-225x300.jpg 225w\" sizes=\"(max-width: 305px) 100vw, 305px\" \/><\/a><\/figure><\/li><li class=\"blocks-gallery-item\"><figure><a href=\"http:\/\/joaquinfranco.com\/wp-content\/uploads\/2020\/05\/100_2495.jpg\"><img loading=\"lazy\" width=\"407\" height=\"305\" src=\"http:\/\/joaquinfranco.com\/wp-content\/uploads\/2020\/05\/100_2495.jpg\" alt=\"\" data-id=\"586\" data-full-url=\"http:\/\/joaquinfranco.com\/wp-content\/uploads\/2020\/05\/100_2495.jpg\" data-link=\"http:\/\/joaquinfranco.com\/?attachment_id=586\" class=\"wp-image-586\" srcset=\"https:\/\/joaquinfranco.com\/wp-content\/uploads\/2020\/05\/100_2495.jpg 407w, https:\/\/joaquinfranco.com\/wp-content\/uploads\/2020\/05\/100_2495-300x225.jpg 300w\" sizes=\"(max-width: 407px) 100vw, 407px\" \/><\/a><\/figure><\/li><li class=\"blocks-gallery-item\"><figure><a href=\"http:\/\/joaquinfranco.com\/wp-content\/uploads\/2020\/05\/100_2496.jpg\"><img loading=\"lazy\" width=\"305\" height=\"407\" src=\"http:\/\/joaquinfranco.com\/wp-content\/uploads\/2020\/05\/100_2496.jpg\" alt=\"\" data-id=\"587\" data-full-url=\"http:\/\/joaquinfranco.com\/wp-content\/uploads\/2020\/05\/100_2496.jpg\" data-link=\"http:\/\/joaquinfranco.com\/?attachment_id=587\" class=\"wp-image-587\" srcset=\"https:\/\/joaquinfranco.com\/wp-content\/uploads\/2020\/05\/100_2496.jpg 305w, https:\/\/joaquinfranco.com\/wp-content\/uploads\/2020\/05\/100_2496-225x300.jpg 225w\" sizes=\"(max-width: 305px) 100vw, 305px\" \/><\/a><\/figure><\/li><li class=\"blocks-gallery-item\"><figure><a href=\"http:\/\/joaquinfranco.com\/wp-content\/uploads\/2020\/05\/100_2497.jpg\"><img loading=\"lazy\" width=\"305\" height=\"407\" src=\"http:\/\/joaquinfranco.com\/wp-content\/uploads\/2020\/05\/100_2497.jpg\" alt=\"\" data-id=\"588\" data-full-url=\"http:\/\/joaquinfranco.com\/wp-content\/uploads\/2020\/05\/100_2497.jpg\" data-link=\"http:\/\/joaquinfranco.com\/?attachment_id=588\" class=\"wp-image-588\" srcset=\"https:\/\/joaquinfranco.com\/wp-content\/uploads\/2020\/05\/100_2497.jpg 305w, https:\/\/joaquinfranco.com\/wp-content\/uploads\/2020\/05\/100_2497-225x300.jpg 225w\" sizes=\"(max-width: 305px) 100vw, 305px\" \/><\/a><\/figure><\/li><li class=\"blocks-gallery-item\"><figure><a href=\"http:\/\/joaquinfranco.com\/wp-content\/uploads\/2020\/05\/100_2498.jpg\"><img loading=\"lazy\" width=\"305\" height=\"407\" src=\"http:\/\/joaquinfranco.com\/wp-content\/uploads\/2020\/05\/100_2498.jpg\" alt=\"\" data-id=\"589\" data-full-url=\"http:\/\/joaquinfranco.com\/wp-content\/uploads\/2020\/05\/100_2498.jpg\" data-link=\"http:\/\/joaquinfranco.com\/?attachment_id=589\" class=\"wp-image-589\" srcset=\"https:\/\/joaquinfranco.com\/wp-content\/uploads\/2020\/05\/100_2498.jpg 305w, https:\/\/joaquinfranco.com\/wp-content\/uploads\/2020\/05\/100_2498-225x300.jpg 225w\" sizes=\"(max-width: 305px) 100vw, 305px\" \/><\/a><\/figure><\/li><li class=\"blocks-gallery-item\"><figure><a href=\"http:\/\/joaquinfranco.com\/wp-content\/uploads\/2020\/05\/100_2499.jpg\"><img loading=\"lazy\" width=\"305\" height=\"407\" src=\"http:\/\/joaquinfranco.com\/wp-content\/uploads\/2020\/05\/100_2499.jpg\" alt=\"\" data-id=\"590\" data-full-url=\"http:\/\/joaquinfranco.com\/wp-content\/uploads\/2020\/05\/100_2499.jpg\" data-link=\"http:\/\/joaquinfranco.com\/?attachment_id=590\" class=\"wp-image-590\" srcset=\"https:\/\/joaquinfranco.com\/wp-content\/uploads\/2020\/05\/100_2499.jpg 305w, https:\/\/joaquinfranco.com\/wp-content\/uploads\/2020\/05\/100_2499-225x300.jpg 225w\" sizes=\"(max-width: 305px) 100vw, 305px\" \/><\/a><\/figure><\/li><li class=\"blocks-gallery-item\"><figure><a href=\"http:\/\/joaquinfranco.com\/wp-content\/uploads\/2020\/05\/100_2500.jpg\"><img loading=\"lazy\" width=\"305\" height=\"407\" src=\"http:\/\/joaquinfranco.com\/wp-content\/uploads\/2020\/05\/100_2500.jpg\" alt=\"\" data-id=\"591\" data-full-url=\"http:\/\/joaquinfranco.com\/wp-content\/uploads\/2020\/05\/100_2500.jpg\" data-link=\"http:\/\/joaquinfranco.com\/?attachment_id=591\" class=\"wp-image-591\" srcset=\"https:\/\/joaquinfranco.com\/wp-content\/uploads\/2020\/05\/100_2500.jpg 305w, https:\/\/joaquinfranco.com\/wp-content\/uploads\/2020\/05\/100_2500-225x300.jpg 225w\" sizes=\"(max-width: 305px) 100vw, 305px\" \/><\/a><\/figure><\/li><li class=\"blocks-gallery-item\"><figure><a href=\"http:\/\/joaquinfranco.com\/wp-content\/uploads\/2020\/05\/100_2501.jpg\"><img loading=\"lazy\" width=\"305\" height=\"407\" src=\"http:\/\/joaquinfranco.com\/wp-content\/uploads\/2020\/05\/100_2501.jpg\" alt=\"\" data-id=\"592\" data-full-url=\"http:\/\/joaquinfranco.com\/wp-content\/uploads\/2020\/05\/100_2501.jpg\" data-link=\"http:\/\/joaquinfranco.com\/?attachment_id=592\" class=\"wp-image-592\" srcset=\"https:\/\/joaquinfranco.com\/wp-content\/uploads\/2020\/05\/100_2501.jpg 305w, https:\/\/joaquinfranco.com\/wp-content\/uploads\/2020\/05\/100_2501-225x300.jpg 225w\" sizes=\"(max-width: 305px) 100vw, 305px\" \/><\/a><\/figure><\/li><li class=\"blocks-gallery-item\"><figure><a href=\"http:\/\/joaquinfranco.com\/wp-content\/uploads\/2020\/05\/100_2502.jpg\"><img loading=\"lazy\" width=\"305\" height=\"407\" src=\"http:\/\/joaquinfranco.com\/wp-content\/uploads\/2020\/05\/100_2502.jpg\" alt=\"\" data-id=\"593\" data-full-url=\"http:\/\/joaquinfranco.com\/wp-content\/uploads\/2020\/05\/100_2502.jpg\" data-link=\"http:\/\/joaquinfranco.com\/?attachment_id=593\" class=\"wp-image-593\" srcset=\"https:\/\/joaquinfranco.com\/wp-content\/uploads\/2020\/05\/100_2502.jpg 305w, https:\/\/joaquinfranco.com\/wp-content\/uploads\/2020\/05\/100_2502-225x300.jpg 225w\" sizes=\"(max-width: 305px) 100vw, 305px\" \/><\/a><\/figure><\/li><li class=\"blocks-gallery-item\"><figure><a href=\"http:\/\/joaquinfranco.com\/wp-content\/uploads\/2020\/05\/100_2503.jpg\"><img loading=\"lazy\" width=\"407\" height=\"305\" src=\"http:\/\/joaquinfranco.com\/wp-content\/uploads\/2020\/05\/100_2503.jpg\" alt=\"\" data-id=\"594\" data-full-url=\"http:\/\/joaquinfranco.com\/wp-content\/uploads\/2020\/05\/100_2503.jpg\" data-link=\"http:\/\/joaquinfranco.com\/?attachment_id=594\" class=\"wp-image-594\" srcset=\"https:\/\/joaquinfranco.com\/wp-content\/uploads\/2020\/05\/100_2503.jpg 407w, https:\/\/joaquinfranco.com\/wp-content\/uploads\/2020\/05\/100_2503-300x225.jpg 300w\" sizes=\"(max-width: 407px) 100vw, 407px\" \/><\/a><\/figure><\/li><li class=\"blocks-gallery-item\"><figure><a href=\"http:\/\/joaquinfranco.com\/wp-content\/uploads\/2020\/05\/100_2504.jpg\"><img loading=\"lazy\" width=\"407\" height=\"305\" src=\"http:\/\/joaquinfranco.com\/wp-content\/uploads\/2020\/05\/100_2504.jpg\" alt=\"\" data-id=\"595\" data-full-url=\"http:\/\/joaquinfranco.com\/wp-content\/uploads\/2020\/05\/100_2504.jpg\" data-link=\"http:\/\/joaquinfranco.com\/?attachment_id=595\" class=\"wp-image-595\" srcset=\"https:\/\/joaquinfranco.com\/wp-content\/uploads\/2020\/05\/100_2504.jpg 407w, https:\/\/joaquinfranco.com\/wp-content\/uploads\/2020\/05\/100_2504-300x225.jpg 300w\" sizes=\"(max-width: 407px) 100vw, 407px\" \/><\/a><\/figure><\/li><li class=\"blocks-gallery-item\"><figure><a href=\"http:\/\/joaquinfranco.com\/wp-content\/uploads\/2020\/05\/100_2505.jpg\"><img loading=\"lazy\" width=\"305\" height=\"407\" src=\"http:\/\/joaquinfranco.com\/wp-content\/uploads\/2020\/05\/100_2505.jpg\" alt=\"\" data-id=\"596\" data-full-url=\"http:\/\/joaquinfranco.com\/wp-content\/uploads\/2020\/05\/100_2505.jpg\" data-link=\"http:\/\/joaquinfranco.com\/?attachment_id=596\" class=\"wp-image-596\" srcset=\"https:\/\/joaquinfranco.com\/wp-content\/uploads\/2020\/05\/100_2505.jpg 305w, https:\/\/joaquinfranco.com\/wp-content\/uploads\/2020\/05\/100_2505-225x300.jpg 225w\" sizes=\"(max-width: 305px) 100vw, 305px\" \/><\/a><\/figure><\/li><li class=\"blocks-gallery-item\"><figure><a href=\"http:\/\/joaquinfranco.com\/wp-content\/uploads\/2020\/05\/100_2506.jpg\"><img loading=\"lazy\" width=\"305\" height=\"407\" src=\"http:\/\/joaquinfranco.com\/wp-content\/uploads\/2020\/05\/100_2506.jpg\" alt=\"\" data-id=\"597\" data-full-url=\"http:\/\/joaquinfranco.com\/wp-content\/uploads\/2020\/05\/100_2506.jpg\" data-link=\"http:\/\/joaquinfranco.com\/?attachment_id=597\" class=\"wp-image-597\" srcset=\"https:\/\/joaquinfranco.com\/wp-content\/uploads\/2020\/05\/100_2506.jpg 305w, https:\/\/joaquinfranco.com\/wp-content\/uploads\/2020\/05\/100_2506-225x300.jpg 225w\" sizes=\"(max-width: 305px) 100vw, 305px\" \/><\/a><\/figure><\/li><li class=\"blocks-gallery-item\"><figure><a href=\"http:\/\/joaquinfranco.com\/wp-content\/uploads\/2020\/05\/100_2507.jpg\"><img loading=\"lazy\" width=\"305\" height=\"407\" src=\"http:\/\/joaquinfranco.com\/wp-content\/uploads\/2020\/05\/100_2507.jpg\" alt=\"\" data-id=\"598\" data-full-url=\"http:\/\/joaquinfranco.com\/wp-content\/uploads\/2020\/05\/100_2507.jpg\" data-link=\"http:\/\/joaquinfranco.com\/?attachment_id=598\" class=\"wp-image-598\" srcset=\"https:\/\/joaquinfranco.com\/wp-content\/uploads\/2020\/05\/100_2507.jpg 305w, https:\/\/joaquinfranco.com\/wp-content\/uploads\/2020\/05\/100_2507-225x300.jpg 225w\" sizes=\"(max-width: 305px) 100vw, 305px\" \/><\/a><\/figure><\/li><li class=\"blocks-gallery-item\"><figure><a href=\"http:\/\/joaquinfranco.com\/wp-content\/uploads\/2020\/05\/100_2508.jpg\"><img loading=\"lazy\" width=\"407\" height=\"305\" src=\"http:\/\/joaquinfranco.com\/wp-content\/uploads\/2020\/05\/100_2508.jpg\" alt=\"\" data-id=\"599\" data-full-url=\"http:\/\/joaquinfranco.com\/wp-content\/uploads\/2020\/05\/100_2508.jpg\" data-link=\"http:\/\/joaquinfranco.com\/?attachment_id=599\" class=\"wp-image-599\" srcset=\"https:\/\/joaquinfranco.com\/wp-content\/uploads\/2020\/05\/100_2508.jpg 407w, https:\/\/joaquinfranco.com\/wp-content\/uploads\/2020\/05\/100_2508-300x225.jpg 300w\" sizes=\"(max-width: 407px) 100vw, 407px\" \/><\/a><\/figure><\/li><\/ul><\/figure>\n\n\n\n<div class=\"wp-block-file\"><a href=\"http:\/\/joaquinfranco.com\/wp-content\/uploads\/2020\/05\/PLANOS-TIENDA-DE-ROPA-SOLARES.pdf\">PLANOS-TIENDA-DE-ROPA-SOLARES<\/a><a href=\"http:\/\/joaquinfranco.com\/wp-content\/uploads\/2020\/05\/PLANOS-TIENDA-DE-ROPA-SOLARES.pdf\" class=\"wp-block-file__button\" download>Descarga<\/a><\/div>\n\n\n\n<p><\/p>\n","protected":false},"excerpt":{"rendered":"<p>TIENDA DE ROPA \u201cGoyca\u201d (2006)Avenida de Oviedo-SOLARES Proyecto integral para tienda de ropa.La fachada en negro enmarca el escaparate y resalta el nombre de la tienda. Es una tienda de moda juvenil actual y desenfadada con sus complementos. Los colores verdes y naranjas combinan con las paredes y las cortinas&#8230;<\/p>\n","protected":false},"author":1,"featured_media":0,"parent":0,"menu_order":0,"comment_status":"closed","ping_status":"closed","template":"","meta":[],"yoast_head":"<!-- This site is optimized with the Yoast SEO plugin v15.2.1 - https:\/\/yoast.com\/wordpress\/plugins\/seo\/ -->\n<title>TIENDA DE ROPA - INTERIORISMO JOAQUIN FRANCO<\/title>\n<meta name=\"robots\" content=\"index, follow, max-snippet:-1, max-image-preview:large, max-video-preview:-1\" \/>\n<link rel=\"canonical\" href=\"https:\/\/joaquinfranco.com\/index.php\/tienda-de-ropa\/\" \/>\n<meta property=\"og:locale\" content=\"es_ES\" \/>\n<meta property=\"og:type\" content=\"article\" \/>\n<meta property=\"og:title\" content=\"TIENDA DE ROPA - INTERIORISMO JOAQUIN FRANCO\" \/>\n<meta property=\"og:description\" content=\"TIENDA DE ROPA \u201cGoyca\u201d (2006)Avenida de Oviedo-SOLARES Proyecto integral para tienda de ropa.La fachada en negro enmarca el escaparate y resalta el nombre de la tienda. Es una tienda de moda juvenil actual y desenfadada con sus complementos. Los colores verdes y naranjas combinan con las paredes y las cortinas...\" \/>\n<meta property=\"og:url\" content=\"https:\/\/joaquinfranco.com\/index.php\/tienda-de-ropa\/\" \/>\n<meta property=\"og:site_name\" content=\"INTERIORISMO JOAQUIN FRANCO\" \/>\n<meta property=\"article:publisher\" content=\"https:\/\/www.facebook.com\/joaquin.francotrueba\" \/>\n<meta property=\"article:modified_time\" content=\"2020-06-04T15:24:22+00:00\" \/>\n<meta property=\"og:image\" content=\"http:\/\/joaquinfranco.com\/wp-content\/uploads\/2020\/05\/100_2486-1.jpg\" \/>\n<meta name=\"twitter:card\" content=\"summary_large_image\" \/>\n<meta name=\"twitter:label1\" content=\"Escrito por\">\n\t<meta name=\"twitter:data1\" content=\"admin\">\n\t<meta name=\"twitter:label2\" content=\"Tiempo de lectura\">\n\t<meta name=\"twitter:data2\" content=\"0 minutos\">\n<script type=\"application\/ld+json\" class=\"yoast-schema-graph\">{\"@context\":\"https:\/\/schema.org\",\"@graph\":[{\"@type\":\"WebSite\",\"@id\":\"https:\/\/joaquinfranco.com\/#website\",\"url\":\"https:\/\/joaquinfranco.com\/\",\"name\":\"INTERIORISMO JOAQUIN FRANCO\",\"description\":\"Estudio de Decoraci\\u00f3n y Arquitectura Interior\",\"potentialAction\":[{\"@type\":\"SearchAction\",\"target\":\"https:\/\/joaquinfranco.com\/?s={search_term_string}\",\"query-input\":\"required name=search_term_string\"}],\"inLanguage\":\"es\"},{\"@type\":\"ImageObject\",\"@id\":\"https:\/\/joaquinfranco.com\/index.php\/tienda-de-ropa\/#primaryimage\",\"inLanguage\":\"es\",\"url\":\"http:\/\/joaquinfranco.com\/wp-content\/uploads\/2020\/05\/100_2486-1.jpg\"},{\"@type\":\"WebPage\",\"@id\":\"https:\/\/joaquinfranco.com\/index.php\/tienda-de-ropa\/#webpage\",\"url\":\"https:\/\/joaquinfranco.com\/index.php\/tienda-de-ropa\/\",\"name\":\"TIENDA DE ROPA - INTERIORISMO JOAQUIN FRANCO\",\"isPartOf\":{\"@id\":\"https:\/\/joaquinfranco.com\/#website\"},\"primaryImageOfPage\":{\"@id\":\"https:\/\/joaquinfranco.com\/index.php\/tienda-de-ropa\/#primaryimage\"},\"datePublished\":\"2020-05-03T08:36:14+00:00\",\"dateModified\":\"2020-06-04T15:24:22+00:00\",\"inLanguage\":\"es\",\"potentialAction\":[{\"@type\":\"ReadAction\",\"target\":[\"https:\/\/joaquinfranco.com\/index.php\/tienda-de-ropa\/\"]}]}]}<\/script>\n<!-- \/ Yoast SEO plugin. -->","_links":{"self":[{"href":"https:\/\/joaquinfranco.com\/index.php\/wp-json\/wp\/v2\/pages\/575"}],"collection":[{"href":"https:\/\/joaquinfranco.com\/index.php\/wp-json\/wp\/v2\/pages"}],"about":[{"href":"https:\/\/joaquinfranco.com\/index.php\/wp-json\/wp\/v2\/types\/page"}],"author":[{"embeddable":true,"href":"https:\/\/joaquinfranco.com\/index.php\/wp-json\/wp\/v2\/users\/1"}],"replies":[{"embeddable":true,"href":"https:\/\/joaquinfranco.com\/index.php\/wp-json\/wp\/v2\/comments?post=575"}],"version-history":[{"count":6,"href":"https:\/\/joaquinfranco.com\/index.php\/wp-json\/wp\/v2\/pages\/575\/revisions"}],"predecessor-version":[{"id":1688,"href":"https:\/\/joaquinfranco.com\/index.php\/wp-json\/wp\/v2\/pages\/575\/revisions\/1688"}],"wp:attachment":[{"href":"https:\/\/joaquinfranco.com\/index.php\/wp-json\/wp\/v2\/media?parent=575"}],"curies":[{"name":"wp","href":"https:\/\/api.w.org\/{rel}","templated":true}]}}