{"id":510,"date":"2020-05-02T16:11:39","date_gmt":"2020-05-02T16:11:39","guid":{"rendered":"http:\/\/joaquinfranco.com\/?page_id=510"},"modified":"2020-05-02T16:11:39","modified_gmt":"2020-05-02T16:11:39","slug":"cafe-bar-la-proa","status":"publish","type":"page","link":"https:\/\/joaquinfranco.com\/index.php\/cafe-bar-la-proa\/","title":{"rendered":"CAFE-BAR LA PROA"},"content":{"rendered":"\n<h2>BAR \u201cLa Proa\u201d (2007)<br>Avenida San Miguel \u201cUrbanizaci\u00f3n La Proa\u201d-MERUELO<\/h2>\n\n\n\n<p class=\"has-drop-cap\">Proyecto decorativo integral de local para un bar. Su aprovechamiento de la luz y la creaci\u00f3n del nombre y del logotipo del local son parte del punto de partida en el estudio del espacio del local. El mural de una proa de un barco que ocupa toda una pared es el punto de referencia de la decoraci\u00f3n. Su espacio es aprovechado con colores b\u00e1sicos y pasteles para dar una calidez y acogimiento a la clientela. El local se compone de almac\u00e9n, cocina, aseos, barra y \u00e1rea de mesas. El local se amplia con una terraza exterior que permite el disfrute de la luz y del tiempo en \u00e9pocas estivales.<\/p>\n\n\n\n<figure class=\"wp-block-gallery alignwide columns-4 is-cropped\"><ul class=\"blocks-gallery-grid\"><li class=\"blocks-gallery-item\"><figure><a href=\"http:\/\/joaquinfranco.com\/wp-content\/uploads\/2020\/05\/100_4113.jpg\"><img loading=\"lazy\" width=\"768\" height=\"1024\" src=\"http:\/\/joaquinfranco.com\/wp-content\/uploads\/2020\/05\/100_4113-768x1024.jpg\" alt=\"\" data-id=\"513\" data-full-url=\"http:\/\/joaquinfranco.com\/wp-content\/uploads\/2020\/05\/100_4113.jpg\" data-link=\"http:\/\/joaquinfranco.com\/?attachment_id=513\" class=\"wp-image-513\" srcset=\"https:\/\/joaquinfranco.com\/wp-content\/uploads\/2020\/05\/100_4113-768x1024.jpg 768w, https:\/\/joaquinfranco.com\/wp-content\/uploads\/2020\/05\/100_4113-225x300.jpg 225w, https:\/\/joaquinfranco.com\/wp-content\/uploads\/2020\/05\/100_4113-1152x1536.jpg 1152w, https:\/\/joaquinfranco.com\/wp-content\/uploads\/2020\/05\/100_4113.jpg 1524w\" sizes=\"(max-width: 768px) 100vw, 768px\" \/><\/a><figcaption class=\"blocks-gallery-item__caption\">ASEOS<\/figcaption><\/figure><\/li><li class=\"blocks-gallery-item\"><figure><a href=\"http:\/\/joaquinfranco.com\/wp-content\/uploads\/2020\/05\/100_4114.jpg\"><img loading=\"lazy\" width=\"768\" height=\"1024\" src=\"http:\/\/joaquinfranco.com\/wp-content\/uploads\/2020\/05\/100_4114-768x1024.jpg\" alt=\"\" data-id=\"514\" data-full-url=\"http:\/\/joaquinfranco.com\/wp-content\/uploads\/2020\/05\/100_4114.jpg\" data-link=\"http:\/\/joaquinfranco.com\/?attachment_id=514\" class=\"wp-image-514\" srcset=\"https:\/\/joaquinfranco.com\/wp-content\/uploads\/2020\/05\/100_4114-768x1024.jpg 768w, https:\/\/joaquinfranco.com\/wp-content\/uploads\/2020\/05\/100_4114-225x300.jpg 225w, https:\/\/joaquinfranco.com\/wp-content\/uploads\/2020\/05\/100_4114-1152x1536.jpg 1152w, https:\/\/joaquinfranco.com\/wp-content\/uploads\/2020\/05\/100_4114.jpg 1524w\" sizes=\"(max-width: 768px) 100vw, 768px\" \/><\/a><figcaption class=\"blocks-gallery-item__caption\">ASEOS<\/figcaption><\/figure><\/li><li class=\"blocks-gallery-item\"><figure><a href=\"http:\/\/joaquinfranco.com\/wp-content\/uploads\/2020\/05\/100_4115.jpg\"><img loading=\"lazy\" width=\"768\" height=\"1024\" src=\"http:\/\/joaquinfranco.com\/wp-content\/uploads\/2020\/05\/100_4115-768x1024.jpg\" alt=\"\" data-id=\"515\" data-full-url=\"http:\/\/joaquinfranco.com\/wp-content\/uploads\/2020\/05\/100_4115.jpg\" data-link=\"http:\/\/joaquinfranco.com\/?attachment_id=515\" class=\"wp-image-515\" srcset=\"https:\/\/joaquinfranco.com\/wp-content\/uploads\/2020\/05\/100_4115-768x1024.jpg 768w, https:\/\/joaquinfranco.com\/wp-content\/uploads\/2020\/05\/100_4115-225x300.jpg 225w, https:\/\/joaquinfranco.com\/wp-content\/uploads\/2020\/05\/100_4115-1152x1536.jpg 1152w, https:\/\/joaquinfranco.com\/wp-content\/uploads\/2020\/05\/100_4115.jpg 1524w\" sizes=\"(max-width: 768px) 100vw, 768px\" \/><\/a><figcaption class=\"blocks-gallery-item__caption\">ZONA DE MESAS<\/figcaption><\/figure><\/li><li class=\"blocks-gallery-item\"><figure><a href=\"http:\/\/joaquinfranco.com\/wp-content\/uploads\/2020\/05\/100_4116.jpg\"><img loading=\"lazy\" width=\"768\" height=\"1024\" src=\"http:\/\/joaquinfranco.com\/wp-content\/uploads\/2020\/05\/100_4116-768x1024.jpg\" alt=\"\" data-id=\"516\" data-full-url=\"http:\/\/joaquinfranco.com\/wp-content\/uploads\/2020\/05\/100_4116.jpg\" data-link=\"http:\/\/joaquinfranco.com\/?attachment_id=516\" class=\"wp-image-516\" srcset=\"https:\/\/joaquinfranco.com\/wp-content\/uploads\/2020\/05\/100_4116-768x1024.jpg 768w, https:\/\/joaquinfranco.com\/wp-content\/uploads\/2020\/05\/100_4116-225x300.jpg 225w, https:\/\/joaquinfranco.com\/wp-content\/uploads\/2020\/05\/100_4116-1152x1536.jpg 1152w, https:\/\/joaquinfranco.com\/wp-content\/uploads\/2020\/05\/100_4116.jpg 1524w\" sizes=\"(max-width: 768px) 100vw, 768px\" \/><\/a><figcaption class=\"blocks-gallery-item__caption\">ZONA DE MESAS<\/figcaption><\/figure><\/li><li class=\"blocks-gallery-item\"><figure><a href=\"http:\/\/joaquinfranco.com\/wp-content\/uploads\/2020\/05\/100_4117.jpg\"><img loading=\"lazy\" width=\"1024\" height=\"768\" src=\"http:\/\/joaquinfranco.com\/wp-content\/uploads\/2020\/05\/100_4117-1024x768.jpg\" alt=\"\" data-id=\"517\" data-full-url=\"http:\/\/joaquinfranco.com\/wp-content\/uploads\/2020\/05\/100_4117.jpg\" data-link=\"http:\/\/joaquinfranco.com\/?attachment_id=517\" class=\"wp-image-517\" srcset=\"https:\/\/joaquinfranco.com\/wp-content\/uploads\/2020\/05\/100_4117-1024x768.jpg 1024w, https:\/\/joaquinfranco.com\/wp-content\/uploads\/2020\/05\/100_4117-300x225.jpg 300w, https:\/\/joaquinfranco.com\/wp-content\/uploads\/2020\/05\/100_4117-768x576.jpg 768w, https:\/\/joaquinfranco.com\/wp-content\/uploads\/2020\/05\/100_4117-1536x1152.jpg 1536w, https:\/\/joaquinfranco.com\/wp-content\/uploads\/2020\/05\/100_4117.jpg 2032w\" sizes=\"(max-width: 1024px) 100vw, 1024px\" \/><\/a><figcaption class=\"blocks-gallery-item__caption\"><br><br>MURAL<\/figcaption><\/figure><\/li><li class=\"blocks-gallery-item\"><figure><a href=\"http:\/\/joaquinfranco.com\/wp-content\/uploads\/2020\/05\/100_4118.jpg\"><img loading=\"lazy\" width=\"1024\" height=\"768\" src=\"http:\/\/joaquinfranco.com\/wp-content\/uploads\/2020\/05\/100_4118-1024x768.jpg\" alt=\"\" data-id=\"518\" data-full-url=\"http:\/\/joaquinfranco.com\/wp-content\/uploads\/2020\/05\/100_4118.jpg\" data-link=\"http:\/\/joaquinfranco.com\/?attachment_id=518\" class=\"wp-image-518\" srcset=\"https:\/\/joaquinfranco.com\/wp-content\/uploads\/2020\/05\/100_4118-1024x768.jpg 1024w, https:\/\/joaquinfranco.com\/wp-content\/uploads\/2020\/05\/100_4118-300x225.jpg 300w, https:\/\/joaquinfranco.com\/wp-content\/uploads\/2020\/05\/100_4118-768x576.jpg 768w, https:\/\/joaquinfranco.com\/wp-content\/uploads\/2020\/05\/100_4118-1536x1152.jpg 1536w, https:\/\/joaquinfranco.com\/wp-content\/uploads\/2020\/05\/100_4118.jpg 2032w\" sizes=\"(max-width: 1024px) 100vw, 1024px\" \/><\/a><figcaption class=\"blocks-gallery-item__caption\">ZONA MOSTRADOR<\/figcaption><\/figure><\/li><li class=\"blocks-gallery-item\"><figure><a href=\"http:\/\/joaquinfranco.com\/wp-content\/uploads\/2020\/05\/100_4119.jpg\"><img loading=\"lazy\" width=\"768\" height=\"1024\" src=\"http:\/\/joaquinfranco.com\/wp-content\/uploads\/2020\/05\/100_4119-768x1024.jpg\" alt=\"\" data-id=\"519\" data-full-url=\"http:\/\/joaquinfranco.com\/wp-content\/uploads\/2020\/05\/100_4119.jpg\" data-link=\"http:\/\/joaquinfranco.com\/?attachment_id=519\" class=\"wp-image-519\" srcset=\"https:\/\/joaquinfranco.com\/wp-content\/uploads\/2020\/05\/100_4119-768x1024.jpg 768w, https:\/\/joaquinfranco.com\/wp-content\/uploads\/2020\/05\/100_4119-225x300.jpg 225w, https:\/\/joaquinfranco.com\/wp-content\/uploads\/2020\/05\/100_4119-1152x1536.jpg 1152w, https:\/\/joaquinfranco.com\/wp-content\/uploads\/2020\/05\/100_4119.jpg 1524w\" sizes=\"(max-width: 768px) 100vw, 768px\" \/><\/a><figcaption class=\"blocks-gallery-item__caption\">ZONA PUBLICA<\/figcaption><\/figure><\/li><li class=\"blocks-gallery-item\"><figure><a href=\"http:\/\/joaquinfranco.com\/wp-content\/uploads\/2020\/05\/100_4120.jpg\"><img loading=\"lazy\" width=\"768\" height=\"1024\" src=\"http:\/\/joaquinfranco.com\/wp-content\/uploads\/2020\/05\/100_4120-768x1024.jpg\" alt=\"\" data-id=\"520\" data-full-url=\"http:\/\/joaquinfranco.com\/wp-content\/uploads\/2020\/05\/100_4120.jpg\" data-link=\"http:\/\/joaquinfranco.com\/?attachment_id=520\" class=\"wp-image-520\" srcset=\"https:\/\/joaquinfranco.com\/wp-content\/uploads\/2020\/05\/100_4120-768x1024.jpg 768w, https:\/\/joaquinfranco.com\/wp-content\/uploads\/2020\/05\/100_4120-225x300.jpg 225w, https:\/\/joaquinfranco.com\/wp-content\/uploads\/2020\/05\/100_4120-1152x1536.jpg 1152w, https:\/\/joaquinfranco.com\/wp-content\/uploads\/2020\/05\/100_4120.jpg 1524w\" sizes=\"(max-width: 768px) 100vw, 768px\" \/><\/a><figcaption class=\"blocks-gallery-item__caption\">INTERIOR BARRA<\/figcaption><\/figure><\/li><li class=\"blocks-gallery-item\"><figure><a href=\"http:\/\/joaquinfranco.com\/wp-content\/uploads\/2020\/05\/100_4121.jpg\"><img loading=\"lazy\" width=\"768\" height=\"1024\" src=\"http:\/\/joaquinfranco.com\/wp-content\/uploads\/2020\/05\/100_4121-768x1024.jpg\" alt=\"\" data-id=\"521\" data-full-url=\"http:\/\/joaquinfranco.com\/wp-content\/uploads\/2020\/05\/100_4121.jpg\" data-link=\"http:\/\/joaquinfranco.com\/?attachment_id=521\" class=\"wp-image-521\" srcset=\"https:\/\/joaquinfranco.com\/wp-content\/uploads\/2020\/05\/100_4121-768x1024.jpg 768w, https:\/\/joaquinfranco.com\/wp-content\/uploads\/2020\/05\/100_4121-225x300.jpg 225w, https:\/\/joaquinfranco.com\/wp-content\/uploads\/2020\/05\/100_4121-1152x1536.jpg 1152w, https:\/\/joaquinfranco.com\/wp-content\/uploads\/2020\/05\/100_4121.jpg 1524w\" sizes=\"(max-width: 768px) 100vw, 768px\" \/><\/a><figcaption class=\"blocks-gallery-item__caption\">ZONA DE COCINA<\/figcaption><\/figure><\/li><li class=\"blocks-gallery-item\"><figure><a href=\"http:\/\/joaquinfranco.com\/wp-content\/uploads\/2020\/05\/100_4122.jpg\"><img loading=\"lazy\" width=\"768\" height=\"1024\" src=\"http:\/\/joaquinfranco.com\/wp-content\/uploads\/2020\/05\/100_4122-768x1024.jpg\" alt=\"\" data-id=\"522\" data-full-url=\"http:\/\/joaquinfranco.com\/wp-content\/uploads\/2020\/05\/100_4122.jpg\" data-link=\"http:\/\/joaquinfranco.com\/?attachment_id=522\" class=\"wp-image-522\" srcset=\"https:\/\/joaquinfranco.com\/wp-content\/uploads\/2020\/05\/100_4122-768x1024.jpg 768w, https:\/\/joaquinfranco.com\/wp-content\/uploads\/2020\/05\/100_4122-225x300.jpg 225w, https:\/\/joaquinfranco.com\/wp-content\/uploads\/2020\/05\/100_4122-1152x1536.jpg 1152w, https:\/\/joaquinfranco.com\/wp-content\/uploads\/2020\/05\/100_4122.jpg 1524w\" sizes=\"(max-width: 768px) 100vw, 768px\" \/><\/a><figcaption class=\"blocks-gallery-item__caption\">ZONA DE COCINA<\/figcaption><\/figure><\/li><li class=\"blocks-gallery-item\"><figure><a href=\"http:\/\/joaquinfranco.com\/wp-content\/uploads\/2020\/05\/100_4123.jpg\"><img loading=\"lazy\" width=\"768\" height=\"1024\" src=\"http:\/\/joaquinfranco.com\/wp-content\/uploads\/2020\/05\/100_4123-768x1024.jpg\" alt=\"\" data-id=\"523\" data-full-url=\"http:\/\/joaquinfranco.com\/wp-content\/uploads\/2020\/05\/100_4123.jpg\" data-link=\"http:\/\/joaquinfranco.com\/?attachment_id=523\" class=\"wp-image-523\" srcset=\"https:\/\/joaquinfranco.com\/wp-content\/uploads\/2020\/05\/100_4123-768x1024.jpg 768w, https:\/\/joaquinfranco.com\/wp-content\/uploads\/2020\/05\/100_4123-225x300.jpg 225w, https:\/\/joaquinfranco.com\/wp-content\/uploads\/2020\/05\/100_4123-1152x1536.jpg 1152w, https:\/\/joaquinfranco.com\/wp-content\/uploads\/2020\/05\/100_4123.jpg 1524w\" sizes=\"(max-width: 768px) 100vw, 768px\" \/><\/a><figcaption class=\"blocks-gallery-item__caption\">ZONA DE COCINA<\/figcaption><\/figure><\/li><li class=\"blocks-gallery-item\"><figure><a href=\"http:\/\/joaquinfranco.com\/wp-content\/uploads\/2020\/05\/100_4125.jpg\"><img loading=\"lazy\" width=\"1024\" height=\"768\" src=\"http:\/\/joaquinfranco.com\/wp-content\/uploads\/2020\/05\/100_4125-1024x768.jpg\" alt=\"\" data-id=\"524\" data-full-url=\"http:\/\/joaquinfranco.com\/wp-content\/uploads\/2020\/05\/100_4125.jpg\" data-link=\"http:\/\/joaquinfranco.com\/?attachment_id=524\" class=\"wp-image-524\" srcset=\"https:\/\/joaquinfranco.com\/wp-content\/uploads\/2020\/05\/100_4125-1024x768.jpg 1024w, https:\/\/joaquinfranco.com\/wp-content\/uploads\/2020\/05\/100_4125-300x225.jpg 300w, https:\/\/joaquinfranco.com\/wp-content\/uploads\/2020\/05\/100_4125-768x576.jpg 768w, https:\/\/joaquinfranco.com\/wp-content\/uploads\/2020\/05\/100_4125-1536x1152.jpg 1536w, https:\/\/joaquinfranco.com\/wp-content\/uploads\/2020\/05\/100_4125.jpg 2032w\" sizes=\"(max-width: 1024px) 100vw, 1024px\" \/><\/a><figcaption class=\"blocks-gallery-item__caption\">ZONA DE MOSTRADOR-BARRA<\/figcaption><\/figure><\/li><li class=\"blocks-gallery-item\"><figure><a href=\"http:\/\/joaquinfranco.com\/wp-content\/uploads\/2020\/05\/100_4126.jpg\"><img loading=\"lazy\" width=\"1024\" height=\"768\" src=\"http:\/\/joaquinfranco.com\/wp-content\/uploads\/2020\/05\/100_4126-1024x768.jpg\" alt=\"\" data-id=\"525\" data-full-url=\"http:\/\/joaquinfranco.com\/wp-content\/uploads\/2020\/05\/100_4126.jpg\" data-link=\"http:\/\/joaquinfranco.com\/?attachment_id=525\" class=\"wp-image-525\" srcset=\"https:\/\/joaquinfranco.com\/wp-content\/uploads\/2020\/05\/100_4126-1024x768.jpg 1024w, https:\/\/joaquinfranco.com\/wp-content\/uploads\/2020\/05\/100_4126-300x225.jpg 300w, https:\/\/joaquinfranco.com\/wp-content\/uploads\/2020\/05\/100_4126-768x576.jpg 768w, https:\/\/joaquinfranco.com\/wp-content\/uploads\/2020\/05\/100_4126-1536x1152.jpg 1536w, https:\/\/joaquinfranco.com\/wp-content\/uploads\/2020\/05\/100_4126.jpg 2032w\" sizes=\"(max-width: 1024px) 100vw, 1024px\" \/><\/a><figcaption class=\"blocks-gallery-item__caption\">FACHADA<\/figcaption><\/figure><\/li><li class=\"blocks-gallery-item\"><figure><a href=\"http:\/\/joaquinfranco.com\/wp-content\/uploads\/2020\/05\/100_4127.jpg\"><img loading=\"lazy\" width=\"1024\" height=\"768\" src=\"http:\/\/joaquinfranco.com\/wp-content\/uploads\/2020\/05\/100_4127-1024x768.jpg\" alt=\"\" data-id=\"526\" data-full-url=\"http:\/\/joaquinfranco.com\/wp-content\/uploads\/2020\/05\/100_4127.jpg\" data-link=\"http:\/\/joaquinfranco.com\/?attachment_id=526\" class=\"wp-image-526\" srcset=\"https:\/\/joaquinfranco.com\/wp-content\/uploads\/2020\/05\/100_4127-1024x768.jpg 1024w, https:\/\/joaquinfranco.com\/wp-content\/uploads\/2020\/05\/100_4127-300x225.jpg 300w, https:\/\/joaquinfranco.com\/wp-content\/uploads\/2020\/05\/100_4127-768x576.jpg 768w, https:\/\/joaquinfranco.com\/wp-content\/uploads\/2020\/05\/100_4127-1536x1152.jpg 1536w, https:\/\/joaquinfranco.com\/wp-content\/uploads\/2020\/05\/100_4127.jpg 2032w\" sizes=\"(max-width: 1024px) 100vw, 1024px\" \/><\/a><figcaption class=\"blocks-gallery-item__caption\">FACHADA<\/figcaption><\/figure><\/li><li class=\"blocks-gallery-item\"><figure><a href=\"http:\/\/joaquinfranco.com\/wp-content\/uploads\/2020\/05\/100_4128.jpg\"><img loading=\"lazy\" width=\"1024\" height=\"768\" src=\"http:\/\/joaquinfranco.com\/wp-content\/uploads\/2020\/05\/100_4128-1024x768.jpg\" alt=\"\" data-id=\"527\" data-full-url=\"http:\/\/joaquinfranco.com\/wp-content\/uploads\/2020\/05\/100_4128.jpg\" data-link=\"http:\/\/joaquinfranco.com\/?attachment_id=527\" class=\"wp-image-527\" srcset=\"https:\/\/joaquinfranco.com\/wp-content\/uploads\/2020\/05\/100_4128-1024x768.jpg 1024w, https:\/\/joaquinfranco.com\/wp-content\/uploads\/2020\/05\/100_4128-300x225.jpg 300w, https:\/\/joaquinfranco.com\/wp-content\/uploads\/2020\/05\/100_4128-768x576.jpg 768w, https:\/\/joaquinfranco.com\/wp-content\/uploads\/2020\/05\/100_4128-1536x1152.jpg 1536w, https:\/\/joaquinfranco.com\/wp-content\/uploads\/2020\/05\/100_4128.jpg 2032w\" sizes=\"(max-width: 1024px) 100vw, 1024px\" \/><\/a><figcaption class=\"blocks-gallery-item__caption\">FACHADA-CARTEL<\/figcaption><\/figure><\/li><li class=\"blocks-gallery-item\"><figure><a href=\"http:\/\/joaquinfranco.com\/wp-content\/uploads\/2020\/05\/100_4129.jpg\"><img loading=\"lazy\" width=\"768\" height=\"1024\" src=\"http:\/\/joaquinfranco.com\/wp-content\/uploads\/2020\/05\/100_4129-768x1024.jpg\" alt=\"\" data-id=\"528\" data-full-url=\"http:\/\/joaquinfranco.com\/wp-content\/uploads\/2020\/05\/100_4129.jpg\" data-link=\"http:\/\/joaquinfranco.com\/?attachment_id=528\" class=\"wp-image-528\" srcset=\"https:\/\/joaquinfranco.com\/wp-content\/uploads\/2020\/05\/100_4129-768x1024.jpg 768w, https:\/\/joaquinfranco.com\/wp-content\/uploads\/2020\/05\/100_4129-225x300.jpg 225w, https:\/\/joaquinfranco.com\/wp-content\/uploads\/2020\/05\/100_4129-1152x1536.jpg 1152w, https:\/\/joaquinfranco.com\/wp-content\/uploads\/2020\/05\/100_4129.jpg 1524w\" sizes=\"(max-width: 768px) 100vw, 768px\" \/><\/a><figcaption class=\"blocks-gallery-item__caption\">PUBLICIDAD CRISTAL<\/figcaption><\/figure><\/li><\/ul><\/figure>\n\n\n\n<div class=\"wp-block-file\"><a href=\"http:\/\/joaquinfranco.com\/wp-content\/uploads\/2020\/05\/PLANOS-CAFE-BAR-LA-PROA.pdf\">PLANOS-CAFE-BAR-LA-PROA<\/a><a href=\"http:\/\/joaquinfranco.com\/wp-content\/uploads\/2020\/05\/PLANOS-CAFE-BAR-LA-PROA.pdf\" class=\"wp-block-file__button\" download>Descarga<\/a><\/div>\n\n\n\n<figure class=\"wp-block-gallery columns-2 is-cropped\"><ul class=\"blocks-gallery-grid\"><li class=\"blocks-gallery-item\"><figure><a href=\"http:\/\/joaquinfranco.com\/wp-content\/uploads\/2020\/05\/fachada-1.jpg\"><img loading=\"lazy\" width=\"561\" height=\"324\" src=\"http:\/\/joaquinfranco.com\/wp-content\/uploads\/2020\/05\/fachada-1.jpg\" alt=\"\" data-id=\"529\" data-full-url=\"http:\/\/joaquinfranco.com\/wp-content\/uploads\/2020\/05\/fachada-1.jpg\" data-link=\"http:\/\/joaquinfranco.com\/?attachment_id=529\" class=\"wp-image-529\" srcset=\"https:\/\/joaquinfranco.com\/wp-content\/uploads\/2020\/05\/fachada-1.jpg 561w, https:\/\/joaquinfranco.com\/wp-content\/uploads\/2020\/05\/fachada-1-300x173.jpg 300w\" sizes=\"(max-width: 561px) 100vw, 561px\" \/><\/a><figcaption class=\"blocks-gallery-item__caption\">PERSPECTIVA FACHADA<\/figcaption><\/figure><\/li><li class=\"blocks-gallery-item\"><figure><a href=\"http:\/\/joaquinfranco.com\/wp-content\/uploads\/2020\/05\/INTERIOR-BAR-LA-PROA.jpg\"><img loading=\"lazy\" width=\"387\" height=\"212\" src=\"http:\/\/joaquinfranco.com\/wp-content\/uploads\/2020\/05\/INTERIOR-BAR-LA-PROA.jpg\" alt=\"\" data-id=\"530\" data-full-url=\"http:\/\/joaquinfranco.com\/wp-content\/uploads\/2020\/05\/INTERIOR-BAR-LA-PROA.jpg\" data-link=\"http:\/\/joaquinfranco.com\/?attachment_id=530\" class=\"wp-image-530\" srcset=\"https:\/\/joaquinfranco.com\/wp-content\/uploads\/2020\/05\/INTERIOR-BAR-LA-PROA.jpg 387w, https:\/\/joaquinfranco.com\/wp-content\/uploads\/2020\/05\/INTERIOR-BAR-LA-PROA-300x164.jpg 300w\" sizes=\"(max-width: 387px) 100vw, 387px\" \/><\/a><figcaption class=\"blocks-gallery-item__caption\">DISE\u00d1O INTERIOR<\/figcaption><\/figure><\/li><\/ul><\/figure>\n\n\n\n<p><\/p>\n\n\n\n<figure class=\"wp-block-embed-youtube wp-block-embed is-type-video is-provider-youtube wp-embed-aspect-16-9 wp-has-aspect-ratio\"><div class=\"wp-block-embed__wrapper\">\n<iframe title=\"BAR LA PROA (A\u00d1O 2006)\" width=\"790\" height=\"444\" src=\"https:\/\/www.youtube.com\/embed\/pmp79s9Q39o?feature=oembed\" frameborder=\"0\" allow=\"accelerometer; autoplay; encrypted-media; gyroscope; picture-in-picture\" allowfullscreen><\/iframe>\n<\/div><figcaption>VIDEO DEL DISE\u00d1O DEL LOCAL<\/figcaption><\/figure>\n","protected":false},"excerpt":{"rendered":"<p>BAR \u201cLa Proa\u201d (2007)Avenida San Miguel \u201cUrbanizaci\u00f3n La Proa\u201d-MERUELO Proyecto decorativo integral de local para un bar. Su aprovechamiento de la luz y la creaci\u00f3n del nombre y del logotipo del local son parte del punto de partida en el estudio del espacio del local. El mural de una proa&#8230;<\/p>\n","protected":false},"author":1,"featured_media":0,"parent":0,"menu_order":0,"comment_status":"closed","ping_status":"closed","template":"","meta":[],"yoast_head":"<!-- This site is optimized with the Yoast SEO plugin v15.2.1 - https:\/\/yoast.com\/wordpress\/plugins\/seo\/ -->\n<title>CAFE-BAR LA PROA - INTERIORISMO JOAQUIN FRANCO<\/title>\n<meta name=\"robots\" content=\"index, follow, max-snippet:-1, max-image-preview:large, max-video-preview:-1\" \/>\n<link rel=\"canonical\" href=\"https:\/\/joaquinfranco.com\/index.php\/cafe-bar-la-proa\/\" \/>\n<meta property=\"og:locale\" content=\"es_ES\" \/>\n<meta property=\"og:type\" content=\"article\" \/>\n<meta property=\"og:title\" content=\"CAFE-BAR LA PROA - INTERIORISMO JOAQUIN FRANCO\" \/>\n<meta property=\"og:description\" content=\"BAR \u201cLa Proa\u201d (2007)Avenida San Miguel \u201cUrbanizaci\u00f3n La Proa\u201d-MERUELO Proyecto decorativo integral de local para un bar. Su aprovechamiento de la luz y la creaci\u00f3n del nombre y del logotipo del local son parte del punto de partida en el estudio del espacio del local. El mural de una proa...\" \/>\n<meta property=\"og:url\" content=\"https:\/\/joaquinfranco.com\/index.php\/cafe-bar-la-proa\/\" \/>\n<meta property=\"og:site_name\" content=\"INTERIORISMO JOAQUIN FRANCO\" \/>\n<meta property=\"article:publisher\" content=\"https:\/\/www.facebook.com\/joaquin.francotrueba\" \/>\n<meta property=\"og:image\" content=\"http:\/\/joaquinfranco.com\/wp-content\/uploads\/2020\/05\/100_4113-768x1024.jpg\" \/>\n<meta name=\"twitter:card\" content=\"summary_large_image\" \/>\n<meta name=\"twitter:label1\" content=\"Escrito por\">\n\t<meta name=\"twitter:data1\" content=\"admin\">\n\t<meta name=\"twitter:label2\" content=\"Tiempo de lectura\">\n\t<meta name=\"twitter:data2\" content=\"1 minuto\">\n<script type=\"application\/ld+json\" class=\"yoast-schema-graph\">{\"@context\":\"https:\/\/schema.org\",\"@graph\":[{\"@type\":\"WebSite\",\"@id\":\"https:\/\/joaquinfranco.com\/#website\",\"url\":\"https:\/\/joaquinfranco.com\/\",\"name\":\"INTERIORISMO JOAQUIN FRANCO\",\"description\":\"Estudio de Decoraci\\u00f3n y Arquitectura Interior\",\"potentialAction\":[{\"@type\":\"SearchAction\",\"target\":\"https:\/\/joaquinfranco.com\/?s={search_term_string}\",\"query-input\":\"required name=search_term_string\"}],\"inLanguage\":\"es\"},{\"@type\":\"ImageObject\",\"@id\":\"https:\/\/joaquinfranco.com\/index.php\/cafe-bar-la-proa\/#primaryimage\",\"inLanguage\":\"es\",\"url\":\"http:\/\/joaquinfranco.com\/wp-content\/uploads\/2020\/05\/100_4113-768x1024.jpg\"},{\"@type\":\"WebPage\",\"@id\":\"https:\/\/joaquinfranco.com\/index.php\/cafe-bar-la-proa\/#webpage\",\"url\":\"https:\/\/joaquinfranco.com\/index.php\/cafe-bar-la-proa\/\",\"name\":\"CAFE-BAR LA PROA - INTERIORISMO JOAQUIN FRANCO\",\"isPartOf\":{\"@id\":\"https:\/\/joaquinfranco.com\/#website\"},\"primaryImageOfPage\":{\"@id\":\"https:\/\/joaquinfranco.com\/index.php\/cafe-bar-la-proa\/#primaryimage\"},\"datePublished\":\"2020-05-02T16:11:39+00:00\",\"dateModified\":\"2020-05-02T16:11:39+00:00\",\"inLanguage\":\"es\",\"potentialAction\":[{\"@type\":\"ReadAction\",\"target\":[\"https:\/\/joaquinfranco.com\/index.php\/cafe-bar-la-proa\/\"]}]}]}<\/script>\n<!-- \/ Yoast SEO plugin. -->","_links":{"self":[{"href":"https:\/\/joaquinfranco.com\/index.php\/wp-json\/wp\/v2\/pages\/510"}],"collection":[{"href":"https:\/\/joaquinfranco.com\/index.php\/wp-json\/wp\/v2\/pages"}],"about":[{"href":"https:\/\/joaquinfranco.com\/index.php\/wp-json\/wp\/v2\/types\/page"}],"author":[{"embeddable":true,"href":"https:\/\/joaquinfranco.com\/index.php\/wp-json\/wp\/v2\/users\/1"}],"replies":[{"embeddable":true,"href":"https:\/\/joaquinfranco.com\/index.php\/wp-json\/wp\/v2\/comments?post=510"}],"version-history":[{"count":1,"href":"https:\/\/joaquinfranco.com\/index.php\/wp-json\/wp\/v2\/pages\/510\/revisions"}],"predecessor-version":[{"id":533,"href":"https:\/\/joaquinfranco.com\/index.php\/wp-json\/wp\/v2\/pages\/510\/revisions\/533"}],"wp:attachment":[{"href":"https:\/\/joaquinfranco.com\/index.php\/wp-json\/wp\/v2\/media?parent=510"}],"curies":[{"name":"wp","href":"https:\/\/api.w.org\/{rel}","templated":true}]}}