{"id":475,"date":"2020-05-01T17:03:18","date_gmt":"2020-05-01T17:03:18","guid":{"rendered":"http:\/\/joaquinfranco.com\/?page_id=475"},"modified":"2020-05-02T15:53:29","modified_gmt":"2020-05-02T15:53:29","slug":"centro-de-belleza","status":"publish","type":"page","link":"https:\/\/joaquinfranco.com\/index.php\/centro-de-belleza\/","title":{"rendered":"CENTRO DE BELLEZA"},"content":{"rendered":"\n<h2 class=\"has-text-align-center\">REFORMA DE LOCAL PARA CENTRO DE BELLEZA MAYO 2010<\/h2>\n\n\n\n<p class=\"has-text-align-center\">CALLE GUEVARA N\u00ba 8, BAJO N\u00ba 1, SANTANDER-CANTABRIA <\/p>\n\n\n\n<p class=\"has-text-align-center\">PARA DIANA DIEZ G\u00c1NDARA<\/p>\n\n\n\n<p class=\"has-drop-cap\">En funci\u00f3n de las ideas expresadas por el promotor en cuanto al desarrollo y funcionamiento del Centro de est\u00e9tica, va a funcionar como una franquicia de la compa\u00f1\u00eda Laser Natura, en ella se realizar\u00e1n tratamientos faciales y corporales, masajes, foto depilaci\u00f3n etc, se pretende llevar a cabo la reforma del local partiendo de&nbsp; una recepci\u00f3n que funciona como primera atenci\u00f3n y sala de espera, un distribuidor por el cual accedemos a tres cabinas formadas por una camilla y un mueble auxiliar, un almac\u00e9n, una oficina con un ordenador y armarios archivadores y un aseo formado por un inodoro, un lavabo y un termo el\u00e9ctrico. Las divisiones de los espacios del local se van a realizar con mamparas y paneles desmontables, con puertas abatibles, zonas de paneles ciegos y zonas de paneles acristalados. La idea de conjuntar el espacio exterior arquitect\u00f3nico de fachada&nbsp; con un espacio interior funcional con un dise\u00f1o de interiores y de mobiliario actual. El funcionamiento del centro de est\u00e9tica se prev\u00e9 concertando cita acudiendo el cliente al local a la hora y d\u00eda concertado para la realizaci\u00f3n de los tratamientos de est\u00e9tica.<\/p>\n\n\n\n<figure class=\"wp-block-gallery alignfull columns-3 is-cropped\"><ul class=\"blocks-gallery-grid\"><li class=\"blocks-gallery-item\"><figure><a href=\"http:\/\/joaquinfranco.com\/wp-content\/uploads\/2020\/05\/FOTO-2.jpg\"><img loading=\"lazy\" width=\"277\" height=\"208\" src=\"http:\/\/joaquinfranco.com\/wp-content\/uploads\/2020\/05\/FOTO-2.jpg\" alt=\"\" data-id=\"488\" data-full-url=\"http:\/\/joaquinfranco.com\/wp-content\/uploads\/2020\/05\/FOTO-2.jpg\" data-link=\"http:\/\/joaquinfranco.com\/index.php\/centro-de-belleza\/foto-2\/\" class=\"wp-image-488\"\/><\/a><\/figure><\/li><li class=\"blocks-gallery-item\"><figure><a href=\"http:\/\/joaquinfranco.com\/wp-content\/uploads\/2020\/05\/FOTO-3.jpg\"><img loading=\"lazy\" width=\"156\" height=\"208\" src=\"http:\/\/joaquinfranco.com\/wp-content\/uploads\/2020\/05\/FOTO-3.jpg\" alt=\"\" data-id=\"489\" data-full-url=\"http:\/\/joaquinfranco.com\/wp-content\/uploads\/2020\/05\/FOTO-3.jpg\" data-link=\"http:\/\/joaquinfranco.com\/index.php\/centro-de-belleza\/foto-3\/\" class=\"wp-image-489\"\/><\/a><\/figure><\/li><li class=\"blocks-gallery-item\"><figure><a href=\"http:\/\/joaquinfranco.com\/wp-content\/uploads\/2020\/05\/FOTO-4.jpg\"><img loading=\"lazy\" width=\"156\" height=\"208\" src=\"http:\/\/joaquinfranco.com\/wp-content\/uploads\/2020\/05\/FOTO-4.jpg\" alt=\"\" data-id=\"490\" data-full-url=\"http:\/\/joaquinfranco.com\/wp-content\/uploads\/2020\/05\/FOTO-4.jpg\" data-link=\"http:\/\/joaquinfranco.com\/index.php\/centro-de-belleza\/foto-4\/\" class=\"wp-image-490\"\/><\/a><\/figure><\/li><li class=\"blocks-gallery-item\"><figure><a href=\"http:\/\/joaquinfranco.com\/wp-content\/uploads\/2020\/05\/FOTO-5.jpg\"><img loading=\"lazy\" width=\"277\" height=\"208\" src=\"http:\/\/joaquinfranco.com\/wp-content\/uploads\/2020\/05\/FOTO-5.jpg\" alt=\"\" data-id=\"491\" data-full-url=\"http:\/\/joaquinfranco.com\/wp-content\/uploads\/2020\/05\/FOTO-5.jpg\" data-link=\"http:\/\/joaquinfranco.com\/index.php\/centro-de-belleza\/foto-5\/\" class=\"wp-image-491\"\/><\/a><\/figure><\/li><li class=\"blocks-gallery-item\"><figure><a href=\"http:\/\/joaquinfranco.com\/wp-content\/uploads\/2020\/05\/FOTO-6.jpg\"><img loading=\"lazy\" width=\"156\" height=\"208\" src=\"http:\/\/joaquinfranco.com\/wp-content\/uploads\/2020\/05\/FOTO-6.jpg\" alt=\"\" data-id=\"492\" data-full-url=\"http:\/\/joaquinfranco.com\/wp-content\/uploads\/2020\/05\/FOTO-6.jpg\" data-link=\"http:\/\/joaquinfranco.com\/index.php\/centro-de-belleza\/foto-6\/\" class=\"wp-image-492\"\/><\/a><\/figure><\/li><li class=\"blocks-gallery-item\"><figure><a href=\"http:\/\/joaquinfranco.com\/wp-content\/uploads\/2020\/05\/FOTO-7.jpg\"><img loading=\"lazy\" width=\"156\" height=\"208\" src=\"http:\/\/joaquinfranco.com\/wp-content\/uploads\/2020\/05\/FOTO-7.jpg\" alt=\"\" data-id=\"493\" data-full-url=\"http:\/\/joaquinfranco.com\/wp-content\/uploads\/2020\/05\/FOTO-7.jpg\" data-link=\"http:\/\/joaquinfranco.com\/index.php\/centro-de-belleza\/foto-7\/\" class=\"wp-image-493\"\/><\/a><\/figure><\/li><li class=\"blocks-gallery-item\"><figure><a href=\"http:\/\/joaquinfranco.com\/wp-content\/uploads\/2020\/05\/FOTO-8.jpg\"><img loading=\"lazy\" width=\"277\" height=\"208\" src=\"http:\/\/joaquinfranco.com\/wp-content\/uploads\/2020\/05\/FOTO-8.jpg\" alt=\"\" data-id=\"494\" data-full-url=\"http:\/\/joaquinfranco.com\/wp-content\/uploads\/2020\/05\/FOTO-8.jpg\" data-link=\"http:\/\/joaquinfranco.com\/index.php\/centro-de-belleza\/foto-8\/\" class=\"wp-image-494\"\/><\/a><\/figure><\/li><\/ul><\/figure>\n\n\n\n<div class=\"wp-block-columns\">\n<div class=\"wp-block-column\">\n<div class=\"wp-block-file\"><a href=\"http:\/\/joaquinfranco.com\/wp-content\/uploads\/2020\/05\/PLANOS-1-PROYECTO.pdf\">PLANOS-1-PROYECTO<\/a><a href=\"http:\/\/joaquinfranco.com\/wp-content\/uploads\/2020\/05\/PLANOS-1-PROYECTO.pdf\" class=\"wp-block-file__button\" download>Descarga<\/a><\/div>\n<\/div>\n\n\n\n<div class=\"wp-block-column\">\n<div class=\"wp-block-file\"><a href=\"http:\/\/joaquinfranco.com\/wp-content\/uploads\/2020\/05\/PLANOS-2-PROYECTO.pdf\">PLANOS-2-PROYECTO<\/a><a href=\"http:\/\/joaquinfranco.com\/wp-content\/uploads\/2020\/05\/PLANOS-2-PROYECTO.pdf\" class=\"wp-block-file__button\" download>Descarga<\/a><\/div>\n<\/div>\n<\/div>\n\n\n\n<figure class=\"wp-block-gallery alignfull columns-3 is-cropped\"><ul class=\"blocks-gallery-grid\"><li class=\"blocks-gallery-item\"><figure><a href=\"http:\/\/joaquinfranco.com\/wp-content\/uploads\/2020\/05\/AEREA.png\"><img loading=\"lazy\" width=\"370\" height=\"219\" src=\"http:\/\/joaquinfranco.com\/wp-content\/uploads\/2020\/05\/AEREA.png\" alt=\"\" data-id=\"499\" data-full-url=\"http:\/\/joaquinfranco.com\/wp-content\/uploads\/2020\/05\/AEREA.png\" data-link=\"http:\/\/joaquinfranco.com\/index.php\/centro-de-belleza\/aerea-4\/\" class=\"wp-image-499\" srcset=\"https:\/\/joaquinfranco.com\/wp-content\/uploads\/2020\/05\/AEREA.png 370w, https:\/\/joaquinfranco.com\/wp-content\/uploads\/2020\/05\/AEREA-300x178.png 300w\" sizes=\"(max-width: 370px) 100vw, 370px\" \/><\/a><\/figure><\/li><li class=\"blocks-gallery-item\"><figure><a href=\"http:\/\/joaquinfranco.com\/wp-content\/uploads\/2020\/05\/FACHADA.png\"><img loading=\"lazy\" width=\"554\" height=\"328\" src=\"http:\/\/joaquinfranco.com\/wp-content\/uploads\/2020\/05\/FACHADA.png\" alt=\"\" data-id=\"500\" data-full-url=\"http:\/\/joaquinfranco.com\/wp-content\/uploads\/2020\/05\/FACHADA.png\" data-link=\"http:\/\/joaquinfranco.com\/index.php\/centro-de-belleza\/fachada-5\/\" class=\"wp-image-500\" srcset=\"https:\/\/joaquinfranco.com\/wp-content\/uploads\/2020\/05\/FACHADA.png 554w, https:\/\/joaquinfranco.com\/wp-content\/uploads\/2020\/05\/FACHADA-300x178.png 300w\" sizes=\"(max-width: 554px) 100vw, 554px\" \/><\/a><\/figure><\/li><li class=\"blocks-gallery-item\"><figure><a href=\"http:\/\/joaquinfranco.com\/wp-content\/uploads\/2020\/05\/PERS-1.png\"><img loading=\"lazy\" width=\"370\" height=\"219\" src=\"http:\/\/joaquinfranco.com\/wp-content\/uploads\/2020\/05\/PERS-1.png\" alt=\"\" data-id=\"501\" data-full-url=\"http:\/\/joaquinfranco.com\/wp-content\/uploads\/2020\/05\/PERS-1.png\" data-link=\"http:\/\/joaquinfranco.com\/index.php\/centro-de-belleza\/pers-1-3\/\" class=\"wp-image-501\" srcset=\"https:\/\/joaquinfranco.com\/wp-content\/uploads\/2020\/05\/PERS-1.png 370w, https:\/\/joaquinfranco.com\/wp-content\/uploads\/2020\/05\/PERS-1-300x178.png 300w\" sizes=\"(max-width: 370px) 100vw, 370px\" \/><\/a><\/figure><\/li><li class=\"blocks-gallery-item\"><figure><a href=\"http:\/\/joaquinfranco.com\/wp-content\/uploads\/2020\/05\/PERS-2.png\"><img loading=\"lazy\" width=\"296\" height=\"176\" src=\"http:\/\/joaquinfranco.com\/wp-content\/uploads\/2020\/05\/PERS-2.png\" alt=\"\" data-id=\"502\" data-full-url=\"http:\/\/joaquinfranco.com\/wp-content\/uploads\/2020\/05\/PERS-2.png\" data-link=\"http:\/\/joaquinfranco.com\/index.php\/centro-de-belleza\/pers-2-3\/\" class=\"wp-image-502\"\/><\/a><\/figure><\/li><li class=\"blocks-gallery-item\"><figure><a href=\"http:\/\/joaquinfranco.com\/wp-content\/uploads\/2020\/05\/PERS-4.png\"><img loading=\"lazy\" width=\"370\" height=\"219\" src=\"http:\/\/joaquinfranco.com\/wp-content\/uploads\/2020\/05\/PERS-4.png\" alt=\"\" data-id=\"503\" data-full-url=\"http:\/\/joaquinfranco.com\/wp-content\/uploads\/2020\/05\/PERS-4.png\" data-link=\"http:\/\/joaquinfranco.com\/index.php\/centro-de-belleza\/pers-4-3\/\" class=\"wp-image-503\" srcset=\"https:\/\/joaquinfranco.com\/wp-content\/uploads\/2020\/05\/PERS-4.png 370w, https:\/\/joaquinfranco.com\/wp-content\/uploads\/2020\/05\/PERS-4-300x178.png 300w\" sizes=\"(max-width: 370px) 100vw, 370px\" \/><\/a><\/figure><\/li><li class=\"blocks-gallery-item\"><figure><a href=\"http:\/\/joaquinfranco.com\/wp-content\/uploads\/2020\/05\/SEC-1.png\"><img loading=\"lazy\" width=\"370\" height=\"219\" src=\"http:\/\/joaquinfranco.com\/wp-content\/uploads\/2020\/05\/SEC-1.png\" alt=\"\" data-id=\"504\" data-full-url=\"http:\/\/joaquinfranco.com\/wp-content\/uploads\/2020\/05\/SEC-1.png\" data-link=\"http:\/\/joaquinfranco.com\/index.php\/centro-de-belleza\/sec-1-2\/\" class=\"wp-image-504\" srcset=\"https:\/\/joaquinfranco.com\/wp-content\/uploads\/2020\/05\/SEC-1.png 370w, https:\/\/joaquinfranco.com\/wp-content\/uploads\/2020\/05\/SEC-1-300x178.png 300w\" sizes=\"(max-width: 370px) 100vw, 370px\" \/><\/a><\/figure><\/li><li class=\"blocks-gallery-item\"><figure><a href=\"http:\/\/joaquinfranco.com\/wp-content\/uploads\/2020\/05\/SEC-2.png\"><img loading=\"lazy\" width=\"370\" height=\"219\" src=\"http:\/\/joaquinfranco.com\/wp-content\/uploads\/2020\/05\/SEC-2.png\" alt=\"\" data-id=\"505\" data-full-url=\"http:\/\/joaquinfranco.com\/wp-content\/uploads\/2020\/05\/SEC-2.png\" data-link=\"http:\/\/joaquinfranco.com\/index.php\/centro-de-belleza\/sec-2-2\/\" class=\"wp-image-505\" srcset=\"https:\/\/joaquinfranco.com\/wp-content\/uploads\/2020\/05\/SEC-2.png 370w, https:\/\/joaquinfranco.com\/wp-content\/uploads\/2020\/05\/SEC-2-300x178.png 300w\" sizes=\"(max-width: 370px) 100vw, 370px\" \/><\/a><\/figure><\/li><\/ul><\/figure>\n\n\n\n<p><\/p>\n","protected":false},"excerpt":{"rendered":"<p>REFORMA DE LOCAL PARA CENTRO DE BELLEZA MAYO 2010 CALLE GUEVARA N\u00ba 8, BAJO N\u00ba 1, SANTANDER-CANTABRIA PARA DIANA DIEZ G\u00c1NDARA En funci\u00f3n de las ideas expresadas por el promotor en cuanto al desarrollo y funcionamiento del Centro de est\u00e9tica, va a funcionar como una franquicia de la compa\u00f1\u00eda Laser&#8230;<\/p>\n","protected":false},"author":1,"featured_media":0,"parent":0,"menu_order":0,"comment_status":"closed","ping_status":"closed","template":"","meta":[],"yoast_head":"<!-- This site is optimized with the Yoast SEO plugin v15.2.1 - https:\/\/yoast.com\/wordpress\/plugins\/seo\/ -->\n<title>CENTRO DE BELLEZA - INTERIORISMO JOAQUIN FRANCO<\/title>\n<meta name=\"robots\" content=\"index, follow, max-snippet:-1, max-image-preview:large, max-video-preview:-1\" \/>\n<link rel=\"canonical\" href=\"https:\/\/joaquinfranco.com\/index.php\/centro-de-belleza\/\" \/>\n<meta property=\"og:locale\" content=\"es_ES\" \/>\n<meta property=\"og:type\" content=\"article\" \/>\n<meta property=\"og:title\" content=\"CENTRO DE BELLEZA - INTERIORISMO JOAQUIN FRANCO\" \/>\n<meta property=\"og:description\" content=\"REFORMA DE LOCAL PARA CENTRO DE BELLEZA MAYO 2010 CALLE GUEVARA N\u00ba 8, BAJO N\u00ba 1, SANTANDER-CANTABRIA PARA DIANA DIEZ G\u00c1NDARA En funci\u00f3n de las ideas expresadas por el promotor en cuanto al desarrollo y funcionamiento del Centro de est\u00e9tica, va a funcionar como una franquicia de la compa\u00f1\u00eda Laser...\" \/>\n<meta property=\"og:url\" content=\"https:\/\/joaquinfranco.com\/index.php\/centro-de-belleza\/\" \/>\n<meta property=\"og:site_name\" content=\"INTERIORISMO JOAQUIN FRANCO\" \/>\n<meta property=\"article:publisher\" content=\"https:\/\/www.facebook.com\/joaquin.francotrueba\" \/>\n<meta property=\"article:modified_time\" content=\"2020-05-02T15:53:29+00:00\" \/>\n<meta property=\"og:image\" content=\"http:\/\/joaquinfranco.com\/wp-content\/uploads\/2020\/05\/FOTO-2.jpg\" \/>\n<meta name=\"twitter:card\" content=\"summary_large_image\" \/>\n<meta name=\"twitter:label1\" content=\"Escrito por\">\n\t<meta name=\"twitter:data1\" content=\"admin\">\n\t<meta name=\"twitter:label2\" content=\"Tiempo de lectura\">\n\t<meta name=\"twitter:data2\" content=\"1 minuto\">\n<script type=\"application\/ld+json\" class=\"yoast-schema-graph\">{\"@context\":\"https:\/\/schema.org\",\"@graph\":[{\"@type\":\"WebSite\",\"@id\":\"https:\/\/joaquinfranco.com\/#website\",\"url\":\"https:\/\/joaquinfranco.com\/\",\"name\":\"INTERIORISMO JOAQUIN FRANCO\",\"description\":\"Estudio de Decoraci\\u00f3n y Arquitectura Interior\",\"potentialAction\":[{\"@type\":\"SearchAction\",\"target\":\"https:\/\/joaquinfranco.com\/?s={search_term_string}\",\"query-input\":\"required name=search_term_string\"}],\"inLanguage\":\"es\"},{\"@type\":\"ImageObject\",\"@id\":\"https:\/\/joaquinfranco.com\/index.php\/centro-de-belleza\/#primaryimage\",\"inLanguage\":\"es\",\"url\":\"http:\/\/joaquinfranco.com\/wp-content\/uploads\/2020\/05\/FOTO-2.jpg\"},{\"@type\":\"WebPage\",\"@id\":\"https:\/\/joaquinfranco.com\/index.php\/centro-de-belleza\/#webpage\",\"url\":\"https:\/\/joaquinfranco.com\/index.php\/centro-de-belleza\/\",\"name\":\"CENTRO DE BELLEZA - INTERIORISMO JOAQUIN FRANCO\",\"isPartOf\":{\"@id\":\"https:\/\/joaquinfranco.com\/#website\"},\"primaryImageOfPage\":{\"@id\":\"https:\/\/joaquinfranco.com\/index.php\/centro-de-belleza\/#primaryimage\"},\"datePublished\":\"2020-05-01T17:03:18+00:00\",\"dateModified\":\"2020-05-02T15:53:29+00:00\",\"inLanguage\":\"es\",\"potentialAction\":[{\"@type\":\"ReadAction\",\"target\":[\"https:\/\/joaquinfranco.com\/index.php\/centro-de-belleza\/\"]}]}]}<\/script>\n<!-- \/ Yoast SEO plugin. -->","_links":{"self":[{"href":"https:\/\/joaquinfranco.com\/index.php\/wp-json\/wp\/v2\/pages\/475"}],"collection":[{"href":"https:\/\/joaquinfranco.com\/index.php\/wp-json\/wp\/v2\/pages"}],"about":[{"href":"https:\/\/joaquinfranco.com\/index.php\/wp-json\/wp\/v2\/types\/page"}],"author":[{"embeddable":true,"href":"https:\/\/joaquinfranco.com\/index.php\/wp-json\/wp\/v2\/users\/1"}],"replies":[{"embeddable":true,"href":"https:\/\/joaquinfranco.com\/index.php\/wp-json\/wp\/v2\/comments?post=475"}],"version-history":[{"count":6,"href":"https:\/\/joaquinfranco.com\/index.php\/wp-json\/wp\/v2\/pages\/475\/revisions"}],"predecessor-version":[{"id":512,"href":"https:\/\/joaquinfranco.com\/index.php\/wp-json\/wp\/v2\/pages\/475\/revisions\/512"}],"wp:attachment":[{"href":"https:\/\/joaquinfranco.com\/index.php\/wp-json\/wp\/v2\/media?parent=475"}],"curies":[{"name":"wp","href":"https:\/\/api.w.org\/{rel}","templated":true}]}}