{"id":1737,"date":"2020-08-01T16:12:22","date_gmt":"2020-08-01T16:12:22","guid":{"rendered":"http:\/\/joaquinfranco.com\/?page_id=1737"},"modified":"2020-08-01T16:12:23","modified_gmt":"2020-08-01T16:12:23","slug":"diseno-de-cocina","status":"publish","type":"page","link":"https:\/\/joaquinfranco.com\/index.php\/diseno-de-cocina\/","title":{"rendered":"Dise\u00f1o de Cocina"},"content":{"rendered":"\n<h2>Remodelaci\u00f3n de zona de garaje para realizaci\u00f3n de cocina en chalet individual.<\/h2>\n\n\n\n<p class=\"has-background has-drop-cap has-very-light-gray-background-color\">Las necesidades de una vivienda Unifamiliar en Meruelo. Se reutiliza zona de garaje para convertirla en una cocina acorde a unas dimensiones de una vivienda unifamiliar. Se realiza un frente de cocina con un amueblamiento en color blanco roto veteado, con acabado hasta el techo que contrasta con la baldosa en imitaci\u00f3n madera, el granito negro de la encimera y los electrodom\u00e9sticos vistos en acero inox. Se instala una chimenea de le\u00f1a para aprovechamiento del tiro de la antigua caldera y se concluye con un amueblamiento de comedor en madera compuesto por aparador y mesa para 6 comensales<\/p>\n\n\n\n<p><\/p>\n\n\n\n<figure class=\"wp-block-gallery columns-3 is-cropped\"><ul class=\"blocks-gallery-grid\"><li class=\"blocks-gallery-item\"><figure><a href=\"http:\/\/joaquinfranco.com\/wp-content\/uploads\/2020\/08\/ALZADO-scaled.jpg\"><img loading=\"lazy\" width=\"1024\" height=\"428\" src=\"http:\/\/joaquinfranco.com\/wp-content\/uploads\/2020\/08\/ALZADO-1024x428.jpg\" alt=\"\" data-id=\"1738\" data-full-url=\"http:\/\/joaquinfranco.com\/wp-content\/uploads\/2020\/08\/ALZADO-scaled.jpg\" data-link=\"http:\/\/joaquinfranco.com\/?attachment_id=1738\" class=\"wp-image-1738\" srcset=\"https:\/\/joaquinfranco.com\/wp-content\/uploads\/2020\/08\/ALZADO-1024x428.jpg 1024w, https:\/\/joaquinfranco.com\/wp-content\/uploads\/2020\/08\/ALZADO-300x125.jpg 300w, https:\/\/joaquinfranco.com\/wp-content\/uploads\/2020\/08\/ALZADO-768x321.jpg 768w, https:\/\/joaquinfranco.com\/wp-content\/uploads\/2020\/08\/ALZADO-1536x641.jpg 1536w, https:\/\/joaquinfranco.com\/wp-content\/uploads\/2020\/08\/ALZADO-2048x855.jpg 2048w\" sizes=\"(max-width: 1024px) 100vw, 1024px\" \/><\/a><figcaption class=\"blocks-gallery-item__caption\">FRENTE<\/figcaption><\/figure><\/li><li class=\"blocks-gallery-item\"><figure><a href=\"http:\/\/joaquinfranco.com\/wp-content\/uploads\/2020\/08\/PERS-1.jpg\"><img loading=\"lazy\" width=\"774\" height=\"456\" src=\"http:\/\/joaquinfranco.com\/wp-content\/uploads\/2020\/08\/PERS-1.jpg\" alt=\"\" data-id=\"1739\" data-full-url=\"http:\/\/joaquinfranco.com\/wp-content\/uploads\/2020\/08\/PERS-1.jpg\" data-link=\"http:\/\/joaquinfranco.com\/?attachment_id=1739\" class=\"wp-image-1739\" srcset=\"https:\/\/joaquinfranco.com\/wp-content\/uploads\/2020\/08\/PERS-1.jpg 774w, https:\/\/joaquinfranco.com\/wp-content\/uploads\/2020\/08\/PERS-1-300x177.jpg 300w, https:\/\/joaquinfranco.com\/wp-content\/uploads\/2020\/08\/PERS-1-768x452.jpg 768w\" sizes=\"(max-width: 774px) 100vw, 774px\" \/><\/a><figcaption class=\"blocks-gallery-item__caption\">PERS. 1<\/figcaption><\/figure><\/li><li class=\"blocks-gallery-item\"><figure><a href=\"http:\/\/joaquinfranco.com\/wp-content\/uploads\/2020\/08\/PERS-2.jpg\"><img loading=\"lazy\" width=\"771\" height=\"462\" src=\"http:\/\/joaquinfranco.com\/wp-content\/uploads\/2020\/08\/PERS-2.jpg\" alt=\"\" data-id=\"1740\" data-full-url=\"http:\/\/joaquinfranco.com\/wp-content\/uploads\/2020\/08\/PERS-2.jpg\" data-link=\"http:\/\/joaquinfranco.com\/?attachment_id=1740\" class=\"wp-image-1740\" srcset=\"https:\/\/joaquinfranco.com\/wp-content\/uploads\/2020\/08\/PERS-2.jpg 771w, https:\/\/joaquinfranco.com\/wp-content\/uploads\/2020\/08\/PERS-2-300x180.jpg 300w, https:\/\/joaquinfranco.com\/wp-content\/uploads\/2020\/08\/PERS-2-768x460.jpg 768w\" sizes=\"(max-width: 771px) 100vw, 771px\" \/><\/a><figcaption class=\"blocks-gallery-item__caption\">PERS.2<\/figcaption><\/figure><\/li><li class=\"blocks-gallery-item\"><figure><a href=\"http:\/\/joaquinfranco.com\/wp-content\/uploads\/2020\/08\/PERS-3.jpg\"><img loading=\"lazy\" width=\"779\" height=\"416\" src=\"http:\/\/joaquinfranco.com\/wp-content\/uploads\/2020\/08\/PERS-3.jpg\" alt=\"\" data-id=\"1741\" data-full-url=\"http:\/\/joaquinfranco.com\/wp-content\/uploads\/2020\/08\/PERS-3.jpg\" data-link=\"http:\/\/joaquinfranco.com\/?attachment_id=1741\" class=\"wp-image-1741\" srcset=\"https:\/\/joaquinfranco.com\/wp-content\/uploads\/2020\/08\/PERS-3.jpg 779w, https:\/\/joaquinfranco.com\/wp-content\/uploads\/2020\/08\/PERS-3-300x160.jpg 300w, https:\/\/joaquinfranco.com\/wp-content\/uploads\/2020\/08\/PERS-3-768x410.jpg 768w\" sizes=\"(max-width: 779px) 100vw, 779px\" \/><\/a><\/figure><\/li><\/ul><\/figure>\n\n\n\n<figure class=\"wp-block-gallery columns-4 is-cropped\"><ul class=\"blocks-gallery-grid\"><li class=\"blocks-gallery-item\"><figure><a href=\"http:\/\/joaquinfranco.com\/wp-content\/uploads\/2020\/08\/DSC00231.jpg\"><img loading=\"lazy\" width=\"500\" height=\"375\" src=\"http:\/\/joaquinfranco.com\/wp-content\/uploads\/2020\/08\/DSC00231.jpg\" alt=\"\" data-id=\"1742\" data-full-url=\"http:\/\/joaquinfranco.com\/wp-content\/uploads\/2020\/08\/DSC00231.jpg\" data-link=\"http:\/\/joaquinfranco.com\/?attachment_id=1742\" class=\"wp-image-1742\" srcset=\"https:\/\/joaquinfranco.com\/wp-content\/uploads\/2020\/08\/DSC00231.jpg 500w, https:\/\/joaquinfranco.com\/wp-content\/uploads\/2020\/08\/DSC00231-300x225.jpg 300w\" sizes=\"(max-width: 500px) 100vw, 500px\" \/><\/a><\/figure><\/li><li class=\"blocks-gallery-item\"><figure><a href=\"http:\/\/joaquinfranco.com\/wp-content\/uploads\/2020\/08\/DSC00232.jpg\"><img loading=\"lazy\" width=\"500\" height=\"375\" src=\"http:\/\/joaquinfranco.com\/wp-content\/uploads\/2020\/08\/DSC00232.jpg\" alt=\"\" data-id=\"1743\" data-full-url=\"http:\/\/joaquinfranco.com\/wp-content\/uploads\/2020\/08\/DSC00232.jpg\" data-link=\"http:\/\/joaquinfranco.com\/?attachment_id=1743\" class=\"wp-image-1743\" srcset=\"https:\/\/joaquinfranco.com\/wp-content\/uploads\/2020\/08\/DSC00232.jpg 500w, https:\/\/joaquinfranco.com\/wp-content\/uploads\/2020\/08\/DSC00232-300x225.jpg 300w\" sizes=\"(max-width: 500px) 100vw, 500px\" \/><\/a><\/figure><\/li><li class=\"blocks-gallery-item\"><figure><a href=\"http:\/\/joaquinfranco.com\/wp-content\/uploads\/2020\/08\/DSC00233.jpg\"><img loading=\"lazy\" width=\"500\" height=\"375\" src=\"http:\/\/joaquinfranco.com\/wp-content\/uploads\/2020\/08\/DSC00233.jpg\" alt=\"\" data-id=\"1744\" data-full-url=\"http:\/\/joaquinfranco.com\/wp-content\/uploads\/2020\/08\/DSC00233.jpg\" data-link=\"http:\/\/joaquinfranco.com\/?attachment_id=1744\" class=\"wp-image-1744\" srcset=\"https:\/\/joaquinfranco.com\/wp-content\/uploads\/2020\/08\/DSC00233.jpg 500w, https:\/\/joaquinfranco.com\/wp-content\/uploads\/2020\/08\/DSC00233-300x225.jpg 300w\" sizes=\"(max-width: 500px) 100vw, 500px\" \/><\/a><\/figure><\/li><li class=\"blocks-gallery-item\"><figure><a href=\"http:\/\/joaquinfranco.com\/wp-content\/uploads\/2020\/08\/DSC00234.jpg\"><img loading=\"lazy\" width=\"500\" height=\"375\" src=\"http:\/\/joaquinfranco.com\/wp-content\/uploads\/2020\/08\/DSC00234.jpg\" alt=\"\" data-id=\"1745\" data-full-url=\"http:\/\/joaquinfranco.com\/wp-content\/uploads\/2020\/08\/DSC00234.jpg\" data-link=\"http:\/\/joaquinfranco.com\/?attachment_id=1745\" class=\"wp-image-1745\" srcset=\"https:\/\/joaquinfranco.com\/wp-content\/uploads\/2020\/08\/DSC00234.jpg 500w, https:\/\/joaquinfranco.com\/wp-content\/uploads\/2020\/08\/DSC00234-300x225.jpg 300w\" sizes=\"(max-width: 500px) 100vw, 500px\" \/><\/a><\/figure><\/li><li class=\"blocks-gallery-item\"><figure><a href=\"http:\/\/joaquinfranco.com\/wp-content\/uploads\/2020\/08\/DSC00235.jpg\"><img loading=\"lazy\" width=\"375\" height=\"500\" src=\"http:\/\/joaquinfranco.com\/wp-content\/uploads\/2020\/08\/DSC00235.jpg\" alt=\"\" data-id=\"1746\" data-full-url=\"http:\/\/joaquinfranco.com\/wp-content\/uploads\/2020\/08\/DSC00235.jpg\" data-link=\"http:\/\/joaquinfranco.com\/?attachment_id=1746\" class=\"wp-image-1746\" srcset=\"https:\/\/joaquinfranco.com\/wp-content\/uploads\/2020\/08\/DSC00235.jpg 375w, https:\/\/joaquinfranco.com\/wp-content\/uploads\/2020\/08\/DSC00235-225x300.jpg 225w\" sizes=\"(max-width: 375px) 100vw, 375px\" \/><\/a><\/figure><\/li><li class=\"blocks-gallery-item\"><figure><a href=\"http:\/\/joaquinfranco.com\/wp-content\/uploads\/2020\/08\/DSC00236.jpg\"><img loading=\"lazy\" width=\"500\" height=\"375\" src=\"http:\/\/joaquinfranco.com\/wp-content\/uploads\/2020\/08\/DSC00236.jpg\" alt=\"\" data-id=\"1747\" data-full-url=\"http:\/\/joaquinfranco.com\/wp-content\/uploads\/2020\/08\/DSC00236.jpg\" data-link=\"http:\/\/joaquinfranco.com\/?attachment_id=1747\" class=\"wp-image-1747\" srcset=\"https:\/\/joaquinfranco.com\/wp-content\/uploads\/2020\/08\/DSC00236.jpg 500w, https:\/\/joaquinfranco.com\/wp-content\/uploads\/2020\/08\/DSC00236-300x225.jpg 300w\" sizes=\"(max-width: 500px) 100vw, 500px\" \/><\/a><\/figure><\/li><li class=\"blocks-gallery-item\"><figure><a href=\"http:\/\/joaquinfranco.com\/wp-content\/uploads\/2020\/08\/DSC00237.jpg\"><img loading=\"lazy\" width=\"500\" height=\"375\" src=\"http:\/\/joaquinfranco.com\/wp-content\/uploads\/2020\/08\/DSC00237.jpg\" alt=\"\" data-id=\"1748\" data-full-url=\"http:\/\/joaquinfranco.com\/wp-content\/uploads\/2020\/08\/DSC00237.jpg\" data-link=\"http:\/\/joaquinfranco.com\/?attachment_id=1748\" class=\"wp-image-1748\" srcset=\"https:\/\/joaquinfranco.com\/wp-content\/uploads\/2020\/08\/DSC00237.jpg 500w, https:\/\/joaquinfranco.com\/wp-content\/uploads\/2020\/08\/DSC00237-300x225.jpg 300w\" sizes=\"(max-width: 500px) 100vw, 500px\" \/><\/a><\/figure><\/li><li class=\"blocks-gallery-item\"><figure><a href=\"http:\/\/joaquinfranco.com\/wp-content\/uploads\/2020\/08\/DSC00238.jpg\"><img loading=\"lazy\" width=\"500\" height=\"375\" src=\"http:\/\/joaquinfranco.com\/wp-content\/uploads\/2020\/08\/DSC00238.jpg\" alt=\"\" data-id=\"1749\" data-full-url=\"http:\/\/joaquinfranco.com\/wp-content\/uploads\/2020\/08\/DSC00238.jpg\" data-link=\"http:\/\/joaquinfranco.com\/?attachment_id=1749\" class=\"wp-image-1749\" srcset=\"https:\/\/joaquinfranco.com\/wp-content\/uploads\/2020\/08\/DSC00238.jpg 500w, https:\/\/joaquinfranco.com\/wp-content\/uploads\/2020\/08\/DSC00238-300x225.jpg 300w\" sizes=\"(max-width: 500px) 100vw, 500px\" \/><\/a><\/figure><\/li><li class=\"blocks-gallery-item\"><figure><a href=\"http:\/\/joaquinfranco.com\/wp-content\/uploads\/2020\/08\/DSC00239.jpg\"><img loading=\"lazy\" width=\"500\" height=\"375\" src=\"http:\/\/joaquinfranco.com\/wp-content\/uploads\/2020\/08\/DSC00239.jpg\" alt=\"\" data-id=\"1750\" data-full-url=\"http:\/\/joaquinfranco.com\/wp-content\/uploads\/2020\/08\/DSC00239.jpg\" data-link=\"http:\/\/joaquinfranco.com\/?attachment_id=1750\" class=\"wp-image-1750\" srcset=\"https:\/\/joaquinfranco.com\/wp-content\/uploads\/2020\/08\/DSC00239.jpg 500w, https:\/\/joaquinfranco.com\/wp-content\/uploads\/2020\/08\/DSC00239-300x225.jpg 300w\" sizes=\"(max-width: 500px) 100vw, 500px\" \/><\/a><\/figure><\/li><li class=\"blocks-gallery-item\"><figure><a href=\"http:\/\/joaquinfranco.com\/wp-content\/uploads\/2020\/08\/DSC00240.jpg\"><img loading=\"lazy\" width=\"375\" height=\"500\" src=\"http:\/\/joaquinfranco.com\/wp-content\/uploads\/2020\/08\/DSC00240.jpg\" alt=\"\" data-id=\"1751\" data-full-url=\"http:\/\/joaquinfranco.com\/wp-content\/uploads\/2020\/08\/DSC00240.jpg\" data-link=\"http:\/\/joaquinfranco.com\/?attachment_id=1751\" class=\"wp-image-1751\" srcset=\"https:\/\/joaquinfranco.com\/wp-content\/uploads\/2020\/08\/DSC00240.jpg 375w, https:\/\/joaquinfranco.com\/wp-content\/uploads\/2020\/08\/DSC00240-225x300.jpg 225w\" sizes=\"(max-width: 375px) 100vw, 375px\" \/><\/a><\/figure><\/li><li class=\"blocks-gallery-item\"><figure><a href=\"http:\/\/joaquinfranco.com\/wp-content\/uploads\/2020\/08\/DSC00241.jpg\"><img loading=\"lazy\" width=\"500\" height=\"375\" src=\"http:\/\/joaquinfranco.com\/wp-content\/uploads\/2020\/08\/DSC00241.jpg\" alt=\"\" data-id=\"1752\" data-full-url=\"http:\/\/joaquinfranco.com\/wp-content\/uploads\/2020\/08\/DSC00241.jpg\" data-link=\"http:\/\/joaquinfranco.com\/?attachment_id=1752\" class=\"wp-image-1752\" srcset=\"https:\/\/joaquinfranco.com\/wp-content\/uploads\/2020\/08\/DSC00241.jpg 500w, https:\/\/joaquinfranco.com\/wp-content\/uploads\/2020\/08\/DSC00241-300x225.jpg 300w\" sizes=\"(max-width: 500px) 100vw, 500px\" \/><\/a><\/figure><\/li><li class=\"blocks-gallery-item\"><figure><a href=\"http:\/\/joaquinfranco.com\/wp-content\/uploads\/2020\/08\/DSC00242.jpg\"><img loading=\"lazy\" width=\"500\" height=\"375\" src=\"http:\/\/joaquinfranco.com\/wp-content\/uploads\/2020\/08\/DSC00242.jpg\" alt=\"\" data-id=\"1753\" data-full-url=\"http:\/\/joaquinfranco.com\/wp-content\/uploads\/2020\/08\/DSC00242.jpg\" data-link=\"http:\/\/joaquinfranco.com\/?attachment_id=1753\" class=\"wp-image-1753\" srcset=\"https:\/\/joaquinfranco.com\/wp-content\/uploads\/2020\/08\/DSC00242.jpg 500w, https:\/\/joaquinfranco.com\/wp-content\/uploads\/2020\/08\/DSC00242-300x225.jpg 300w\" sizes=\"(max-width: 500px) 100vw, 500px\" \/><\/a><\/figure><\/li><li class=\"blocks-gallery-item\"><figure><a href=\"http:\/\/joaquinfranco.com\/wp-content\/uploads\/2020\/08\/DSC00243.jpg\"><img loading=\"lazy\" width=\"500\" height=\"375\" src=\"http:\/\/joaquinfranco.com\/wp-content\/uploads\/2020\/08\/DSC00243.jpg\" alt=\"\" data-id=\"1754\" data-full-url=\"http:\/\/joaquinfranco.com\/wp-content\/uploads\/2020\/08\/DSC00243.jpg\" data-link=\"http:\/\/joaquinfranco.com\/?attachment_id=1754\" class=\"wp-image-1754\" srcset=\"https:\/\/joaquinfranco.com\/wp-content\/uploads\/2020\/08\/DSC00243.jpg 500w, https:\/\/joaquinfranco.com\/wp-content\/uploads\/2020\/08\/DSC00243-300x225.jpg 300w\" sizes=\"(max-width: 500px) 100vw, 500px\" \/><\/a><\/figure><\/li><li class=\"blocks-gallery-item\"><figure><a href=\"http:\/\/joaquinfranco.com\/wp-content\/uploads\/2020\/08\/DSC00244.jpg\"><img loading=\"lazy\" width=\"375\" height=\"500\" src=\"http:\/\/joaquinfranco.com\/wp-content\/uploads\/2020\/08\/DSC00244.jpg\" alt=\"\" data-id=\"1755\" data-full-url=\"http:\/\/joaquinfranco.com\/wp-content\/uploads\/2020\/08\/DSC00244.jpg\" data-link=\"http:\/\/joaquinfranco.com\/?attachment_id=1755\" class=\"wp-image-1755\" srcset=\"https:\/\/joaquinfranco.com\/wp-content\/uploads\/2020\/08\/DSC00244.jpg 375w, https:\/\/joaquinfranco.com\/wp-content\/uploads\/2020\/08\/DSC00244-225x300.jpg 225w\" sizes=\"(max-width: 375px) 100vw, 375px\" \/><\/a><\/figure><\/li><li class=\"blocks-gallery-item\"><figure><a href=\"http:\/\/joaquinfranco.com\/wp-content\/uploads\/2020\/08\/DSC00245.jpg\"><img loading=\"lazy\" width=\"500\" height=\"375\" src=\"http:\/\/joaquinfranco.com\/wp-content\/uploads\/2020\/08\/DSC00245.jpg\" alt=\"\" data-id=\"1756\" data-full-url=\"http:\/\/joaquinfranco.com\/wp-content\/uploads\/2020\/08\/DSC00245.jpg\" data-link=\"http:\/\/joaquinfranco.com\/?attachment_id=1756\" class=\"wp-image-1756\" srcset=\"https:\/\/joaquinfranco.com\/wp-content\/uploads\/2020\/08\/DSC00245.jpg 500w, https:\/\/joaquinfranco.com\/wp-content\/uploads\/2020\/08\/DSC00245-300x225.jpg 300w\" sizes=\"(max-width: 500px) 100vw, 500px\" \/><\/a><\/figure><\/li><li class=\"blocks-gallery-item\"><figure><a href=\"http:\/\/joaquinfranco.com\/wp-content\/uploads\/2020\/08\/DSC00246.jpg\"><img loading=\"lazy\" width=\"375\" height=\"500\" src=\"http:\/\/joaquinfranco.com\/wp-content\/uploads\/2020\/08\/DSC00246.jpg\" alt=\"\" data-id=\"1757\" data-full-url=\"http:\/\/joaquinfranco.com\/wp-content\/uploads\/2020\/08\/DSC00246.jpg\" data-link=\"http:\/\/joaquinfranco.com\/?attachment_id=1757\" class=\"wp-image-1757\" srcset=\"https:\/\/joaquinfranco.com\/wp-content\/uploads\/2020\/08\/DSC00246.jpg 375w, https:\/\/joaquinfranco.com\/wp-content\/uploads\/2020\/08\/DSC00246-225x300.jpg 225w\" sizes=\"(max-width: 375px) 100vw, 375px\" \/><\/a><\/figure><\/li><li class=\"blocks-gallery-item\"><figure><a href=\"http:\/\/joaquinfranco.com\/wp-content\/uploads\/2020\/08\/DSC00247.jpg\"><img loading=\"lazy\" width=\"500\" height=\"375\" src=\"http:\/\/joaquinfranco.com\/wp-content\/uploads\/2020\/08\/DSC00247.jpg\" alt=\"\" data-id=\"1758\" data-full-url=\"http:\/\/joaquinfranco.com\/wp-content\/uploads\/2020\/08\/DSC00247.jpg\" data-link=\"http:\/\/joaquinfranco.com\/?attachment_id=1758\" class=\"wp-image-1758\" srcset=\"https:\/\/joaquinfranco.com\/wp-content\/uploads\/2020\/08\/DSC00247.jpg 500w, https:\/\/joaquinfranco.com\/wp-content\/uploads\/2020\/08\/DSC00247-300x225.jpg 300w\" sizes=\"(max-width: 500px) 100vw, 500px\" \/><\/a><\/figure><\/li><li class=\"blocks-gallery-item\"><figure><a href=\"http:\/\/joaquinfranco.com\/wp-content\/uploads\/2020\/08\/DSC00248.jpg\"><img loading=\"lazy\" width=\"375\" height=\"500\" src=\"http:\/\/joaquinfranco.com\/wp-content\/uploads\/2020\/08\/DSC00248.jpg\" alt=\"\" data-id=\"1759\" data-full-url=\"http:\/\/joaquinfranco.com\/wp-content\/uploads\/2020\/08\/DSC00248.jpg\" data-link=\"http:\/\/joaquinfranco.com\/?attachment_id=1759\" class=\"wp-image-1759\" srcset=\"https:\/\/joaquinfranco.com\/wp-content\/uploads\/2020\/08\/DSC00248.jpg 375w, https:\/\/joaquinfranco.com\/wp-content\/uploads\/2020\/08\/DSC00248-225x300.jpg 225w\" sizes=\"(max-width: 375px) 100vw, 375px\" \/><\/a><\/figure><\/li><li class=\"blocks-gallery-item\"><figure><a href=\"http:\/\/joaquinfranco.com\/wp-content\/uploads\/2020\/08\/DSC00249.jpg\"><img loading=\"lazy\" width=\"375\" height=\"500\" src=\"http:\/\/joaquinfranco.com\/wp-content\/uploads\/2020\/08\/DSC00249.jpg\" alt=\"\" data-id=\"1760\" data-full-url=\"http:\/\/joaquinfranco.com\/wp-content\/uploads\/2020\/08\/DSC00249.jpg\" data-link=\"http:\/\/joaquinfranco.com\/?attachment_id=1760\" class=\"wp-image-1760\" srcset=\"https:\/\/joaquinfranco.com\/wp-content\/uploads\/2020\/08\/DSC00249.jpg 375w, https:\/\/joaquinfranco.com\/wp-content\/uploads\/2020\/08\/DSC00249-225x300.jpg 225w\" sizes=\"(max-width: 375px) 100vw, 375px\" \/><\/a><\/figure><\/li><\/ul><\/figure>\n","protected":false},"excerpt":{"rendered":"<p>Remodelaci\u00f3n de zona de garaje para realizaci\u00f3n de cocina en chalet individual. Las necesidades de una vivienda Unifamiliar en Meruelo. Se reutiliza zona de garaje para convertirla en una cocina acorde a unas dimensiones de una vivienda unifamiliar. Se realiza un frente de cocina con un amueblamiento en color blanco&#8230;<\/p>\n","protected":false},"author":1,"featured_media":0,"parent":0,"menu_order":0,"comment_status":"closed","ping_status":"closed","template":"","meta":[],"yoast_head":"<!-- This site is optimized with the Yoast SEO plugin v15.2.1 - https:\/\/yoast.com\/wordpress\/plugins\/seo\/ -->\n<title>Dise\u00f1o de Cocina - INTERIORISMO JOAQUIN FRANCO<\/title>\n<meta name=\"robots\" content=\"index, follow, max-snippet:-1, max-image-preview:large, max-video-preview:-1\" \/>\n<link rel=\"canonical\" href=\"https:\/\/joaquinfranco.com\/index.php\/diseno-de-cocina\/\" \/>\n<meta property=\"og:locale\" content=\"es_ES\" \/>\n<meta property=\"og:type\" content=\"article\" \/>\n<meta property=\"og:title\" content=\"Dise\u00f1o de Cocina - INTERIORISMO JOAQUIN FRANCO\" \/>\n<meta property=\"og:description\" content=\"Remodelaci\u00f3n de zona de garaje para realizaci\u00f3n de cocina en chalet individual. Las necesidades de una vivienda Unifamiliar en Meruelo. Se reutiliza zona de garaje para convertirla en una cocina acorde a unas dimensiones de una vivienda unifamiliar. Se realiza un frente de cocina con un amueblamiento en color blanco...\" \/>\n<meta property=\"og:url\" content=\"https:\/\/joaquinfranco.com\/index.php\/diseno-de-cocina\/\" \/>\n<meta property=\"og:site_name\" content=\"INTERIORISMO JOAQUIN FRANCO\" \/>\n<meta property=\"article:publisher\" content=\"https:\/\/www.facebook.com\/joaquin.francotrueba\" \/>\n<meta property=\"article:modified_time\" content=\"2020-08-01T16:12:23+00:00\" \/>\n<meta property=\"og:image\" content=\"http:\/\/joaquinfranco.com\/wp-content\/uploads\/2020\/08\/ALZADO-1024x428.jpg\" \/>\n<meta name=\"twitter:card\" content=\"summary_large_image\" \/>\n<meta name=\"twitter:label1\" content=\"Escrito por\">\n\t<meta name=\"twitter:data1\" content=\"admin\">\n\t<meta name=\"twitter:label2\" content=\"Tiempo de lectura\">\n\t<meta name=\"twitter:data2\" content=\"0 minutos\">\n<script type=\"application\/ld+json\" class=\"yoast-schema-graph\">{\"@context\":\"https:\/\/schema.org\",\"@graph\":[{\"@type\":\"WebSite\",\"@id\":\"https:\/\/joaquinfranco.com\/#website\",\"url\":\"https:\/\/joaquinfranco.com\/\",\"name\":\"INTERIORISMO JOAQUIN FRANCO\",\"description\":\"Estudio de Decoraci\\u00f3n y Arquitectura Interior\",\"potentialAction\":[{\"@type\":\"SearchAction\",\"target\":\"https:\/\/joaquinfranco.com\/?s={search_term_string}\",\"query-input\":\"required name=search_term_string\"}],\"inLanguage\":\"es\"},{\"@type\":\"ImageObject\",\"@id\":\"https:\/\/joaquinfranco.com\/index.php\/diseno-de-cocina\/#primaryimage\",\"inLanguage\":\"es\",\"url\":\"http:\/\/joaquinfranco.com\/wp-content\/uploads\/2020\/08\/ALZADO-1024x428.jpg\"},{\"@type\":\"WebPage\",\"@id\":\"https:\/\/joaquinfranco.com\/index.php\/diseno-de-cocina\/#webpage\",\"url\":\"https:\/\/joaquinfranco.com\/index.php\/diseno-de-cocina\/\",\"name\":\"Dise\\u00f1o de Cocina - INTERIORISMO JOAQUIN FRANCO\",\"isPartOf\":{\"@id\":\"https:\/\/joaquinfranco.com\/#website\"},\"primaryImageOfPage\":{\"@id\":\"https:\/\/joaquinfranco.com\/index.php\/diseno-de-cocina\/#primaryimage\"},\"datePublished\":\"2020-08-01T16:12:22+00:00\",\"dateModified\":\"2020-08-01T16:12:23+00:00\",\"inLanguage\":\"es\",\"potentialAction\":[{\"@type\":\"ReadAction\",\"target\":[\"https:\/\/joaquinfranco.com\/index.php\/diseno-de-cocina\/\"]}]}]}<\/script>\n<!-- \/ Yoast SEO plugin. -->","_links":{"self":[{"href":"https:\/\/joaquinfranco.com\/index.php\/wp-json\/wp\/v2\/pages\/1737"}],"collection":[{"href":"https:\/\/joaquinfranco.com\/index.php\/wp-json\/wp\/v2\/pages"}],"about":[{"href":"https:\/\/joaquinfranco.com\/index.php\/wp-json\/wp\/v2\/types\/page"}],"author":[{"embeddable":true,"href":"https:\/\/joaquinfranco.com\/index.php\/wp-json\/wp\/v2\/users\/1"}],"replies":[{"embeddable":true,"href":"https:\/\/joaquinfranco.com\/index.php\/wp-json\/wp\/v2\/comments?post=1737"}],"version-history":[{"count":1,"href":"https:\/\/joaquinfranco.com\/index.php\/wp-json\/wp\/v2\/pages\/1737\/revisions"}],"predecessor-version":[{"id":1762,"href":"https:\/\/joaquinfranco.com\/index.php\/wp-json\/wp\/v2\/pages\/1737\/revisions\/1762"}],"wp:attachment":[{"href":"https:\/\/joaquinfranco.com\/index.php\/wp-json\/wp\/v2\/media?parent=1737"}],"curies":[{"name":"wp","href":"https:\/\/api.w.org\/{rel}","templated":true}]}}