{"id":1721,"date":"2020-06-21T10:44:50","date_gmt":"2020-06-21T10:44:50","guid":{"rendered":"http:\/\/joaquinfranco.com\/?page_id=1721"},"modified":"2020-06-21T10:44:51","modified_gmt":"2020-06-21T10:44:51","slug":"rehabilitacion-de-edificacion-para-vivienda-en-pielagos","status":"publish","type":"page","link":"https:\/\/joaquinfranco.com\/index.php\/rehabilitacion-de-edificacion-para-vivienda-en-pielagos\/","title":{"rendered":"REHABILITACION DE EDIFICACION PARA VIVIENDA EN PIELAGOS"},"content":{"rendered":"\n<p class=\"has-background has-drop-cap has-very-light-gray-background-color\">Rehabilitaci\u00f3n de edificaci\u00f3n situada en el Barrio La Pasiega n\u00ba 6, Quijano- Pielagos Cantabria para Pedro Castro Sierra.                             SE REALIZA UN ESTUDIO DE DISTRIBUCI\u00d3N Y DISE\u00d1O DE ALZADOS DE FACHADAS JUNTO CON CIMENTACION Y ESTRUCTURA PARA SU EJECUCI\u00d3N<\/p>\n\n\n\n<p><\/p>\n\n\n\n<figure class=\"wp-block-gallery columns-3 is-cropped\"><ul class=\"blocks-gallery-grid\"><li class=\"blocks-gallery-item\"><figure><a href=\"http:\/\/joaquinfranco.com\/wp-content\/uploads\/2020\/06\/SILO.jpg\"><img loading=\"lazy\" width=\"262\" height=\"314\" src=\"http:\/\/joaquinfranco.com\/wp-content\/uploads\/2020\/06\/SILO.jpg\" alt=\"\" data-id=\"1726\" data-full-url=\"http:\/\/joaquinfranco.com\/wp-content\/uploads\/2020\/06\/SILO.jpg\" data-link=\"http:\/\/joaquinfranco.com\/?attachment_id=1726\" class=\"wp-image-1726\" srcset=\"https:\/\/joaquinfranco.com\/wp-content\/uploads\/2020\/06\/SILO.jpg 262w, https:\/\/joaquinfranco.com\/wp-content\/uploads\/2020\/06\/SILO-250x300.jpg 250w\" sizes=\"(max-width: 262px) 100vw, 262px\" \/><\/a><\/figure><\/li><li class=\"blocks-gallery-item\"><figure><a href=\"http:\/\/joaquinfranco.com\/wp-content\/uploads\/2020\/06\/ALZADO-ESTE.jpg\"><img loading=\"lazy\" width=\"588\" height=\"326\" src=\"http:\/\/joaquinfranco.com\/wp-content\/uploads\/2020\/06\/ALZADO-ESTE.jpg\" alt=\"\" data-id=\"1722\" data-full-url=\"http:\/\/joaquinfranco.com\/wp-content\/uploads\/2020\/06\/ALZADO-ESTE.jpg\" data-link=\"http:\/\/joaquinfranco.com\/?attachment_id=1722\" class=\"wp-image-1722\" srcset=\"https:\/\/joaquinfranco.com\/wp-content\/uploads\/2020\/06\/ALZADO-ESTE.jpg 588w, https:\/\/joaquinfranco.com\/wp-content\/uploads\/2020\/06\/ALZADO-ESTE-300x166.jpg 300w, https:\/\/joaquinfranco.com\/wp-content\/uploads\/2020\/06\/ALZADO-ESTE-540x300.jpg 540w\" sizes=\"(max-width: 588px) 100vw, 588px\" \/><\/a><\/figure><\/li><li class=\"blocks-gallery-item\"><figure><a href=\"http:\/\/joaquinfranco.com\/wp-content\/uploads\/2020\/06\/ALZADO-NORTE.jpg\"><img loading=\"lazy\" width=\"430\" height=\"312\" src=\"http:\/\/joaquinfranco.com\/wp-content\/uploads\/2020\/06\/ALZADO-NORTE.jpg\" alt=\"\" data-id=\"1723\" data-full-url=\"http:\/\/joaquinfranco.com\/wp-content\/uploads\/2020\/06\/ALZADO-NORTE.jpg\" data-link=\"http:\/\/joaquinfranco.com\/?attachment_id=1723\" class=\"wp-image-1723\" srcset=\"https:\/\/joaquinfranco.com\/wp-content\/uploads\/2020\/06\/ALZADO-NORTE.jpg 430w, https:\/\/joaquinfranco.com\/wp-content\/uploads\/2020\/06\/ALZADO-NORTE-300x218.jpg 300w\" sizes=\"(max-width: 430px) 100vw, 430px\" \/><\/a><\/figure><\/li><li class=\"blocks-gallery-item\"><figure><a href=\"http:\/\/joaquinfranco.com\/wp-content\/uploads\/2020\/06\/ALZADO-OESTE.jpg\"><img loading=\"lazy\" width=\"619\" height=\"389\" src=\"http:\/\/joaquinfranco.com\/wp-content\/uploads\/2020\/06\/ALZADO-OESTE.jpg\" alt=\"\" data-id=\"1724\" data-full-url=\"http:\/\/joaquinfranco.com\/wp-content\/uploads\/2020\/06\/ALZADO-OESTE.jpg\" data-link=\"http:\/\/joaquinfranco.com\/?attachment_id=1724\" class=\"wp-image-1724\" srcset=\"https:\/\/joaquinfranco.com\/wp-content\/uploads\/2020\/06\/ALZADO-OESTE.jpg 619w, https:\/\/joaquinfranco.com\/wp-content\/uploads\/2020\/06\/ALZADO-OESTE-300x189.jpg 300w\" sizes=\"(max-width: 619px) 100vw, 619px\" \/><\/a><\/figure><\/li><li class=\"blocks-gallery-item\"><figure><a href=\"http:\/\/joaquinfranco.com\/wp-content\/uploads\/2020\/06\/ALZADO-SUR.jpg\"><img loading=\"lazy\" width=\"430\" height=\"312\" src=\"http:\/\/joaquinfranco.com\/wp-content\/uploads\/2020\/06\/ALZADO-SUR.jpg\" alt=\"\" data-id=\"1725\" data-full-url=\"http:\/\/joaquinfranco.com\/wp-content\/uploads\/2020\/06\/ALZADO-SUR.jpg\" data-link=\"http:\/\/joaquinfranco.com\/?attachment_id=1725\" class=\"wp-image-1725\" srcset=\"https:\/\/joaquinfranco.com\/wp-content\/uploads\/2020\/06\/ALZADO-SUR.jpg 430w, https:\/\/joaquinfranco.com\/wp-content\/uploads\/2020\/06\/ALZADO-SUR-300x218.jpg 300w\" sizes=\"(max-width: 430px) 100vw, 430px\" \/><\/a><\/figure><\/li><\/ul><\/figure>\n\n\n\n<div class=\"wp-block-file\"><a href=\"http:\/\/joaquinfranco.com\/wp-content\/uploads\/2020\/06\/PLANOS-VIVIENDA-PARBAYON.pdf\">PLANOS-VIVIENDA-PARBAYON<\/a><a href=\"http:\/\/joaquinfranco.com\/wp-content\/uploads\/2020\/06\/PLANOS-VIVIENDA-PARBAYON.pdf\" class=\"wp-block-file__button\" download>Descarga<\/a><\/div>\n","protected":false},"excerpt":{"rendered":"<p>Rehabilitaci\u00f3n de edificaci\u00f3n situada en el Barrio La Pasiega n\u00ba 6, Quijano- Pielagos Cantabria para Pedro Castro Sierra. SE REALIZA UN ESTUDIO DE DISTRIBUCI\u00d3N Y DISE\u00d1O DE ALZADOS DE FACHADAS JUNTO CON CIMENTACION Y ESTRUCTURA PARA SU EJECUCI\u00d3N<\/p>\n","protected":false},"author":1,"featured_media":0,"parent":0,"menu_order":0,"comment_status":"closed","ping_status":"closed","template":"","meta":[],"yoast_head":"<!-- This site is optimized with the Yoast SEO plugin v15.2.1 - https:\/\/yoast.com\/wordpress\/plugins\/seo\/ -->\n<title>REHABILITACION DE EDIFICACION PARA VIVIENDA EN PIELAGOS - INTERIORISMO JOAQUIN FRANCO<\/title>\n<meta name=\"robots\" content=\"index, follow, max-snippet:-1, max-image-preview:large, max-video-preview:-1\" \/>\n<link rel=\"canonical\" href=\"https:\/\/joaquinfranco.com\/index.php\/rehabilitacion-de-edificacion-para-vivienda-en-pielagos\/\" \/>\n<meta property=\"og:locale\" content=\"es_ES\" \/>\n<meta property=\"og:type\" content=\"article\" \/>\n<meta property=\"og:title\" content=\"REHABILITACION DE EDIFICACION PARA VIVIENDA EN PIELAGOS - INTERIORISMO JOAQUIN FRANCO\" \/>\n<meta property=\"og:description\" content=\"Rehabilitaci\u00f3n de edificaci\u00f3n situada en el Barrio La Pasiega n\u00ba 6, Quijano- Pielagos Cantabria para Pedro Castro Sierra. SE REALIZA UN ESTUDIO DE DISTRIBUCI\u00d3N Y DISE\u00d1O DE ALZADOS DE FACHADAS JUNTO CON CIMENTACION Y ESTRUCTURA PARA SU EJECUCI\u00d3N\" \/>\n<meta property=\"og:url\" content=\"https:\/\/joaquinfranco.com\/index.php\/rehabilitacion-de-edificacion-para-vivienda-en-pielagos\/\" \/>\n<meta property=\"og:site_name\" content=\"INTERIORISMO JOAQUIN FRANCO\" \/>\n<meta property=\"article:publisher\" content=\"https:\/\/www.facebook.com\/joaquin.francotrueba\" \/>\n<meta property=\"article:modified_time\" content=\"2020-06-21T10:44:51+00:00\" \/>\n<meta property=\"og:image\" content=\"http:\/\/joaquinfranco.com\/wp-content\/uploads\/2020\/06\/SILO.jpg\" \/>\n<meta name=\"twitter:card\" content=\"summary_large_image\" \/>\n<meta name=\"twitter:label1\" content=\"Escrito por\">\n\t<meta name=\"twitter:data1\" content=\"admin\">\n\t<meta name=\"twitter:label2\" content=\"Tiempo de lectura\">\n\t<meta name=\"twitter:data2\" content=\"0 minutos\">\n<script type=\"application\/ld+json\" class=\"yoast-schema-graph\">{\"@context\":\"https:\/\/schema.org\",\"@graph\":[{\"@type\":\"WebSite\",\"@id\":\"https:\/\/joaquinfranco.com\/#website\",\"url\":\"https:\/\/joaquinfranco.com\/\",\"name\":\"INTERIORISMO JOAQUIN FRANCO\",\"description\":\"Estudio de Decoraci\\u00f3n y Arquitectura Interior\",\"potentialAction\":[{\"@type\":\"SearchAction\",\"target\":\"https:\/\/joaquinfranco.com\/?s={search_term_string}\",\"query-input\":\"required name=search_term_string\"}],\"inLanguage\":\"es\"},{\"@type\":\"ImageObject\",\"@id\":\"https:\/\/joaquinfranco.com\/index.php\/rehabilitacion-de-edificacion-para-vivienda-en-pielagos\/#primaryimage\",\"inLanguage\":\"es\",\"url\":\"http:\/\/joaquinfranco.com\/wp-content\/uploads\/2020\/06\/SILO.jpg\"},{\"@type\":\"WebPage\",\"@id\":\"https:\/\/joaquinfranco.com\/index.php\/rehabilitacion-de-edificacion-para-vivienda-en-pielagos\/#webpage\",\"url\":\"https:\/\/joaquinfranco.com\/index.php\/rehabilitacion-de-edificacion-para-vivienda-en-pielagos\/\",\"name\":\"REHABILITACION DE EDIFICACION PARA VIVIENDA EN PIELAGOS - INTERIORISMO JOAQUIN FRANCO\",\"isPartOf\":{\"@id\":\"https:\/\/joaquinfranco.com\/#website\"},\"primaryImageOfPage\":{\"@id\":\"https:\/\/joaquinfranco.com\/index.php\/rehabilitacion-de-edificacion-para-vivienda-en-pielagos\/#primaryimage\"},\"datePublished\":\"2020-06-21T10:44:50+00:00\",\"dateModified\":\"2020-06-21T10:44:51+00:00\",\"inLanguage\":\"es\",\"potentialAction\":[{\"@type\":\"ReadAction\",\"target\":[\"https:\/\/joaquinfranco.com\/index.php\/rehabilitacion-de-edificacion-para-vivienda-en-pielagos\/\"]}]}]}<\/script>\n<!-- \/ Yoast SEO plugin. -->","_links":{"self":[{"href":"https:\/\/joaquinfranco.com\/index.php\/wp-json\/wp\/v2\/pages\/1721"}],"collection":[{"href":"https:\/\/joaquinfranco.com\/index.php\/wp-json\/wp\/v2\/pages"}],"about":[{"href":"https:\/\/joaquinfranco.com\/index.php\/wp-json\/wp\/v2\/types\/page"}],"author":[{"embeddable":true,"href":"https:\/\/joaquinfranco.com\/index.php\/wp-json\/wp\/v2\/users\/1"}],"replies":[{"embeddable":true,"href":"https:\/\/joaquinfranco.com\/index.php\/wp-json\/wp\/v2\/comments?post=1721"}],"version-history":[{"count":1,"href":"https:\/\/joaquinfranco.com\/index.php\/wp-json\/wp\/v2\/pages\/1721\/revisions"}],"predecessor-version":[{"id":1729,"href":"https:\/\/joaquinfranco.com\/index.php\/wp-json\/wp\/v2\/pages\/1721\/revisions\/1729"}],"wp:attachment":[{"href":"https:\/\/joaquinfranco.com\/index.php\/wp-json\/wp\/v2\/media?parent=1721"}],"curies":[{"name":"wp","href":"https:\/\/api.w.org\/{rel}","templated":true}]}}