{"id":1617,"date":"2020-05-24T15:39:41","date_gmt":"2020-05-24T15:39:41","guid":{"rendered":"http:\/\/joaquinfranco.com\/?page_id=1617"},"modified":"2020-05-24T15:39:41","modified_gmt":"2020-05-24T15:39:41","slug":"datos-informativos","status":"publish","type":"page","link":"https:\/\/joaquinfranco.com\/index.php\/datos-informativos\/","title":{"rendered":"DATOS INFORMATIVOS"},"content":{"rendered":"\n<p><strong>INFORMACI\u00d3N LEGAL<\/strong><\/p>\n\n\n\n<p><strong>POLITICA DE PRIVACIDAD<\/strong><\/p>\n\n\n\n<p><strong>DATOS INFORMATIVOS<\/strong><\/p>\n\n\n\n<p class=\"has-small-font-size\">La presente p\u00e1gina web, con direcci\u00f3n URL https:\/\/www.joaquinfranco.com.\/ (\u201cSitio Web\u201d) pertenece a Jose Joaqu\u00edn Franco Trueba, (\u201cProfesional\u201d), con NIF 20.194.122F, cuyo domicilio se encuentra en <a>Avenida San Miguel , Urbanizaci\u00f3n La proa, Local 13, San Miguel de Meruelo 39192<\/a>. Puede obtener m\u00e1s informaci\u00f3n del Profesional a trav\u00e9s de cualquiera de los siguientes medios:<\/p>\n\n\n\n<ul><li>Por correo postal a la siguiente direcci\u00f3n: Avenida San Miguel , Urbanizaci\u00f3n La proa, Local 13, San Miguel de Meruelo 39192<\/li><li>Por tel\u00e9fono: 669 45 30 95<\/li><li>Remitiendo un mensaje de correo electr\u00f3nico a trav\u00e9s del formulario de contacto de la web.<\/li><\/ul>\n\n\n\n<p><strong>CONDICIONES DE USO.<\/strong><\/p>\n\n\n\n<p>1.- Objeto y aceptaci\u00f3n.<\/p>\n\n\n\n<p class=\"has-small-font-size\">Las presentes condiciones de uso (\u201cCondiciones\u201d) regulan el acceso y utilizaci\u00f3n de los servicios de la sociedad de la informaci\u00f3n que el Profesional pone a disposici\u00f3n de los usuarios (\u201cUsuario\u201d o \u201cUsuarios\u201d) de la red Internet a trav\u00e9s del Sitio Web, as\u00ed como, en general, la relaci\u00f3n entre los Usuarios y el Sitio Web.<\/p>\n\n\n\n<p class=\"has-small-font-size\">A los efectos del cumplimiento de la Ley 34\/2002, de 11 de julio, de servicios de la sociedad de la informaci\u00f3n y de comercio electr\u00f3nico (\u201cLSSI\u201d), se informa que la finalidad del Sitio Web es publicitaria e informativa, y, asimismo, se ofrece la posibilidad de contactar o solicitar informaci\u00f3n mas detallada de los servicios del Profesional.<\/p>\n\n\n\n<p class=\"has-small-font-size\">El acceso por los Usuarios al Sitio Web implica su adhesi\u00f3n como Usuarios a las Condiciones publicadas en cada momento en el Sitio Web y que estar\u00e1n disponibles para los Usuarios. En consecuencia, debe leer atentamente estas Condiciones.<\/p>\n\n\n\n<p>2.- Sitio Web. Posibilidades.<\/p>\n\n\n\n<p class=\"has-small-font-size\">El Sitio Web es fruto de la informaci\u00f3n de cualquier tipo relacionada con las actividades del Profesional (informaci\u00f3n creada por el Profesional o creada por terceros), que habilita a un uso personal y no comercial de la propia informaci\u00f3n por parte de los Usuarios. El mero acceso al Sitio Web no implica el establecimiento de ning\u00fan tipo de relaci\u00f3n comercial entre el Profesional y el Usuario.<\/p>\n\n\n\n<p class=\"has-small-font-size\">El acceso al Sitio Web es gratuito, salvo en lo relativo al coste de conexi\u00f3n a trav\u00e9s de la red de telecomunicaciones suministrada por el proveedor de acceso que hubiere contratado el Usuario.<\/p>\n\n\n\n<p class=\"has-small-font-size\">Se informa a los Usuarios que las comunicaciones a trav\u00e9s de redes abiertas est\u00e1n expuestas a amenazas que hacen que no sean seguras. El Sitio Web adopta todas las medidas de seguridad adecuadas para un correcto funcionamiento del mismo. No obstante, el Usuario debe adoptar todas las medidas t\u00e9cnicas que le correspondan para controlar razonablemente estas amenazas (tener sistemas actualizados de detecci\u00f3n de software malicioso, tales como virus, troyanos, etc., tener actualizados los parches de seguridad de los correspondientes navegadores), siendo el Usuario el \u00fanico y exclusivo responsable del uso por su parte del Sitio Web y de los servicios y, consciente de ello, acepta voluntariamente tal responsabilidad.<\/p>\n\n\n\n<p class=\"has-small-font-size\">En relaci\u00f3n con la navegaci\u00f3n en el Sitio Web por menores, a salvo de lo indicado en los p\u00e1rrafos anteriores, los Usuarios quedan advertidos que el Profesional no puede controlar, aparte de otras circunstancias, que menores de edad hagan uso del Sitio Web y de sus servicios. Por ello, adem\u00e1s de no admitir el Profesional responsabilidad alguna al respecto, se comunica que ser\u00e1n los padres y tutores los \u00fanicos responsables de controlar y asistir a los menores en la navegaci\u00f3n por este Sitio Web y habilitar cualesquiera otros mecanismos necesarios que, en su caso, impidan el acceso por parte de los menores al Sitio Web y\/o sus servicios, no admitiendo el Profesional ninguna reclamaci\u00f3n al respecto.<\/p>\n\n\n\n<p class=\"has-small-font-size\">El Usuario se compromete a no usar el Sitio Web con fines fraudulentos, as\u00ed como a no llevar a cabo conducta alguna que pudiera da\u00f1ar la imagen, los intereses y los derechos del Profesional o de terceros. Asimismo, el Usuario se compromete a no realizar acto alguno con objeto de da\u00f1ar, inutilizar o sobrecargar el Sitio Web, o que impidiera, de cualquier forma, la normal utilizaci\u00f3n y funcionamiento del mismo.<\/p>\n\n\n\n<p class=\"has-small-font-size\">Se informa al Usuario de que en el caso de que incumpla el contenido de estas Condiciones, de la Pol\u00edtica de Privacidad o de cualesquiera otros t\u00e9rminos o condiciones particulares recogidos en el Sitio Web, el Profesional se reserva el derecho a limitar, suspender o terminar su acceso al Sitio Web, adoptando cualquier medida t\u00e9cnica que sea necesaria con ese fin.<\/p>\n\n\n\n<p class=\"has-small-font-size\">Finalmente, ponemos en conocimiento del Usuario que el Profesional se reserva la facultad de, en todo momento, decidir sobre la continuidad de los servicios de la sociedad de la informaci\u00f3n que presta a trav\u00e9s del Sitio Web.<\/p>\n\n\n\n<p><br>3.- Protecci\u00f3n de datos de car\u00e1cter personal y pol\u00edtica de cookies.<\/p>\n\n\n\n<p class=\"has-small-font-size\">Los aspectos relativos al tratamiento de los datos personales de los Usuarios con motivo del uso del Sitio Web se regulan en los textos de Pol\u00edtica de Privacidad adjuntos a los diversos formularios de recogida de datos que puedan incluirse en el Sitio Web.<\/p>\n\n\n\n<p class=\"has-small-font-size\">Al igual que otros portales de Internet, el Sitio Web utiliza una tecnolog\u00eda denominada \u201ccookies\u00bb para recabar informaci\u00f3n sobre la forma de utilizaci\u00f3n del Sitio Web. Para informaci\u00f3n detallada, consulta el texto Pol\u00edtica de Cookies.<br><br>4.- Propiedad Intelectual e Industrial.<\/p>\n\n\n\n<p class=\"has-small-font-size\">Los derechos de propiedad intelectual sobre la disposici\u00f3n de los contenidos del Sitio Web, su dise\u00f1o gr\u00e1fico, los programas de ordenador subyacentes (incluidos los c\u00f3digos fuente), y los distintos elementos que integran el Sitio Web corresponden al Profesional o a sus licenciantes, seg\u00fan el caso. Con respecto a los signos distintivos incluidos en el Sitio Web (marcas y nombres comerciales) los mismos son propiedad del Profesional, o de sus licenciantes. El uso del Sitio Web por el Usuario no supone la cesi\u00f3n de derecho alguno de propiedad intelectual y\/o industrial sobre el Sitio Web, la Propiedad Intelectual e Industrial y\/o los signos distintivos del Profesional o de terceros presentes en el Sitio Web. Salvo en aquellos supuestos en los que est\u00e9 legalmente permitido o medie previa autorizaci\u00f3n del Profesional, queda expresamente prohibido al Usuario la reproducci\u00f3n, transformaci\u00f3n, distribuci\u00f3n, comunicaci\u00f3n p\u00fablica, puesta a disposici\u00f3n, extracci\u00f3n y\/o reutilizaci\u00f3n del Sitio Web, su Propiedad Intelectual e Industrial y\/o los signos distintivos del Profesional o de sus licenciantes. En particular, el Profesional se opone de manera expresa a que la reproducci\u00f3n de sus contenidos o los de sus licenciantes pueda ser considerada una cita en los t\u00e9rminos previstos en la Ley de Propiedad Intelectual.<\/p>\n\n\n\n<p class=\"has-small-font-size\">Tras la publicaci\u00f3n de otros contenidos, los titulares de derechos sobre los mismos seguir\u00e1n disponiendo de cualesquiera derechos que les correspondieran, sujeto a la licencia limitada prevista en las presentes Condiciones.<br><br>5.- Pol\u00edtica de enlaces.<\/p>\n\n\n\n<p class=\"has-small-font-size\">Queda prohibido el establecimiento de enlaces con destino al Sitio Web, a menos que el mismo haya sido autorizado por el Profesional de forma previa, expresa y por escrito.<\/p>\n\n\n\n<p class=\"has-small-font-size\">Para establecer cualquier otro tipo de enlace, el interesado deber\u00e1 contar con la autorizaci\u00f3n por escrito de los administradores del Sitio Web.<br>Queda prohibido terminantemente, independientemente del tipo de enlace que se haga al Sitio Web, establecer marcos, frames o cualquier otro mecanismo que permita la visualizaci\u00f3n de los contenidos a trav\u00e9s de otro sitio distinto al Sitio Web.<br><br>6.- Comunicaci\u00f3n de actividades de car\u00e1cter il\u00edcito e inadecuado.<\/p>\n\n\n\n<p class=\"has-small-font-size\">En el caso de que el Usuario o cualquier otro usuario de Internet tuvieran conocimiento de que cualquier clase de informaci\u00f3n o contenido del Sitio Web o facilitado a trav\u00e9s del mismo es il\u00edcita, lesiva de derechos de terceros, contraria a lo establecido en las presentes Condiciones o, de cualquier otro modo, nociva o contrarias a la moral, usos y costumbres, puede ponerse en contacto con el Profesional a trav\u00e9s del contacto recogido en el Aviso Legal, indicando:<\/p>\n\n\n\n<ul><li>datos de identificaci\u00f3n y datos de contacto;<\/li><li>descripci\u00f3n de las motivos por los que consideras il\u00edcito o inadecuado el contenido o informaci\u00f3n as\u00ed como la direcci\u00f3n concreta en la que se encuentra disponible;<\/li><li>en el supuesto de violaci\u00f3n de derechos de terceros, facilita los datos del titular del derecho infringido cuando sea persona distinta del comunicante. Asimismo deber\u00e1 aportar el t\u00edtulo que acredite la titularidad de los derechos conculcados y, en su caso, la representaci\u00f3n para actuar por cuenta del titular cuando sea persona distinta del comunicante.<\/li><\/ul>\n\n\n\n<p class=\"has-small-font-size\">La recepci\u00f3n por parte del Profesional de la comunicaci\u00f3n prevista en esta cl\u00e1usula no supondr\u00e1, el conocimiento efectivo de las actividades y\/o contenidos indicados por el comunicante, cuando ello no resulte notorio o evidente. En todo caso, el Profesional se reserva el derecho de suspender o retirar los contenidos que, aun no siendo il\u00edcitos, resulten contrarios a las normas establecidas en las presentes Condiciones, sopesando en cada caso los bienes jur\u00eddicos en conflicto.<br><br>7.- Responsabilidades.<\/p>\n\n\n\n<p>Dadas las especialidades de Internet, el Profesional no se hace responsable de:<\/p>\n\n\n\n<ul><li>La falta de disponibilidad y continuidad por el funcionamiento, utilidad y fiabilidad de los servicios y del Sitio Web, ni siquiera de los servicios onerosos o no gratuitos para los Usuarios derivada de un acto fortuito, fuerza mayor o no resulte imputable directamente al Profesional.<\/li><li>La alteraci\u00f3n de la privacidad y seguridad en la utilizaci\u00f3n y contenidos del Sitio Web y de los servicios por terceros ajenos a los mismos de acuerdo con el r\u00e9gimen legal vigente.<\/li><li>La presencia de virus o a la presencia de otros elementos falsos en los servicios ofrecidos por terceros a trav\u00e9s del Sitio Web que puedan producir alteraciones en el sistema inform\u00e1tico, documentos electr\u00f3nicos o ficheros de los usuarios.<\/li><li>La falta de veracidad, exactitud, exclusividad, actualidad de los contenidos ofrecidos a trav\u00e9s del Sitio Web, ya se trate de contenidos ofrecidos por el propio Profesional u ofrecidos por terceros, salvo que el Profesional tenga \u201cconocimiento efectivo\u201d de la comisi\u00f3n de un hecho il\u00edcito o de la lesi\u00f3n de bienes o derechos de un tercero La falta de disponibilidad y continuidad por el funcionamiento, utilidad y fiabilidad de los servicios ofrecidos a trav\u00e9s del Sitio Web derivada de un acto fortuito, fuerza mayor o no resulte imputable directamente al Profesional.<\/li><\/ul>\n\n\n\n<p class=\"has-small-font-size\">Los contenidos del Sitio Web son de car\u00e1cter general y no constituyen, de ninguna manera, la prestaci\u00f3n de un servicio pretendido por el Usuario, por lo que la informaci\u00f3n contenido no es suficiente para la toma de cualquier decisi\u00f3n personal o empresarial por parte del Usuario.<br>El Profesional no se responsabiliza de los da\u00f1os y perjuicios causados a los Usuarios como consecuencia de los riesgos inherentes al medio empleado, ni de los ocasionados por las vulnerabilidades en sus sistemas y herramientas que se deriven de un acto fortuito, fuerza mayor o no resulte imputable directamente al Profesional.<br>El Profesional no garantiza la total seguridad de los sistemas y aunque se tienen adoptadas medidas de seguridad adecuadas, no puede descartarse totalmente la existencia de vulnerabilidades por causa de fuerza mayor o un hecho fortuito y, en consecuencia, los Usuarios deben ser precavidos en la interactuaci\u00f3n con el Sitio Web.<br><br>8.- Varios.<\/p>\n\n\n\n<p>Las presentes Condiciones podr\u00e1n sufrir cualquier cambio, que se comunicar\u00e1n mediante su publicaci\u00f3n en el Sitio Web.&nbsp;<\/p>\n\n\n\n<p class=\"has-small-font-size\">En caso de que el Profesional no ejercite cualquier derecho o acci\u00f3n legal contemplado en las Condiciones (o que le corresponda en virtud de la legislaci\u00f3n aplicable), ello no constituir\u00e1 una renuncia formal a sus derechos.<br>Las relaciones establecidas entre el Profesional y los Usuarios como consecuencia de la utilizaci\u00f3n a los servicios que os prestamos a trav\u00e9s del Sitio Web, se regir\u00e1n por lo dispuesto en la normativa espa\u00f1ola vigente en relaci\u00f3n con la legislaci\u00f3n aplicable y la jurisdicci\u00f3n competente. No obstante, para los supuestos en los que la normativa vigente prevea que las partes pueden someterse a fuero determinado, el Profesional y los Usuarios, con renuncia expresa a cualquier otro fuero que pudiera corresponderles, se somete a la jurisdicci\u00f3n de los Juzgados y Tribunales de la comarca competente.<\/p>\n\n\n\n<p><strong>POL\u00cdTICA PRIVACIDAD<\/strong><\/p>\n\n\n\n<p>1. Identificaci\u00f3n y datos de contacto del Responsable del tratamiento.<\/p>\n\n\n\n<p>D. Jose Joaqu\u00edn Franco Trueba, decorador aut\u00f3nomo la Avda. San Miguel Urbanizaci\u00f3n La Proa, bajo n\u00ba 13 &nbsp;Santander 39009, con CIF\/NIF 20.194.122F, y tel\u00e9fono 669 45 30 95 es el responsable del tratamiento de los datos de car\u00e1cter personal que se traten a trav\u00e9s de esta p\u00e1gina web. En la presente cl\u00e1usula se facilita la informaci\u00f3n sobre el uso que realizar\u00e1&nbsp; de tus datos personales.<\/p>\n\n\n\n<p>Asimismo, la presente Pol\u00edtica de Privacidad tiene por objeto facilitar informaci\u00f3n sobre los derechos que asisten al usuario de la p\u00e1gina web&nbsp; en virtud del Reglamento General de Protecci\u00f3n de Datos (\u201cRGPD\u201d). Si tienes cualquier duda relativa al tratamiento de tus datos personales, contacta con Jose Joaqu\u00edn Franco Trueba a trav\u00e9s del formulario de contacto de nuestra web.<\/p>\n\n\n\n<p>Asimismo, te informamos que la Web cuenta con un Delegado de Protecci\u00f3n de Datos, con qui\u00e9n te podr\u00e1s poner en contacto a trav\u00e9s del formulario de contacto de nuestra web.<\/p>\n\n\n\n<p>2. Informaci\u00f3n general: descripci\u00f3n de la informaci\u00f3n contenida en la pol\u00edtica de privacidad.<\/p>\n\n\n\n<p>En la presente pol\u00edtica de privacidad encontrar\u00e1s una tabla identificando los tratamientos realizados por el Decorador.<\/p>\n\n\n\n<p>En dicha tabla informativa se te informar\u00e1 sobre:<\/p>\n\n\n\n<p>Las finalidades del tratamiento de tus datos personales, esto es, el motivo por el cual el aut\u00f3nomo trata tus datos personales.<\/p>\n\n\n\n<p>Las bases legales que permiten el tratamiento de datos por parte del aut\u00f3nomo para la finalidad indicada.<\/p>\n\n\n\n<p>La posible cesi\u00f3n o comunicaci\u00f3n de tus datos a terceros, as\u00ed como la causa de dicha comunicaci\u00f3n. Te informamos de que puedes solicitar mayor detalle de informaci\u00f3n respecto de los destinatarios de tus datos enviando un correo electr\u00f3nico a trav\u00e9s del formulario de contacto de nuestra web.<\/p>\n\n\n\n<p>La existencia de potenciales transferencias internacionales de datos.<\/p>\n\n\n\n<p>El plazo de conservaci\u00f3n de los datos que nos facilites. A estos efectos te informamos que conservamos tus datos personales durante 1 a\u00f1o. Asimismo, te informamos que posteriormente tus datos permanecer\u00e1n bloqueados para la atenci\u00f3n de reclamaciones judiciales, administrativas o fiscales, por los plazos que legalmente determine cada normativa que resulte de aplicaci\u00f3n.<\/p>\n\n\n\n<p>3. Informaci\u00f3n necesaria y actualizada.<\/p>\n\n\n\n<p>Todos los campos que aparezcan se\u00f1alados con un asterisco (*) en los formularios que se te faciliten ser\u00e1n de obligada cumplimentaci\u00f3n , de tal modo que la omisi\u00f3n de alguno de ellos podr\u00eda comportar la imposibilidad de enviarnos tu contacto para que se te puedan facilitar los servicios solicitados. Deber\u00e1s proporcionar informaci\u00f3n ver\u00eddica, quedando prohibido el uso de alias o medios para ocultar tu identidad.<\/p>\n\n\n\n<p>No podr\u00e1s, a la hora de facilitar cualesquiera datos que se te puedan pedir en el formulario de contacto existente, elegir expresiones o conjuntos gr\u00e1fico-denominativos malsonantes, injuriosos, coincidentes con marcas, nombres comerciales, r\u00f3tulos de establecimientos, denominaciones sociales, expresiones publicitarias, nombres o pseud\u00f3nimos de personajes de relevancia p\u00fablica o famosos para cuya utilizaci\u00f3n no est\u00e9s autorizado, y, en general, contrarios a la ley o a las exigencias de la moral y las buenas costumbres generalmente aceptadas.<\/p>\n\n\n\n<p>Para que la informaci\u00f3n facilitada est\u00e9 siempre actualizada y no contenga errores, deber\u00e1s comunicar a la Sociedad, a la mayor brevedad posible, las modificaciones y rectificaciones de tus datos de car\u00e1cter personal que se vayan produciendo del a trav\u00e9s del formulario de contacto de nuestra web.<\/p>\n\n\n\n<p>Asimismo, al hacer \u201cclick\u201d en el bot\u00f3n \u201cAcepto\u201d (o equivalente) incorporado en los citados formularios de contacto, declaras que la informaci\u00f3n y los datos que en ellos has facilitado son exactos y veraces.<\/p>\n\n\n\n<p>4. Ejercicio de tus derechos<\/p>\n\n\n\n<p>Te informamos de que podr\u00e1s ejercer los siguientes derechos:<\/p>\n\n\n\n<p>Derecho de acceso a tus datos personales para saber cu\u00e1les est\u00e1n siendo objeto de tratamiento y las operaciones de tratamiento llevadas a cabo con ellos;<\/p>\n\n\n\n<p>derecho de rectificaci\u00f3n de cualquier dato personal inexacto;<\/p>\n\n\n\n<p>derecho de supresi\u00f3n de sus datos personales, cuando esto sea posible;<\/p>\n\n\n\n<p>derecho a solicitar la limitaci\u00f3n del tratamiento de tus datos personales cuando la exactitud, la legalidad o la necesidad del tratamiento de los datos resulte dudosa, en cuyo caso, podremos conservar los datos bloqueados para el ejercicio o la defensa de reclamaciones.<\/p>\n\n\n\n<p>derecho de oposici\u00f3n al tratamiento de tus datos personales, cuando la base legal que nos habilite para su tratamiento de las indicadas en la tabla incluida en el apartado 5 sea el inter\u00e9s leg\u00edtimo. La Sociedad dejar\u00e1 de tratar tus datos salvo que tenga un inter\u00e9s leg\u00edtimo imperioso o para la formulaci\u00f3n, ejercicio o defensa de reclamaciones.<\/p>\n\n\n\n<p>Podr\u00e1s ejercitar tus derechos en cualquier momento y de forma gratuita dirigiendo un correo electr\u00f3nico a trav\u00e9s del formulario de contacto de nuestra web indicando el derecho que deseas ejercitar y tus datos identificativos.<\/p>\n\n\n\n<p>Por otra parte te informamos que tienes derecho a presentar una reclamaci\u00f3n ante la Agencia Espa\u00f1ola de Protecci\u00f3n de Datos si consideras que se ha cometido una infracci\u00f3n de la legislaci\u00f3n en materia de protecci\u00f3n de datos respecto al tratamiento de tus datos personales.<\/p>\n\n\n\n<p>6. Seguridad<\/p>\n\n\n\n<p>la Sociedad ha implementado y mantiene los niveles de seguridad exigidos por el RGPD para proteger los datos de car\u00e1cter personal de los interesados frente a p\u00e9rdidas fortuitas y a accesos, tratamientos o revelaciones no autorizados, habida cuenta del estado de la tecnolog\u00eda, la naturaleza de los datos almacenados y los riesgos a que est\u00e1n expuestos. No obstante, la transmisi\u00f3n de informaci\u00f3n a trav\u00e9s de Internet no es totalmente segura; por ello, y a pesar de que la Sociedad realiza sus mejores esfuerzos para proteger los datos de los interesados, no puede garantizar la seguridad de los mismos durante el tr\u00e1nsito hasta el Sitio Web. Por tanto, toda la informaci\u00f3n que facilites, se enviar\u00e1 por tu cuenta y riesgo. Una vez recibidos tus datos, el aut\u00f3nomo utilizar\u00e1 rigurosos procedimientos y funciones de seguridad para impedir cualquier acceso no autorizado.<\/p>\n\n\n\n<p>7. Confidencialidad<\/p>\n\n\n\n<p>Los datos personales que podamos recabar a trav\u00e9s del Sitio Web o por medio de las distintas comunicaciones que mantengamos contigo ser\u00e1n tratados con confidencialidad, comprometi\u00e9ndonos a guardar secreto respecto de los mismos de acuerdo con lo establecido en la legislaci\u00f3n aplicable.<\/p>\n\n\n\n<p>8. Menores<\/p>\n\n\n\n<p>Los menores de 18 a\u00f1os de edad no podr\u00e1n usar los servicios disponibles a trav\u00e9s del Sitio Web. En este sentido, y en la medida en que el autonomo no tiene capacidad para controlar si los interesados son o no menores de edad, se advierte de que deber\u00e1n ser los padres y tutores quienes habiliten los mecanismos necesarios para evitar que los menores accedan al Sitio Web y\/o faciliten datos de car\u00e1cter personal sin su supervisi\u00f3n, no admitiendo la web responsabilidad alguna al respecto.<\/p>\n\n\n\n<p>9 Actualizaci\u00f3n de la pol\u00edtica de privacidad<\/p>\n\n\n\n<p>Es posible que se deba actualizar esta Pol\u00edtica de Privacidad; por ello es necesario que revises esta pol\u00edtica peri\u00f3dicamente y si es posible cada vez que accedas al Sitio Web con el objetivo de estar adecuadamente informado sobre el tipo de informaci\u00f3n recopilada y su tratamiento. Puedes encontrar la Pol\u00edtica de Privacidad al pie del Sitio Web. No obstante lo anterior, te comunicaremos cualquier modificaci\u00f3n de la presente pol\u00edtica de privacidad que afecte al tratamiento de tus datos personales.<\/p>\n\n\n\n<p><\/p>\n","protected":false},"excerpt":{"rendered":"<p>INFORMACI\u00d3N LEGAL POLITICA DE PRIVACIDAD DATOS INFORMATIVOS La presente p\u00e1gina web, con direcci\u00f3n URL https:\/\/www.joaquinfranco.com.\/ (\u201cSitio Web\u201d) pertenece a Jose Joaqu\u00edn Franco Trueba, (\u201cProfesional\u201d), con NIF 20.194.122F, cuyo domicilio se encuentra en Avenida San Miguel , Urbanizaci\u00f3n La proa, Local 13, San Miguel de Meruelo 39192. Puede obtener m\u00e1s informaci\u00f3n&#8230;<\/p>\n","protected":false},"author":1,"featured_media":0,"parent":0,"menu_order":0,"comment_status":"closed","ping_status":"closed","template":"","meta":[],"yoast_head":"<!-- This site is optimized with the Yoast SEO plugin v15.2.1 - https:\/\/yoast.com\/wordpress\/plugins\/seo\/ -->\n<title>DATOS INFORMATIVOS - INTERIORISMO JOAQUIN FRANCO<\/title>\n<meta name=\"robots\" content=\"index, follow, max-snippet:-1, max-image-preview:large, max-video-preview:-1\" \/>\n<link rel=\"canonical\" href=\"https:\/\/joaquinfranco.com\/index.php\/datos-informativos\/\" \/>\n<meta property=\"og:locale\" content=\"es_ES\" \/>\n<meta property=\"og:type\" content=\"article\" \/>\n<meta property=\"og:title\" content=\"DATOS INFORMATIVOS - INTERIORISMO JOAQUIN FRANCO\" \/>\n<meta property=\"og:description\" content=\"INFORMACI\u00d3N LEGAL POLITICA DE PRIVACIDAD DATOS INFORMATIVOS La presente p\u00e1gina web, con direcci\u00f3n URL https:\/\/www.joaquinfranco.com.\/ (\u201cSitio Web\u201d) pertenece a Jose Joaqu\u00edn Franco Trueba, (\u201cProfesional\u201d), con NIF 20.194.122F, cuyo domicilio se encuentra en Avenida San Miguel , Urbanizaci\u00f3n La proa, Local 13, San Miguel de Meruelo 39192. Puede obtener m\u00e1s informaci\u00f3n...\" \/>\n<meta property=\"og:url\" content=\"https:\/\/joaquinfranco.com\/index.php\/datos-informativos\/\" \/>\n<meta property=\"og:site_name\" content=\"INTERIORISMO JOAQUIN FRANCO\" \/>\n<meta property=\"article:publisher\" content=\"https:\/\/www.facebook.com\/joaquin.francotrueba\" \/>\n<meta name=\"twitter:card\" content=\"summary_large_image\" \/>\n<meta name=\"twitter:label1\" content=\"Escrito por\">\n\t<meta name=\"twitter:data1\" content=\"admin\">\n\t<meta name=\"twitter:label2\" content=\"Tiempo de lectura\">\n\t<meta name=\"twitter:data2\" content=\"13 minutos\">\n<script type=\"application\/ld+json\" class=\"yoast-schema-graph\">{\"@context\":\"https:\/\/schema.org\",\"@graph\":[{\"@type\":\"WebSite\",\"@id\":\"https:\/\/joaquinfranco.com\/#website\",\"url\":\"https:\/\/joaquinfranco.com\/\",\"name\":\"INTERIORISMO JOAQUIN FRANCO\",\"description\":\"Estudio de Decoraci\\u00f3n y Arquitectura Interior\",\"potentialAction\":[{\"@type\":\"SearchAction\",\"target\":\"https:\/\/joaquinfranco.com\/?s={search_term_string}\",\"query-input\":\"required name=search_term_string\"}],\"inLanguage\":\"es\"},{\"@type\":\"WebPage\",\"@id\":\"https:\/\/joaquinfranco.com\/index.php\/datos-informativos\/#webpage\",\"url\":\"https:\/\/joaquinfranco.com\/index.php\/datos-informativos\/\",\"name\":\"DATOS INFORMATIVOS - INTERIORISMO JOAQUIN FRANCO\",\"isPartOf\":{\"@id\":\"https:\/\/joaquinfranco.com\/#website\"},\"datePublished\":\"2020-05-24T15:39:41+00:00\",\"dateModified\":\"2020-05-24T15:39:41+00:00\",\"inLanguage\":\"es\",\"potentialAction\":[{\"@type\":\"ReadAction\",\"target\":[\"https:\/\/joaquinfranco.com\/index.php\/datos-informativos\/\"]}]}]}<\/script>\n<!-- \/ Yoast SEO plugin. -->","_links":{"self":[{"href":"https:\/\/joaquinfranco.com\/index.php\/wp-json\/wp\/v2\/pages\/1617"}],"collection":[{"href":"https:\/\/joaquinfranco.com\/index.php\/wp-json\/wp\/v2\/pages"}],"about":[{"href":"https:\/\/joaquinfranco.com\/index.php\/wp-json\/wp\/v2\/types\/page"}],"author":[{"embeddable":true,"href":"https:\/\/joaquinfranco.com\/index.php\/wp-json\/wp\/v2\/users\/1"}],"replies":[{"embeddable":true,"href":"https:\/\/joaquinfranco.com\/index.php\/wp-json\/wp\/v2\/comments?post=1617"}],"version-history":[{"count":1,"href":"https:\/\/joaquinfranco.com\/index.php\/wp-json\/wp\/v2\/pages\/1617\/revisions"}],"predecessor-version":[{"id":1619,"href":"https:\/\/joaquinfranco.com\/index.php\/wp-json\/wp\/v2\/pages\/1617\/revisions\/1619"}],"wp:attachment":[{"href":"https:\/\/joaquinfranco.com\/index.php\/wp-json\/wp\/v2\/media?parent=1617"}],"curies":[{"name":"wp","href":"https:\/\/api.w.org\/{rel}","templated":true}]}}