{"id":1602,"date":"2020-05-24T14:38:54","date_gmt":"2020-05-24T14:38:54","guid":{"rendered":"http:\/\/joaquinfranco.com\/?page_id=1602"},"modified":"2020-05-24T14:49:28","modified_gmt":"2020-05-24T14:49:28","slug":"la-ejecucion-coordinacion-y-direccion-de-obra","status":"publish","type":"page","link":"https:\/\/joaquinfranco.com\/index.php\/la-ejecucion-coordinacion-y-direccion-de-obra\/","title":{"rendered":"La ejecuci\u00f3n, coordinaci\u00f3n y direcci\u00f3n de obra."},"content":{"rendered":"\n<p class=\"has-background has-drop-cap has-very-light-gray-background-color\">La fase de ejecuci\u00f3n de obra se trata de llevar acabo la representaci\u00f3n graficas de los dise\u00f1os, estudios o proyectos a la realidad f\u00edsica.<\/p>\n\n\n\n<p class=\"has-background has-very-light-gray-background-color\">Para ello es necesario gestionar todos los gremios proveedores e intervinientes en la obra bajo unas directrices mediante la coordinaci\u00f3n y direcci\u00f3n de la ejecuci\u00f3n de la obra.<\/p>\n\n\n\n<p class=\"has-background has-very-light-gray-background-color\">La <strong>Coordinaci\u00f3n<\/strong> <strong>de<\/strong> <strong>obra<\/strong> debe contar con la experiencia en todos los criterios que involucran un proyecto  tanto en la programaci\u00f3n de <strong>obra<\/strong> como en la construcci\u00f3n, seguimiento f\u00edsico financiero y gestor\u00eda de los gremios y calidades del proyecto. Esto significa estar a pie de obra con un seguimiento diario y tener una constante evoluci\u00f3n de la misma para evitar malas acciones y evitar al cliente problems futuros.<\/p>\n","protected":false},"excerpt":{"rendered":"<p>La fase de ejecuci\u00f3n de obra se trata de llevar acabo la representaci\u00f3n graficas de los dise\u00f1os, estudios o proyectos a la realidad f\u00edsica. Para ello es necesario gestionar todos los gremios proveedores e intervinientes en la obra bajo unas directrices mediante la coordinaci\u00f3n y direcci\u00f3n de la ejecuci\u00f3n de&#8230;<\/p>\n","protected":false},"author":1,"featured_media":0,"parent":0,"menu_order":0,"comment_status":"closed","ping_status":"closed","template":"","meta":[],"yoast_head":"<!-- This site is optimized with the Yoast SEO plugin v15.2.1 - https:\/\/yoast.com\/wordpress\/plugins\/seo\/ -->\n<title>La ejecuci\u00f3n, coordinaci\u00f3n y direcci\u00f3n de obra. - INTERIORISMO JOAQUIN FRANCO<\/title>\n<meta name=\"robots\" content=\"index, follow, max-snippet:-1, max-image-preview:large, max-video-preview:-1\" \/>\n<link rel=\"canonical\" href=\"https:\/\/joaquinfranco.com\/index.php\/la-ejecucion-coordinacion-y-direccion-de-obra\/\" \/>\n<meta property=\"og:locale\" content=\"es_ES\" \/>\n<meta property=\"og:type\" content=\"article\" \/>\n<meta property=\"og:title\" content=\"La ejecuci\u00f3n, coordinaci\u00f3n y direcci\u00f3n de obra. - INTERIORISMO JOAQUIN FRANCO\" \/>\n<meta property=\"og:description\" content=\"La fase de ejecuci\u00f3n de obra se trata de llevar acabo la representaci\u00f3n graficas de los dise\u00f1os, estudios o proyectos a la realidad f\u00edsica. Para ello es necesario gestionar todos los gremios proveedores e intervinientes en la obra bajo unas directrices mediante la coordinaci\u00f3n y direcci\u00f3n de la ejecuci\u00f3n de...\" \/>\n<meta property=\"og:url\" content=\"https:\/\/joaquinfranco.com\/index.php\/la-ejecucion-coordinacion-y-direccion-de-obra\/\" \/>\n<meta property=\"og:site_name\" content=\"INTERIORISMO JOAQUIN FRANCO\" \/>\n<meta property=\"article:publisher\" content=\"https:\/\/www.facebook.com\/joaquin.francotrueba\" \/>\n<meta property=\"article:modified_time\" content=\"2020-05-24T14:49:28+00:00\" \/>\n<meta name=\"twitter:card\" content=\"summary_large_image\" \/>\n<meta name=\"twitter:label1\" content=\"Escrito por\">\n\t<meta name=\"twitter:data1\" content=\"admin\">\n\t<meta name=\"twitter:label2\" content=\"Tiempo de lectura\">\n\t<meta name=\"twitter:data2\" content=\"1 minuto\">\n<script type=\"application\/ld+json\" class=\"yoast-schema-graph\">{\"@context\":\"https:\/\/schema.org\",\"@graph\":[{\"@type\":\"WebSite\",\"@id\":\"https:\/\/joaquinfranco.com\/#website\",\"url\":\"https:\/\/joaquinfranco.com\/\",\"name\":\"INTERIORISMO JOAQUIN FRANCO\",\"description\":\"Estudio de Decoraci\\u00f3n y Arquitectura Interior\",\"potentialAction\":[{\"@type\":\"SearchAction\",\"target\":\"https:\/\/joaquinfranco.com\/?s={search_term_string}\",\"query-input\":\"required name=search_term_string\"}],\"inLanguage\":\"es\"},{\"@type\":\"WebPage\",\"@id\":\"https:\/\/joaquinfranco.com\/index.php\/la-ejecucion-coordinacion-y-direccion-de-obra\/#webpage\",\"url\":\"https:\/\/joaquinfranco.com\/index.php\/la-ejecucion-coordinacion-y-direccion-de-obra\/\",\"name\":\"La ejecuci\\u00f3n, coordinaci\\u00f3n y direcci\\u00f3n de obra. - INTERIORISMO JOAQUIN FRANCO\",\"isPartOf\":{\"@id\":\"https:\/\/joaquinfranco.com\/#website\"},\"datePublished\":\"2020-05-24T14:38:54+00:00\",\"dateModified\":\"2020-05-24T14:49:28+00:00\",\"inLanguage\":\"es\",\"potentialAction\":[{\"@type\":\"ReadAction\",\"target\":[\"https:\/\/joaquinfranco.com\/index.php\/la-ejecucion-coordinacion-y-direccion-de-obra\/\"]}]}]}<\/script>\n<!-- \/ Yoast SEO plugin. -->","_links":{"self":[{"href":"https:\/\/joaquinfranco.com\/index.php\/wp-json\/wp\/v2\/pages\/1602"}],"collection":[{"href":"https:\/\/joaquinfranco.com\/index.php\/wp-json\/wp\/v2\/pages"}],"about":[{"href":"https:\/\/joaquinfranco.com\/index.php\/wp-json\/wp\/v2\/types\/page"}],"author":[{"embeddable":true,"href":"https:\/\/joaquinfranco.com\/index.php\/wp-json\/wp\/v2\/users\/1"}],"replies":[{"embeddable":true,"href":"https:\/\/joaquinfranco.com\/index.php\/wp-json\/wp\/v2\/comments?post=1602"}],"version-history":[{"count":3,"href":"https:\/\/joaquinfranco.com\/index.php\/wp-json\/wp\/v2\/pages\/1602\/revisions"}],"predecessor-version":[{"id":1606,"href":"https:\/\/joaquinfranco.com\/index.php\/wp-json\/wp\/v2\/pages\/1602\/revisions\/1606"}],"wp:attachment":[{"href":"https:\/\/joaquinfranco.com\/index.php\/wp-json\/wp\/v2\/media?parent=1602"}],"curies":[{"name":"wp","href":"https:\/\/api.w.org\/{rel}","templated":true}]}}