{"id":1596,"date":"2020-05-24T11:00:50","date_gmt":"2020-05-24T11:00:50","guid":{"rendered":"http:\/\/joaquinfranco.com\/?page_id=1596"},"modified":"2020-05-24T11:12:10","modified_gmt":"2020-05-24T11:12:10","slug":"10-razones-para-contratar-a-un-decorador-interiorista","status":"publish","type":"page","link":"https:\/\/joaquinfranco.com\/index.php\/10-razones-para-contratar-a-un-decorador-interiorista\/","title":{"rendered":"10 RAZONES PARA CONTRATAR A UN DECORADOR\/INTERIORISTA"},"content":{"rendered":"\n<p class=\"has-text-color has-background has-text-align-left has-very-dark-gray-color has-very-light-gray-background-color\">1.ASESORAMIENTO INTEGRAL:  El interiorista estudiar\u00e1 con detalle las necesidades de su cliente y las caracter\u00edsticas del espacio (superficie, estructuras, Iuz, orientaci\u00f3n, posibilidades de equipamiento) para proporcionar la mejor soluci\u00f3n de interiorismo posible al\u00a0 proyecto.<\/p>\n\n\n\n<p class=\"has-text-color has-background has-very-dark-gray-color has-very-light-gray-background-color\">2. ADECUACI\u00d3N A LA NORMATIVA VIGENTE: El dise\u00f1ador de interior\/ decorador es el profesional capacitado t\u00e9cnica y legalmente, para realizar\u00a0 su\u00a0 proyecto\u00a0 de\u00a0 interiorismo,\u00a0 dentro\u00a0 de\u00a0 los\u00a0\u00a0 condicionantes\u00a0 legales de aplicaci\u00f3n.<\/p>\n\n\n\n<p class=\"has-text-color has-background has-very-dark-gray-color has-very-light-gray-background-color\">3. GESTI\u00d3N MAS SENCILLA: Cuando una persona no\u00a0 es\u00a0 experta\u00a0 en\u00a0 la\u00a0 materia, la gesti\u00f3n de todo el proceso de Un proyecto se convierte en algo complejo. El trabajo del interiorista har\u00e1 que la gesti\u00f3n parezca mucho m\u00e1s sencilla y permitir\u00e1 que el cliente se despreocupe.<\/p>\n\n\n\n<p class=\"has-text-color has-background has-very-dark-gray-color has-very-light-gray-background-color\">4. DIRECCI\u00d3N DEL PROYECTO: El interiorista se ocupar\u00e1 de la direcci\u00f3n de todo el proceso del proyecto, desde la idea inicial hasta la ejecuci\u00f3n final. Resolver\u00e1 los problemas que puedan surgir y velar\u00e4 por que el resultado sea fiel a las expectativas del cliente.<\/p>\n\n\n\n<p class=\"has-text-color has-background has-very-dark-gray-color has-very-light-gray-background-color\">5. CONOCIMIENTO DEL MERCADO: El interiorista conoce con profundidad el mercado del interiorismo y la decoraci\u00f3n. Nadie mejor que \u00e9l le asesorar\u00e1 sobre materiales, equipamientos y soluciones constructivas.<\/p>\n\n\n\n<p class=\"has-text-color has-background has-very-dark-gray-color has-very-light-gray-background-color\">6. CONTROL DE SU PRESUPUESTO: Un riesgo importante de las reformas es la desviaci\u00f3n del presupuesto debido a los cambios imprevistos. Si su proyecto es dirigido por un interiorista, este riesgo se\u00a0 minimizar\u00e1\u00a0 porque todo estar\u00e1\u00a0 planificado de antemano.<\/p>\n\n\n\n<p class=\"has-text-color has-background has-very-dark-gray-color has-very-light-gray-background-color\">7. EST\u00c9TICA: El interiorista\u00a0 es\u00a0 un\u00a0 profesional\u00a0 del\u00a0 dise\u00f1o\u00a0 que\u00a0 sabe\u00a0 com binar el espacio, los materiales y el mobiliario para lograr un resultado armonioso y est\u00e9tico. El interiorismo aporta un valor a\u00f1adido a su vivienda o local.<\/p>\n\n\n\n<p class=\"has-text-color has-background has-very-dark-gray-color has-very-light-gray-background-color\">8. PROFESIONALIDAD: Los interioristas son profesionales adscritos al Colegio Oficial de Dise\u00f1adores de Interior\/Decoradores. Su trabajo debe cumplir con los est\u00e1ndares establecidos por el Colegio, que es responsable del visado de todos los proyectos.<\/p>\n\n\n\n<p class=\"has-text-color has-background has-very-dark-gray-color has-very-light-gray-background-color\">9. GARANTIA: El dise\u00f1ador de interior\/decorador actuara en defensa de la obra bien hecha, garantizando la calidad de ejecuci\u00f3n, mediante la direcci\u00f3n de obra profesional.<\/p>\n\n\n\n<p class=\"has-text-color has-background has-very-dark-gray-color has-very-light-gray-background-color\">10. CALIDAD: La intervenci\u00f3n de un interiorista har\u00e1 que el proyecto, desde la idea inicial hasta los \u00faltimos acabados, se desarrolle de acuerdo con los niveles de calidad exigidos<\/p>\n","protected":false},"excerpt":{"rendered":"<p>1.ASESORAMIENTO INTEGRAL: El interiorista estudiar\u00e1 con detalle las necesidades de su cliente y las caracter\u00edsticas del espacio (superficie, estructuras, Iuz, orientaci\u00f3n, posibilidades de equipamiento) para proporcionar la mejor soluci\u00f3n de interiorismo posible al\u00a0 proyecto. 2. ADECUACI\u00d3N A LA NORMATIVA VIGENTE: El dise\u00f1ador de interior\/ decorador es el profesional capacitado t\u00e9cnica&#8230;<\/p>\n","protected":false},"author":1,"featured_media":0,"parent":0,"menu_order":0,"comment_status":"closed","ping_status":"closed","template":"","meta":[],"yoast_head":"<!-- This site is optimized with the Yoast SEO plugin v15.2.1 - https:\/\/yoast.com\/wordpress\/plugins\/seo\/ -->\n<title>10 RAZONES PARA CONTRATAR A UN DECORADOR\/INTERIORISTA - INTERIORISMO JOAQUIN FRANCO<\/title>\n<meta name=\"robots\" content=\"index, follow, max-snippet:-1, max-image-preview:large, max-video-preview:-1\" \/>\n<link rel=\"canonical\" href=\"https:\/\/joaquinfranco.com\/index.php\/10-razones-para-contratar-a-un-decorador-interiorista\/\" \/>\n<meta property=\"og:locale\" content=\"es_ES\" \/>\n<meta property=\"og:type\" content=\"article\" \/>\n<meta property=\"og:title\" content=\"10 RAZONES PARA CONTRATAR A UN DECORADOR\/INTERIORISTA - INTERIORISMO JOAQUIN FRANCO\" \/>\n<meta property=\"og:description\" content=\"1.ASESORAMIENTO INTEGRAL: El interiorista estudiar\u00e1 con detalle las necesidades de su cliente y las caracter\u00edsticas del espacio (superficie, estructuras, Iuz, orientaci\u00f3n, posibilidades de equipamiento) para proporcionar la mejor soluci\u00f3n de interiorismo posible al\u00a0 proyecto. 2. ADECUACI\u00d3N A LA NORMATIVA VIGENTE: El dise\u00f1ador de interior\/ decorador es el profesional capacitado t\u00e9cnica...\" \/>\n<meta property=\"og:url\" content=\"https:\/\/joaquinfranco.com\/index.php\/10-razones-para-contratar-a-un-decorador-interiorista\/\" \/>\n<meta property=\"og:site_name\" content=\"INTERIORISMO JOAQUIN FRANCO\" \/>\n<meta property=\"article:publisher\" content=\"https:\/\/www.facebook.com\/joaquin.francotrueba\" \/>\n<meta property=\"article:modified_time\" content=\"2020-05-24T11:12:10+00:00\" \/>\n<meta name=\"twitter:card\" content=\"summary_large_image\" \/>\n<meta name=\"twitter:label1\" content=\"Escrito por\">\n\t<meta name=\"twitter:data1\" content=\"admin\">\n\t<meta name=\"twitter:label2\" content=\"Tiempo de lectura\">\n\t<meta name=\"twitter:data2\" content=\"1 minuto\">\n<script type=\"application\/ld+json\" class=\"yoast-schema-graph\">{\"@context\":\"https:\/\/schema.org\",\"@graph\":[{\"@type\":\"WebSite\",\"@id\":\"https:\/\/joaquinfranco.com\/#website\",\"url\":\"https:\/\/joaquinfranco.com\/\",\"name\":\"INTERIORISMO JOAQUIN FRANCO\",\"description\":\"Estudio de Decoraci\\u00f3n y Arquitectura Interior\",\"potentialAction\":[{\"@type\":\"SearchAction\",\"target\":\"https:\/\/joaquinfranco.com\/?s={search_term_string}\",\"query-input\":\"required name=search_term_string\"}],\"inLanguage\":\"es\"},{\"@type\":\"WebPage\",\"@id\":\"https:\/\/joaquinfranco.com\/index.php\/10-razones-para-contratar-a-un-decorador-interiorista\/#webpage\",\"url\":\"https:\/\/joaquinfranco.com\/index.php\/10-razones-para-contratar-a-un-decorador-interiorista\/\",\"name\":\"10 RAZONES PARA CONTRATAR A UN DECORADOR\/INTERIORISTA - INTERIORISMO JOAQUIN FRANCO\",\"isPartOf\":{\"@id\":\"https:\/\/joaquinfranco.com\/#website\"},\"datePublished\":\"2020-05-24T11:00:50+00:00\",\"dateModified\":\"2020-05-24T11:12:10+00:00\",\"inLanguage\":\"es\",\"potentialAction\":[{\"@type\":\"ReadAction\",\"target\":[\"https:\/\/joaquinfranco.com\/index.php\/10-razones-para-contratar-a-un-decorador-interiorista\/\"]}]}]}<\/script>\n<!-- \/ Yoast SEO plugin. -->","_links":{"self":[{"href":"https:\/\/joaquinfranco.com\/index.php\/wp-json\/wp\/v2\/pages\/1596"}],"collection":[{"href":"https:\/\/joaquinfranco.com\/index.php\/wp-json\/wp\/v2\/pages"}],"about":[{"href":"https:\/\/joaquinfranco.com\/index.php\/wp-json\/wp\/v2\/types\/page"}],"author":[{"embeddable":true,"href":"https:\/\/joaquinfranco.com\/index.php\/wp-json\/wp\/v2\/users\/1"}],"replies":[{"embeddable":true,"href":"https:\/\/joaquinfranco.com\/index.php\/wp-json\/wp\/v2\/comments?post=1596"}],"version-history":[{"count":2,"href":"https:\/\/joaquinfranco.com\/index.php\/wp-json\/wp\/v2\/pages\/1596\/revisions"}],"predecessor-version":[{"id":1599,"href":"https:\/\/joaquinfranco.com\/index.php\/wp-json\/wp\/v2\/pages\/1596\/revisions\/1599"}],"wp:attachment":[{"href":"https:\/\/joaquinfranco.com\/index.php\/wp-json\/wp\/v2\/media?parent=1596"}],"curies":[{"name":"wp","href":"https:\/\/api.w.org\/{rel}","templated":true}]}}