{"id":1577,"date":"2020-05-24T09:44:43","date_gmt":"2020-05-24T09:44:43","guid":{"rendered":"http:\/\/joaquinfranco.com\/?page_id=1577"},"modified":"2020-05-24T09:57:25","modified_gmt":"2020-05-24T09:57:25","slug":"los-disenos-estudios-y-el-proyecto","status":"publish","type":"page","link":"https:\/\/joaquinfranco.com\/index.php\/los-disenos-estudios-y-el-proyecto\/","title":{"rendered":"Los dise\u00f1os, estudios y el proyecto."},"content":{"rendered":"\n<p class=\"has-background has-drop-cap has-very-light-gray-background-color\">Las <strong>ideas<\/strong> se representan gr\u00e1ficamente  en estudios, dise\u00f1os y proyectos que sirven como base para poder realizar la ejecuci\u00f3n del trabajo concertado.<\/p>\n\n\n\n<p class=\"has-background has-very-light-gray-background-color\">Los <strong>dise\u00f1os y estudios<\/strong> son la primera documentaci\u00f3n grafica que se presenta al cliente para poder comprender el trabajo y las ideas. pudi\u00e9ndose complementar con informaci\u00f3n gr\u00e1fica en 3d para su mejor comprensi\u00f3n.<\/p>\n\n\n\n<p class=\"has-background has-very-light-gray-background-color\">El <strong>proyecto <\/strong>es la parte gr\u00e1fica final donde se aglutina toda la documentaci\u00f3n, planimetria, calidades, normativa y presupuesto para poder realizar la obra. Es muy importante que cuanto mas completo sea el proyecto la realidad ser\u00e1 ejecutada sin desviaciones que incomoden al cliente. <\/p>\n","protected":false},"excerpt":{"rendered":"<p>Las ideas se representan gr\u00e1ficamente en estudios, dise\u00f1os y proyectos que sirven como base para poder realizar la ejecuci\u00f3n del trabajo concertado. Los dise\u00f1os y estudios son la primera documentaci\u00f3n grafica que se presenta al cliente para poder comprender el trabajo y las ideas. pudi\u00e9ndose complementar con informaci\u00f3n gr\u00e1fica en&#8230;<\/p>\n","protected":false},"author":1,"featured_media":0,"parent":0,"menu_order":0,"comment_status":"closed","ping_status":"closed","template":"","meta":[],"yoast_head":"<!-- This site is optimized with the Yoast SEO plugin v15.2.1 - https:\/\/yoast.com\/wordpress\/plugins\/seo\/ -->\n<title>Los dise\u00f1os, estudios y el proyecto. - INTERIORISMO JOAQUIN FRANCO<\/title>\n<meta name=\"robots\" content=\"index, follow, max-snippet:-1, max-image-preview:large, max-video-preview:-1\" \/>\n<link rel=\"canonical\" href=\"https:\/\/joaquinfranco.com\/index.php\/los-disenos-estudios-y-el-proyecto\/\" \/>\n<meta property=\"og:locale\" content=\"es_ES\" \/>\n<meta property=\"og:type\" content=\"article\" \/>\n<meta property=\"og:title\" content=\"Los dise\u00f1os, estudios y el proyecto. - INTERIORISMO JOAQUIN FRANCO\" \/>\n<meta property=\"og:description\" content=\"Las ideas se representan gr\u00e1ficamente en estudios, dise\u00f1os y proyectos que sirven como base para poder realizar la ejecuci\u00f3n del trabajo concertado. Los dise\u00f1os y estudios son la primera documentaci\u00f3n grafica que se presenta al cliente para poder comprender el trabajo y las ideas. pudi\u00e9ndose complementar con informaci\u00f3n gr\u00e1fica en...\" \/>\n<meta property=\"og:url\" content=\"https:\/\/joaquinfranco.com\/index.php\/los-disenos-estudios-y-el-proyecto\/\" \/>\n<meta property=\"og:site_name\" content=\"INTERIORISMO JOAQUIN FRANCO\" \/>\n<meta property=\"article:publisher\" content=\"https:\/\/www.facebook.com\/joaquin.francotrueba\" \/>\n<meta property=\"article:modified_time\" content=\"2020-05-24T09:57:25+00:00\" \/>\n<meta name=\"twitter:card\" content=\"summary_large_image\" \/>\n<meta name=\"twitter:label1\" content=\"Escrito por\">\n\t<meta name=\"twitter:data1\" content=\"admin\">\n\t<meta name=\"twitter:label2\" content=\"Tiempo de lectura\">\n\t<meta name=\"twitter:data2\" content=\"0 minutos\">\n<script type=\"application\/ld+json\" class=\"yoast-schema-graph\">{\"@context\":\"https:\/\/schema.org\",\"@graph\":[{\"@type\":\"WebSite\",\"@id\":\"https:\/\/joaquinfranco.com\/#website\",\"url\":\"https:\/\/joaquinfranco.com\/\",\"name\":\"INTERIORISMO JOAQUIN FRANCO\",\"description\":\"Estudio de Decoraci\\u00f3n y Arquitectura Interior\",\"potentialAction\":[{\"@type\":\"SearchAction\",\"target\":\"https:\/\/joaquinfranco.com\/?s={search_term_string}\",\"query-input\":\"required name=search_term_string\"}],\"inLanguage\":\"es\"},{\"@type\":\"WebPage\",\"@id\":\"https:\/\/joaquinfranco.com\/index.php\/los-disenos-estudios-y-el-proyecto\/#webpage\",\"url\":\"https:\/\/joaquinfranco.com\/index.php\/los-disenos-estudios-y-el-proyecto\/\",\"name\":\"Los dise\\u00f1os, estudios y el proyecto. - INTERIORISMO JOAQUIN FRANCO\",\"isPartOf\":{\"@id\":\"https:\/\/joaquinfranco.com\/#website\"},\"datePublished\":\"2020-05-24T09:44:43+00:00\",\"dateModified\":\"2020-05-24T09:57:25+00:00\",\"inLanguage\":\"es\",\"potentialAction\":[{\"@type\":\"ReadAction\",\"target\":[\"https:\/\/joaquinfranco.com\/index.php\/los-disenos-estudios-y-el-proyecto\/\"]}]}]}<\/script>\n<!-- \/ Yoast SEO plugin. -->","_links":{"self":[{"href":"https:\/\/joaquinfranco.com\/index.php\/wp-json\/wp\/v2\/pages\/1577"}],"collection":[{"href":"https:\/\/joaquinfranco.com\/index.php\/wp-json\/wp\/v2\/pages"}],"about":[{"href":"https:\/\/joaquinfranco.com\/index.php\/wp-json\/wp\/v2\/types\/page"}],"author":[{"embeddable":true,"href":"https:\/\/joaquinfranco.com\/index.php\/wp-json\/wp\/v2\/users\/1"}],"replies":[{"embeddable":true,"href":"https:\/\/joaquinfranco.com\/index.php\/wp-json\/wp\/v2\/comments?post=1577"}],"version-history":[{"count":4,"href":"https:\/\/joaquinfranco.com\/index.php\/wp-json\/wp\/v2\/pages\/1577\/revisions"}],"predecessor-version":[{"id":1582,"href":"https:\/\/joaquinfranco.com\/index.php\/wp-json\/wp\/v2\/pages\/1577\/revisions\/1582"}],"wp:attachment":[{"href":"https:\/\/joaquinfranco.com\/index.php\/wp-json\/wp\/v2\/media?parent=1577"}],"curies":[{"name":"wp","href":"https:\/\/api.w.org\/{rel}","templated":true}]}}