{"id":1569,"date":"2020-05-24T09:27:25","date_gmt":"2020-05-24T09:27:25","guid":{"rendered":"http:\/\/joaquinfranco.com\/?page_id=1569"},"modified":"2020-05-24T09:27:25","modified_gmt":"2020-05-24T09:27:25","slug":"las-tramitaciones","status":"publish","type":"page","link":"https:\/\/joaquinfranco.com\/index.php\/las-tramitaciones\/","title":{"rendered":"Las tramitaciones"},"content":{"rendered":"\n<p class=\"has-background has-drop-cap has-very-light-gray-background-color\">Para poder realizar intervenciones de obra es necesario solicitar licencias.<\/p>\n\n\n\n<p class=\"has-background has-very-light-gray-background-color\">En este caso se puede resolver este tipo de tramitaciones que para el cliente no est\u00e1 acostumbrado a realizar ante llos ayuntamientos, departamentos de obras, de licencias etc.<\/p>\n\n\n\n<p class=\"has-background has-very-light-gray-background-color\">Este t\u00e9cnico decorador puede resolver todo este tipo de tramitaciones, rellenando los impresos pertinentes y adjuntando la documentaci\u00f3n necesaria como presupuestos de la obras y tasas de licencias, solicitud de ocupaciones p\u00fablicas incluso subvenciones que puedan aplicarse a las diferentes obras.<\/p>\n\n\n\n<p class=\"has-background has-very-light-gray-background-color\">Tambien dependiendo del tipo de obra es necesario realizar consultas a los t\u00e9cnicos municipales dado que las normativas y sus aplicaciones var\u00edan constantemente dependiendo del t\u00e9rmino municipal y provincia en el que se situ\u00e9 la obra y nuevas normas y leyes que van surgiendo y son de obligado cumplimiento. <\/p>\n","protected":false},"excerpt":{"rendered":"<p>Para poder realizar intervenciones de obra es necesario solicitar licencias. En este caso se puede resolver este tipo de tramitaciones que para el cliente no est\u00e1 acostumbrado a realizar ante llos ayuntamientos, departamentos de obras, de licencias etc. Este t\u00e9cnico decorador puede resolver todo este tipo de tramitaciones, rellenando los&#8230;<\/p>\n","protected":false},"author":1,"featured_media":0,"parent":0,"menu_order":0,"comment_status":"closed","ping_status":"closed","template":"","meta":[],"yoast_head":"<!-- This site is optimized with the Yoast SEO plugin v15.2.1 - https:\/\/yoast.com\/wordpress\/plugins\/seo\/ -->\n<title>Las tramitaciones - INTERIORISMO JOAQUIN FRANCO<\/title>\n<meta name=\"robots\" content=\"index, follow, max-snippet:-1, max-image-preview:large, max-video-preview:-1\" \/>\n<link rel=\"canonical\" href=\"https:\/\/joaquinfranco.com\/index.php\/las-tramitaciones\/\" \/>\n<meta property=\"og:locale\" content=\"es_ES\" \/>\n<meta property=\"og:type\" content=\"article\" \/>\n<meta property=\"og:title\" content=\"Las tramitaciones - INTERIORISMO JOAQUIN FRANCO\" \/>\n<meta property=\"og:description\" content=\"Para poder realizar intervenciones de obra es necesario solicitar licencias. En este caso se puede resolver este tipo de tramitaciones que para el cliente no est\u00e1 acostumbrado a realizar ante llos ayuntamientos, departamentos de obras, de licencias etc. Este t\u00e9cnico decorador puede resolver todo este tipo de tramitaciones, rellenando los...\" \/>\n<meta property=\"og:url\" content=\"https:\/\/joaquinfranco.com\/index.php\/las-tramitaciones\/\" \/>\n<meta property=\"og:site_name\" content=\"INTERIORISMO JOAQUIN FRANCO\" \/>\n<meta property=\"article:publisher\" content=\"https:\/\/www.facebook.com\/joaquin.francotrueba\" \/>\n<meta name=\"twitter:card\" content=\"summary_large_image\" \/>\n<meta name=\"twitter:label1\" content=\"Escrito por\">\n\t<meta name=\"twitter:data1\" content=\"admin\">\n\t<meta name=\"twitter:label2\" content=\"Tiempo de lectura\">\n\t<meta name=\"twitter:data2\" content=\"1 minuto\">\n<script type=\"application\/ld+json\" class=\"yoast-schema-graph\">{\"@context\":\"https:\/\/schema.org\",\"@graph\":[{\"@type\":\"WebSite\",\"@id\":\"https:\/\/joaquinfranco.com\/#website\",\"url\":\"https:\/\/joaquinfranco.com\/\",\"name\":\"INTERIORISMO JOAQUIN FRANCO\",\"description\":\"Estudio de Decoraci\\u00f3n y Arquitectura Interior\",\"potentialAction\":[{\"@type\":\"SearchAction\",\"target\":\"https:\/\/joaquinfranco.com\/?s={search_term_string}\",\"query-input\":\"required name=search_term_string\"}],\"inLanguage\":\"es\"},{\"@type\":\"WebPage\",\"@id\":\"https:\/\/joaquinfranco.com\/index.php\/las-tramitaciones\/#webpage\",\"url\":\"https:\/\/joaquinfranco.com\/index.php\/las-tramitaciones\/\",\"name\":\"Las tramitaciones - INTERIORISMO JOAQUIN FRANCO\",\"isPartOf\":{\"@id\":\"https:\/\/joaquinfranco.com\/#website\"},\"datePublished\":\"2020-05-24T09:27:25+00:00\",\"dateModified\":\"2020-05-24T09:27:25+00:00\",\"inLanguage\":\"es\",\"potentialAction\":[{\"@type\":\"ReadAction\",\"target\":[\"https:\/\/joaquinfranco.com\/index.php\/las-tramitaciones\/\"]}]}]}<\/script>\n<!-- \/ Yoast SEO plugin. -->","_links":{"self":[{"href":"https:\/\/joaquinfranco.com\/index.php\/wp-json\/wp\/v2\/pages\/1569"}],"collection":[{"href":"https:\/\/joaquinfranco.com\/index.php\/wp-json\/wp\/v2\/pages"}],"about":[{"href":"https:\/\/joaquinfranco.com\/index.php\/wp-json\/wp\/v2\/types\/page"}],"author":[{"embeddable":true,"href":"https:\/\/joaquinfranco.com\/index.php\/wp-json\/wp\/v2\/users\/1"}],"replies":[{"embeddable":true,"href":"https:\/\/joaquinfranco.com\/index.php\/wp-json\/wp\/v2\/comments?post=1569"}],"version-history":[{"count":1,"href":"https:\/\/joaquinfranco.com\/index.php\/wp-json\/wp\/v2\/pages\/1569\/revisions"}],"predecessor-version":[{"id":1571,"href":"https:\/\/joaquinfranco.com\/index.php\/wp-json\/wp\/v2\/pages\/1569\/revisions\/1571"}],"wp:attachment":[{"href":"https:\/\/joaquinfranco.com\/index.php\/wp-json\/wp\/v2\/media?parent=1569"}],"curies":[{"name":"wp","href":"https:\/\/api.w.org\/{rel}","templated":true}]}}