{"id":1566,"date":"2020-05-24T09:12:08","date_gmt":"2020-05-24T09:12:08","guid":{"rendered":"http:\/\/joaquinfranco.com\/?page_id=1566"},"modified":"2020-05-27T16:06:16","modified_gmt":"2020-05-27T16:06:16","slug":"la-atencion-con-el-cliente","status":"publish","type":"page","link":"https:\/\/joaquinfranco.com\/index.php\/la-atencion-con-el-cliente\/","title":{"rendered":"La atenci\u00f3n con el cliente"},"content":{"rendered":"\n<p class=\"has-background has-drop-cap has-very-light-gray-background-color\">La atenci\u00f3n al cliente siempre se realiza totalmente personalizada para poder conocer las necesidades de los mismos pudiendo ser el primer contacto en el estudio o en la direcci\u00f3n de la obra. <\/p>\n\n\n\n<p class=\"has-background has-very-light-gray-background-color\">Es b\u00e1sico poder tener un conocimiento inicial del lugar de la intervenci\u00f3n para poder observar detalles que puedan influir en los trabajos del dise\u00f1o y de la obra.<\/p>\n\n\n\n<p class=\"has-background has-very-light-gray-background-color\">Una buena gesti\u00f3n  con el cliente se trata de la primera de las fases, en la que ya entran en juego muchos aspectos relevantes que pueden marcar el resto del proceso y es buenos que el cliente lo sepa.<\/p>\n","protected":false},"excerpt":{"rendered":"<p>La atenci\u00f3n al cliente siempre se realiza totalmente personalizada para poder conocer las necesidades de los mismos pudiendo ser el primer contacto en el estudio o en la direcci\u00f3n de la obra. Es b\u00e1sico poder tener un conocimiento inicial del lugar de la intervenci\u00f3n para poder observar detalles que puedan&#8230;<\/p>\n","protected":false},"author":1,"featured_media":0,"parent":0,"menu_order":0,"comment_status":"closed","ping_status":"closed","template":"","meta":[],"yoast_head":"<!-- This site is optimized with the Yoast SEO plugin v15.2.1 - https:\/\/yoast.com\/wordpress\/plugins\/seo\/ -->\n<title>La atenci\u00f3n con el cliente - INTERIORISMO JOAQUIN FRANCO<\/title>\n<meta name=\"robots\" content=\"index, follow, max-snippet:-1, max-image-preview:large, max-video-preview:-1\" \/>\n<link rel=\"canonical\" href=\"https:\/\/joaquinfranco.com\/index.php\/la-atencion-con-el-cliente\/\" \/>\n<meta property=\"og:locale\" content=\"es_ES\" \/>\n<meta property=\"og:type\" content=\"article\" \/>\n<meta property=\"og:title\" content=\"La atenci\u00f3n con el cliente - INTERIORISMO JOAQUIN FRANCO\" \/>\n<meta property=\"og:description\" content=\"La atenci\u00f3n al cliente siempre se realiza totalmente personalizada para poder conocer las necesidades de los mismos pudiendo ser el primer contacto en el estudio o en la direcci\u00f3n de la obra. Es b\u00e1sico poder tener un conocimiento inicial del lugar de la intervenci\u00f3n para poder observar detalles que puedan...\" \/>\n<meta property=\"og:url\" content=\"https:\/\/joaquinfranco.com\/index.php\/la-atencion-con-el-cliente\/\" \/>\n<meta property=\"og:site_name\" content=\"INTERIORISMO JOAQUIN FRANCO\" \/>\n<meta property=\"article:publisher\" content=\"https:\/\/www.facebook.com\/joaquin.francotrueba\" \/>\n<meta property=\"article:modified_time\" content=\"2020-05-27T16:06:16+00:00\" \/>\n<meta name=\"twitter:card\" content=\"summary_large_image\" \/>\n<meta name=\"twitter:label1\" content=\"Escrito por\">\n\t<meta name=\"twitter:data1\" content=\"admin\">\n\t<meta name=\"twitter:label2\" content=\"Tiempo de lectura\">\n\t<meta name=\"twitter:data2\" content=\"0 minutos\">\n<script type=\"application\/ld+json\" class=\"yoast-schema-graph\">{\"@context\":\"https:\/\/schema.org\",\"@graph\":[{\"@type\":\"WebSite\",\"@id\":\"https:\/\/joaquinfranco.com\/#website\",\"url\":\"https:\/\/joaquinfranco.com\/\",\"name\":\"INTERIORISMO JOAQUIN FRANCO\",\"description\":\"Estudio de Decoraci\\u00f3n y Arquitectura Interior\",\"potentialAction\":[{\"@type\":\"SearchAction\",\"target\":\"https:\/\/joaquinfranco.com\/?s={search_term_string}\",\"query-input\":\"required name=search_term_string\"}],\"inLanguage\":\"es\"},{\"@type\":\"WebPage\",\"@id\":\"https:\/\/joaquinfranco.com\/index.php\/la-atencion-con-el-cliente\/#webpage\",\"url\":\"https:\/\/joaquinfranco.com\/index.php\/la-atencion-con-el-cliente\/\",\"name\":\"La atenci\\u00f3n con el cliente - INTERIORISMO JOAQUIN FRANCO\",\"isPartOf\":{\"@id\":\"https:\/\/joaquinfranco.com\/#website\"},\"datePublished\":\"2020-05-24T09:12:08+00:00\",\"dateModified\":\"2020-05-27T16:06:16+00:00\",\"inLanguage\":\"es\",\"potentialAction\":[{\"@type\":\"ReadAction\",\"target\":[\"https:\/\/joaquinfranco.com\/index.php\/la-atencion-con-el-cliente\/\"]}]}]}<\/script>\n<!-- \/ Yoast SEO plugin. -->","_links":{"self":[{"href":"https:\/\/joaquinfranco.com\/index.php\/wp-json\/wp\/v2\/pages\/1566"}],"collection":[{"href":"https:\/\/joaquinfranco.com\/index.php\/wp-json\/wp\/v2\/pages"}],"about":[{"href":"https:\/\/joaquinfranco.com\/index.php\/wp-json\/wp\/v2\/types\/page"}],"author":[{"embeddable":true,"href":"https:\/\/joaquinfranco.com\/index.php\/wp-json\/wp\/v2\/users\/1"}],"replies":[{"embeddable":true,"href":"https:\/\/joaquinfranco.com\/index.php\/wp-json\/wp\/v2\/comments?post=1566"}],"version-history":[{"count":2,"href":"https:\/\/joaquinfranco.com\/index.php\/wp-json\/wp\/v2\/pages\/1566\/revisions"}],"predecessor-version":[{"id":1661,"href":"https:\/\/joaquinfranco.com\/index.php\/wp-json\/wp\/v2\/pages\/1566\/revisions\/1661"}],"wp:attachment":[{"href":"https:\/\/joaquinfranco.com\/index.php\/wp-json\/wp\/v2\/media?parent=1566"}],"curies":[{"name":"wp","href":"https:\/\/api.w.org\/{rel}","templated":true}]}}