{"id":1482,"date":"2020-05-11T18:26:21","date_gmt":"2020-05-11T18:26:21","guid":{"rendered":"http:\/\/joaquinfranco.com\/?page_id=1482"},"modified":"2020-05-11T18:26:21","modified_gmt":"2020-05-11T18:26:21","slug":"estudios-para-una-playa-verde-en-meruelo","status":"publish","type":"page","link":"https:\/\/joaquinfranco.com\/index.php\/estudios-para-una-playa-verde-en-meruelo\/","title":{"rendered":"ESTUDIOS PARA UNA PLAYA VERDE EN MERUELO"},"content":{"rendered":"\n<h2 class=\"has-text-align-center\">Playa fluvial en un remanso del rio Campiazo al paso por Meruelo     \u00abPLAYA VERDE\u00bb A\u00d1O 2016 <\/h2>\n\n\n\n<p class=\"has-background has-very-light-gray-background-color\">Aprovechamiento de una zona del Rio Campiazo\u00a0 para crear\u00a0 una Playa verde, de interior\u00a0 con agua dulce situ\u00e1ndola en una zona de remanso del r\u00edo, cerca de un puente y una zona de\u00a0 presa, con la orilla llena de arboles y vegetaci\u00f3n produciendo una barrera\u00a0 visual Vegetal de todo su entorno . La ocupaci\u00f3n de la zona afectar\u00eda a unos 30000 m2 a lo largo de unos 350 m de recorrido de r\u00edo. En ella se situar\u00eda una zona de nado, ampliando 10m la entrada de agua en la orilla. Derecha del r\u00edo, a continuaci\u00f3n una zona de arena de costa de unos 20m y una zona. de hierba de unos 70m. Con zonas de recreo para ni\u00f1os y una zona de barbacoas y Merendero para las Familias. Aprovechamiento para crear una \u201cola artificial\u201d para la practica y aprendizaje del Deporte en auje en Cantabria como es el SURF.<\/p>\n\n\n\n<figure class=\"wp-block-gallery alignwide columns-3 is-cropped\"><ul class=\"blocks-gallery-grid\"><li class=\"blocks-gallery-item\"><figure><a href=\"http:\/\/joaquinfranco.com\/wp-content\/uploads\/2020\/05\/Diapositiva1-7.jpg\"><img loading=\"lazy\" width=\"960\" height=\"720\" src=\"http:\/\/joaquinfranco.com\/wp-content\/uploads\/2020\/05\/Diapositiva1-7.jpg\" alt=\"\" data-id=\"1483\" data-full-url=\"http:\/\/joaquinfranco.com\/wp-content\/uploads\/2020\/05\/Diapositiva1-7.jpg\" data-link=\"http:\/\/joaquinfranco.com\/?attachment_id=1483\" class=\"wp-image-1483\" srcset=\"https:\/\/joaquinfranco.com\/wp-content\/uploads\/2020\/05\/Diapositiva1-7.jpg 960w, https:\/\/joaquinfranco.com\/wp-content\/uploads\/2020\/05\/Diapositiva1-7-300x225.jpg 300w, https:\/\/joaquinfranco.com\/wp-content\/uploads\/2020\/05\/Diapositiva1-7-768x576.jpg 768w\" sizes=\"(max-width: 960px) 100vw, 960px\" \/><\/a><\/figure><\/li><li class=\"blocks-gallery-item\"><figure><a href=\"http:\/\/joaquinfranco.com\/wp-content\/uploads\/2020\/05\/Diapositiva2-7.jpg\"><img loading=\"lazy\" width=\"960\" height=\"720\" src=\"http:\/\/joaquinfranco.com\/wp-content\/uploads\/2020\/05\/Diapositiva2-7.jpg\" alt=\"\" data-id=\"1484\" data-full-url=\"http:\/\/joaquinfranco.com\/wp-content\/uploads\/2020\/05\/Diapositiva2-7.jpg\" data-link=\"http:\/\/joaquinfranco.com\/?attachment_id=1484\" class=\"wp-image-1484\" srcset=\"https:\/\/joaquinfranco.com\/wp-content\/uploads\/2020\/05\/Diapositiva2-7.jpg 960w, https:\/\/joaquinfranco.com\/wp-content\/uploads\/2020\/05\/Diapositiva2-7-300x225.jpg 300w, https:\/\/joaquinfranco.com\/wp-content\/uploads\/2020\/05\/Diapositiva2-7-768x576.jpg 768w\" sizes=\"(max-width: 960px) 100vw, 960px\" \/><\/a><\/figure><\/li><li class=\"blocks-gallery-item\"><figure><a href=\"http:\/\/joaquinfranco.com\/wp-content\/uploads\/2020\/05\/Diapositiva3-7.jpg\"><img loading=\"lazy\" width=\"960\" height=\"720\" src=\"http:\/\/joaquinfranco.com\/wp-content\/uploads\/2020\/05\/Diapositiva3-7.jpg\" alt=\"\" data-id=\"1485\" data-full-url=\"http:\/\/joaquinfranco.com\/wp-content\/uploads\/2020\/05\/Diapositiva3-7.jpg\" data-link=\"http:\/\/joaquinfranco.com\/?attachment_id=1485\" class=\"wp-image-1485\" srcset=\"https:\/\/joaquinfranco.com\/wp-content\/uploads\/2020\/05\/Diapositiva3-7.jpg 960w, https:\/\/joaquinfranco.com\/wp-content\/uploads\/2020\/05\/Diapositiva3-7-300x225.jpg 300w, https:\/\/joaquinfranco.com\/wp-content\/uploads\/2020\/05\/Diapositiva3-7-768x576.jpg 768w\" sizes=\"(max-width: 960px) 100vw, 960px\" \/><\/a><\/figure><\/li><li class=\"blocks-gallery-item\"><figure><a href=\"http:\/\/joaquinfranco.com\/wp-content\/uploads\/2020\/05\/Diapositiva4-6.jpg\"><img loading=\"lazy\" width=\"960\" height=\"720\" src=\"http:\/\/joaquinfranco.com\/wp-content\/uploads\/2020\/05\/Diapositiva4-6.jpg\" alt=\"\" data-id=\"1486\" data-full-url=\"http:\/\/joaquinfranco.com\/wp-content\/uploads\/2020\/05\/Diapositiva4-6.jpg\" data-link=\"http:\/\/joaquinfranco.com\/?attachment_id=1486\" class=\"wp-image-1486\" srcset=\"https:\/\/joaquinfranco.com\/wp-content\/uploads\/2020\/05\/Diapositiva4-6.jpg 960w, https:\/\/joaquinfranco.com\/wp-content\/uploads\/2020\/05\/Diapositiva4-6-300x225.jpg 300w, https:\/\/joaquinfranco.com\/wp-content\/uploads\/2020\/05\/Diapositiva4-6-768x576.jpg 768w\" sizes=\"(max-width: 960px) 100vw, 960px\" \/><\/a><\/figure><\/li><li class=\"blocks-gallery-item\"><figure><a href=\"http:\/\/joaquinfranco.com\/wp-content\/uploads\/2020\/05\/Diapositiva5-7.jpg\"><img loading=\"lazy\" width=\"960\" height=\"720\" src=\"http:\/\/joaquinfranco.com\/wp-content\/uploads\/2020\/05\/Diapositiva5-7.jpg\" alt=\"\" data-id=\"1487\" data-full-url=\"http:\/\/joaquinfranco.com\/wp-content\/uploads\/2020\/05\/Diapositiva5-7.jpg\" data-link=\"http:\/\/joaquinfranco.com\/?attachment_id=1487\" class=\"wp-image-1487\" srcset=\"https:\/\/joaquinfranco.com\/wp-content\/uploads\/2020\/05\/Diapositiva5-7.jpg 960w, https:\/\/joaquinfranco.com\/wp-content\/uploads\/2020\/05\/Diapositiva5-7-300x225.jpg 300w, https:\/\/joaquinfranco.com\/wp-content\/uploads\/2020\/05\/Diapositiva5-7-768x576.jpg 768w\" sizes=\"(max-width: 960px) 100vw, 960px\" \/><\/a><\/figure><\/li><li class=\"blocks-gallery-item\"><figure><a href=\"http:\/\/joaquinfranco.com\/wp-content\/uploads\/2020\/05\/Diapositiva6-5.jpg\"><img loading=\"lazy\" width=\"960\" height=\"720\" src=\"http:\/\/joaquinfranco.com\/wp-content\/uploads\/2020\/05\/Diapositiva6-5.jpg\" alt=\"\" data-id=\"1488\" data-full-url=\"http:\/\/joaquinfranco.com\/wp-content\/uploads\/2020\/05\/Diapositiva6-5.jpg\" data-link=\"http:\/\/joaquinfranco.com\/?attachment_id=1488\" class=\"wp-image-1488\" srcset=\"https:\/\/joaquinfranco.com\/wp-content\/uploads\/2020\/05\/Diapositiva6-5.jpg 960w, https:\/\/joaquinfranco.com\/wp-content\/uploads\/2020\/05\/Diapositiva6-5-300x225.jpg 300w, https:\/\/joaquinfranco.com\/wp-content\/uploads\/2020\/05\/Diapositiva6-5-768x576.jpg 768w\" sizes=\"(max-width: 960px) 100vw, 960px\" \/><\/a><\/figure><\/li><li class=\"blocks-gallery-item\"><figure><a href=\"http:\/\/joaquinfranco.com\/wp-content\/uploads\/2020\/05\/Diapositiva7-5.jpg\"><img loading=\"lazy\" width=\"960\" height=\"720\" src=\"http:\/\/joaquinfranco.com\/wp-content\/uploads\/2020\/05\/Diapositiva7-5.jpg\" alt=\"\" data-id=\"1489\" data-full-url=\"http:\/\/joaquinfranco.com\/wp-content\/uploads\/2020\/05\/Diapositiva7-5.jpg\" data-link=\"http:\/\/joaquinfranco.com\/?attachment_id=1489\" class=\"wp-image-1489\" srcset=\"https:\/\/joaquinfranco.com\/wp-content\/uploads\/2020\/05\/Diapositiva7-5.jpg 960w, https:\/\/joaquinfranco.com\/wp-content\/uploads\/2020\/05\/Diapositiva7-5-300x225.jpg 300w, https:\/\/joaquinfranco.com\/wp-content\/uploads\/2020\/05\/Diapositiva7-5-768x576.jpg 768w\" sizes=\"(max-width: 960px) 100vw, 960px\" \/><\/a><\/figure><\/li><li class=\"blocks-gallery-item\"><figure><a href=\"http:\/\/joaquinfranco.com\/wp-content\/uploads\/2020\/05\/Diapositiva8-4.jpg\"><img loading=\"lazy\" width=\"960\" height=\"720\" src=\"http:\/\/joaquinfranco.com\/wp-content\/uploads\/2020\/05\/Diapositiva8-4.jpg\" alt=\"\" data-id=\"1490\" data-full-url=\"http:\/\/joaquinfranco.com\/wp-content\/uploads\/2020\/05\/Diapositiva8-4.jpg\" data-link=\"http:\/\/joaquinfranco.com\/?attachment_id=1490\" class=\"wp-image-1490\" srcset=\"https:\/\/joaquinfranco.com\/wp-content\/uploads\/2020\/05\/Diapositiva8-4.jpg 960w, https:\/\/joaquinfranco.com\/wp-content\/uploads\/2020\/05\/Diapositiva8-4-300x225.jpg 300w, https:\/\/joaquinfranco.com\/wp-content\/uploads\/2020\/05\/Diapositiva8-4-768x576.jpg 768w\" sizes=\"(max-width: 960px) 100vw, 960px\" \/><\/a><\/figure><\/li><li class=\"blocks-gallery-item\"><figure><a href=\"http:\/\/joaquinfranco.com\/wp-content\/uploads\/2020\/05\/Diapositiva9-3.jpg\"><img loading=\"lazy\" width=\"960\" height=\"720\" src=\"http:\/\/joaquinfranco.com\/wp-content\/uploads\/2020\/05\/Diapositiva9-3.jpg\" alt=\"\" data-id=\"1491\" data-full-url=\"http:\/\/joaquinfranco.com\/wp-content\/uploads\/2020\/05\/Diapositiva9-3.jpg\" data-link=\"http:\/\/joaquinfranco.com\/?attachment_id=1491\" class=\"wp-image-1491\" srcset=\"https:\/\/joaquinfranco.com\/wp-content\/uploads\/2020\/05\/Diapositiva9-3.jpg 960w, https:\/\/joaquinfranco.com\/wp-content\/uploads\/2020\/05\/Diapositiva9-3-300x225.jpg 300w, https:\/\/joaquinfranco.com\/wp-content\/uploads\/2020\/05\/Diapositiva9-3-768x576.jpg 768w\" sizes=\"(max-width: 960px) 100vw, 960px\" \/><\/a><\/figure><\/li><\/ul><\/figure>\n","protected":false},"excerpt":{"rendered":"<p>Playa fluvial en un remanso del rio Campiazo al paso por Meruelo \u00abPLAYA VERDE\u00bb A\u00d1O 2016 Aprovechamiento de una zona del Rio Campiazo\u00a0 para crear\u00a0 una Playa verde, de interior\u00a0 con agua dulce situ\u00e1ndola en una zona de remanso del r\u00edo, cerca de un puente y una zona de\u00a0 presa,&#8230;<\/p>\n","protected":false},"author":1,"featured_media":0,"parent":0,"menu_order":0,"comment_status":"closed","ping_status":"closed","template":"","meta":[],"yoast_head":"<!-- This site is optimized with the Yoast SEO plugin v15.2.1 - https:\/\/yoast.com\/wordpress\/plugins\/seo\/ -->\n<title>ESTUDIOS PARA UNA PLAYA VERDE EN MERUELO - INTERIORISMO JOAQUIN FRANCO<\/title>\n<meta name=\"robots\" content=\"index, follow, max-snippet:-1, max-image-preview:large, max-video-preview:-1\" \/>\n<link rel=\"canonical\" href=\"https:\/\/joaquinfranco.com\/index.php\/estudios-para-una-playa-verde-en-meruelo\/\" \/>\n<meta property=\"og:locale\" content=\"es_ES\" \/>\n<meta property=\"og:type\" content=\"article\" \/>\n<meta property=\"og:title\" content=\"ESTUDIOS PARA UNA PLAYA VERDE EN MERUELO - INTERIORISMO JOAQUIN FRANCO\" \/>\n<meta property=\"og:description\" content=\"Playa fluvial en un remanso del rio Campiazo al paso por Meruelo \u00abPLAYA VERDE\u00bb A\u00d1O 2016 Aprovechamiento de una zona del Rio Campiazo\u00a0 para crear\u00a0 una Playa verde, de interior\u00a0 con agua dulce situ\u00e1ndola en una zona de remanso del r\u00edo, cerca de un puente y una zona de\u00a0 presa,...\" \/>\n<meta property=\"og:url\" content=\"https:\/\/joaquinfranco.com\/index.php\/estudios-para-una-playa-verde-en-meruelo\/\" \/>\n<meta property=\"og:site_name\" content=\"INTERIORISMO JOAQUIN FRANCO\" \/>\n<meta property=\"article:publisher\" content=\"https:\/\/www.facebook.com\/joaquin.francotrueba\" \/>\n<meta property=\"og:image\" content=\"http:\/\/joaquinfranco.com\/wp-content\/uploads\/2020\/05\/Diapositiva1-7.jpg\" \/>\n<meta name=\"twitter:card\" content=\"summary_large_image\" \/>\n<meta name=\"twitter:label1\" content=\"Escrito por\">\n\t<meta name=\"twitter:data1\" content=\"admin\">\n\t<meta name=\"twitter:label2\" content=\"Tiempo de lectura\">\n\t<meta name=\"twitter:data2\" content=\"1 minuto\">\n<script type=\"application\/ld+json\" class=\"yoast-schema-graph\">{\"@context\":\"https:\/\/schema.org\",\"@graph\":[{\"@type\":\"WebSite\",\"@id\":\"https:\/\/joaquinfranco.com\/#website\",\"url\":\"https:\/\/joaquinfranco.com\/\",\"name\":\"INTERIORISMO JOAQUIN FRANCO\",\"description\":\"Estudio de Decoraci\\u00f3n y Arquitectura Interior\",\"potentialAction\":[{\"@type\":\"SearchAction\",\"target\":\"https:\/\/joaquinfranco.com\/?s={search_term_string}\",\"query-input\":\"required name=search_term_string\"}],\"inLanguage\":\"es\"},{\"@type\":\"ImageObject\",\"@id\":\"https:\/\/joaquinfranco.com\/index.php\/estudios-para-una-playa-verde-en-meruelo\/#primaryimage\",\"inLanguage\":\"es\",\"url\":\"http:\/\/joaquinfranco.com\/wp-content\/uploads\/2020\/05\/Diapositiva1-7.jpg\"},{\"@type\":\"WebPage\",\"@id\":\"https:\/\/joaquinfranco.com\/index.php\/estudios-para-una-playa-verde-en-meruelo\/#webpage\",\"url\":\"https:\/\/joaquinfranco.com\/index.php\/estudios-para-una-playa-verde-en-meruelo\/\",\"name\":\"ESTUDIOS PARA UNA PLAYA VERDE EN MERUELO - INTERIORISMO JOAQUIN FRANCO\",\"isPartOf\":{\"@id\":\"https:\/\/joaquinfranco.com\/#website\"},\"primaryImageOfPage\":{\"@id\":\"https:\/\/joaquinfranco.com\/index.php\/estudios-para-una-playa-verde-en-meruelo\/#primaryimage\"},\"datePublished\":\"2020-05-11T18:26:21+00:00\",\"dateModified\":\"2020-05-11T18:26:21+00:00\",\"inLanguage\":\"es\",\"potentialAction\":[{\"@type\":\"ReadAction\",\"target\":[\"https:\/\/joaquinfranco.com\/index.php\/estudios-para-una-playa-verde-en-meruelo\/\"]}]}]}<\/script>\n<!-- \/ Yoast SEO plugin. -->","_links":{"self":[{"href":"https:\/\/joaquinfranco.com\/index.php\/wp-json\/wp\/v2\/pages\/1482"}],"collection":[{"href":"https:\/\/joaquinfranco.com\/index.php\/wp-json\/wp\/v2\/pages"}],"about":[{"href":"https:\/\/joaquinfranco.com\/index.php\/wp-json\/wp\/v2\/types\/page"}],"author":[{"embeddable":true,"href":"https:\/\/joaquinfranco.com\/index.php\/wp-json\/wp\/v2\/users\/1"}],"replies":[{"embeddable":true,"href":"https:\/\/joaquinfranco.com\/index.php\/wp-json\/wp\/v2\/comments?post=1482"}],"version-history":[{"count":1,"href":"https:\/\/joaquinfranco.com\/index.php\/wp-json\/wp\/v2\/pages\/1482\/revisions"}],"predecessor-version":[{"id":1493,"href":"https:\/\/joaquinfranco.com\/index.php\/wp-json\/wp\/v2\/pages\/1482\/revisions\/1493"}],"wp:attachment":[{"href":"https:\/\/joaquinfranco.com\/index.php\/wp-json\/wp\/v2\/media?parent=1482"}],"curies":[{"name":"wp","href":"https:\/\/api.w.org\/{rel}","templated":true}]}}