{"id":1443,"date":"2020-05-10T17:14:43","date_gmt":"2020-05-10T17:14:43","guid":{"rendered":"http:\/\/joaquinfranco.com\/?page_id=1443"},"modified":"2020-06-06T18:59:55","modified_gmt":"2020-06-06T18:59:55","slug":"decoracion-cafe-bar-amigo-el-astillero","status":"publish","type":"page","link":"https:\/\/joaquinfranco.com\/index.php\/decoracion-cafe-bar-amigo-el-astillero\/","title":{"rendered":"DECORACION CAFE-BAR \u00abAMIGO\u00bb EL ASTILLERO"},"content":{"rendered":"\n<h2 class=\"has-text-align-center\">DECORACI\u00d3N DE LOCAL COMO CAFE-BAR \u00abAMIGO\u00bb EN LA AVENIDA DE ESPA\u00d1A-EL ASTILLERO        (A\u00d1O 2003)<\/h2>\n\n\n\n<p class=\"has-drop-cap\">Decoraci\u00f3n Local para Caf\u00e9-Bar. En espacio interior se aprovecha la luz natural de las cristaleras de la fachada por la doble altura del local proporcionando un gran espacio visual a la zona de mesas. El tratamiento de la pintura en los pilares, mostrador de la barra y tableros de las mesas est\u00e1n pintadas con un tratamiento de imitaci\u00f3n al m\u00e1rmol y un lacado con 5 manos para su durabilidad y resistencia. Las molduras de escayola llevan un tratamiento de envejecimiento. El mobiliario es de tipo cabaret franc\u00e9s del siglo XIX. La decoraci\u00f3n de la barra, baldas armarios vitrina, puertas y friso protector de pared son de madera de cerezo con acabado en barniz a mano. La iluminaci\u00f3n con l\u00e1mparas colgantes encima de la barra. El punto focal del local son los murales representativos pintados a mano por Patxi. Uno representa el contorno de Astillero visto desde Pontejos y otro mural representa los monumentos de la provincia de Le\u00f3n.<\/p>\n\n\n\n<figure class=\"wp-block-gallery alignwide columns-4 is-cropped\"><ul class=\"blocks-gallery-grid\"><li class=\"blocks-gallery-item\"><figure><a href=\"http:\/\/joaquinfranco.com\/wp-content\/uploads\/2020\/05\/01-BAR-AMIGO.jpg\"><img loading=\"lazy\" width=\"500\" height=\"327\" src=\"http:\/\/joaquinfranco.com\/wp-content\/uploads\/2020\/05\/01-BAR-AMIGO.jpg\" alt=\"\" data-id=\"1445\" data-full-url=\"http:\/\/joaquinfranco.com\/wp-content\/uploads\/2020\/05\/01-BAR-AMIGO.jpg\" data-link=\"http:\/\/joaquinfranco.com\/?attachment_id=1445\" class=\"wp-image-1445\" srcset=\"https:\/\/joaquinfranco.com\/wp-content\/uploads\/2020\/05\/01-BAR-AMIGO.jpg 500w, https:\/\/joaquinfranco.com\/wp-content\/uploads\/2020\/05\/01-BAR-AMIGO-300x196.jpg 300w\" sizes=\"(max-width: 500px) 100vw, 500px\" \/><\/a><\/figure><\/li><li class=\"blocks-gallery-item\"><figure><a href=\"http:\/\/joaquinfranco.com\/wp-content\/uploads\/2020\/05\/02-BAR-AMIGO.jpg\"><img loading=\"lazy\" width=\"500\" height=\"326\" src=\"http:\/\/joaquinfranco.com\/wp-content\/uploads\/2020\/05\/02-BAR-AMIGO.jpg\" alt=\"\" data-id=\"1446\" data-full-url=\"http:\/\/joaquinfranco.com\/wp-content\/uploads\/2020\/05\/02-BAR-AMIGO.jpg\" data-link=\"http:\/\/joaquinfranco.com\/?attachment_id=1446\" class=\"wp-image-1446\" srcset=\"https:\/\/joaquinfranco.com\/wp-content\/uploads\/2020\/05\/02-BAR-AMIGO.jpg 500w, https:\/\/joaquinfranco.com\/wp-content\/uploads\/2020\/05\/02-BAR-AMIGO-300x196.jpg 300w\" sizes=\"(max-width: 500px) 100vw, 500px\" \/><\/a><\/figure><\/li><li class=\"blocks-gallery-item\"><figure><a href=\"http:\/\/joaquinfranco.com\/wp-content\/uploads\/2020\/05\/03-BAR-AMIGO.jpg\"><img loading=\"lazy\" width=\"500\" height=\"327\" src=\"http:\/\/joaquinfranco.com\/wp-content\/uploads\/2020\/05\/03-BAR-AMIGO.jpg\" alt=\"\" data-id=\"1447\" data-full-url=\"http:\/\/joaquinfranco.com\/wp-content\/uploads\/2020\/05\/03-BAR-AMIGO.jpg\" data-link=\"http:\/\/joaquinfranco.com\/?attachment_id=1447\" class=\"wp-image-1447\" srcset=\"https:\/\/joaquinfranco.com\/wp-content\/uploads\/2020\/05\/03-BAR-AMIGO.jpg 500w, https:\/\/joaquinfranco.com\/wp-content\/uploads\/2020\/05\/03-BAR-AMIGO-300x196.jpg 300w\" sizes=\"(max-width: 500px) 100vw, 500px\" \/><\/a><\/figure><\/li><li class=\"blocks-gallery-item\"><figure><a href=\"http:\/\/joaquinfranco.com\/wp-content\/uploads\/2020\/05\/04-BAR-AMIGO.jpg\"><img loading=\"lazy\" width=\"500\" height=\"327\" src=\"http:\/\/joaquinfranco.com\/wp-content\/uploads\/2020\/05\/04-BAR-AMIGO.jpg\" alt=\"\" data-id=\"1448\" data-full-url=\"http:\/\/joaquinfranco.com\/wp-content\/uploads\/2020\/05\/04-BAR-AMIGO.jpg\" data-link=\"http:\/\/joaquinfranco.com\/?attachment_id=1448\" class=\"wp-image-1448\" srcset=\"https:\/\/joaquinfranco.com\/wp-content\/uploads\/2020\/05\/04-BAR-AMIGO.jpg 500w, https:\/\/joaquinfranco.com\/wp-content\/uploads\/2020\/05\/04-BAR-AMIGO-300x196.jpg 300w\" sizes=\"(max-width: 500px) 100vw, 500px\" \/><\/a><\/figure><\/li><li class=\"blocks-gallery-item\"><figure><a href=\"http:\/\/joaquinfranco.com\/wp-content\/uploads\/2020\/05\/05-BAR-AMIGO.jpg\"><img loading=\"lazy\" width=\"500\" height=\"324\" src=\"http:\/\/joaquinfranco.com\/wp-content\/uploads\/2020\/05\/05-BAR-AMIGO.jpg\" alt=\"\" data-id=\"1449\" data-full-url=\"http:\/\/joaquinfranco.com\/wp-content\/uploads\/2020\/05\/05-BAR-AMIGO.jpg\" data-link=\"http:\/\/joaquinfranco.com\/?attachment_id=1449\" class=\"wp-image-1449\" srcset=\"https:\/\/joaquinfranco.com\/wp-content\/uploads\/2020\/05\/05-BAR-AMIGO.jpg 500w, https:\/\/joaquinfranco.com\/wp-content\/uploads\/2020\/05\/05-BAR-AMIGO-300x194.jpg 300w\" sizes=\"(max-width: 500px) 100vw, 500px\" \/><\/a><\/figure><\/li><li class=\"blocks-gallery-item\"><figure><a href=\"http:\/\/joaquinfranco.com\/wp-content\/uploads\/2020\/05\/06-BAR-AMIGO.jpg\"><img loading=\"lazy\" width=\"401\" height=\"500\" src=\"http:\/\/joaquinfranco.com\/wp-content\/uploads\/2020\/05\/06-BAR-AMIGO.jpg\" alt=\"\" data-id=\"1450\" data-full-url=\"http:\/\/joaquinfranco.com\/wp-content\/uploads\/2020\/05\/06-BAR-AMIGO.jpg\" data-link=\"http:\/\/joaquinfranco.com\/?attachment_id=1450\" class=\"wp-image-1450\" srcset=\"https:\/\/joaquinfranco.com\/wp-content\/uploads\/2020\/05\/06-BAR-AMIGO.jpg 401w, https:\/\/joaquinfranco.com\/wp-content\/uploads\/2020\/05\/06-BAR-AMIGO-241x300.jpg 241w\" sizes=\"(max-width: 401px) 100vw, 401px\" \/><\/a><\/figure><\/li><li class=\"blocks-gallery-item\"><figure><a href=\"http:\/\/joaquinfranco.com\/wp-content\/uploads\/2020\/05\/07-BAR-AMIGO.jpg\"><img loading=\"lazy\" width=\"318\" height=\"500\" src=\"http:\/\/joaquinfranco.com\/wp-content\/uploads\/2020\/05\/07-BAR-AMIGO.jpg\" alt=\"\" data-id=\"1451\" data-full-url=\"http:\/\/joaquinfranco.com\/wp-content\/uploads\/2020\/05\/07-BAR-AMIGO.jpg\" data-link=\"http:\/\/joaquinfranco.com\/?attachment_id=1451\" class=\"wp-image-1451\" srcset=\"https:\/\/joaquinfranco.com\/wp-content\/uploads\/2020\/05\/07-BAR-AMIGO.jpg 318w, https:\/\/joaquinfranco.com\/wp-content\/uploads\/2020\/05\/07-BAR-AMIGO-191x300.jpg 191w\" sizes=\"(max-width: 318px) 100vw, 318px\" \/><\/a><\/figure><\/li><li class=\"blocks-gallery-item\"><figure><a href=\"http:\/\/joaquinfranco.com\/wp-content\/uploads\/2020\/05\/08-BAR-AMIGO.jpg\"><img loading=\"lazy\" width=\"329\" height=\"500\" src=\"http:\/\/joaquinfranco.com\/wp-content\/uploads\/2020\/05\/08-BAR-AMIGO.jpg\" alt=\"\" data-id=\"1452\" data-full-url=\"http:\/\/joaquinfranco.com\/wp-content\/uploads\/2020\/05\/08-BAR-AMIGO.jpg\" data-link=\"http:\/\/joaquinfranco.com\/?attachment_id=1452\" class=\"wp-image-1452\" srcset=\"https:\/\/joaquinfranco.com\/wp-content\/uploads\/2020\/05\/08-BAR-AMIGO.jpg 329w, https:\/\/joaquinfranco.com\/wp-content\/uploads\/2020\/05\/08-BAR-AMIGO-197x300.jpg 197w\" sizes=\"(max-width: 329px) 100vw, 329px\" \/><\/a><\/figure><\/li><\/ul><\/figure>\n\n\n\n<figure class=\"wp-block-embed-youtube alignwide wp-block-embed is-type-video is-provider-youtube wp-embed-aspect-16-9 wp-has-aspect-ratio\"><div class=\"wp-block-embed__wrapper\">\n<iframe title=\"esf\u00e9rico Bar Amigo 3840x1920 injected\" width=\"790\" height=\"444\" src=\"https:\/\/www.youtube.com\/embed\/1RX3Ne70qn4?feature=oembed\" frameborder=\"0\" allow=\"accelerometer; autoplay; encrypted-media; gyroscope; picture-in-picture\" allowfullscreen><\/iframe>\n<\/div><\/figure>\n","protected":false},"excerpt":{"rendered":"<p>DECORACI\u00d3N DE LOCAL COMO CAFE-BAR \u00abAMIGO\u00bb EN LA AVENIDA DE ESPA\u00d1A-EL ASTILLERO (A\u00d1O 2003) Decoraci\u00f3n Local para Caf\u00e9-Bar. En espacio interior se aprovecha la luz natural de las cristaleras de la fachada por la doble altura del local proporcionando un gran espacio visual a la zona de mesas. El tratamiento&#8230;<\/p>\n","protected":false},"author":1,"featured_media":0,"parent":0,"menu_order":0,"comment_status":"closed","ping_status":"closed","template":"","meta":[],"yoast_head":"<!-- This site is optimized with the Yoast SEO plugin v15.2.1 - https:\/\/yoast.com\/wordpress\/plugins\/seo\/ -->\n<title>DECORACION CAFE-BAR &quot;AMIGO&quot; EL ASTILLERO - INTERIORISMO JOAQUIN FRANCO<\/title>\n<meta name=\"robots\" content=\"index, follow, max-snippet:-1, max-image-preview:large, max-video-preview:-1\" \/>\n<link rel=\"canonical\" href=\"https:\/\/joaquinfranco.com\/index.php\/decoracion-cafe-bar-amigo-el-astillero\/\" \/>\n<meta property=\"og:locale\" content=\"es_ES\" \/>\n<meta property=\"og:type\" content=\"article\" \/>\n<meta property=\"og:title\" content=\"DECORACION CAFE-BAR &quot;AMIGO&quot; EL ASTILLERO - INTERIORISMO JOAQUIN FRANCO\" \/>\n<meta property=\"og:description\" content=\"DECORACI\u00d3N DE LOCAL COMO CAFE-BAR \u00abAMIGO\u00bb EN LA AVENIDA DE ESPA\u00d1A-EL ASTILLERO (A\u00d1O 2003) Decoraci\u00f3n Local para Caf\u00e9-Bar. En espacio interior se aprovecha la luz natural de las cristaleras de la fachada por la doble altura del local proporcionando un gran espacio visual a la zona de mesas. El tratamiento...\" \/>\n<meta property=\"og:url\" content=\"https:\/\/joaquinfranco.com\/index.php\/decoracion-cafe-bar-amigo-el-astillero\/\" \/>\n<meta property=\"og:site_name\" content=\"INTERIORISMO JOAQUIN FRANCO\" \/>\n<meta property=\"article:publisher\" content=\"https:\/\/www.facebook.com\/joaquin.francotrueba\" \/>\n<meta property=\"article:modified_time\" content=\"2020-06-06T18:59:55+00:00\" \/>\n<meta property=\"og:image\" content=\"http:\/\/joaquinfranco.com\/wp-content\/uploads\/2020\/05\/01-BAR-AMIGO.jpg\" \/>\n<meta name=\"twitter:card\" content=\"summary_large_image\" \/>\n<meta name=\"twitter:label1\" content=\"Escrito por\">\n\t<meta name=\"twitter:data1\" content=\"admin\">\n\t<meta name=\"twitter:label2\" content=\"Tiempo de lectura\">\n\t<meta name=\"twitter:data2\" content=\"1 minuto\">\n<script type=\"application\/ld+json\" class=\"yoast-schema-graph\">{\"@context\":\"https:\/\/schema.org\",\"@graph\":[{\"@type\":\"WebSite\",\"@id\":\"https:\/\/joaquinfranco.com\/#website\",\"url\":\"https:\/\/joaquinfranco.com\/\",\"name\":\"INTERIORISMO JOAQUIN FRANCO\",\"description\":\"Estudio de Decoraci\\u00f3n y Arquitectura Interior\",\"potentialAction\":[{\"@type\":\"SearchAction\",\"target\":\"https:\/\/joaquinfranco.com\/?s={search_term_string}\",\"query-input\":\"required name=search_term_string\"}],\"inLanguage\":\"es\"},{\"@type\":\"ImageObject\",\"@id\":\"https:\/\/joaquinfranco.com\/index.php\/decoracion-cafe-bar-amigo-el-astillero\/#primaryimage\",\"inLanguage\":\"es\",\"url\":\"http:\/\/joaquinfranco.com\/wp-content\/uploads\/2020\/05\/01-BAR-AMIGO.jpg\"},{\"@type\":\"WebPage\",\"@id\":\"https:\/\/joaquinfranco.com\/index.php\/decoracion-cafe-bar-amigo-el-astillero\/#webpage\",\"url\":\"https:\/\/joaquinfranco.com\/index.php\/decoracion-cafe-bar-amigo-el-astillero\/\",\"name\":\"DECORACION CAFE-BAR \\\"AMIGO\\\" EL ASTILLERO - INTERIORISMO JOAQUIN FRANCO\",\"isPartOf\":{\"@id\":\"https:\/\/joaquinfranco.com\/#website\"},\"primaryImageOfPage\":{\"@id\":\"https:\/\/joaquinfranco.com\/index.php\/decoracion-cafe-bar-amigo-el-astillero\/#primaryimage\"},\"datePublished\":\"2020-05-10T17:14:43+00:00\",\"dateModified\":\"2020-06-06T18:59:55+00:00\",\"inLanguage\":\"es\",\"potentialAction\":[{\"@type\":\"ReadAction\",\"target\":[\"https:\/\/joaquinfranco.com\/index.php\/decoracion-cafe-bar-amigo-el-astillero\/\"]}]}]}<\/script>\n<!-- \/ Yoast SEO plugin. -->","_links":{"self":[{"href":"https:\/\/joaquinfranco.com\/index.php\/wp-json\/wp\/v2\/pages\/1443"}],"collection":[{"href":"https:\/\/joaquinfranco.com\/index.php\/wp-json\/wp\/v2\/pages"}],"about":[{"href":"https:\/\/joaquinfranco.com\/index.php\/wp-json\/wp\/v2\/types\/page"}],"author":[{"embeddable":true,"href":"https:\/\/joaquinfranco.com\/index.php\/wp-json\/wp\/v2\/users\/1"}],"replies":[{"embeddable":true,"href":"https:\/\/joaquinfranco.com\/index.php\/wp-json\/wp\/v2\/comments?post=1443"}],"version-history":[{"count":2,"href":"https:\/\/joaquinfranco.com\/index.php\/wp-json\/wp\/v2\/pages\/1443\/revisions"}],"predecessor-version":[{"id":1696,"href":"https:\/\/joaquinfranco.com\/index.php\/wp-json\/wp\/v2\/pages\/1443\/revisions\/1696"}],"wp:attachment":[{"href":"https:\/\/joaquinfranco.com\/index.php\/wp-json\/wp\/v2\/media?parent=1443"}],"curies":[{"name":"wp","href":"https:\/\/api.w.org\/{rel}","templated":true}]}}