{"id":1433,"date":"2020-05-10T16:56:16","date_gmt":"2020-05-10T16:56:16","guid":{"rendered":"http:\/\/joaquinfranco.com\/?page_id=1433"},"modified":"2020-05-10T16:56:16","modified_gmt":"2020-05-10T16:56:16","slug":"decoracion-de-cafeteria-en-el-astillero","status":"publish","type":"page","link":"https:\/\/joaquinfranco.com\/index.php\/decoracion-de-cafeteria-en-el-astillero\/","title":{"rendered":"DECORACION DE CAFETERIA EN EL ASTILLERO"},"content":{"rendered":"\n<h2 class=\"has-text-align-center\">CAFETERIA \u00abEL JARDIN\u00bb EN EL ASTILLERO CALLE INDUSTRIA  (A\u00d1O 2006)<\/h2>\n\n\n\n<p class=\"has-drop-cap\">Decoraci\u00f3n interior de cafeter\u00eda. En espacio interior se aprovecha la luz natural de las cristaleras de la fachada por la doble altura del local proporcionando un gran espacio visual a la zona de mesas. El tratamiento de la pintura en las paredes y las maderas de suelos y barandillas tintadas en colores verdes y amarillos hacen una sincronizaci\u00f3n con el mobiliario moderno y c\u00f3modo de mesas sillas y taburetes. La barra y las mesas altas tienen un tratamiento con pintura especial imitaci\u00f3n a marmolina. La iluminaci\u00f3n con l\u00e1mparas y farolillos de tulipas vegetales complementan la decoraci\u00f3n.<\/p>\n\n\n\n<figure class=\"wp-block-gallery alignwide columns-2 is-cropped\"><ul class=\"blocks-gallery-grid\"><li class=\"blocks-gallery-item\"><figure><a href=\"http:\/\/joaquinfranco.com\/wp-content\/uploads\/2020\/05\/EL-JARDIN-1.jpg\"><img loading=\"lazy\" width=\"312\" height=\"208\" src=\"http:\/\/joaquinfranco.com\/wp-content\/uploads\/2020\/05\/EL-JARDIN-1.jpg\" alt=\"\" data-id=\"1435\" data-full-url=\"http:\/\/joaquinfranco.com\/wp-content\/uploads\/2020\/05\/EL-JARDIN-1.jpg\" data-link=\"http:\/\/joaquinfranco.com\/?attachment_id=1435\" class=\"wp-image-1435\" srcset=\"https:\/\/joaquinfranco.com\/wp-content\/uploads\/2020\/05\/EL-JARDIN-1.jpg 312w, https:\/\/joaquinfranco.com\/wp-content\/uploads\/2020\/05\/EL-JARDIN-1-300x200.jpg 300w\" sizes=\"(max-width: 312px) 100vw, 312px\" \/><\/a><\/figure><\/li><li class=\"blocks-gallery-item\"><figure><a href=\"http:\/\/joaquinfranco.com\/wp-content\/uploads\/2020\/05\/EL-JARDIN-2.jpg\"><img loading=\"lazy\" width=\"312\" height=\"208\" src=\"http:\/\/joaquinfranco.com\/wp-content\/uploads\/2020\/05\/EL-JARDIN-2.jpg\" alt=\"\" data-id=\"1436\" data-full-url=\"http:\/\/joaquinfranco.com\/wp-content\/uploads\/2020\/05\/EL-JARDIN-2.jpg\" data-link=\"http:\/\/joaquinfranco.com\/?attachment_id=1436\" class=\"wp-image-1436\" srcset=\"https:\/\/joaquinfranco.com\/wp-content\/uploads\/2020\/05\/EL-JARDIN-2.jpg 312w, https:\/\/joaquinfranco.com\/wp-content\/uploads\/2020\/05\/EL-JARDIN-2-300x200.jpg 300w\" sizes=\"(max-width: 312px) 100vw, 312px\" \/><\/a><\/figure><\/li><li class=\"blocks-gallery-item\"><figure><a href=\"http:\/\/joaquinfranco.com\/wp-content\/uploads\/2020\/05\/EL-JARDIN-3.jpg\"><img loading=\"lazy\" width=\"312\" height=\"208\" src=\"http:\/\/joaquinfranco.com\/wp-content\/uploads\/2020\/05\/EL-JARDIN-3.jpg\" alt=\"\" data-id=\"1437\" data-full-url=\"http:\/\/joaquinfranco.com\/wp-content\/uploads\/2020\/05\/EL-JARDIN-3.jpg\" data-link=\"http:\/\/joaquinfranco.com\/?attachment_id=1437\" class=\"wp-image-1437\" srcset=\"https:\/\/joaquinfranco.com\/wp-content\/uploads\/2020\/05\/EL-JARDIN-3.jpg 312w, https:\/\/joaquinfranco.com\/wp-content\/uploads\/2020\/05\/EL-JARDIN-3-300x200.jpg 300w\" sizes=\"(max-width: 312px) 100vw, 312px\" \/><\/a><\/figure><\/li><li class=\"blocks-gallery-item\"><figure><a href=\"http:\/\/joaquinfranco.com\/wp-content\/uploads\/2020\/05\/EL-JARDIN-4.jpg\"><img loading=\"lazy\" width=\"312\" height=\"208\" src=\"http:\/\/joaquinfranco.com\/wp-content\/uploads\/2020\/05\/EL-JARDIN-4.jpg\" alt=\"\" data-id=\"1438\" data-full-url=\"http:\/\/joaquinfranco.com\/wp-content\/uploads\/2020\/05\/EL-JARDIN-4.jpg\" data-link=\"http:\/\/joaquinfranco.com\/?attachment_id=1438\" class=\"wp-image-1438\" srcset=\"https:\/\/joaquinfranco.com\/wp-content\/uploads\/2020\/05\/EL-JARDIN-4.jpg 312w, https:\/\/joaquinfranco.com\/wp-content\/uploads\/2020\/05\/EL-JARDIN-4-300x200.jpg 300w\" sizes=\"(max-width: 312px) 100vw, 312px\" \/><\/a><\/figure><\/li><li class=\"blocks-gallery-item\"><figure><a href=\"http:\/\/joaquinfranco.com\/wp-content\/uploads\/2020\/05\/EL-JARDIN-5.jpg\"><img loading=\"lazy\" width=\"312\" height=\"208\" src=\"http:\/\/joaquinfranco.com\/wp-content\/uploads\/2020\/05\/EL-JARDIN-5.jpg\" alt=\"\" data-id=\"1439\" data-full-url=\"http:\/\/joaquinfranco.com\/wp-content\/uploads\/2020\/05\/EL-JARDIN-5.jpg\" data-link=\"http:\/\/joaquinfranco.com\/?attachment_id=1439\" class=\"wp-image-1439\" srcset=\"https:\/\/joaquinfranco.com\/wp-content\/uploads\/2020\/05\/EL-JARDIN-5.jpg 312w, https:\/\/joaquinfranco.com\/wp-content\/uploads\/2020\/05\/EL-JARDIN-5-300x200.jpg 300w\" sizes=\"(max-width: 312px) 100vw, 312px\" \/><\/a><\/figure><\/li><li class=\"blocks-gallery-item\"><figure><a href=\"http:\/\/joaquinfranco.com\/wp-content\/uploads\/2020\/05\/EL-JARDIN-6.jpg\"><img loading=\"lazy\" width=\"312\" height=\"208\" src=\"http:\/\/joaquinfranco.com\/wp-content\/uploads\/2020\/05\/EL-JARDIN-6.jpg\" alt=\"\" data-id=\"1440\" data-full-url=\"http:\/\/joaquinfranco.com\/wp-content\/uploads\/2020\/05\/EL-JARDIN-6.jpg\" data-link=\"http:\/\/joaquinfranco.com\/?attachment_id=1440\" class=\"wp-image-1440\" srcset=\"https:\/\/joaquinfranco.com\/wp-content\/uploads\/2020\/05\/EL-JARDIN-6.jpg 312w, https:\/\/joaquinfranco.com\/wp-content\/uploads\/2020\/05\/EL-JARDIN-6-300x200.jpg 300w\" sizes=\"(max-width: 312px) 100vw, 312px\" \/><\/a><\/figure><\/li><\/ul><\/figure>\n","protected":false},"excerpt":{"rendered":"<p>CAFETERIA \u00abEL JARDIN\u00bb EN EL ASTILLERO CALLE INDUSTRIA (A\u00d1O 2006) Decoraci\u00f3n interior de cafeter\u00eda. En espacio interior se aprovecha la luz natural de las cristaleras de la fachada por la doble altura del local proporcionando un gran espacio visual a la zona de mesas. El tratamiento de la pintura en&#8230;<\/p>\n","protected":false},"author":1,"featured_media":0,"parent":0,"menu_order":0,"comment_status":"closed","ping_status":"closed","template":"","meta":[],"yoast_head":"<!-- This site is optimized with the Yoast SEO plugin v15.2.1 - https:\/\/yoast.com\/wordpress\/plugins\/seo\/ -->\n<title>DECORACION DE CAFETERIA EN EL ASTILLERO - INTERIORISMO JOAQUIN FRANCO<\/title>\n<meta name=\"robots\" content=\"index, follow, max-snippet:-1, max-image-preview:large, max-video-preview:-1\" \/>\n<link rel=\"canonical\" href=\"https:\/\/joaquinfranco.com\/index.php\/decoracion-de-cafeteria-en-el-astillero\/\" \/>\n<meta property=\"og:locale\" content=\"es_ES\" \/>\n<meta property=\"og:type\" content=\"article\" \/>\n<meta property=\"og:title\" content=\"DECORACION DE CAFETERIA EN EL ASTILLERO - INTERIORISMO JOAQUIN FRANCO\" \/>\n<meta property=\"og:description\" content=\"CAFETERIA \u00abEL JARDIN\u00bb EN EL ASTILLERO CALLE INDUSTRIA (A\u00d1O 2006) Decoraci\u00f3n interior de cafeter\u00eda. En espacio interior se aprovecha la luz natural de las cristaleras de la fachada por la doble altura del local proporcionando un gran espacio visual a la zona de mesas. El tratamiento de la pintura en...\" \/>\n<meta property=\"og:url\" content=\"https:\/\/joaquinfranco.com\/index.php\/decoracion-de-cafeteria-en-el-astillero\/\" \/>\n<meta property=\"og:site_name\" content=\"INTERIORISMO JOAQUIN FRANCO\" \/>\n<meta property=\"article:publisher\" content=\"https:\/\/www.facebook.com\/joaquin.francotrueba\" \/>\n<meta property=\"og:image\" content=\"http:\/\/joaquinfranco.com\/wp-content\/uploads\/2020\/05\/EL-JARDIN-1.jpg\" \/>\n<meta name=\"twitter:card\" content=\"summary_large_image\" \/>\n<meta name=\"twitter:label1\" content=\"Escrito por\">\n\t<meta name=\"twitter:data1\" content=\"admin\">\n\t<meta name=\"twitter:label2\" content=\"Tiempo de lectura\">\n\t<meta name=\"twitter:data2\" content=\"0 minutos\">\n<script type=\"application\/ld+json\" class=\"yoast-schema-graph\">{\"@context\":\"https:\/\/schema.org\",\"@graph\":[{\"@type\":\"WebSite\",\"@id\":\"https:\/\/joaquinfranco.com\/#website\",\"url\":\"https:\/\/joaquinfranco.com\/\",\"name\":\"INTERIORISMO JOAQUIN FRANCO\",\"description\":\"Estudio de Decoraci\\u00f3n y Arquitectura Interior\",\"potentialAction\":[{\"@type\":\"SearchAction\",\"target\":\"https:\/\/joaquinfranco.com\/?s={search_term_string}\",\"query-input\":\"required name=search_term_string\"}],\"inLanguage\":\"es\"},{\"@type\":\"ImageObject\",\"@id\":\"https:\/\/joaquinfranco.com\/index.php\/decoracion-de-cafeteria-en-el-astillero\/#primaryimage\",\"inLanguage\":\"es\",\"url\":\"http:\/\/joaquinfranco.com\/wp-content\/uploads\/2020\/05\/EL-JARDIN-1.jpg\"},{\"@type\":\"WebPage\",\"@id\":\"https:\/\/joaquinfranco.com\/index.php\/decoracion-de-cafeteria-en-el-astillero\/#webpage\",\"url\":\"https:\/\/joaquinfranco.com\/index.php\/decoracion-de-cafeteria-en-el-astillero\/\",\"name\":\"DECORACION DE CAFETERIA EN EL ASTILLERO - INTERIORISMO JOAQUIN FRANCO\",\"isPartOf\":{\"@id\":\"https:\/\/joaquinfranco.com\/#website\"},\"primaryImageOfPage\":{\"@id\":\"https:\/\/joaquinfranco.com\/index.php\/decoracion-de-cafeteria-en-el-astillero\/#primaryimage\"},\"datePublished\":\"2020-05-10T16:56:16+00:00\",\"dateModified\":\"2020-05-10T16:56:16+00:00\",\"inLanguage\":\"es\",\"potentialAction\":[{\"@type\":\"ReadAction\",\"target\":[\"https:\/\/joaquinfranco.com\/index.php\/decoracion-de-cafeteria-en-el-astillero\/\"]}]}]}<\/script>\n<!-- \/ Yoast SEO plugin. -->","_links":{"self":[{"href":"https:\/\/joaquinfranco.com\/index.php\/wp-json\/wp\/v2\/pages\/1433"}],"collection":[{"href":"https:\/\/joaquinfranco.com\/index.php\/wp-json\/wp\/v2\/pages"}],"about":[{"href":"https:\/\/joaquinfranco.com\/index.php\/wp-json\/wp\/v2\/types\/page"}],"author":[{"embeddable":true,"href":"https:\/\/joaquinfranco.com\/index.php\/wp-json\/wp\/v2\/users\/1"}],"replies":[{"embeddable":true,"href":"https:\/\/joaquinfranco.com\/index.php\/wp-json\/wp\/v2\/comments?post=1433"}],"version-history":[{"count":1,"href":"https:\/\/joaquinfranco.com\/index.php\/wp-json\/wp\/v2\/pages\/1433\/revisions"}],"predecessor-version":[{"id":1442,"href":"https:\/\/joaquinfranco.com\/index.php\/wp-json\/wp\/v2\/pages\/1433\/revisions\/1442"}],"wp:attachment":[{"href":"https:\/\/joaquinfranco.com\/index.php\/wp-json\/wp\/v2\/media?parent=1433"}],"curies":[{"name":"wp","href":"https:\/\/api.w.org\/{rel}","templated":true}]}}