{"id":1291,"date":"2020-05-10T10:25:05","date_gmt":"2020-05-10T10:25:05","guid":{"rendered":"http:\/\/joaquinfranco.com\/?page_id=1291"},"modified":"2020-05-10T16:32:00","modified_gmt":"2020-05-10T16:32:00","slug":"estudios-naves-degima","status":"publish","type":"page","link":"https:\/\/joaquinfranco.com\/index.php\/estudios-naves-degima\/","title":{"rendered":"ESTUDIOS NAVES DEGIMA"},"content":{"rendered":"\n<h2 class=\"has-text-align-center\">ESTUDIOS PARA LA AMPLICI\u00d3N DE NAVE ZONA EDIFICIO DE OFICINAS EN MALIA\u00d1O(A\u00d1O 2004)<\/h2>\n\n\n\n<figure class=\"wp-block-gallery alignwide columns-3 is-cropped\"><ul class=\"blocks-gallery-grid\"><li class=\"blocks-gallery-item\"><figure><a href=\"http:\/\/joaquinfranco.com\/wp-content\/uploads\/2020\/05\/01-planta-baja.jpg\"><img loading=\"lazy\" width=\"750\" height=\"603\" src=\"http:\/\/joaquinfranco.com\/wp-content\/uploads\/2020\/05\/01-planta-baja.jpg\" alt=\"\" data-id=\"1428\" data-full-url=\"http:\/\/joaquinfranco.com\/wp-content\/uploads\/2020\/05\/01-planta-baja.jpg\" data-link=\"http:\/\/joaquinfranco.com\/index.php\/estudios-naves-degima\/01-planta-baja\/\" class=\"wp-image-1428\" srcset=\"https:\/\/joaquinfranco.com\/wp-content\/uploads\/2020\/05\/01-planta-baja.jpg 750w, https:\/\/joaquinfranco.com\/wp-content\/uploads\/2020\/05\/01-planta-baja-300x241.jpg 300w\" sizes=\"(max-width: 750px) 100vw, 750px\" \/><\/a><\/figure><\/li><li class=\"blocks-gallery-item\"><figure><a href=\"http:\/\/joaquinfranco.com\/wp-content\/uploads\/2020\/05\/02-pla-1\u00ba.jpg\"><img loading=\"lazy\" width=\"751\" height=\"573\" src=\"http:\/\/joaquinfranco.com\/wp-content\/uploads\/2020\/05\/02-pla-1\u00ba.jpg\" alt=\"\" data-id=\"1429\" data-full-url=\"http:\/\/joaquinfranco.com\/wp-content\/uploads\/2020\/05\/02-pla-1\u00ba.jpg\" data-link=\"http:\/\/joaquinfranco.com\/index.php\/estudios-naves-degima\/02-pla-1o\/\" class=\"wp-image-1429\" srcset=\"https:\/\/joaquinfranco.com\/wp-content\/uploads\/2020\/05\/02-pla-1\u00ba.jpg 751w, https:\/\/joaquinfranco.com\/wp-content\/uploads\/2020\/05\/02-pla-1\u00ba-300x229.jpg 300w\" sizes=\"(max-width: 751px) 100vw, 751px\" \/><\/a><\/figure><\/li><li class=\"blocks-gallery-item\"><figure><a href=\"http:\/\/joaquinfranco.com\/wp-content\/uploads\/2020\/05\/03-seccion.jpg\"><img loading=\"lazy\" width=\"1024\" height=\"684\" src=\"http:\/\/joaquinfranco.com\/wp-content\/uploads\/2020\/05\/03-seccion-1024x684.jpg\" alt=\"\" data-id=\"1430\" data-full-url=\"http:\/\/joaquinfranco.com\/wp-content\/uploads\/2020\/05\/03-seccion.jpg\" data-link=\"http:\/\/joaquinfranco.com\/index.php\/estudios-naves-degima\/03-seccion\/\" class=\"wp-image-1430\" srcset=\"https:\/\/joaquinfranco.com\/wp-content\/uploads\/2020\/05\/03-seccion-1024x684.jpg 1024w, https:\/\/joaquinfranco.com\/wp-content\/uploads\/2020\/05\/03-seccion-300x200.jpg 300w, https:\/\/joaquinfranco.com\/wp-content\/uploads\/2020\/05\/03-seccion-768x513.jpg 768w, https:\/\/joaquinfranco.com\/wp-content\/uploads\/2020\/05\/03-seccion.jpg 1174w\" sizes=\"(max-width: 1024px) 100vw, 1024px\" \/><\/a><\/figure><\/li><\/ul><\/figure>\n\n\n\n<figure class=\"wp-block-gallery alignwide columns-4 is-cropped\"><ul class=\"blocks-gallery-grid\"><li class=\"blocks-gallery-item\"><figure><a href=\"http:\/\/joaquinfranco.com\/wp-content\/uploads\/2020\/05\/ALZADOS1.jpg\"><img loading=\"lazy\" width=\"400\" height=\"268\" src=\"http:\/\/joaquinfranco.com\/wp-content\/uploads\/2020\/05\/ALZADOS1.jpg\" alt=\"\" data-id=\"1292\" data-full-url=\"http:\/\/joaquinfranco.com\/wp-content\/uploads\/2020\/05\/ALZADOS1.jpg\" data-link=\"http:\/\/joaquinfranco.com\/?attachment_id=1292\" class=\"wp-image-1292\" srcset=\"https:\/\/joaquinfranco.com\/wp-content\/uploads\/2020\/05\/ALZADOS1.jpg 400w, https:\/\/joaquinfranco.com\/wp-content\/uploads\/2020\/05\/ALZADOS1-300x201.jpg 300w\" sizes=\"(max-width: 400px) 100vw, 400px\" \/><\/a><\/figure><\/li><li class=\"blocks-gallery-item\"><figure><a href=\"http:\/\/joaquinfranco.com\/wp-content\/uploads\/2020\/05\/ALZADOS2.jpg\"><img loading=\"lazy\" width=\"400\" height=\"268\" src=\"http:\/\/joaquinfranco.com\/wp-content\/uploads\/2020\/05\/ALZADOS2.jpg\" alt=\"\" data-id=\"1293\" data-full-url=\"http:\/\/joaquinfranco.com\/wp-content\/uploads\/2020\/05\/ALZADOS2.jpg\" data-link=\"http:\/\/joaquinfranco.com\/?attachment_id=1293\" class=\"wp-image-1293\" srcset=\"https:\/\/joaquinfranco.com\/wp-content\/uploads\/2020\/05\/ALZADOS2.jpg 400w, https:\/\/joaquinfranco.com\/wp-content\/uploads\/2020\/05\/ALZADOS2-300x201.jpg 300w\" sizes=\"(max-width: 400px) 100vw, 400px\" \/><\/a><\/figure><\/li><li class=\"blocks-gallery-item\"><figure><a href=\"http:\/\/joaquinfranco.com\/wp-content\/uploads\/2020\/05\/complejo-3d.jpg\"><img loading=\"lazy\" width=\"400\" height=\"264\" src=\"http:\/\/joaquinfranco.com\/wp-content\/uploads\/2020\/05\/complejo-3d.jpg\" alt=\"\" data-id=\"1294\" data-full-url=\"http:\/\/joaquinfranco.com\/wp-content\/uploads\/2020\/05\/complejo-3d.jpg\" data-link=\"http:\/\/joaquinfranco.com\/?attachment_id=1294\" class=\"wp-image-1294\" srcset=\"https:\/\/joaquinfranco.com\/wp-content\/uploads\/2020\/05\/complejo-3d.jpg 400w, https:\/\/joaquinfranco.com\/wp-content\/uploads\/2020\/05\/complejo-3d-300x198.jpg 300w\" sizes=\"(max-width: 400px) 100vw, 400px\" \/><\/a><\/figure><\/li><li class=\"blocks-gallery-item\"><figure><a href=\"http:\/\/joaquinfranco.com\/wp-content\/uploads\/2020\/05\/complejo-3d1.jpg\"><img loading=\"lazy\" width=\"400\" height=\"264\" src=\"http:\/\/joaquinfranco.com\/wp-content\/uploads\/2020\/05\/complejo-3d1.jpg\" alt=\"\" data-id=\"1295\" data-full-url=\"http:\/\/joaquinfranco.com\/wp-content\/uploads\/2020\/05\/complejo-3d1.jpg\" data-link=\"http:\/\/joaquinfranco.com\/?attachment_id=1295\" class=\"wp-image-1295\" srcset=\"https:\/\/joaquinfranco.com\/wp-content\/uploads\/2020\/05\/complejo-3d1.jpg 400w, https:\/\/joaquinfranco.com\/wp-content\/uploads\/2020\/05\/complejo-3d1-300x198.jpg 300w\" sizes=\"(max-width: 400px) 100vw, 400px\" \/><\/a><\/figure><\/li><li class=\"blocks-gallery-item\"><figure><a href=\"http:\/\/joaquinfranco.com\/wp-content\/uploads\/2020\/05\/complejo-3d3.jpg\"><img loading=\"lazy\" width=\"400\" height=\"268\" src=\"http:\/\/joaquinfranco.com\/wp-content\/uploads\/2020\/05\/complejo-3d3.jpg\" alt=\"\" data-id=\"1296\" data-full-url=\"http:\/\/joaquinfranco.com\/wp-content\/uploads\/2020\/05\/complejo-3d3.jpg\" data-link=\"http:\/\/joaquinfranco.com\/?attachment_id=1296\" class=\"wp-image-1296\" srcset=\"https:\/\/joaquinfranco.com\/wp-content\/uploads\/2020\/05\/complejo-3d3.jpg 400w, https:\/\/joaquinfranco.com\/wp-content\/uploads\/2020\/05\/complejo-3d3-300x201.jpg 300w\" sizes=\"(max-width: 400px) 100vw, 400px\" \/><\/a><\/figure><\/li><li class=\"blocks-gallery-item\"><figure><a href=\"http:\/\/joaquinfranco.com\/wp-content\/uploads\/2020\/05\/complejo-3d4.jpg\"><img loading=\"lazy\" width=\"400\" height=\"268\" src=\"http:\/\/joaquinfranco.com\/wp-content\/uploads\/2020\/05\/complejo-3d4.jpg\" alt=\"\" data-id=\"1297\" data-full-url=\"http:\/\/joaquinfranco.com\/wp-content\/uploads\/2020\/05\/complejo-3d4.jpg\" data-link=\"http:\/\/joaquinfranco.com\/?attachment_id=1297\" class=\"wp-image-1297\" srcset=\"https:\/\/joaquinfranco.com\/wp-content\/uploads\/2020\/05\/complejo-3d4.jpg 400w, https:\/\/joaquinfranco.com\/wp-content\/uploads\/2020\/05\/complejo-3d4-300x201.jpg 300w\" sizes=\"(max-width: 400px) 100vw, 400px\" \/><\/a><\/figure><\/li><li class=\"blocks-gallery-item\"><figure><a href=\"http:\/\/joaquinfranco.com\/wp-content\/uploads\/2020\/05\/fon-6-3d.jpg\"><img loading=\"lazy\" width=\"400\" height=\"165\" src=\"http:\/\/joaquinfranco.com\/wp-content\/uploads\/2020\/05\/fon-6-3d.jpg\" alt=\"\" data-id=\"1298\" data-full-url=\"http:\/\/joaquinfranco.com\/wp-content\/uploads\/2020\/05\/fon-6-3d.jpg\" data-link=\"http:\/\/joaquinfranco.com\/?attachment_id=1298\" class=\"wp-image-1298\" srcset=\"https:\/\/joaquinfranco.com\/wp-content\/uploads\/2020\/05\/fon-6-3d.jpg 400w, https:\/\/joaquinfranco.com\/wp-content\/uploads\/2020\/05\/fon-6-3d-300x124.jpg 300w\" sizes=\"(max-width: 400px) 100vw, 400px\" \/><\/a><\/figure><\/li><li class=\"blocks-gallery-item\"><figure><a href=\"http:\/\/joaquinfranco.com\/wp-content\/uploads\/2020\/05\/font-4-3d.jpg\"><img loading=\"lazy\" width=\"300\" height=\"251\" src=\"http:\/\/joaquinfranco.com\/wp-content\/uploads\/2020\/05\/font-4-3d.jpg\" alt=\"\" data-id=\"1299\" data-full-url=\"http:\/\/joaquinfranco.com\/wp-content\/uploads\/2020\/05\/font-4-3d.jpg\" data-link=\"http:\/\/joaquinfranco.com\/?attachment_id=1299\" class=\"wp-image-1299\"\/><\/a><\/figure><\/li><li class=\"blocks-gallery-item\"><figure><a href=\"http:\/\/joaquinfranco.com\/wp-content\/uploads\/2020\/05\/general-color.jpg\"><img loading=\"lazy\" width=\"400\" height=\"266\" src=\"http:\/\/joaquinfranco.com\/wp-content\/uploads\/2020\/05\/general-color.jpg\" alt=\"\" data-id=\"1300\" data-full-url=\"http:\/\/joaquinfranco.com\/wp-content\/uploads\/2020\/05\/general-color.jpg\" data-link=\"http:\/\/joaquinfranco.com\/?attachment_id=1300\" class=\"wp-image-1300\" srcset=\"https:\/\/joaquinfranco.com\/wp-content\/uploads\/2020\/05\/general-color.jpg 400w, https:\/\/joaquinfranco.com\/wp-content\/uploads\/2020\/05\/general-color-300x200.jpg 300w\" sizes=\"(max-width: 400px) 100vw, 400px\" \/><\/a><\/figure><\/li><li class=\"blocks-gallery-item\"><figure><a href=\"http:\/\/joaquinfranco.com\/wp-content\/uploads\/2020\/05\/MODIFICACION-1-copiar.jpg\"><img loading=\"lazy\" width=\"400\" height=\"300\" src=\"http:\/\/joaquinfranco.com\/wp-content\/uploads\/2020\/05\/MODIFICACION-1-copiar.jpg\" alt=\"\" data-id=\"1301\" data-full-url=\"http:\/\/joaquinfranco.com\/wp-content\/uploads\/2020\/05\/MODIFICACION-1-copiar.jpg\" data-link=\"http:\/\/joaquinfranco.com\/?attachment_id=1301\" class=\"wp-image-1301\" srcset=\"https:\/\/joaquinfranco.com\/wp-content\/uploads\/2020\/05\/MODIFICACION-1-copiar.jpg 400w, https:\/\/joaquinfranco.com\/wp-content\/uploads\/2020\/05\/MODIFICACION-1-copiar-300x225.jpg 300w\" sizes=\"(max-width: 400px) 100vw, 400px\" \/><\/a><\/figure><\/li><li class=\"blocks-gallery-item\"><figure><a href=\"http:\/\/joaquinfranco.com\/wp-content\/uploads\/2020\/05\/oficinas1.jpg\"><img loading=\"lazy\" width=\"320\" height=\"240\" src=\"http:\/\/joaquinfranco.com\/wp-content\/uploads\/2020\/05\/oficinas1.jpg\" alt=\"\" data-id=\"1302\" data-full-url=\"http:\/\/joaquinfranco.com\/wp-content\/uploads\/2020\/05\/oficinas1.jpg\" data-link=\"http:\/\/joaquinfranco.com\/?attachment_id=1302\" class=\"wp-image-1302\" srcset=\"https:\/\/joaquinfranco.com\/wp-content\/uploads\/2020\/05\/oficinas1.jpg 320w, https:\/\/joaquinfranco.com\/wp-content\/uploads\/2020\/05\/oficinas1-300x225.jpg 300w\" sizes=\"(max-width: 320px) 100vw, 320px\" \/><\/a><\/figure><\/li><\/ul><\/figure>\n","protected":false},"excerpt":{"rendered":"<p>ESTUDIOS PARA LA AMPLICI\u00d3N DE NAVE ZONA EDIFICIO DE OFICINAS EN MALIA\u00d1O(A\u00d1O 2004)<\/p>\n","protected":false},"author":1,"featured_media":0,"parent":0,"menu_order":0,"comment_status":"closed","ping_status":"closed","template":"","meta":[],"yoast_head":"<!-- This site is optimized with the Yoast SEO plugin v15.2.1 - https:\/\/yoast.com\/wordpress\/plugins\/seo\/ -->\n<title>ESTUDIOS NAVES DEGIMA - INTERIORISMO JOAQUIN FRANCO<\/title>\n<meta name=\"robots\" content=\"index, follow, max-snippet:-1, max-image-preview:large, max-video-preview:-1\" \/>\n<link rel=\"canonical\" href=\"https:\/\/joaquinfranco.com\/index.php\/estudios-naves-degima\/\" \/>\n<meta property=\"og:locale\" content=\"es_ES\" \/>\n<meta property=\"og:type\" content=\"article\" \/>\n<meta property=\"og:title\" content=\"ESTUDIOS NAVES DEGIMA - INTERIORISMO JOAQUIN FRANCO\" \/>\n<meta property=\"og:description\" content=\"ESTUDIOS PARA LA AMPLICI\u00d3N DE NAVE ZONA EDIFICIO DE OFICINAS EN MALIA\u00d1O(A\u00d1O 2004)\" \/>\n<meta property=\"og:url\" content=\"https:\/\/joaquinfranco.com\/index.php\/estudios-naves-degima\/\" \/>\n<meta property=\"og:site_name\" content=\"INTERIORISMO JOAQUIN FRANCO\" \/>\n<meta property=\"article:publisher\" content=\"https:\/\/www.facebook.com\/joaquin.francotrueba\" \/>\n<meta property=\"article:modified_time\" content=\"2020-05-10T16:32:00+00:00\" \/>\n<meta property=\"og:image\" content=\"http:\/\/joaquinfranco.com\/wp-content\/uploads\/2020\/05\/01-planta-baja.jpg\" \/>\n<meta name=\"twitter:card\" content=\"summary_large_image\" \/>\n<meta name=\"twitter:label1\" content=\"Escrito por\">\n\t<meta name=\"twitter:data1\" content=\"admin\">\n\t<meta name=\"twitter:label2\" content=\"Tiempo de lectura\">\n\t<meta name=\"twitter:data2\" content=\"0 minutos\">\n<script type=\"application\/ld+json\" class=\"yoast-schema-graph\">{\"@context\":\"https:\/\/schema.org\",\"@graph\":[{\"@type\":\"WebSite\",\"@id\":\"https:\/\/joaquinfranco.com\/#website\",\"url\":\"https:\/\/joaquinfranco.com\/\",\"name\":\"INTERIORISMO JOAQUIN FRANCO\",\"description\":\"Estudio de Decoraci\\u00f3n y Arquitectura Interior\",\"potentialAction\":[{\"@type\":\"SearchAction\",\"target\":\"https:\/\/joaquinfranco.com\/?s={search_term_string}\",\"query-input\":\"required name=search_term_string\"}],\"inLanguage\":\"es\"},{\"@type\":\"ImageObject\",\"@id\":\"https:\/\/joaquinfranco.com\/index.php\/estudios-naves-degima\/#primaryimage\",\"inLanguage\":\"es\",\"url\":\"http:\/\/joaquinfranco.com\/wp-content\/uploads\/2020\/05\/01-planta-baja.jpg\"},{\"@type\":\"WebPage\",\"@id\":\"https:\/\/joaquinfranco.com\/index.php\/estudios-naves-degima\/#webpage\",\"url\":\"https:\/\/joaquinfranco.com\/index.php\/estudios-naves-degima\/\",\"name\":\"ESTUDIOS NAVES DEGIMA - INTERIORISMO JOAQUIN FRANCO\",\"isPartOf\":{\"@id\":\"https:\/\/joaquinfranco.com\/#website\"},\"primaryImageOfPage\":{\"@id\":\"https:\/\/joaquinfranco.com\/index.php\/estudios-naves-degima\/#primaryimage\"},\"datePublished\":\"2020-05-10T10:25:05+00:00\",\"dateModified\":\"2020-05-10T16:32:00+00:00\",\"inLanguage\":\"es\",\"potentialAction\":[{\"@type\":\"ReadAction\",\"target\":[\"https:\/\/joaquinfranco.com\/index.php\/estudios-naves-degima\/\"]}]}]}<\/script>\n<!-- \/ Yoast SEO plugin. -->","_links":{"self":[{"href":"https:\/\/joaquinfranco.com\/index.php\/wp-json\/wp\/v2\/pages\/1291"}],"collection":[{"href":"https:\/\/joaquinfranco.com\/index.php\/wp-json\/wp\/v2\/pages"}],"about":[{"href":"https:\/\/joaquinfranco.com\/index.php\/wp-json\/wp\/v2\/types\/page"}],"author":[{"embeddable":true,"href":"https:\/\/joaquinfranco.com\/index.php\/wp-json\/wp\/v2\/users\/1"}],"replies":[{"embeddable":true,"href":"https:\/\/joaquinfranco.com\/index.php\/wp-json\/wp\/v2\/comments?post=1291"}],"version-history":[{"count":2,"href":"https:\/\/joaquinfranco.com\/index.php\/wp-json\/wp\/v2\/pages\/1291\/revisions"}],"predecessor-version":[{"id":1431,"href":"https:\/\/joaquinfranco.com\/index.php\/wp-json\/wp\/v2\/pages\/1291\/revisions\/1431"}],"wp:attachment":[{"href":"https:\/\/joaquinfranco.com\/index.php\/wp-json\/wp\/v2\/media?parent=1291"}],"curies":[{"name":"wp","href":"https:\/\/api.w.org\/{rel}","templated":true}]}}