{"id":1258,"date":"2020-05-10T09:13:57","date_gmt":"2020-05-10T09:13:57","guid":{"rendered":"http:\/\/joaquinfranco.com\/?page_id=1258"},"modified":"2020-06-02T17:48:55","modified_gmt":"2020-06-02T17:48:55","slug":"nave-ezquerra-mazo","status":"publish","type":"page","link":"https:\/\/joaquinfranco.com\/index.php\/nave-ezquerra-mazo\/","title":{"rendered":"NAVE EZQUERRA MAZO"},"content":{"rendered":"\n<h3 class=\"has-text-align-center\">DISE\u00d1O ACEDUACI\u00d3N DE NAVE PARA ALMACEN DE CAMIONES, EMPRESA DE TRANSPORTES EZQUERRA MAZO EN MALIA\u00d1O (A\u00d1O 2005)<\/h3>\n\n\n\n<p class=\"has-drop-cap\">Dise\u00f1o de nave  y parcela para albergar el almacenamiento de camiones, zona de taller de reparaciones, lavado y oficinas. <\/p>\n\n\n\n<p>Tras un estudio con el cliente se ordena el siguiente reparto del bloque de oficinas partiendo de una puerta acristalada corredera con c\u00e9lula se accede al hall de entrada en el cual una escalera nos permite asceder asta la planta primera. El hall se encuentra acristalado con amplios ventanales fijos que van a producir una gran iluminaci\u00f3n natural de todo el espacio interior y de distribuci\u00f3n de la planta primera.<\/p>\n\n\n\n<p>Desde el hall en la planta baja un puerta nos comunica &nbsp;un&nbsp; espacio di\u00e1fano dedicado a puestos de oficina que se divide por un mueble mostrador para la atenci\u00f3n al p\u00fablico, dos puestos de oficinas y al fondo una mampara&nbsp; con una puerta reparte una zona para sala de reuniones o despacho. Dentro del \u00e1rea di\u00e1fana dos puertas nos comunicas con dos ba\u00f1os independientes (uno para hombres y otro para mujeres) formados cada uno por un lavabo y un inodoro.<\/p>\n\n\n\n<p>Todo el espacio se compone de amplios ventanales por los cuales penetra gran luz natural y ventilaci\u00f3n.<\/p>\n\n\n\n<p>Desde la nave podemos acceder por una amplia puerta pudiendo entrar una carretilla a un gran almac\u00e9n. De frente una puerta contra incendios nos d\u00e1 acceso a un \u00e1rea de tres lavabos y dos inodoros separando las dos zonas por una tabiquer\u00eda de una altura de dos metros. Seguidamente desde el aseo otra puerta nos comunica con el vestuario en el cual en su lado derecho se sit\u00faan 4 ventanas a una altura de dos metros para una iluminaci\u00f3n natural por el almac\u00e9n. Al fondo se contempla la caldera de agua caliente de todos los ba\u00f1os y aseos del grupo de oficinas, y en su lado derecho al fondo se localizan dos inodoros con sus puertas y dos platos de ducha.<\/p>\n\n\n\n<p>Desde el hall por la escalera de dos tramos en \u201cL\u201d se accede a la planta primera en la cual un distribuidor nos enfrenta dos puertas las cuales nos comunican con dos sendos espacios di\u00e1fanos el de la derecha dedicado a oficina de tr\u00e1fico para tres o cuatro puestos de trabajo con iluminaci\u00f3n hacia la nave por medio de ventanas correderas, un ventanal de tres hojas hacia la fachada principal y don cristaleras hacia el hall.<\/p>\n\n\n\n<p>La puerta de la izquierda nos dirige a las oficinas principales con un \u00e1rea de atenci\u00f3n al p\u00fablico con un ventanal de hojas correderas que nos d\u00e1 hacia el distribuidor con una peque\u00f1a zona de espera.<\/p>\n\n\n\n<p>Dentro del \u00e1rea di\u00e1fana se encuentra un despacho, dos puestos de trabajo y un \u00e1rea dividida por mamparas y una puerta para acceder a otro despacho. Al fondo se sit\u00faa una puerta para acceder al \u00e1rea de archivo.<\/p>\n\n\n\n<p>Desde el distribuidor otra puerta nos comunica con la sala de reuniones que por medio de dos cristaleras a cada lado de la pared que colinda con el \u00e1rea de oficinas obtiene luz natural del espacio di\u00e1fano.<\/p>\n\n\n\n<p>Un tabique de 2 metros de altura dentro del distribuidor nos divide un \u00e1rea de dos ba\u00f1os independientes compuestos cada uno&nbsp; por un lavabo y un inodoro. Y a la derecha una puerta nos comunica con un almac\u00e9n.<\/p>\n\n\n\n<p>La fachada exterior est\u00e1 dise\u00f1ada de tal manera que la mayor parte de los espacios tengan iluminaci\u00f3n y ventilaci\u00f3n natural por medio de amplios ventanales de dos o tres hojas . Unas amplias cristaleras iluminan todo el hall y el distribuidor con una forma y dise\u00f1o que armoniza la est\u00e9tica de la fachada y sin cargarla demasiado. La fachada interior o dentro de la nave tiene los accesos pertinentes y en la planta primera 3 ventanales de 2 hojas correderas.<\/p>\n\n\n\n<p>&nbsp;&nbsp;&nbsp;&nbsp;&nbsp;&nbsp;&nbsp;&nbsp;&nbsp;&nbsp;&nbsp; Esta distribuci\u00f3n organiza los espacios de tal manera que est\u00e1n totalmente aprovechados, iluminados y de facial acceso y con una gran amplitud que va a favorecer la forma de trabajo dentro del edificio, sin pasillos y con una comunicaci\u00f3n perfecta.<\/p>\n\n\n\n<figure class=\"wp-block-embed-youtube alignwide wp-block-embed is-type-video is-provider-youtube wp-embed-aspect-16-9 wp-has-aspect-ratio\"><div class=\"wp-block-embed__wrapper\">\n<iframe title=\"NAVE PARAYAS\" width=\"790\" height=\"444\" src=\"https:\/\/www.youtube.com\/embed\/GuA49IYLTqQ?feature=oembed\" frameborder=\"0\" allow=\"accelerometer; autoplay; encrypted-media; gyroscope; picture-in-picture\" allowfullscreen><\/iframe>\n<\/div><\/figure>\n\n\n\n<figure class=\"wp-block-gallery alignwide columns-5 is-cropped\"><ul class=\"blocks-gallery-grid\"><li class=\"blocks-gallery-item\"><figure><a href=\"http:\/\/joaquinfranco.com\/wp-content\/uploads\/2020\/05\/100_301.jpg\"><img loading=\"lazy\" width=\"300\" height=\"225\" src=\"http:\/\/joaquinfranco.com\/wp-content\/uploads\/2020\/05\/100_301.jpg\" alt=\"\" data-id=\"1259\" data-full-url=\"http:\/\/joaquinfranco.com\/wp-content\/uploads\/2020\/05\/100_301.jpg\" data-link=\"http:\/\/joaquinfranco.com\/?attachment_id=1259\" class=\"wp-image-1259\"\/><\/a><\/figure><\/li><li class=\"blocks-gallery-item\"><figure><a href=\"http:\/\/joaquinfranco.com\/wp-content\/uploads\/2020\/05\/100_302.jpg\"><img loading=\"lazy\" width=\"300\" height=\"225\" src=\"http:\/\/joaquinfranco.com\/wp-content\/uploads\/2020\/05\/100_302.jpg\" alt=\"\" data-id=\"1260\" data-full-url=\"http:\/\/joaquinfranco.com\/wp-content\/uploads\/2020\/05\/100_302.jpg\" data-link=\"http:\/\/joaquinfranco.com\/?attachment_id=1260\" class=\"wp-image-1260\"\/><\/a><\/figure><\/li><li class=\"blocks-gallery-item\"><figure><a href=\"http:\/\/joaquinfranco.com\/wp-content\/uploads\/2020\/05\/100_303.jpg\"><img loading=\"lazy\" width=\"300\" height=\"225\" src=\"http:\/\/joaquinfranco.com\/wp-content\/uploads\/2020\/05\/100_303.jpg\" alt=\"\" data-id=\"1261\" data-full-url=\"http:\/\/joaquinfranco.com\/wp-content\/uploads\/2020\/05\/100_303.jpg\" data-link=\"http:\/\/joaquinfranco.com\/?attachment_id=1261\" class=\"wp-image-1261\"\/><\/a><\/figure><\/li><li class=\"blocks-gallery-item\"><figure><a href=\"http:\/\/joaquinfranco.com\/wp-content\/uploads\/2020\/05\/100_304.jpg\"><img loading=\"lazy\" width=\"300\" height=\"225\" src=\"http:\/\/joaquinfranco.com\/wp-content\/uploads\/2020\/05\/100_304.jpg\" alt=\"\" data-id=\"1262\" data-full-url=\"http:\/\/joaquinfranco.com\/wp-content\/uploads\/2020\/05\/100_304.jpg\" data-link=\"http:\/\/joaquinfranco.com\/?attachment_id=1262\" class=\"wp-image-1262\"\/><\/a><\/figure><\/li><li class=\"blocks-gallery-item\"><figure><a href=\"http:\/\/joaquinfranco.com\/wp-content\/uploads\/2020\/05\/100_305.jpg\"><img loading=\"lazy\" width=\"300\" height=\"400\" src=\"http:\/\/joaquinfranco.com\/wp-content\/uploads\/2020\/05\/100_305.jpg\" alt=\"\" data-id=\"1263\" data-full-url=\"http:\/\/joaquinfranco.com\/wp-content\/uploads\/2020\/05\/100_305.jpg\" data-link=\"http:\/\/joaquinfranco.com\/?attachment_id=1263\" class=\"wp-image-1263\" srcset=\"https:\/\/joaquinfranco.com\/wp-content\/uploads\/2020\/05\/100_305.jpg 300w, https:\/\/joaquinfranco.com\/wp-content\/uploads\/2020\/05\/100_305-225x300.jpg 225w\" sizes=\"(max-width: 300px) 100vw, 300px\" \/><\/a><\/figure><\/li><li class=\"blocks-gallery-item\"><figure><a href=\"http:\/\/joaquinfranco.com\/wp-content\/uploads\/2020\/05\/100_306.jpg\"><img loading=\"lazy\" width=\"300\" height=\"400\" src=\"http:\/\/joaquinfranco.com\/wp-content\/uploads\/2020\/05\/100_306.jpg\" alt=\"\" data-id=\"1264\" data-full-url=\"http:\/\/joaquinfranco.com\/wp-content\/uploads\/2020\/05\/100_306.jpg\" data-link=\"http:\/\/joaquinfranco.com\/?attachment_id=1264\" class=\"wp-image-1264\" srcset=\"https:\/\/joaquinfranco.com\/wp-content\/uploads\/2020\/05\/100_306.jpg 300w, https:\/\/joaquinfranco.com\/wp-content\/uploads\/2020\/05\/100_306-225x300.jpg 225w\" sizes=\"(max-width: 300px) 100vw, 300px\" \/><\/a><\/figure><\/li><li class=\"blocks-gallery-item\"><figure><a href=\"http:\/\/joaquinfranco.com\/wp-content\/uploads\/2020\/05\/100_307.jpg\"><img loading=\"lazy\" width=\"300\" height=\"225\" src=\"http:\/\/joaquinfranco.com\/wp-content\/uploads\/2020\/05\/100_307.jpg\" alt=\"\" data-id=\"1265\" data-full-url=\"http:\/\/joaquinfranco.com\/wp-content\/uploads\/2020\/05\/100_307.jpg\" data-link=\"http:\/\/joaquinfranco.com\/?attachment_id=1265\" class=\"wp-image-1265\"\/><\/a><\/figure><\/li><li class=\"blocks-gallery-item\"><figure><a href=\"http:\/\/joaquinfranco.com\/wp-content\/uploads\/2020\/05\/100_308.jpg\"><img loading=\"lazy\" width=\"300\" height=\"225\" src=\"http:\/\/joaquinfranco.com\/wp-content\/uploads\/2020\/05\/100_308.jpg\" alt=\"\" data-id=\"1266\" data-full-url=\"http:\/\/joaquinfranco.com\/wp-content\/uploads\/2020\/05\/100_308.jpg\" data-link=\"http:\/\/joaquinfranco.com\/?attachment_id=1266\" class=\"wp-image-1266\"\/><\/a><\/figure><\/li><li class=\"blocks-gallery-item\"><figure><a href=\"http:\/\/joaquinfranco.com\/wp-content\/uploads\/2020\/05\/100_309.jpg\"><img loading=\"lazy\" width=\"300\" height=\"400\" src=\"http:\/\/joaquinfranco.com\/wp-content\/uploads\/2020\/05\/100_309.jpg\" alt=\"\" data-id=\"1267\" data-full-url=\"http:\/\/joaquinfranco.com\/wp-content\/uploads\/2020\/05\/100_309.jpg\" data-link=\"http:\/\/joaquinfranco.com\/?attachment_id=1267\" class=\"wp-image-1267\" srcset=\"https:\/\/joaquinfranco.com\/wp-content\/uploads\/2020\/05\/100_309.jpg 300w, https:\/\/joaquinfranco.com\/wp-content\/uploads\/2020\/05\/100_309-225x300.jpg 225w\" sizes=\"(max-width: 300px) 100vw, 300px\" \/><\/a><\/figure><\/li><li class=\"blocks-gallery-item\"><figure><a href=\"http:\/\/joaquinfranco.com\/wp-content\/uploads\/2020\/05\/100_310.jpg\"><img loading=\"lazy\" width=\"300\" height=\"400\" src=\"http:\/\/joaquinfranco.com\/wp-content\/uploads\/2020\/05\/100_310.jpg\" alt=\"\" data-id=\"1268\" data-full-url=\"http:\/\/joaquinfranco.com\/wp-content\/uploads\/2020\/05\/100_310.jpg\" data-link=\"http:\/\/joaquinfranco.com\/?attachment_id=1268\" class=\"wp-image-1268\" srcset=\"https:\/\/joaquinfranco.com\/wp-content\/uploads\/2020\/05\/100_310.jpg 300w, https:\/\/joaquinfranco.com\/wp-content\/uploads\/2020\/05\/100_310-225x300.jpg 225w\" sizes=\"(max-width: 300px) 100vw, 300px\" \/><\/a><\/figure><\/li><li class=\"blocks-gallery-item\"><figure><a href=\"http:\/\/joaquinfranco.com\/wp-content\/uploads\/2020\/05\/100_311.jpg\"><img loading=\"lazy\" width=\"300\" height=\"400\" src=\"http:\/\/joaquinfranco.com\/wp-content\/uploads\/2020\/05\/100_311.jpg\" alt=\"\" data-id=\"1269\" data-full-url=\"http:\/\/joaquinfranco.com\/wp-content\/uploads\/2020\/05\/100_311.jpg\" data-link=\"http:\/\/joaquinfranco.com\/?attachment_id=1269\" class=\"wp-image-1269\" srcset=\"https:\/\/joaquinfranco.com\/wp-content\/uploads\/2020\/05\/100_311.jpg 300w, https:\/\/joaquinfranco.com\/wp-content\/uploads\/2020\/05\/100_311-225x300.jpg 225w\" sizes=\"(max-width: 300px) 100vw, 300px\" \/><\/a><\/figure><\/li><li class=\"blocks-gallery-item\"><figure><a href=\"http:\/\/joaquinfranco.com\/wp-content\/uploads\/2020\/05\/100_312.jpg\"><img loading=\"lazy\" width=\"300\" height=\"400\" src=\"http:\/\/joaquinfranco.com\/wp-content\/uploads\/2020\/05\/100_312.jpg\" alt=\"\" data-id=\"1270\" data-full-url=\"http:\/\/joaquinfranco.com\/wp-content\/uploads\/2020\/05\/100_312.jpg\" data-link=\"http:\/\/joaquinfranco.com\/?attachment_id=1270\" class=\"wp-image-1270\" srcset=\"https:\/\/joaquinfranco.com\/wp-content\/uploads\/2020\/05\/100_312.jpg 300w, https:\/\/joaquinfranco.com\/wp-content\/uploads\/2020\/05\/100_312-225x300.jpg 225w\" sizes=\"(max-width: 300px) 100vw, 300px\" \/><\/a><\/figure><\/li><li class=\"blocks-gallery-item\"><figure><a href=\"http:\/\/joaquinfranco.com\/wp-content\/uploads\/2020\/05\/100_313.jpg\"><img loading=\"lazy\" width=\"300\" height=\"225\" src=\"http:\/\/joaquinfranco.com\/wp-content\/uploads\/2020\/05\/100_313.jpg\" alt=\"\" data-id=\"1271\" data-full-url=\"http:\/\/joaquinfranco.com\/wp-content\/uploads\/2020\/05\/100_313.jpg\" data-link=\"http:\/\/joaquinfranco.com\/?attachment_id=1271\" class=\"wp-image-1271\"\/><\/a><\/figure><\/li><li class=\"blocks-gallery-item\"><figure><a href=\"http:\/\/joaquinfranco.com\/wp-content\/uploads\/2020\/05\/100_314.jpg\"><img loading=\"lazy\" width=\"300\" height=\"400\" src=\"http:\/\/joaquinfranco.com\/wp-content\/uploads\/2020\/05\/100_314.jpg\" alt=\"\" data-id=\"1272\" data-full-url=\"http:\/\/joaquinfranco.com\/wp-content\/uploads\/2020\/05\/100_314.jpg\" data-link=\"http:\/\/joaquinfranco.com\/?attachment_id=1272\" class=\"wp-image-1272\" srcset=\"https:\/\/joaquinfranco.com\/wp-content\/uploads\/2020\/05\/100_314.jpg 300w, https:\/\/joaquinfranco.com\/wp-content\/uploads\/2020\/05\/100_314-225x300.jpg 225w\" sizes=\"(max-width: 300px) 100vw, 300px\" \/><\/a><\/figure><\/li><li class=\"blocks-gallery-item\"><figure><a href=\"http:\/\/joaquinfranco.com\/wp-content\/uploads\/2020\/05\/100_315.jpg\"><img loading=\"lazy\" width=\"300\" height=\"400\" src=\"http:\/\/joaquinfranco.com\/wp-content\/uploads\/2020\/05\/100_315.jpg\" alt=\"\" data-id=\"1273\" data-full-url=\"http:\/\/joaquinfranco.com\/wp-content\/uploads\/2020\/05\/100_315.jpg\" data-link=\"http:\/\/joaquinfranco.com\/?attachment_id=1273\" class=\"wp-image-1273\" srcset=\"https:\/\/joaquinfranco.com\/wp-content\/uploads\/2020\/05\/100_315.jpg 300w, https:\/\/joaquinfranco.com\/wp-content\/uploads\/2020\/05\/100_315-225x300.jpg 225w\" sizes=\"(max-width: 300px) 100vw, 300px\" \/><\/a><\/figure><\/li><li class=\"blocks-gallery-item\"><figure><a href=\"http:\/\/joaquinfranco.com\/wp-content\/uploads\/2020\/05\/100_316.jpg\"><img loading=\"lazy\" width=\"300\" height=\"225\" src=\"http:\/\/joaquinfranco.com\/wp-content\/uploads\/2020\/05\/100_316.jpg\" alt=\"\" data-id=\"1274\" data-full-url=\"http:\/\/joaquinfranco.com\/wp-content\/uploads\/2020\/05\/100_316.jpg\" data-link=\"http:\/\/joaquinfranco.com\/?attachment_id=1274\" class=\"wp-image-1274\"\/><\/a><\/figure><\/li><li class=\"blocks-gallery-item\"><figure><a href=\"http:\/\/joaquinfranco.com\/wp-content\/uploads\/2020\/05\/100_3096.jpg\"><img loading=\"lazy\" width=\"300\" height=\"400\" src=\"http:\/\/joaquinfranco.com\/wp-content\/uploads\/2020\/05\/100_3096.jpg\" alt=\"\" data-id=\"1275\" data-full-url=\"http:\/\/joaquinfranco.com\/wp-content\/uploads\/2020\/05\/100_3096.jpg\" data-link=\"http:\/\/joaquinfranco.com\/?attachment_id=1275\" class=\"wp-image-1275\" srcset=\"https:\/\/joaquinfranco.com\/wp-content\/uploads\/2020\/05\/100_3096.jpg 300w, https:\/\/joaquinfranco.com\/wp-content\/uploads\/2020\/05\/100_3096-225x300.jpg 225w\" sizes=\"(max-width: 300px) 100vw, 300px\" \/><\/a><\/figure><\/li><li class=\"blocks-gallery-item\"><figure><a href=\"http:\/\/joaquinfranco.com\/wp-content\/uploads\/2020\/05\/100_3097.jpg\"><img loading=\"lazy\" width=\"300\" height=\"400\" src=\"http:\/\/joaquinfranco.com\/wp-content\/uploads\/2020\/05\/100_3097.jpg\" alt=\"\" data-id=\"1276\" data-full-url=\"http:\/\/joaquinfranco.com\/wp-content\/uploads\/2020\/05\/100_3097.jpg\" data-link=\"http:\/\/joaquinfranco.com\/?attachment_id=1276\" class=\"wp-image-1276\" srcset=\"https:\/\/joaquinfranco.com\/wp-content\/uploads\/2020\/05\/100_3097.jpg 300w, https:\/\/joaquinfranco.com\/wp-content\/uploads\/2020\/05\/100_3097-225x300.jpg 225w\" sizes=\"(max-width: 300px) 100vw, 300px\" \/><\/a><\/figure><\/li><li class=\"blocks-gallery-item\"><figure><a href=\"http:\/\/joaquinfranco.com\/wp-content\/uploads\/2020\/05\/100_3098.jpg\"><img loading=\"lazy\" width=\"300\" height=\"400\" src=\"http:\/\/joaquinfranco.com\/wp-content\/uploads\/2020\/05\/100_3098.jpg\" alt=\"\" data-id=\"1277\" data-full-url=\"http:\/\/joaquinfranco.com\/wp-content\/uploads\/2020\/05\/100_3098.jpg\" data-link=\"http:\/\/joaquinfranco.com\/?attachment_id=1277\" class=\"wp-image-1277\" srcset=\"https:\/\/joaquinfranco.com\/wp-content\/uploads\/2020\/05\/100_3098.jpg 300w, https:\/\/joaquinfranco.com\/wp-content\/uploads\/2020\/05\/100_3098-225x300.jpg 225w\" sizes=\"(max-width: 300px) 100vw, 300px\" \/><\/a><\/figure><\/li><li class=\"blocks-gallery-item\"><figure><a href=\"http:\/\/joaquinfranco.com\/wp-content\/uploads\/2020\/05\/100_3099.jpg\"><img loading=\"lazy\" width=\"300\" height=\"400\" src=\"http:\/\/joaquinfranco.com\/wp-content\/uploads\/2020\/05\/100_3099.jpg\" alt=\"\" data-id=\"1278\" data-full-url=\"http:\/\/joaquinfranco.com\/wp-content\/uploads\/2020\/05\/100_3099.jpg\" data-link=\"http:\/\/joaquinfranco.com\/?attachment_id=1278\" class=\"wp-image-1278\" srcset=\"https:\/\/joaquinfranco.com\/wp-content\/uploads\/2020\/05\/100_3099.jpg 300w, https:\/\/joaquinfranco.com\/wp-content\/uploads\/2020\/05\/100_3099-225x300.jpg 225w\" sizes=\"(max-width: 300px) 100vw, 300px\" \/><\/a><\/figure><\/li><\/ul><\/figure>\n\n\n\n<p class=\"has-text-align-center\">PLANOS DEL DISE\u00d1O<\/p>\n\n\n\n<div class=\"wp-block-columns\">\n<div class=\"wp-block-column\">\n<div class=\"wp-block-file\"><a href=\"http:\/\/joaquinfranco.com\/wp-content\/uploads\/2020\/05\/PLANO-URBANIZACION-NAVE-EZQUERRA-MAZO.pdf\">PLANO-URBANIZACION-NAVE-EZQUERRA-MAZO<\/a><a href=\"http:\/\/joaquinfranco.com\/wp-content\/uploads\/2020\/05\/PLANO-URBANIZACION-NAVE-EZQUERRA-MAZO.pdf\" class=\"wp-block-file__button\" download>Descarga<\/a><\/div>\n<\/div>\n\n\n\n<div class=\"wp-block-column\">\n<div class=\"wp-block-file\"><a href=\"http:\/\/joaquinfranco.com\/wp-content\/uploads\/2020\/05\/PLANOS-NAVE-EZQUERRA-MAZO.pdf\">PLANOS-NAVE-EZQUERRA-MAZO<\/a><a href=\"http:\/\/joaquinfranco.com\/wp-content\/uploads\/2020\/05\/PLANOS-NAVE-EZQUERRA-MAZO.pdf\" class=\"wp-block-file__button\" download>Descarga<\/a><\/div>\n<\/div>\n<\/div>\n\n\n\n<figure class=\"wp-block-embed-youtube alignwide wp-block-embed is-type-video is-provider-youtube wp-embed-aspect-16-9 wp-has-aspect-ratio\"><div class=\"wp-block-embed__wrapper\">\n<iframe title=\"hall 3d\" width=\"790\" height=\"444\" src=\"https:\/\/www.youtube.com\/embed\/wjyAYg_AsE8?feature=oembed\" frameborder=\"0\" allow=\"accelerometer; autoplay; encrypted-media; gyroscope; picture-in-picture\" allowfullscreen><\/iframe>\n<\/div><\/figure>\n","protected":false},"excerpt":{"rendered":"<p>DISE\u00d1O ACEDUACI\u00d3N DE NAVE PARA ALMACEN DE CAMIONES, EMPRESA DE TRANSPORTES EZQUERRA MAZO EN MALIA\u00d1O (A\u00d1O 2005) Dise\u00f1o de nave y parcela para albergar el almacenamiento de camiones, zona de taller de reparaciones, lavado y oficinas. Tras un estudio con el cliente se ordena el siguiente reparto del bloque de&#8230;<\/p>\n","protected":false},"author":1,"featured_media":0,"parent":0,"menu_order":0,"comment_status":"closed","ping_status":"closed","template":"","meta":[],"yoast_head":"<!-- This site is optimized with the Yoast SEO plugin v15.2.1 - https:\/\/yoast.com\/wordpress\/plugins\/seo\/ -->\n<title>NAVE EZQUERRA MAZO - INTERIORISMO JOAQUIN FRANCO<\/title>\n<meta name=\"robots\" content=\"index, follow, max-snippet:-1, max-image-preview:large, max-video-preview:-1\" \/>\n<link rel=\"canonical\" href=\"https:\/\/joaquinfranco.com\/index.php\/nave-ezquerra-mazo\/\" \/>\n<meta property=\"og:locale\" content=\"es_ES\" \/>\n<meta property=\"og:type\" content=\"article\" \/>\n<meta property=\"og:title\" content=\"NAVE EZQUERRA MAZO - INTERIORISMO JOAQUIN FRANCO\" \/>\n<meta property=\"og:description\" content=\"DISE\u00d1O ACEDUACI\u00d3N DE NAVE PARA ALMACEN DE CAMIONES, EMPRESA DE TRANSPORTES EZQUERRA MAZO EN MALIA\u00d1O (A\u00d1O 2005) Dise\u00f1o de nave y parcela para albergar el almacenamiento de camiones, zona de taller de reparaciones, lavado y oficinas. Tras un estudio con el cliente se ordena el siguiente reparto del bloque de...\" \/>\n<meta property=\"og:url\" content=\"https:\/\/joaquinfranco.com\/index.php\/nave-ezquerra-mazo\/\" \/>\n<meta property=\"og:site_name\" content=\"INTERIORISMO JOAQUIN FRANCO\" \/>\n<meta property=\"article:publisher\" content=\"https:\/\/www.facebook.com\/joaquin.francotrueba\" \/>\n<meta property=\"article:modified_time\" content=\"2020-06-02T17:48:55+00:00\" \/>\n<meta property=\"og:image\" content=\"http:\/\/joaquinfranco.com\/wp-content\/uploads\/2020\/05\/100_301.jpg\" \/>\n<meta name=\"twitter:card\" content=\"summary_large_image\" \/>\n<meta name=\"twitter:label1\" content=\"Escrito por\">\n\t<meta name=\"twitter:data1\" content=\"admin\">\n\t<meta name=\"twitter:label2\" content=\"Tiempo de lectura\">\n\t<meta name=\"twitter:data2\" content=\"3 minutos\">\n<script type=\"application\/ld+json\" class=\"yoast-schema-graph\">{\"@context\":\"https:\/\/schema.org\",\"@graph\":[{\"@type\":\"WebSite\",\"@id\":\"https:\/\/joaquinfranco.com\/#website\",\"url\":\"https:\/\/joaquinfranco.com\/\",\"name\":\"INTERIORISMO JOAQUIN FRANCO\",\"description\":\"Estudio de Decoraci\\u00f3n y Arquitectura Interior\",\"potentialAction\":[{\"@type\":\"SearchAction\",\"target\":\"https:\/\/joaquinfranco.com\/?s={search_term_string}\",\"query-input\":\"required name=search_term_string\"}],\"inLanguage\":\"es\"},{\"@type\":\"ImageObject\",\"@id\":\"https:\/\/joaquinfranco.com\/index.php\/nave-ezquerra-mazo\/#primaryimage\",\"inLanguage\":\"es\",\"url\":\"http:\/\/joaquinfranco.com\/wp-content\/uploads\/2020\/05\/100_301.jpg\"},{\"@type\":\"WebPage\",\"@id\":\"https:\/\/joaquinfranco.com\/index.php\/nave-ezquerra-mazo\/#webpage\",\"url\":\"https:\/\/joaquinfranco.com\/index.php\/nave-ezquerra-mazo\/\",\"name\":\"NAVE EZQUERRA MAZO - INTERIORISMO JOAQUIN FRANCO\",\"isPartOf\":{\"@id\":\"https:\/\/joaquinfranco.com\/#website\"},\"primaryImageOfPage\":{\"@id\":\"https:\/\/joaquinfranco.com\/index.php\/nave-ezquerra-mazo\/#primaryimage\"},\"datePublished\":\"2020-05-10T09:13:57+00:00\",\"dateModified\":\"2020-06-02T17:48:55+00:00\",\"inLanguage\":\"es\",\"potentialAction\":[{\"@type\":\"ReadAction\",\"target\":[\"https:\/\/joaquinfranco.com\/index.php\/nave-ezquerra-mazo\/\"]}]}]}<\/script>\n<!-- \/ Yoast SEO plugin. -->","_links":{"self":[{"href":"https:\/\/joaquinfranco.com\/index.php\/wp-json\/wp\/v2\/pages\/1258"}],"collection":[{"href":"https:\/\/joaquinfranco.com\/index.php\/wp-json\/wp\/v2\/pages"}],"about":[{"href":"https:\/\/joaquinfranco.com\/index.php\/wp-json\/wp\/v2\/types\/page"}],"author":[{"embeddable":true,"href":"https:\/\/joaquinfranco.com\/index.php\/wp-json\/wp\/v2\/users\/1"}],"replies":[{"embeddable":true,"href":"https:\/\/joaquinfranco.com\/index.php\/wp-json\/wp\/v2\/comments?post=1258"}],"version-history":[{"count":3,"href":"https:\/\/joaquinfranco.com\/index.php\/wp-json\/wp\/v2\/pages\/1258\/revisions"}],"predecessor-version":[{"id":1676,"href":"https:\/\/joaquinfranco.com\/index.php\/wp-json\/wp\/v2\/pages\/1258\/revisions\/1676"}],"wp:attachment":[{"href":"https:\/\/joaquinfranco.com\/index.php\/wp-json\/wp\/v2\/media?parent=1258"}],"curies":[{"name":"wp","href":"https:\/\/api.w.org\/{rel}","templated":true}]}}