{"id":1077,"date":"2020-05-07T18:18:55","date_gmt":"2020-05-07T18:18:55","guid":{"rendered":"http:\/\/joaquinfranco.com\/?page_id=1077"},"modified":"2020-05-07T18:30:08","modified_gmt":"2020-05-07T18:30:08","slug":"pescaderia","status":"publish","type":"page","link":"https:\/\/joaquinfranco.com\/index.php\/pescaderia\/","title":{"rendered":"PESCADERIA"},"content":{"rendered":"\n<h2 class=\"has-text-align-center\">Pescader\u00eda&nbsp; \u201cMeruelo\u201d (2011)<br>Avda San Miguel,Meruelo-Cantabria<\/h2>\n\n\n\n<p class=\"has-small-font-size\">En funci\u00f3n de las ideas expresadas por el promotor en cuanto al desarrollo y funcionamiento de la pescader\u00eda, se preten e evar a cabo la distribuci\u00f3n partiendo de la puerta de entrada a la zona de \u00e1rea p\u00fablica donde se situa el \u00e1rea de atenci\u00f3n al cliente y el mostrador con la presentaci\u00f3n de los diferentes tipos de productos. El \u00e1rea de trabajo, al fondo una puerta de tiras se para la zona de la c\u00e1mara frigorifoca y maquina de hielo, pasillo de tr\u00e1nsito, v&#8217;esfuario y aseo formado por un plato de ducha, un lavabo y un inodoro.<\/p>\n\n\n\n<p class=\"has-small-font-size\">En el pasillo de tr\u00e1nsito se situa una puerta que ser\u00e1 para el servicio de entrada de la mercanc\/a y salida de los contenedores herm\u00e9ticos de despojos hac\u00eda contenedores de basura.<\/p>\n\n\n\n<p class=\"has-small-font-size\">Los desperdicios org\u00e1nicos se acumular\u00e1n en cubos de basura accionados a pedal que estar\u00e1n provistos de un cierre herm\u00e9tico utilizando una bolsa de pl\u00e1stico en su interior y se colocar\u00e1n cerca de la zona de trabajo de limpieza y preparaci\u00f3n del pescado.<\/p>\n\n\n\n<p class=\"has-small-font-size\">Una vez que la basura se acumule se llevar\u00e1 al almac\u00e9n del local donde se situar\u00e1n recipientes estancos con tapa de ajuste adecuado que permanecer\u00e1 cerrado y estar\u00e1n en lugar aislado de los a\/imenfos. La frecuencia de retirada y vaciado de es\/os recipientes ser\u00e1 de al menos una vez al d\u00eda al punto m\u00e1s cercano de contenedores de basura del Ayuntamiento y en horarios cercanos al cierre del establecimiento o al paso de recogida de las basuras Municipales por la empresa competente.<\/p>\n\n\n\n<p class=\"has-small-font-size\">La minimac\u00ed\u00f3n de olores se preeve con la instalaci\u00f3n de c\u00e1maras frigor\u00edficas para seguir la cadena de frio, una servir\u00e1 como almac\u00e9n de mercanc\u00eda y las otras dos son c\u00e1maras que se encuentran en la zona de ventas para el mantenimiento exposic\/\u00f3n y conservaci\u00f3n de la mercanc\u00eda diaria. Las c\u00e1maras de fr\u00edo conservan el hielo y la mercanc\u00eda en un estado \u00f3ptimo las cuales mantedr\u00e1n las propiedades de los pescados evitando procesos de putrefacc\u00ed\u00f3n y olores.<\/p>\n\n\n\n<p class=\"has-small-font-size\">Se realizar\u00e1 un mostrador de m\u00e1rmol para la exposici\u00f3n del pescado, en el cual, todos los o\u2019\/a se realizar\u00e1 una cama de hielo para no cortar la cadena de frio a los productos perecederos.<\/p>\n\n\n\n<p class=\"has-small-font-size\">En funci\u00f3n de las ideas expresadas por el promotor en cuanto al desarrollo y funcionamiento de la pescader\u00eda, se preten e evar a cabo la distribuci\u00f3n partiendo de la puerta de entrada a la zona de \u00e1rea p\u00fablica donde se situa el \u00e1rea de atenci\u00f3n al cliente y el mostrador con la presentaci\u00f3n de los diferentes tipos de productos. El \u00e1rea de trabajo, al fondo una puerta de tiras se para la zona de la c\u00e1mara frigorifoca y maquina de hielo, pasillo de tr\u00e1nsito, v&#8217;esfuario y aseo formado por un plato de ducha, un lavabo y un inodoro.<\/p>\n\n\n\n<p class=\"has-small-font-size\">En el pasillo de tr\u00e1nsito se situa una puerta que ser\u00e1 para el servicio de entrada de la mercanc\/a y salida de los contenedores herm\u00e9ticos de despojos hac\u00eda contenedores de basura.<\/p>\n\n\n\n<p class=\"has-small-font-size\">Los desperdicios org\u00e1nicos se acumular\u00e1n en cubos de basura accionados a pedal que estar\u00e1n provistos de un cierre herm\u00e9tico utilizando una bolsa de pl\u00e1stico en su interior y se colocar\u00e1n cerca de la zona de trabajo de limpieza y preparaci\u00f3n del pescado.<\/p>\n\n\n\n<p class=\"has-small-font-size\">Una vez que la basura se acumule se llevar\u00e1 al almac\u00e9n del local donde se situar\u00e1n recipientes estancos con tapa de ajuste adecuado que permanecer\u00e1 cerrado y estar\u00e1n en lugar aislado de los a\/imenfos. La frecuencia de retirada y vaciado de es\/os recipientes ser\u00e1 de al menos una vez al d\u00eda al punto m\u00e1s cercano de contenedores de basura del Ayuntamiento y en horarios cercanos al cierre del establecimiento o al paso de recogida de las basuras Municipales por la empresa competente.<\/p>\n\n\n\n<p class=\"has-small-font-size\">La minimac\u00ed\u00f3n de olores se preeve con la instalaci\u00f3n de c\u00e1maras frigor\u00edficas para seguir la cadena de frio, una servir\u00e1 como almac\u00e9n de mercanc\u00eda y las otras dos son c\u00e1maras que se encuentran en la zona de ventas para el mantenimiento exposic\/\u00f3n y conservaci\u00f3n de la mercanc\u00eda diaria. Las c\u00e1maras de fr\u00edo conservan el hielo y la mercanc\u00eda en un estado \u00f3ptimo las cuales mantedr\u00e1n las propiedades de los pescados evitando procesos de putrefacc\u00ed\u00f3n y olores.<\/p>\n\n\n\n<p class=\"has-small-font-size\">Se realizar\u00e1 un mostrador de m\u00e1rmol para la exposici\u00f3n del pescado, en el cual, todos los o\u2019\/a se realizar\u00e1 una cama de hielo para no cortar la cadena de frio a los productos perecederos.<\/p>\n\n\n\n<p class=\"has-small-font-size\">En funci\u00f3n de las ideas expresadas por el promotor en cuanto al desarrollo y funcionamiento de la pescader\u00eda, se preten e evar a cabo la distribuci\u00f3n partiendo de la puerta de entrada a la zona de \u00e1rea p\u00fablica donde se situa el \u00e1rea de atenci\u00f3n al cliente y el mostrador con la presentaci\u00f3n de los diferentes tipos de productos. El \u00e1rea de trabajo, al fondo una puerta de tiras se para la zona de la c\u00e1mara frigorifoca y maquina de hielo, pasillo de tr\u00e1nsito, v&#8217;esfuario y aseo formado por un plato de ducha, un lavabo y un inodoro.<\/p>\n\n\n\n<p class=\"has-small-font-size\">En el pasillo de tr\u00e1nsito se situa una puerta que ser\u00e1 para el servicio de entrada de la mercanc\/a y salida de los contenedores herm\u00e9ticos de despojos hac\u00eda contenedores de basura.<\/p>\n\n\n\n<p class=\"has-small-font-size\">Los desperdicios org\u00e1nicos se acumular\u00e1n en cubos de basura accionados a pedal que estar\u00e1n provistos de un cierre herm\u00e9tico utilizando una bolsa de pl\u00e1stico en su interior y se colocar\u00e1n cerca de la zona de trabajo de limpieza y preparaci\u00f3n del pescado.<\/p>\n\n\n\n<p class=\"has-small-font-size\">Una vez que la basura se acumule se llevar\u00e1 al almac\u00e9n del local donde se situar\u00e1n recipientes estancos con tapa de ajuste adecuado que permanecer\u00e1 cerrado y estar\u00e1n en lugar aislado de los a\/imenfos. La frecuencia de retirada y vaciado de es\/os recipientes ser\u00e1 de al menos una vez al d\u00eda al punto m\u00e1s cercano de contenedores de basura del Ayuntamiento y en horarios cercanos al cierre del establecimiento o al paso de recogida de las basuras Municipales por la empresa competente.<\/p>\n\n\n\n<p class=\"has-small-font-size\">La minimac\u00ed\u00f3n de olores se preeve con la instalaci\u00f3n de c\u00e1maras frigor\u00edficas para seguir la cadena de frio, una servir\u00e1 como almac\u00e9n de mercanc\u00eda y las otras dos son c\u00e1maras que se encuentran en la zona de ventas para el mantenimiento exposic\/\u00f3n y conservaci\u00f3n de la mercanc\u00eda diaria. Las c\u00e1maras de fr\u00edo conservan el hielo y la mercanc\u00eda en un estado \u00f3ptimo las cuales mantedr\u00e1n las propiedades de los pescados evitando procesos de putrefacc\u00ed\u00f3n y olores.<\/p>\n\n\n\n<p class=\"has-small-font-size\">Se realizar\u00e1 un mostrador de m\u00e1rmol para la exposici\u00f3n del pescado, en el cual, todos los o\u2019\/a se realizar\u00e1 una cama de hielo para no cortar la cadena de frio a los productos perecederos.<\/p>\n\n\n\n<p class=\"has-small-font-size\">Todos los mostrar\/ores y zonas de trabajo son de acero inxidables de facil limpieza.<\/p>\n\n\n\n<figure class=\"wp-block-gallery alignwide columns-4 is-cropped\"><ul class=\"blocks-gallery-grid\"><li class=\"blocks-gallery-item\"><figure><a href=\"http:\/\/joaquinfranco.com\/wp-content\/uploads\/2020\/05\/DSCN1215.jpg\"><img loading=\"lazy\" width=\"400\" height=\"300\" src=\"http:\/\/joaquinfranco.com\/wp-content\/uploads\/2020\/05\/DSCN1215.jpg\" alt=\"\" data-id=\"1078\" data-full-url=\"http:\/\/joaquinfranco.com\/wp-content\/uploads\/2020\/05\/DSCN1215.jpg\" data-link=\"http:\/\/joaquinfranco.com\/?attachment_id=1078\" class=\"wp-image-1078\" srcset=\"https:\/\/joaquinfranco.com\/wp-content\/uploads\/2020\/05\/DSCN1215.jpg 400w, https:\/\/joaquinfranco.com\/wp-content\/uploads\/2020\/05\/DSCN1215-300x225.jpg 300w\" sizes=\"(max-width: 400px) 100vw, 400px\" \/><\/a><\/figure><\/li><li class=\"blocks-gallery-item\"><figure><a href=\"http:\/\/joaquinfranco.com\/wp-content\/uploads\/2020\/05\/DSCN1216.jpg\"><img loading=\"lazy\" width=\"400\" height=\"300\" src=\"http:\/\/joaquinfranco.com\/wp-content\/uploads\/2020\/05\/DSCN1216.jpg\" alt=\"\" data-id=\"1079\" data-full-url=\"http:\/\/joaquinfranco.com\/wp-content\/uploads\/2020\/05\/DSCN1216.jpg\" data-link=\"http:\/\/joaquinfranco.com\/?attachment_id=1079\" class=\"wp-image-1079\" srcset=\"https:\/\/joaquinfranco.com\/wp-content\/uploads\/2020\/05\/DSCN1216.jpg 400w, https:\/\/joaquinfranco.com\/wp-content\/uploads\/2020\/05\/DSCN1216-300x225.jpg 300w\" sizes=\"(max-width: 400px) 100vw, 400px\" \/><\/a><\/figure><\/li><li class=\"blocks-gallery-item\"><figure><a href=\"http:\/\/joaquinfranco.com\/wp-content\/uploads\/2020\/05\/DSCN1217.jpg\"><img loading=\"lazy\" width=\"400\" height=\"300\" src=\"http:\/\/joaquinfranco.com\/wp-content\/uploads\/2020\/05\/DSCN1217.jpg\" alt=\"\" data-id=\"1080\" data-full-url=\"http:\/\/joaquinfranco.com\/wp-content\/uploads\/2020\/05\/DSCN1217.jpg\" data-link=\"http:\/\/joaquinfranco.com\/?attachment_id=1080\" class=\"wp-image-1080\" srcset=\"https:\/\/joaquinfranco.com\/wp-content\/uploads\/2020\/05\/DSCN1217.jpg 400w, https:\/\/joaquinfranco.com\/wp-content\/uploads\/2020\/05\/DSCN1217-300x225.jpg 300w\" sizes=\"(max-width: 400px) 100vw, 400px\" \/><\/a><\/figure><\/li><li class=\"blocks-gallery-item\"><figure><a href=\"http:\/\/joaquinfranco.com\/wp-content\/uploads\/2020\/05\/DSCN1218.jpg\"><img loading=\"lazy\" width=\"300\" height=\"400\" src=\"http:\/\/joaquinfranco.com\/wp-content\/uploads\/2020\/05\/DSCN1218.jpg\" alt=\"\" data-id=\"1081\" data-full-url=\"http:\/\/joaquinfranco.com\/wp-content\/uploads\/2020\/05\/DSCN1218.jpg\" data-link=\"http:\/\/joaquinfranco.com\/?attachment_id=1081\" class=\"wp-image-1081\" srcset=\"https:\/\/joaquinfranco.com\/wp-content\/uploads\/2020\/05\/DSCN1218.jpg 300w, https:\/\/joaquinfranco.com\/wp-content\/uploads\/2020\/05\/DSCN1218-225x300.jpg 225w\" sizes=\"(max-width: 300px) 100vw, 300px\" \/><\/a><\/figure><\/li><li class=\"blocks-gallery-item\"><figure><a href=\"http:\/\/joaquinfranco.com\/wp-content\/uploads\/2020\/05\/DSCN1219.jpg\"><img loading=\"lazy\" width=\"400\" height=\"300\" src=\"http:\/\/joaquinfranco.com\/wp-content\/uploads\/2020\/05\/DSCN1219.jpg\" alt=\"\" data-id=\"1082\" data-full-url=\"http:\/\/joaquinfranco.com\/wp-content\/uploads\/2020\/05\/DSCN1219.jpg\" data-link=\"http:\/\/joaquinfranco.com\/?attachment_id=1082\" class=\"wp-image-1082\" srcset=\"https:\/\/joaquinfranco.com\/wp-content\/uploads\/2020\/05\/DSCN1219.jpg 400w, https:\/\/joaquinfranco.com\/wp-content\/uploads\/2020\/05\/DSCN1219-300x225.jpg 300w\" sizes=\"(max-width: 400px) 100vw, 400px\" \/><\/a><\/figure><\/li><li class=\"blocks-gallery-item\"><figure><a href=\"http:\/\/joaquinfranco.com\/wp-content\/uploads\/2020\/05\/DSCN1220.jpg\"><img loading=\"lazy\" width=\"400\" height=\"300\" src=\"http:\/\/joaquinfranco.com\/wp-content\/uploads\/2020\/05\/DSCN1220.jpg\" alt=\"\" data-id=\"1083\" data-full-url=\"http:\/\/joaquinfranco.com\/wp-content\/uploads\/2020\/05\/DSCN1220.jpg\" data-link=\"http:\/\/joaquinfranco.com\/?attachment_id=1083\" class=\"wp-image-1083\" srcset=\"https:\/\/joaquinfranco.com\/wp-content\/uploads\/2020\/05\/DSCN1220.jpg 400w, https:\/\/joaquinfranco.com\/wp-content\/uploads\/2020\/05\/DSCN1220-300x225.jpg 300w\" sizes=\"(max-width: 400px) 100vw, 400px\" \/><\/a><\/figure><\/li><li class=\"blocks-gallery-item\"><figure><a href=\"http:\/\/joaquinfranco.com\/wp-content\/uploads\/2020\/05\/DSCN1221.jpg\"><img loading=\"lazy\" width=\"300\" height=\"400\" src=\"http:\/\/joaquinfranco.com\/wp-content\/uploads\/2020\/05\/DSCN1221.jpg\" alt=\"\" data-id=\"1084\" data-full-url=\"http:\/\/joaquinfranco.com\/wp-content\/uploads\/2020\/05\/DSCN1221.jpg\" data-link=\"http:\/\/joaquinfranco.com\/?attachment_id=1084\" class=\"wp-image-1084\" srcset=\"https:\/\/joaquinfranco.com\/wp-content\/uploads\/2020\/05\/DSCN1221.jpg 300w, https:\/\/joaquinfranco.com\/wp-content\/uploads\/2020\/05\/DSCN1221-225x300.jpg 225w\" sizes=\"(max-width: 300px) 100vw, 300px\" \/><\/a><\/figure><\/li><\/ul><\/figure>\n\n\n\n<div class=\"wp-block-columns\">\n<div class=\"wp-block-column\">\n<div class=\"wp-block-file\"><a href=\"http:\/\/joaquinfranco.com\/wp-content\/uploads\/2020\/05\/01-pescaderia.pdf\">01-pescaderia<\/a><a href=\"http:\/\/joaquinfranco.com\/wp-content\/uploads\/2020\/05\/01-pescaderia.pdf\" class=\"wp-block-file__button\" download>Descarga<\/a><\/div>\n<\/div>\n\n\n\n<div class=\"wp-block-column\">\n<div class=\"wp-block-file\"><a href=\"http:\/\/joaquinfranco.com\/wp-content\/uploads\/2020\/05\/02pescaderia.pdf\">02pescaderia<\/a><a href=\"http:\/\/joaquinfranco.com\/wp-content\/uploads\/2020\/05\/02pescaderia.pdf\" class=\"wp-block-file__button\" download>Descarga<\/a><\/div>\n<\/div>\n<\/div>\n","protected":false},"excerpt":{"rendered":"<p>Pescader\u00eda&nbsp; \u201cMeruelo\u201d (2011)Avda San Miguel,Meruelo-Cantabria En funci\u00f3n de las ideas expresadas por el promotor en cuanto al desarrollo y funcionamiento de la pescader\u00eda, se preten e evar a cabo la distribuci\u00f3n partiendo de la puerta de entrada a la zona de \u00e1rea p\u00fablica donde se situa el \u00e1rea de atenci\u00f3n&#8230;<\/p>\n","protected":false},"author":1,"featured_media":0,"parent":0,"menu_order":0,"comment_status":"closed","ping_status":"closed","template":"","meta":[],"yoast_head":"<!-- This site is optimized with the Yoast SEO plugin v15.2.1 - https:\/\/yoast.com\/wordpress\/plugins\/seo\/ -->\n<title>PESCADERIA - INTERIORISMO JOAQUIN FRANCO<\/title>\n<meta name=\"robots\" content=\"index, follow, max-snippet:-1, max-image-preview:large, max-video-preview:-1\" \/>\n<link rel=\"canonical\" href=\"https:\/\/joaquinfranco.com\/index.php\/pescaderia\/\" \/>\n<meta property=\"og:locale\" content=\"es_ES\" \/>\n<meta property=\"og:type\" content=\"article\" \/>\n<meta property=\"og:title\" content=\"PESCADERIA - INTERIORISMO JOAQUIN FRANCO\" \/>\n<meta property=\"og:description\" content=\"Pescader\u00eda&nbsp; \u201cMeruelo\u201d (2011)Avda San Miguel,Meruelo-Cantabria En funci\u00f3n de las ideas expresadas por el promotor en cuanto al desarrollo y funcionamiento de la pescader\u00eda, se preten e evar a cabo la distribuci\u00f3n partiendo de la puerta de entrada a la zona de \u00e1rea p\u00fablica donde se situa el \u00e1rea de atenci\u00f3n...\" \/>\n<meta property=\"og:url\" content=\"https:\/\/joaquinfranco.com\/index.php\/pescaderia\/\" \/>\n<meta property=\"og:site_name\" content=\"INTERIORISMO JOAQUIN FRANCO\" \/>\n<meta property=\"article:publisher\" content=\"https:\/\/www.facebook.com\/joaquin.francotrueba\" \/>\n<meta property=\"article:modified_time\" content=\"2020-05-07T18:30:08+00:00\" \/>\n<meta property=\"og:image\" content=\"http:\/\/joaquinfranco.com\/wp-content\/uploads\/2020\/05\/DSCN1215.jpg\" \/>\n<meta name=\"twitter:card\" content=\"summary_large_image\" \/>\n<meta name=\"twitter:label1\" content=\"Escrito por\">\n\t<meta name=\"twitter:data1\" content=\"admin\">\n\t<meta name=\"twitter:label2\" content=\"Tiempo de lectura\">\n\t<meta name=\"twitter:data2\" content=\"5 minutos\">\n<script type=\"application\/ld+json\" class=\"yoast-schema-graph\">{\"@context\":\"https:\/\/schema.org\",\"@graph\":[{\"@type\":\"WebSite\",\"@id\":\"https:\/\/joaquinfranco.com\/#website\",\"url\":\"https:\/\/joaquinfranco.com\/\",\"name\":\"INTERIORISMO JOAQUIN FRANCO\",\"description\":\"Estudio de Decoraci\\u00f3n y Arquitectura Interior\",\"potentialAction\":[{\"@type\":\"SearchAction\",\"target\":\"https:\/\/joaquinfranco.com\/?s={search_term_string}\",\"query-input\":\"required name=search_term_string\"}],\"inLanguage\":\"es\"},{\"@type\":\"ImageObject\",\"@id\":\"https:\/\/joaquinfranco.com\/index.php\/pescaderia\/#primaryimage\",\"inLanguage\":\"es\",\"url\":\"http:\/\/joaquinfranco.com\/wp-content\/uploads\/2020\/05\/DSCN1215.jpg\"},{\"@type\":\"WebPage\",\"@id\":\"https:\/\/joaquinfranco.com\/index.php\/pescaderia\/#webpage\",\"url\":\"https:\/\/joaquinfranco.com\/index.php\/pescaderia\/\",\"name\":\"PESCADERIA - INTERIORISMO JOAQUIN FRANCO\",\"isPartOf\":{\"@id\":\"https:\/\/joaquinfranco.com\/#website\"},\"primaryImageOfPage\":{\"@id\":\"https:\/\/joaquinfranco.com\/index.php\/pescaderia\/#primaryimage\"},\"datePublished\":\"2020-05-07T18:18:55+00:00\",\"dateModified\":\"2020-05-07T18:30:08+00:00\",\"inLanguage\":\"es\",\"potentialAction\":[{\"@type\":\"ReadAction\",\"target\":[\"https:\/\/joaquinfranco.com\/index.php\/pescaderia\/\"]}]}]}<\/script>\n<!-- \/ Yoast SEO plugin. -->","_links":{"self":[{"href":"https:\/\/joaquinfranco.com\/index.php\/wp-json\/wp\/v2\/pages\/1077"}],"collection":[{"href":"https:\/\/joaquinfranco.com\/index.php\/wp-json\/wp\/v2\/pages"}],"about":[{"href":"https:\/\/joaquinfranco.com\/index.php\/wp-json\/wp\/v2\/types\/page"}],"author":[{"embeddable":true,"href":"https:\/\/joaquinfranco.com\/index.php\/wp-json\/wp\/v2\/users\/1"}],"replies":[{"embeddable":true,"href":"https:\/\/joaquinfranco.com\/index.php\/wp-json\/wp\/v2\/comments?post=1077"}],"version-history":[{"count":2,"href":"https:\/\/joaquinfranco.com\/index.php\/wp-json\/wp\/v2\/pages\/1077\/revisions"}],"predecessor-version":[{"id":1089,"href":"https:\/\/joaquinfranco.com\/index.php\/wp-json\/wp\/v2\/pages\/1077\/revisions\/1089"}],"wp:attachment":[{"href":"https:\/\/joaquinfranco.com\/index.php\/wp-json\/wp\/v2\/media?parent=1077"}],"curies":[{"name":"wp","href":"https:\/\/api.w.org\/{rel}","templated":true}]}}