{"id":1074,"date":"2020-05-07T17:27:04","date_gmt":"2020-05-07T17:27:04","guid":{"rendered":"http:\/\/joaquinfranco.com\/?page_id=1074"},"modified":"2020-05-12T18:46:03","modified_gmt":"2020-05-12T18:46:03","slug":"disenos","status":"publish","type":"page","link":"https:\/\/joaquinfranco.com\/index.php\/disenos\/","title":{"rendered":"DISE\u00d1OS"},"content":{"rendered":"\n<div class=\"wp-block-media-text alignwide has-media-on-the-right is-stacked-on-mobile\"><figure class=\"wp-block-media-text__media\"><img loading=\"lazy\" width=\"960\" height=\"720\" src=\"http:\/\/joaquinfranco.com\/wp-content\/uploads\/2020\/05\/Diapositiva1-4.jpg\" alt=\"\" class=\"wp-image-1142\" srcset=\"https:\/\/joaquinfranco.com\/wp-content\/uploads\/2020\/05\/Diapositiva1-4.jpg 960w, https:\/\/joaquinfranco.com\/wp-content\/uploads\/2020\/05\/Diapositiva1-4-300x225.jpg 300w, https:\/\/joaquinfranco.com\/wp-content\/uploads\/2020\/05\/Diapositiva1-4-768x576.jpg 768w\" sizes=\"(max-width: 960px) 100vw, 960px\" \/><\/figure><div class=\"wp-block-media-text__content\">\n<p class=\"has-background has-text-align-center has-normal-font-size has-very-light-gray-background-color\"><a href=\"http:\/\/joaquinfranco.com\/index.php\/cohousing-unquera\/\" target=\"_blank\" rel=\"noreferrer noopener\">COHOUSING RIA DEL CANTABRICO APARTAMENTOS DE CONVIVENCIA BIENESTAR SOCIAL , SOSTENIBILIADAD Y LA MEJOR FORMA DE VIVIR EN CONVIVENCIA, EDIFICACI\u00d3N EN UNQUERA (A\u00d1O 2017)<\/a><\/p>\n<\/div><\/div>\n\n\n\n<div class=\"wp-block-media-text alignwide is-stacked-on-mobile\"><figure class=\"wp-block-media-text__media\"><img loading=\"lazy\" width=\"960\" height=\"720\" src=\"http:\/\/joaquinfranco.com\/wp-content\/uploads\/2020\/05\/Diapositiva01-2.jpg\" alt=\"\" class=\"wp-image-1154\" srcset=\"https:\/\/joaquinfranco.com\/wp-content\/uploads\/2020\/05\/Diapositiva01-2.jpg 960w, https:\/\/joaquinfranco.com\/wp-content\/uploads\/2020\/05\/Diapositiva01-2-300x225.jpg 300w, https:\/\/joaquinfranco.com\/wp-content\/uploads\/2020\/05\/Diapositiva01-2-768x576.jpg 768w\" sizes=\"(max-width: 960px) 100vw, 960px\" \/><\/figure><div class=\"wp-block-media-text__content\">\n<p class=\"has-background has-text-align-center has-medium-font-size has-very-light-gray-background-color\"><a href=\"http:\/\/joaquinfranco.com\/index.php\/centro-de-terapias-deva-natural\/\" target=\"_blank\" rel=\"noreferrer noopener\">ESTUDIOS PARA CENTRO DE TERAPIAS EN CONJUNTO URBANISTICO TINA MAYOR EN UNQUERA A\u00d1O 2017<\/a><\/p>\n<\/div><\/div>\n\n\n\n<div class=\"wp-block-media-text alignwide has-media-on-the-right is-stacked-on-mobile\"><figure class=\"wp-block-media-text__media\"><img loading=\"lazy\" width=\"512\" height=\"288\" src=\"http:\/\/joaquinfranco.com\/wp-content\/uploads\/2020\/05\/Diapositiva13-4.jpg\" alt=\"\" class=\"wp-image-1318\" srcset=\"https:\/\/joaquinfranco.com\/wp-content\/uploads\/2020\/05\/Diapositiva13-4.jpg 512w, https:\/\/joaquinfranco.com\/wp-content\/uploads\/2020\/05\/Diapositiva13-4-300x169.jpg 300w\" sizes=\"(max-width: 512px) 100vw, 512px\" \/><\/figure><div class=\"wp-block-media-text__content\">\n<p class=\"has-background has-text-align-center has-normal-font-size has-very-light-gray-background-color\"><a href=\"http:\/\/joaquinfranco.com\/index.php\/diseno-de-patio\/\" target=\"_blank\" rel=\"noreferrer noopener\">DISE\u00d1O DE PATIO PARA ACCESO A VIVIENDA EN GUARNIZO-EL ASTILLERO A\u00d1O 2016<\/a><\/p>\n<\/div><\/div>\n\n\n\n<p><\/p>\n","protected":false},"excerpt":{"rendered":"<p>COHOUSING RIA DEL CANTABRICO APARTAMENTOS DE CONVIVENCIA BIENESTAR SOCIAL , SOSTENIBILIADAD Y LA MEJOR FORMA DE VIVIR EN CONVIVENCIA, EDIFICACI\u00d3N EN UNQUERA (A\u00d1O 2017) ESTUDIOS PARA CENTRO DE TERAPIAS EN CONJUNTO URBANISTICO TINA MAYOR EN UNQUERA A\u00d1O 2017 DISE\u00d1O DE PATIO PARA ACCESO A VIVIENDA EN GUARNIZO-EL ASTILLERO A\u00d1O 2016<\/p>\n","protected":false},"author":1,"featured_media":0,"parent":0,"menu_order":0,"comment_status":"closed","ping_status":"closed","template":"","meta":[],"yoast_head":"<!-- This site is optimized with the Yoast SEO plugin v15.2.1 - https:\/\/yoast.com\/wordpress\/plugins\/seo\/ -->\n<title>DISE\u00d1OS - INTERIORISMO JOAQUIN FRANCO<\/title>\n<meta name=\"robots\" content=\"index, follow, max-snippet:-1, max-image-preview:large, max-video-preview:-1\" \/>\n<link rel=\"canonical\" href=\"https:\/\/joaquinfranco.com\/index.php\/disenos\/\" \/>\n<meta property=\"og:locale\" content=\"es_ES\" \/>\n<meta property=\"og:type\" content=\"article\" \/>\n<meta property=\"og:title\" content=\"DISE\u00d1OS - INTERIORISMO JOAQUIN FRANCO\" \/>\n<meta property=\"og:description\" content=\"COHOUSING RIA DEL CANTABRICO APARTAMENTOS DE CONVIVENCIA BIENESTAR SOCIAL , SOSTENIBILIADAD Y LA MEJOR FORMA DE VIVIR EN CONVIVENCIA, EDIFICACI\u00d3N EN UNQUERA (A\u00d1O 2017) ESTUDIOS PARA CENTRO DE TERAPIAS EN CONJUNTO URBANISTICO TINA MAYOR EN UNQUERA A\u00d1O 2017 DISE\u00d1O DE PATIO PARA ACCESO A VIVIENDA EN GUARNIZO-EL ASTILLERO A\u00d1O 2016\" \/>\n<meta property=\"og:url\" content=\"https:\/\/joaquinfranco.com\/index.php\/disenos\/\" \/>\n<meta property=\"og:site_name\" content=\"INTERIORISMO JOAQUIN FRANCO\" \/>\n<meta property=\"article:publisher\" content=\"https:\/\/www.facebook.com\/joaquin.francotrueba\" \/>\n<meta property=\"article:modified_time\" content=\"2020-05-12T18:46:03+00:00\" \/>\n<meta property=\"og:image\" content=\"http:\/\/joaquinfranco.com\/wp-content\/uploads\/2020\/05\/Diapositiva1-4.jpg\" \/>\n<meta name=\"twitter:card\" content=\"summary_large_image\" \/>\n<meta name=\"twitter:label1\" content=\"Escrito por\">\n\t<meta name=\"twitter:data1\" content=\"admin\">\n\t<meta name=\"twitter:label2\" content=\"Tiempo de lectura\">\n\t<meta name=\"twitter:data2\" content=\"0 minutos\">\n<script type=\"application\/ld+json\" class=\"yoast-schema-graph\">{\"@context\":\"https:\/\/schema.org\",\"@graph\":[{\"@type\":\"WebSite\",\"@id\":\"https:\/\/joaquinfranco.com\/#website\",\"url\":\"https:\/\/joaquinfranco.com\/\",\"name\":\"INTERIORISMO JOAQUIN FRANCO\",\"description\":\"Estudio de Decoraci\\u00f3n y Arquitectura Interior\",\"potentialAction\":[{\"@type\":\"SearchAction\",\"target\":\"https:\/\/joaquinfranco.com\/?s={search_term_string}\",\"query-input\":\"required name=search_term_string\"}],\"inLanguage\":\"es\"},{\"@type\":\"ImageObject\",\"@id\":\"https:\/\/joaquinfranco.com\/index.php\/disenos\/#primaryimage\",\"inLanguage\":\"es\",\"url\":\"http:\/\/joaquinfranco.com\/wp-content\/uploads\/2020\/05\/Diapositiva1-4.jpg\"},{\"@type\":\"WebPage\",\"@id\":\"https:\/\/joaquinfranco.com\/index.php\/disenos\/#webpage\",\"url\":\"https:\/\/joaquinfranco.com\/index.php\/disenos\/\",\"name\":\"DISE\\u00d1OS - INTERIORISMO JOAQUIN FRANCO\",\"isPartOf\":{\"@id\":\"https:\/\/joaquinfranco.com\/#website\"},\"primaryImageOfPage\":{\"@id\":\"https:\/\/joaquinfranco.com\/index.php\/disenos\/#primaryimage\"},\"datePublished\":\"2020-05-07T17:27:04+00:00\",\"dateModified\":\"2020-05-12T18:46:03+00:00\",\"inLanguage\":\"es\",\"potentialAction\":[{\"@type\":\"ReadAction\",\"target\":[\"https:\/\/joaquinfranco.com\/index.php\/disenos\/\"]}]}]}<\/script>\n<!-- \/ Yoast SEO plugin. -->","_links":{"self":[{"href":"https:\/\/joaquinfranco.com\/index.php\/wp-json\/wp\/v2\/pages\/1074"}],"collection":[{"href":"https:\/\/joaquinfranco.com\/index.php\/wp-json\/wp\/v2\/pages"}],"about":[{"href":"https:\/\/joaquinfranco.com\/index.php\/wp-json\/wp\/v2\/types\/page"}],"author":[{"embeddable":true,"href":"https:\/\/joaquinfranco.com\/index.php\/wp-json\/wp\/v2\/users\/1"}],"replies":[{"embeddable":true,"href":"https:\/\/joaquinfranco.com\/index.php\/wp-json\/wp\/v2\/comments?post=1074"}],"version-history":[{"count":3,"href":"https:\/\/joaquinfranco.com\/index.php\/wp-json\/wp\/v2\/pages\/1074\/revisions"}],"predecessor-version":[{"id":1521,"href":"https:\/\/joaquinfranco.com\/index.php\/wp-json\/wp\/v2\/pages\/1074\/revisions\/1521"}],"wp:attachment":[{"href":"https:\/\/joaquinfranco.com\/index.php\/wp-json\/wp\/v2\/media?parent=1074"}],"curies":[{"name":"wp","href":"https:\/\/api.w.org\/{rel}","templated":true}]}}