{"id":1058,"date":"2020-05-07T17:08:27","date_gmt":"2020-05-07T17:08:27","guid":{"rendered":"http:\/\/joaquinfranco.com\/?page_id=1058"},"modified":"2020-05-07T17:22:00","modified_gmt":"2020-05-07T17:22:00","slug":"local-escuela-de-sur","status":"publish","type":"page","link":"https:\/\/joaquinfranco.com\/index.php\/local-escuela-de-sur\/","title":{"rendered":"LOCAL ESCUELA DE SUR"},"content":{"rendered":"\n<h3 class=\"has-text-align-center\">Reforma de local para una tienda de material deportivo y vestuario para escuela de Surf (2012)-Laredo-Cantabria<\/h3>\n\n\n\n<div class=\"wp-block-media-text alignwide is-stacked-on-mobile\"><figure class=\"wp-block-media-text__media\"><img loading=\"lazy\" width=\"900\" height=\"400\" src=\"http:\/\/joaquinfranco.com\/wp-content\/uploads\/2020\/05\/941839_140716936120151_1044453996_n.jpg\" alt=\"\" class=\"wp-image-1061\" srcset=\"https:\/\/joaquinfranco.com\/wp-content\/uploads\/2020\/05\/941839_140716936120151_1044453996_n.jpg 900w, https:\/\/joaquinfranco.com\/wp-content\/uploads\/2020\/05\/941839_140716936120151_1044453996_n-300x133.jpg 300w, https:\/\/joaquinfranco.com\/wp-content\/uploads\/2020\/05\/941839_140716936120151_1044453996_n-768x341.jpg 768w\" sizes=\"(max-width: 900px) 100vw, 900px\" \/><\/figure><div class=\"wp-block-media-text__content\">\n<p class=\"has-background has-text-align-center has-medium-font-size has-very-light-gray-background-color\"><a href=\"https:\/\/www.yumping.com\/surf\/escuela-de-surf-dani-pablos--e19744509\" target=\"_blank\" rel=\"noreferrer noopener\">TIENDA DE MATERIAL DEPORTIVO Y ESCUELA DE SURF DANI PABLOS EN LAREDO<\/a><\/p>\n<\/div><\/div>\n\n\n\n<p class=\"has-drop-cap\"><em>En funci\u00f3n de las ideas expresadas por el promotor en cuanto al desarrollo y funcionamiento de la tienda de material deportivo,&nbsp; se pretende llevar a cabo la distribuci\u00f3n partiendo de la puerta de entrada a la zona de \u00e1rea p\u00fablica donde se sit\u00faa el \u00e1rea de atenci\u00f3n al cliente, escaparates y zonas de baldas, colgadores, etc donde se presentan los productos. Dentro del mostrador se sit\u00faa una zona para despacho y un almac\u00e9n-trastienda, para almacenaje y stok de los productos(material deportivo y ropa).El aseo est\u00e1 formado por una zona de lavabo y una cabina con inodoro accesibles para minusv\u00e1lidos y v\u00e1lido para los dos sexos y 4 platos de ducha. El aseo tiene dos accesos uno desde la zona p\u00fablica y otro desde la zona de almac\u00e9n 2.<\/em> <em>A la izquierda se sit\u00faa una puerta con acceso desde el exterior para acceder al almac\u00e9n 2 donde se puede estocar&nbsp; partidas de material, este almac\u00e9n tiene una puerta corredera por la cual se puede acceder al aseo.<\/em> <em>El local tiene una pared curva que da movilidad al espacio, en la cual se va a colocar un mural de vinilo pegado con un motivo representativo de la tienda o de deportes acu\u00e1ticos.<\/em><\/p>\n\n\n\n<figure class=\"wp-block-gallery columns-3 is-cropped\"><ul class=\"blocks-gallery-grid\"><li class=\"blocks-gallery-item\"><figure><a href=\"http:\/\/joaquinfranco.com\/wp-content\/uploads\/2020\/05\/PERS-1-3.jpg\"><img loading=\"lazy\" width=\"355\" height=\"208\" src=\"http:\/\/joaquinfranco.com\/wp-content\/uploads\/2020\/05\/PERS-1-3.jpg\" alt=\"\" data-id=\"1063\" data-link=\"http:\/\/joaquinfranco.com\/index.php\/local-escuela-de-sur\/pers-1-3-2\/\" class=\"wp-image-1063\" srcset=\"https:\/\/joaquinfranco.com\/wp-content\/uploads\/2020\/05\/PERS-1-3.jpg 355w, https:\/\/joaquinfranco.com\/wp-content\/uploads\/2020\/05\/PERS-1-3-300x176.jpg 300w\" sizes=\"(max-width: 355px) 100vw, 355px\" \/><\/a><\/figure><\/li><li class=\"blocks-gallery-item\"><figure><a href=\"http:\/\/joaquinfranco.com\/wp-content\/uploads\/2020\/05\/PERS-2-3.jpg\"><img loading=\"lazy\" width=\"355\" height=\"208\" src=\"http:\/\/joaquinfranco.com\/wp-content\/uploads\/2020\/05\/PERS-2-3.jpg\" alt=\"\" data-id=\"1064\" data-link=\"http:\/\/joaquinfranco.com\/index.php\/local-escuela-de-sur\/pers-2-3-2\/\" class=\"wp-image-1064\" srcset=\"https:\/\/joaquinfranco.com\/wp-content\/uploads\/2020\/05\/PERS-2-3.jpg 355w, https:\/\/joaquinfranco.com\/wp-content\/uploads\/2020\/05\/PERS-2-3-300x176.jpg 300w\" sizes=\"(max-width: 355px) 100vw, 355px\" \/><\/a><\/figure><\/li><li class=\"blocks-gallery-item\"><figure><a href=\"http:\/\/joaquinfranco.com\/wp-content\/uploads\/2020\/05\/PERS-3-3.jpg\"><img loading=\"lazy\" width=\"400\" height=\"208\" src=\"http:\/\/joaquinfranco.com\/wp-content\/uploads\/2020\/05\/PERS-3-3.jpg\" alt=\"\" data-id=\"1065\" data-link=\"http:\/\/joaquinfranco.com\/index.php\/local-escuela-de-sur\/pers-3-3\/\" class=\"wp-image-1065\" srcset=\"https:\/\/joaquinfranco.com\/wp-content\/uploads\/2020\/05\/PERS-3-3.jpg 400w, https:\/\/joaquinfranco.com\/wp-content\/uploads\/2020\/05\/PERS-3-3-300x156.jpg 300w\" sizes=\"(max-width: 400px) 100vw, 400px\" \/><\/a><\/figure><\/li><li class=\"blocks-gallery-item\"><figure><a href=\"http:\/\/joaquinfranco.com\/wp-content\/uploads\/2020\/05\/PERS-4-2.jpg\"><img loading=\"lazy\" width=\"400\" height=\"208\" src=\"http:\/\/joaquinfranco.com\/wp-content\/uploads\/2020\/05\/PERS-4-2.jpg\" alt=\"\" data-id=\"1066\" data-link=\"http:\/\/joaquinfranco.com\/index.php\/local-escuela-de-sur\/pers-4-2-2\/\" class=\"wp-image-1066\" srcset=\"https:\/\/joaquinfranco.com\/wp-content\/uploads\/2020\/05\/PERS-4-2.jpg 400w, https:\/\/joaquinfranco.com\/wp-content\/uploads\/2020\/05\/PERS-4-2-300x156.jpg 300w\" sizes=\"(max-width: 400px) 100vw, 400px\" \/><\/a><\/figure><\/li><li class=\"blocks-gallery-item\"><figure><a href=\"http:\/\/joaquinfranco.com\/wp-content\/uploads\/2020\/05\/PERS-5-1.jpg\"><img loading=\"lazy\" width=\"400\" height=\"208\" src=\"http:\/\/joaquinfranco.com\/wp-content\/uploads\/2020\/05\/PERS-5-1.jpg\" alt=\"\" data-id=\"1067\" data-link=\"http:\/\/joaquinfranco.com\/index.php\/local-escuela-de-sur\/pers-5-1\/\" class=\"wp-image-1067\" srcset=\"https:\/\/joaquinfranco.com\/wp-content\/uploads\/2020\/05\/PERS-5-1.jpg 400w, https:\/\/joaquinfranco.com\/wp-content\/uploads\/2020\/05\/PERS-5-1-300x156.jpg 300w\" sizes=\"(max-width: 400px) 100vw, 400px\" \/><\/a><\/figure><\/li><li class=\"blocks-gallery-item\"><figure><a href=\"http:\/\/joaquinfranco.com\/wp-content\/uploads\/2020\/05\/PERS-6-1.jpg\"><img loading=\"lazy\" width=\"400\" height=\"208\" src=\"http:\/\/joaquinfranco.com\/wp-content\/uploads\/2020\/05\/PERS-6-1.jpg\" alt=\"\" data-id=\"1068\" data-link=\"http:\/\/joaquinfranco.com\/index.php\/local-escuela-de-sur\/pers-6-1\/\" class=\"wp-image-1068\" srcset=\"https:\/\/joaquinfranco.com\/wp-content\/uploads\/2020\/05\/PERS-6-1.jpg 400w, https:\/\/joaquinfranco.com\/wp-content\/uploads\/2020\/05\/PERS-6-1-300x156.jpg 300w\" sizes=\"(max-width: 400px) 100vw, 400px\" \/><\/a><\/figure><\/li><li class=\"blocks-gallery-item\"><figure><a href=\"http:\/\/joaquinfranco.com\/wp-content\/uploads\/2020\/05\/IMG_6267.jpg\"><img loading=\"lazy\" width=\"407\" height=\"271\" src=\"http:\/\/joaquinfranco.com\/wp-content\/uploads\/2020\/05\/IMG_6267.jpg\" alt=\"\" data-id=\"1069\" data-full-url=\"http:\/\/joaquinfranco.com\/wp-content\/uploads\/2020\/05\/IMG_6267.jpg\" data-link=\"http:\/\/joaquinfranco.com\/index.php\/local-escuela-de-sur\/img_6267\/\" class=\"wp-image-1069\" srcset=\"https:\/\/joaquinfranco.com\/wp-content\/uploads\/2020\/05\/IMG_6267.jpg 407w, https:\/\/joaquinfranco.com\/wp-content\/uploads\/2020\/05\/IMG_6267-300x200.jpg 300w\" sizes=\"(max-width: 407px) 100vw, 407px\" \/><\/a><\/figure><\/li><\/ul><\/figure>\n\n\n\n<div class=\"wp-block-columns\">\n<div class=\"wp-block-column\">\n<div class=\"wp-block-file\"><a href=\"http:\/\/joaquinfranco.com\/wp-content\/uploads\/2020\/05\/01-PLANOS-ESCUELA-DE-SURF.pdf\">01-PLANOS-ESCUELA-DE-SURF<\/a><a href=\"http:\/\/joaquinfranco.com\/wp-content\/uploads\/2020\/05\/01-PLANOS-ESCUELA-DE-SURF.pdf\" class=\"wp-block-file__button\" download>Descarga<\/a><\/div>\n<\/div>\n\n\n\n<div class=\"wp-block-column\">\n<div class=\"wp-block-file\"><a href=\"http:\/\/joaquinfranco.com\/wp-content\/uploads\/2020\/05\/02-PLANOS-ESCUELA-DE-SURF-.pdf\">02-PLANOS-ESCUELA-DE-SURF-<\/a><a href=\"http:\/\/joaquinfranco.com\/wp-content\/uploads\/2020\/05\/02-PLANOS-ESCUELA-DE-SURF-.pdf\" class=\"wp-block-file__button\" download>Descarga<\/a><\/div>\n<\/div>\n<\/div>\n","protected":false},"excerpt":{"rendered":"<p>Reforma de local para una tienda de material deportivo y vestuario para escuela de Surf (2012)-Laredo-Cantabria TIENDA DE MATERIAL DEPORTIVO Y ESCUELA DE SURF DANI PABLOS EN LAREDO En funci\u00f3n de las ideas expresadas por el promotor en cuanto al desarrollo y funcionamiento de la tienda de material deportivo,&nbsp; se&#8230;<\/p>\n","protected":false},"author":1,"featured_media":0,"parent":0,"menu_order":0,"comment_status":"closed","ping_status":"closed","template":"","meta":[],"yoast_head":"<!-- This site is optimized with the Yoast SEO plugin v15.2.1 - https:\/\/yoast.com\/wordpress\/plugins\/seo\/ -->\n<title>LOCAL ESCUELA DE SUR - INTERIORISMO JOAQUIN FRANCO<\/title>\n<meta name=\"robots\" content=\"index, follow, max-snippet:-1, max-image-preview:large, max-video-preview:-1\" \/>\n<link rel=\"canonical\" href=\"https:\/\/joaquinfranco.com\/index.php\/local-escuela-de-sur\/\" \/>\n<meta property=\"og:locale\" content=\"es_ES\" \/>\n<meta property=\"og:type\" content=\"article\" \/>\n<meta property=\"og:title\" content=\"LOCAL ESCUELA DE SUR - INTERIORISMO JOAQUIN FRANCO\" \/>\n<meta property=\"og:description\" content=\"Reforma de local para una tienda de material deportivo y vestuario para escuela de Surf (2012)-Laredo-Cantabria TIENDA DE MATERIAL DEPORTIVO Y ESCUELA DE SURF DANI PABLOS EN LAREDO En funci\u00f3n de las ideas expresadas por el promotor en cuanto al desarrollo y funcionamiento de la tienda de material deportivo,&nbsp; se...\" \/>\n<meta property=\"og:url\" content=\"https:\/\/joaquinfranco.com\/index.php\/local-escuela-de-sur\/\" \/>\n<meta property=\"og:site_name\" content=\"INTERIORISMO JOAQUIN FRANCO\" \/>\n<meta property=\"article:publisher\" content=\"https:\/\/www.facebook.com\/joaquin.francotrueba\" \/>\n<meta property=\"article:modified_time\" content=\"2020-05-07T17:22:00+00:00\" \/>\n<meta property=\"og:image\" content=\"http:\/\/joaquinfranco.com\/wp-content\/uploads\/2020\/05\/941839_140716936120151_1044453996_n.jpg\" \/>\n<meta name=\"twitter:card\" content=\"summary_large_image\" \/>\n<meta name=\"twitter:label1\" content=\"Escrito por\">\n\t<meta name=\"twitter:data1\" content=\"admin\">\n\t<meta name=\"twitter:label2\" content=\"Tiempo de lectura\">\n\t<meta name=\"twitter:data2\" content=\"1 minuto\">\n<script type=\"application\/ld+json\" class=\"yoast-schema-graph\">{\"@context\":\"https:\/\/schema.org\",\"@graph\":[{\"@type\":\"WebSite\",\"@id\":\"https:\/\/joaquinfranco.com\/#website\",\"url\":\"https:\/\/joaquinfranco.com\/\",\"name\":\"INTERIORISMO JOAQUIN FRANCO\",\"description\":\"Estudio de Decoraci\\u00f3n y Arquitectura Interior\",\"potentialAction\":[{\"@type\":\"SearchAction\",\"target\":\"https:\/\/joaquinfranco.com\/?s={search_term_string}\",\"query-input\":\"required name=search_term_string\"}],\"inLanguage\":\"es\"},{\"@type\":\"ImageObject\",\"@id\":\"https:\/\/joaquinfranco.com\/index.php\/local-escuela-de-sur\/#primaryimage\",\"inLanguage\":\"es\",\"url\":\"http:\/\/joaquinfranco.com\/wp-content\/uploads\/2020\/05\/941839_140716936120151_1044453996_n.jpg\"},{\"@type\":\"WebPage\",\"@id\":\"https:\/\/joaquinfranco.com\/index.php\/local-escuela-de-sur\/#webpage\",\"url\":\"https:\/\/joaquinfranco.com\/index.php\/local-escuela-de-sur\/\",\"name\":\"LOCAL ESCUELA DE SUR - INTERIORISMO JOAQUIN FRANCO\",\"isPartOf\":{\"@id\":\"https:\/\/joaquinfranco.com\/#website\"},\"primaryImageOfPage\":{\"@id\":\"https:\/\/joaquinfranco.com\/index.php\/local-escuela-de-sur\/#primaryimage\"},\"datePublished\":\"2020-05-07T17:08:27+00:00\",\"dateModified\":\"2020-05-07T17:22:00+00:00\",\"inLanguage\":\"es\",\"potentialAction\":[{\"@type\":\"ReadAction\",\"target\":[\"https:\/\/joaquinfranco.com\/index.php\/local-escuela-de-sur\/\"]}]}]}<\/script>\n<!-- \/ Yoast SEO plugin. -->","_links":{"self":[{"href":"https:\/\/joaquinfranco.com\/index.php\/wp-json\/wp\/v2\/pages\/1058"}],"collection":[{"href":"https:\/\/joaquinfranco.com\/index.php\/wp-json\/wp\/v2\/pages"}],"about":[{"href":"https:\/\/joaquinfranco.com\/index.php\/wp-json\/wp\/v2\/types\/page"}],"author":[{"embeddable":true,"href":"https:\/\/joaquinfranco.com\/index.php\/wp-json\/wp\/v2\/users\/1"}],"replies":[{"embeddable":true,"href":"https:\/\/joaquinfranco.com\/index.php\/wp-json\/wp\/v2\/comments?post=1058"}],"version-history":[{"count":3,"href":"https:\/\/joaquinfranco.com\/index.php\/wp-json\/wp\/v2\/pages\/1058\/revisions"}],"predecessor-version":[{"id":1073,"href":"https:\/\/joaquinfranco.com\/index.php\/wp-json\/wp\/v2\/pages\/1058\/revisions\/1073"}],"wp:attachment":[{"href":"https:\/\/joaquinfranco.com\/index.php\/wp-json\/wp\/v2\/media?parent=1058"}],"curies":[{"name":"wp","href":"https:\/\/api.w.org\/{rel}","templated":true}]}}