{"id":1037,"date":"2020-05-07T15:46:47","date_gmt":"2020-05-07T15:46:47","guid":{"rendered":"http:\/\/joaquinfranco.com\/?page_id=1037"},"modified":"2020-06-03T18:50:54","modified_gmt":"2020-06-03T18:50:54","slug":"cafe-bar","status":"publish","type":"page","link":"https:\/\/joaquinfranco.com\/index.php\/cafe-bar\/","title":{"rendered":"CAFE-BAR"},"content":{"rendered":"\n<h3 class=\"has-text-align-center\">REFORMA DE LOCAL Y ACTIVIDAD PARA CAFE-BAR EN MERUELO, AVENIDA SAN MIGUEL 2 BLOQ. 2 LOCAL N\u00ba 1- SAN MIGUEL DE MERUELO A\u00d1O 2010<\/h3>\n\n\n\n<p class=\"has-drop-cap\">En funci\u00f3n de las ideas expresadas por el promotor en cuanto al desarrollo y funcionamiento del Bar se presenta una decoraci\u00f3n actual con unos paneles de madera pintados en rojo-laca con formadas de ondas contrasta con&nbsp; zonas de mesas y paredes de verde pistacho. El local est\u00e1 dotado de&nbsp; zona wifi, zona de cocina, barra, mesas, terraza y aseos aprovechando al m\u00e1ximo sus escasos 45 m2 \u00fatiles. La publicidad y logotipos del local se realizar\u00e1 mediante vinilos pegados interiormente al cristal de la carpinter\u00eda de la fachada. En la peque\u00f1a terraza exterior se colocar\u00e1n tres mesas altas con banquetas para disfrutar del aire libre. La idea de conjuntar el espacio exterior arquitect\u00f3nico de fachada&nbsp; con un espacio interior funcional con un dise\u00f1o de interiores y de mobiliario actual. El funcionamiento del bar para gente joven con zona de terraza propia para picoteos y bebidas variadas<\/p>\n\n\n\n<figure class=\"wp-block-embed-youtube alignwide wp-block-embed is-type-video is-provider-youtube wp-embed-aspect-16-9 wp-has-aspect-ratio\"><div class=\"wp-block-embed__wrapper\">\n<iframe title=\"bar isabela\" width=\"790\" height=\"444\" src=\"https:\/\/www.youtube.com\/embed\/svXw-7Tg0oM?feature=oembed\" frameborder=\"0\" allow=\"accelerometer; autoplay; encrypted-media; gyroscope; picture-in-picture\" allowfullscreen><\/iframe>\n<\/div><\/figure>\n\n\n\n<figure class=\"wp-block-gallery alignwide columns-5 is-cropped\"><ul class=\"blocks-gallery-grid\"><li class=\"blocks-gallery-item\"><figure><a href=\"http:\/\/joaquinfranco.com\/wp-content\/uploads\/2020\/05\/DSCN1061.jpg\"><img loading=\"lazy\" width=\"400\" height=\"533\" src=\"http:\/\/joaquinfranco.com\/wp-content\/uploads\/2020\/05\/DSCN1061.jpg\" alt=\"\" data-id=\"1041\" data-full-url=\"http:\/\/joaquinfranco.com\/wp-content\/uploads\/2020\/05\/DSCN1061.jpg\" data-link=\"http:\/\/joaquinfranco.com\/index.php\/cafe-bar\/dscn1061\/\" class=\"wp-image-1041\" srcset=\"https:\/\/joaquinfranco.com\/wp-content\/uploads\/2020\/05\/DSCN1061.jpg 400w, https:\/\/joaquinfranco.com\/wp-content\/uploads\/2020\/05\/DSCN1061-225x300.jpg 225w\" sizes=\"(max-width: 400px) 100vw, 400px\" \/><\/a><\/figure><\/li><li class=\"blocks-gallery-item\"><figure><a href=\"http:\/\/joaquinfranco.com\/wp-content\/uploads\/2020\/05\/DSCN1062.jpg\"><img loading=\"lazy\" width=\"400\" height=\"533\" src=\"http:\/\/joaquinfranco.com\/wp-content\/uploads\/2020\/05\/DSCN1062.jpg\" alt=\"\" data-id=\"1042\" data-full-url=\"http:\/\/joaquinfranco.com\/wp-content\/uploads\/2020\/05\/DSCN1062.jpg\" data-link=\"http:\/\/joaquinfranco.com\/index.php\/cafe-bar\/dscn1062\/\" class=\"wp-image-1042\" srcset=\"https:\/\/joaquinfranco.com\/wp-content\/uploads\/2020\/05\/DSCN1062.jpg 400w, https:\/\/joaquinfranco.com\/wp-content\/uploads\/2020\/05\/DSCN1062-225x300.jpg 225w\" sizes=\"(max-width: 400px) 100vw, 400px\" \/><\/a><\/figure><\/li><li class=\"blocks-gallery-item\"><figure><a href=\"http:\/\/joaquinfranco.com\/wp-content\/uploads\/2020\/05\/DSCN1063.jpg\"><img loading=\"lazy\" width=\"400\" height=\"300\" src=\"http:\/\/joaquinfranco.com\/wp-content\/uploads\/2020\/05\/DSCN1063.jpg\" alt=\"\" data-id=\"1043\" data-full-url=\"http:\/\/joaquinfranco.com\/wp-content\/uploads\/2020\/05\/DSCN1063.jpg\" data-link=\"http:\/\/joaquinfranco.com\/index.php\/cafe-bar\/dscn1063\/\" class=\"wp-image-1043\" srcset=\"https:\/\/joaquinfranco.com\/wp-content\/uploads\/2020\/05\/DSCN1063.jpg 400w, https:\/\/joaquinfranco.com\/wp-content\/uploads\/2020\/05\/DSCN1063-300x225.jpg 300w\" sizes=\"(max-width: 400px) 100vw, 400px\" \/><\/a><\/figure><\/li><li class=\"blocks-gallery-item\"><figure><a href=\"http:\/\/joaquinfranco.com\/wp-content\/uploads\/2020\/05\/DSCN1064.jpg\"><img loading=\"lazy\" width=\"400\" height=\"533\" src=\"http:\/\/joaquinfranco.com\/wp-content\/uploads\/2020\/05\/DSCN1064.jpg\" alt=\"\" data-id=\"1044\" data-full-url=\"http:\/\/joaquinfranco.com\/wp-content\/uploads\/2020\/05\/DSCN1064.jpg\" data-link=\"http:\/\/joaquinfranco.com\/index.php\/cafe-bar\/dscn1064\/\" class=\"wp-image-1044\" srcset=\"https:\/\/joaquinfranco.com\/wp-content\/uploads\/2020\/05\/DSCN1064.jpg 400w, https:\/\/joaquinfranco.com\/wp-content\/uploads\/2020\/05\/DSCN1064-225x300.jpg 225w\" sizes=\"(max-width: 400px) 100vw, 400px\" \/><\/a><\/figure><\/li><li class=\"blocks-gallery-item\"><figure><a href=\"http:\/\/joaquinfranco.com\/wp-content\/uploads\/2020\/05\/DSCN1065.jpg\"><img loading=\"lazy\" width=\"400\" height=\"533\" src=\"http:\/\/joaquinfranco.com\/wp-content\/uploads\/2020\/05\/DSCN1065.jpg\" alt=\"\" data-id=\"1045\" data-full-url=\"http:\/\/joaquinfranco.com\/wp-content\/uploads\/2020\/05\/DSCN1065.jpg\" data-link=\"http:\/\/joaquinfranco.com\/index.php\/cafe-bar\/dscn1065\/\" class=\"wp-image-1045\" srcset=\"https:\/\/joaquinfranco.com\/wp-content\/uploads\/2020\/05\/DSCN1065.jpg 400w, https:\/\/joaquinfranco.com\/wp-content\/uploads\/2020\/05\/DSCN1065-225x300.jpg 225w\" sizes=\"(max-width: 400px) 100vw, 400px\" \/><\/a><\/figure><\/li><li class=\"blocks-gallery-item\"><figure><a href=\"http:\/\/joaquinfranco.com\/wp-content\/uploads\/2020\/05\/DSCN1066.jpg\"><img loading=\"lazy\" width=\"400\" height=\"300\" src=\"http:\/\/joaquinfranco.com\/wp-content\/uploads\/2020\/05\/DSCN1066.jpg\" alt=\"\" data-id=\"1046\" data-full-url=\"http:\/\/joaquinfranco.com\/wp-content\/uploads\/2020\/05\/DSCN1066.jpg\" data-link=\"http:\/\/joaquinfranco.com\/index.php\/cafe-bar\/dscn1066\/\" class=\"wp-image-1046\" srcset=\"https:\/\/joaquinfranco.com\/wp-content\/uploads\/2020\/05\/DSCN1066.jpg 400w, https:\/\/joaquinfranco.com\/wp-content\/uploads\/2020\/05\/DSCN1066-300x225.jpg 300w\" sizes=\"(max-width: 400px) 100vw, 400px\" \/><\/a><\/figure><\/li><li class=\"blocks-gallery-item\"><figure><a href=\"http:\/\/joaquinfranco.com\/wp-content\/uploads\/2020\/05\/DSCN1067.jpg\"><img loading=\"lazy\" width=\"400\" height=\"300\" src=\"http:\/\/joaquinfranco.com\/wp-content\/uploads\/2020\/05\/DSCN1067.jpg\" alt=\"\" data-id=\"1047\" data-full-url=\"http:\/\/joaquinfranco.com\/wp-content\/uploads\/2020\/05\/DSCN1067.jpg\" data-link=\"http:\/\/joaquinfranco.com\/index.php\/cafe-bar\/dscn1067\/\" class=\"wp-image-1047\" srcset=\"https:\/\/joaquinfranco.com\/wp-content\/uploads\/2020\/05\/DSCN1067.jpg 400w, https:\/\/joaquinfranco.com\/wp-content\/uploads\/2020\/05\/DSCN1067-300x225.jpg 300w\" sizes=\"(max-width: 400px) 100vw, 400px\" \/><\/a><\/figure><\/li><li class=\"blocks-gallery-item\"><figure><a href=\"http:\/\/joaquinfranco.com\/wp-content\/uploads\/2020\/05\/DSCN1068.jpg\"><img loading=\"lazy\" width=\"400\" height=\"300\" src=\"http:\/\/joaquinfranco.com\/wp-content\/uploads\/2020\/05\/DSCN1068.jpg\" alt=\"\" data-id=\"1048\" data-full-url=\"http:\/\/joaquinfranco.com\/wp-content\/uploads\/2020\/05\/DSCN1068.jpg\" data-link=\"http:\/\/joaquinfranco.com\/index.php\/cafe-bar\/dscn1068\/\" class=\"wp-image-1048\" srcset=\"https:\/\/joaquinfranco.com\/wp-content\/uploads\/2020\/05\/DSCN1068.jpg 400w, https:\/\/joaquinfranco.com\/wp-content\/uploads\/2020\/05\/DSCN1068-300x225.jpg 300w\" sizes=\"(max-width: 400px) 100vw, 400px\" \/><\/a><\/figure><\/li><li class=\"blocks-gallery-item\"><figure><a href=\"http:\/\/joaquinfranco.com\/wp-content\/uploads\/2020\/05\/DSCN1069.jpg\"><img loading=\"lazy\" width=\"400\" height=\"533\" src=\"http:\/\/joaquinfranco.com\/wp-content\/uploads\/2020\/05\/DSCN1069.jpg\" alt=\"\" data-id=\"1049\" data-full-url=\"http:\/\/joaquinfranco.com\/wp-content\/uploads\/2020\/05\/DSCN1069.jpg\" data-link=\"http:\/\/joaquinfranco.com\/index.php\/cafe-bar\/dscn1069\/\" class=\"wp-image-1049\" srcset=\"https:\/\/joaquinfranco.com\/wp-content\/uploads\/2020\/05\/DSCN1069.jpg 400w, https:\/\/joaquinfranco.com\/wp-content\/uploads\/2020\/05\/DSCN1069-225x300.jpg 225w\" sizes=\"(max-width: 400px) 100vw, 400px\" \/><\/a><\/figure><\/li><li class=\"blocks-gallery-item\"><figure><a href=\"http:\/\/joaquinfranco.com\/wp-content\/uploads\/2020\/05\/DSCN1070.jpg\"><img loading=\"lazy\" width=\"400\" height=\"533\" src=\"http:\/\/joaquinfranco.com\/wp-content\/uploads\/2020\/05\/DSCN1070.jpg\" alt=\"\" data-id=\"1050\" data-full-url=\"http:\/\/joaquinfranco.com\/wp-content\/uploads\/2020\/05\/DSCN1070.jpg\" data-link=\"http:\/\/joaquinfranco.com\/index.php\/cafe-bar\/dscn1070\/\" class=\"wp-image-1050\" srcset=\"https:\/\/joaquinfranco.com\/wp-content\/uploads\/2020\/05\/DSCN1070.jpg 400w, https:\/\/joaquinfranco.com\/wp-content\/uploads\/2020\/05\/DSCN1070-225x300.jpg 225w\" sizes=\"(max-width: 400px) 100vw, 400px\" \/><\/a><\/figure><\/li><li class=\"blocks-gallery-item\"><figure><a href=\"http:\/\/joaquinfranco.com\/wp-content\/uploads\/2020\/05\/DSCN1071.jpg\"><img loading=\"lazy\" width=\"400\" height=\"300\" src=\"http:\/\/joaquinfranco.com\/wp-content\/uploads\/2020\/05\/DSCN1071.jpg\" alt=\"\" data-id=\"1051\" data-full-url=\"http:\/\/joaquinfranco.com\/wp-content\/uploads\/2020\/05\/DSCN1071.jpg\" data-link=\"http:\/\/joaquinfranco.com\/index.php\/cafe-bar\/dscn1071\/\" class=\"wp-image-1051\" srcset=\"https:\/\/joaquinfranco.com\/wp-content\/uploads\/2020\/05\/DSCN1071.jpg 400w, https:\/\/joaquinfranco.com\/wp-content\/uploads\/2020\/05\/DSCN1071-300x225.jpg 300w\" sizes=\"(max-width: 400px) 100vw, 400px\" \/><\/a><\/figure><\/li><li class=\"blocks-gallery-item\"><figure><a href=\"http:\/\/joaquinfranco.com\/wp-content\/uploads\/2020\/05\/DSCN1072.jpg\"><img loading=\"lazy\" width=\"400\" height=\"533\" src=\"http:\/\/joaquinfranco.com\/wp-content\/uploads\/2020\/05\/DSCN1072.jpg\" alt=\"\" data-id=\"1052\" data-full-url=\"http:\/\/joaquinfranco.com\/wp-content\/uploads\/2020\/05\/DSCN1072.jpg\" data-link=\"http:\/\/joaquinfranco.com\/index.php\/cafe-bar\/dscn1072\/\" class=\"wp-image-1052\" srcset=\"https:\/\/joaquinfranco.com\/wp-content\/uploads\/2020\/05\/DSCN1072.jpg 400w, https:\/\/joaquinfranco.com\/wp-content\/uploads\/2020\/05\/DSCN1072-225x300.jpg 225w\" sizes=\"(max-width: 400px) 100vw, 400px\" \/><\/a><\/figure><\/li><li class=\"blocks-gallery-item\"><figure><a href=\"http:\/\/joaquinfranco.com\/wp-content\/uploads\/2020\/05\/DSCN1073.jpg\"><img loading=\"lazy\" width=\"400\" height=\"300\" src=\"http:\/\/joaquinfranco.com\/wp-content\/uploads\/2020\/05\/DSCN1073.jpg\" alt=\"\" data-id=\"1053\" data-full-url=\"http:\/\/joaquinfranco.com\/wp-content\/uploads\/2020\/05\/DSCN1073.jpg\" data-link=\"http:\/\/joaquinfranco.com\/index.php\/cafe-bar\/dscn1073\/\" class=\"wp-image-1053\" srcset=\"https:\/\/joaquinfranco.com\/wp-content\/uploads\/2020\/05\/DSCN1073.jpg 400w, https:\/\/joaquinfranco.com\/wp-content\/uploads\/2020\/05\/DSCN1073-300x225.jpg 300w\" sizes=\"(max-width: 400px) 100vw, 400px\" \/><\/a><\/figure><\/li><li class=\"blocks-gallery-item\"><figure><a href=\"http:\/\/joaquinfranco.com\/wp-content\/uploads\/2020\/05\/DSCN1074.jpg\"><img loading=\"lazy\" width=\"400\" height=\"533\" src=\"http:\/\/joaquinfranco.com\/wp-content\/uploads\/2020\/05\/DSCN1074.jpg\" alt=\"\" data-id=\"1054\" data-full-url=\"http:\/\/joaquinfranco.com\/wp-content\/uploads\/2020\/05\/DSCN1074.jpg\" data-link=\"http:\/\/joaquinfranco.com\/index.php\/cafe-bar\/dscn1074\/\" class=\"wp-image-1054\" srcset=\"https:\/\/joaquinfranco.com\/wp-content\/uploads\/2020\/05\/DSCN1074.jpg 400w, https:\/\/joaquinfranco.com\/wp-content\/uploads\/2020\/05\/DSCN1074-225x300.jpg 225w\" sizes=\"(max-width: 400px) 100vw, 400px\" \/><\/a><\/figure><\/li><\/ul><\/figure>\n\n\n\n<div class=\"wp-block-columns\">\n<div class=\"wp-block-column\">\n<div class=\"wp-block-file\"><a href=\"http:\/\/joaquinfranco.com\/wp-content\/uploads\/2020\/05\/PLANOS-BAR-ISABELA-1.pdf\">PLANOS-BAR-ISABELA-1<\/a><a href=\"http:\/\/joaquinfranco.com\/wp-content\/uploads\/2020\/05\/PLANOS-BAR-ISABELA-1.pdf\" class=\"wp-block-file__button\" download>Descarga<\/a><\/div>\n<\/div>\n\n\n\n<div class=\"wp-block-column\">\n<div class=\"wp-block-file\"><a href=\"http:\/\/joaquinfranco.com\/wp-content\/uploads\/2020\/05\/PLANOS-BAR-ISABELA-2.pdf\">PLANOS-BAR-ISABELA-2<\/a><a href=\"http:\/\/joaquinfranco.com\/wp-content\/uploads\/2020\/05\/PLANOS-BAR-ISABELA-2.pdf\" class=\"wp-block-file__button\" download>Descarga<\/a><\/div>\n<\/div>\n<\/div>\n","protected":false},"excerpt":{"rendered":"<p>REFORMA DE LOCAL Y ACTIVIDAD PARA CAFE-BAR EN MERUELO, AVENIDA SAN MIGUEL 2 BLOQ. 2 LOCAL N\u00ba 1- SAN MIGUEL DE MERUELO A\u00d1O 2010 En funci\u00f3n de las ideas expresadas por el promotor en cuanto al desarrollo y funcionamiento del Bar se presenta una decoraci\u00f3n actual con unos paneles de&#8230;<\/p>\n","protected":false},"author":1,"featured_media":0,"parent":0,"menu_order":0,"comment_status":"closed","ping_status":"closed","template":"","meta":[],"yoast_head":"<!-- This site is optimized with the Yoast SEO plugin v15.2.1 - https:\/\/yoast.com\/wordpress\/plugins\/seo\/ -->\n<title>CAFE-BAR - INTERIORISMO JOAQUIN FRANCO<\/title>\n<meta name=\"robots\" content=\"index, follow, max-snippet:-1, max-image-preview:large, max-video-preview:-1\" \/>\n<link rel=\"canonical\" href=\"https:\/\/joaquinfranco.com\/index.php\/cafe-bar\/\" \/>\n<meta property=\"og:locale\" content=\"es_ES\" \/>\n<meta property=\"og:type\" content=\"article\" \/>\n<meta property=\"og:title\" content=\"CAFE-BAR - INTERIORISMO JOAQUIN FRANCO\" \/>\n<meta property=\"og:description\" content=\"REFORMA DE LOCAL Y ACTIVIDAD PARA CAFE-BAR EN MERUELO, AVENIDA SAN MIGUEL 2 BLOQ. 2 LOCAL N\u00ba 1- SAN MIGUEL DE MERUELO A\u00d1O 2010 En funci\u00f3n de las ideas expresadas por el promotor en cuanto al desarrollo y funcionamiento del Bar se presenta una decoraci\u00f3n actual con unos paneles de...\" \/>\n<meta property=\"og:url\" content=\"https:\/\/joaquinfranco.com\/index.php\/cafe-bar\/\" \/>\n<meta property=\"og:site_name\" content=\"INTERIORISMO JOAQUIN FRANCO\" \/>\n<meta property=\"article:publisher\" content=\"https:\/\/www.facebook.com\/joaquin.francotrueba\" \/>\n<meta property=\"article:modified_time\" content=\"2020-06-03T18:50:54+00:00\" \/>\n<meta property=\"og:image\" content=\"http:\/\/joaquinfranco.com\/wp-content\/uploads\/2020\/05\/DSCN1061.jpg\" \/>\n<meta name=\"twitter:card\" content=\"summary_large_image\" \/>\n<meta name=\"twitter:label1\" content=\"Escrito por\">\n\t<meta name=\"twitter:data1\" content=\"admin\">\n\t<meta name=\"twitter:label2\" content=\"Tiempo de lectura\">\n\t<meta name=\"twitter:data2\" content=\"1 minuto\">\n<script type=\"application\/ld+json\" class=\"yoast-schema-graph\">{\"@context\":\"https:\/\/schema.org\",\"@graph\":[{\"@type\":\"WebSite\",\"@id\":\"https:\/\/joaquinfranco.com\/#website\",\"url\":\"https:\/\/joaquinfranco.com\/\",\"name\":\"INTERIORISMO JOAQUIN FRANCO\",\"description\":\"Estudio de Decoraci\\u00f3n y Arquitectura Interior\",\"potentialAction\":[{\"@type\":\"SearchAction\",\"target\":\"https:\/\/joaquinfranco.com\/?s={search_term_string}\",\"query-input\":\"required name=search_term_string\"}],\"inLanguage\":\"es\"},{\"@type\":\"ImageObject\",\"@id\":\"https:\/\/joaquinfranco.com\/index.php\/cafe-bar\/#primaryimage\",\"inLanguage\":\"es\",\"url\":\"http:\/\/joaquinfranco.com\/wp-content\/uploads\/2020\/05\/DSCN1061.jpg\"},{\"@type\":\"WebPage\",\"@id\":\"https:\/\/joaquinfranco.com\/index.php\/cafe-bar\/#webpage\",\"url\":\"https:\/\/joaquinfranco.com\/index.php\/cafe-bar\/\",\"name\":\"CAFE-BAR - INTERIORISMO JOAQUIN FRANCO\",\"isPartOf\":{\"@id\":\"https:\/\/joaquinfranco.com\/#website\"},\"primaryImageOfPage\":{\"@id\":\"https:\/\/joaquinfranco.com\/index.php\/cafe-bar\/#primaryimage\"},\"datePublished\":\"2020-05-07T15:46:47+00:00\",\"dateModified\":\"2020-06-03T18:50:54+00:00\",\"inLanguage\":\"es\",\"potentialAction\":[{\"@type\":\"ReadAction\",\"target\":[\"https:\/\/joaquinfranco.com\/index.php\/cafe-bar\/\"]}]}]}<\/script>\n<!-- \/ Yoast SEO plugin. -->","_links":{"self":[{"href":"https:\/\/joaquinfranco.com\/index.php\/wp-json\/wp\/v2\/pages\/1037"}],"collection":[{"href":"https:\/\/joaquinfranco.com\/index.php\/wp-json\/wp\/v2\/pages"}],"about":[{"href":"https:\/\/joaquinfranco.com\/index.php\/wp-json\/wp\/v2\/types\/page"}],"author":[{"embeddable":true,"href":"https:\/\/joaquinfranco.com\/index.php\/wp-json\/wp\/v2\/users\/1"}],"replies":[{"embeddable":true,"href":"https:\/\/joaquinfranco.com\/index.php\/wp-json\/wp\/v2\/comments?post=1037"}],"version-history":[{"count":3,"href":"https:\/\/joaquinfranco.com\/index.php\/wp-json\/wp\/v2\/pages\/1037\/revisions"}],"predecessor-version":[{"id":1683,"href":"https:\/\/joaquinfranco.com\/index.php\/wp-json\/wp\/v2\/pages\/1037\/revisions\/1683"}],"wp:attachment":[{"href":"https:\/\/joaquinfranco.com\/index.php\/wp-json\/wp\/v2\/media?parent=1037"}],"curies":[{"name":"wp","href":"https:\/\/api.w.org\/{rel}","templated":true}]}}