{"id":1025,"date":"2020-05-07T15:09:22","date_gmt":"2020-05-07T15:09:22","guid":{"rendered":"http:\/\/joaquinfranco.com\/?page_id=1025"},"modified":"2020-05-07T15:22:46","modified_gmt":"2020-05-07T15:22:46","slug":"local-comercial-eon","status":"publish","type":"page","link":"https:\/\/joaquinfranco.com\/index.php\/local-comercial-eon\/","title":{"rendered":"LOCAL COMERCIAL EON"},"content":{"rendered":"\n<h3 class=\"has-text-align-center\">PROYECTO ACONDICIONAMIENTO DE LOCAL COMO OFICINA Y ALMACEN DE MATERIAL ELECTRICO PARA DOALTO ONTA\u00d1\u00d3N S.L EN SANTO\u00d1A, C\/ ORTIZ OTA\u00d1EZ N\u00ba 22 BAJO (2007)<\/h3>\n\n\n\n<p class=\"has-drop-cap\">Acondicionamiento de local para oficina y almac\u00e9n de material el\u00e9ctrico.El escaparate act\u00faa a parte de dar iluminaci\u00f3n natural a la zona de oficina como expositor de una colecci\u00f3n de contadores el\u00e9ctricos. El \u00e1rea de oficina se planteo como punto de conexi\u00f3n de altas de luz de la zona. El almac\u00e9n se convierte en una tienda de iluminaci\u00f3n y material el\u00e9ctrico llamado Hermanos Doalto. La conexi\u00f3n entre tienda y oficina facilita la versatilidad del local y la atenci\u00f3n a los usuarios y clientes.<\/p>\n\n\n\n<figure class=\"wp-block-gallery aligncenter columns-1 is-cropped\"><ul class=\"blocks-gallery-grid\"><li class=\"blocks-gallery-item\"><figure><a href=\"http:\/\/joaquinfranco.com\/wp-content\/uploads\/2020\/05\/FACHADA-3.jpg\"><img loading=\"lazy\" width=\"400\" height=\"162\" src=\"http:\/\/joaquinfranco.com\/wp-content\/uploads\/2020\/05\/FACHADA-3.jpg\" alt=\"\" data-id=\"1029\" data-full-url=\"http:\/\/joaquinfranco.com\/wp-content\/uploads\/2020\/05\/FACHADA-3.jpg\" data-link=\"http:\/\/joaquinfranco.com\/index.php\/local-comercial-eon\/fachada-3-2\/\" class=\"wp-image-1029\" srcset=\"https:\/\/joaquinfranco.com\/wp-content\/uploads\/2020\/05\/FACHADA-3.jpg 400w, https:\/\/joaquinfranco.com\/wp-content\/uploads\/2020\/05\/FACHADA-3-300x122.jpg 300w\" sizes=\"(max-width: 400px) 100vw, 400px\" \/><\/a><\/figure><\/li><\/ul><\/figure>\n\n\n\n<div class=\"wp-block-file\"><a href=\"http:\/\/joaquinfranco.com\/wp-content\/uploads\/2020\/05\/PLANOS-PUNTO-OFICINA-EON.pdf\">PLANOS-PUNTO-OFICINA-EON<\/a><a href=\"http:\/\/joaquinfranco.com\/wp-content\/uploads\/2020\/05\/PLANOS-PUNTO-OFICINA-EON.pdf\" class=\"wp-block-file__button\" download>Descarga<\/a><\/div>\n\n\n\n<p><\/p>\n","protected":false},"excerpt":{"rendered":"<p>PROYECTO ACONDICIONAMIENTO DE LOCAL COMO OFICINA Y ALMACEN DE MATERIAL ELECTRICO PARA DOALTO ONTA\u00d1\u00d3N S.L EN SANTO\u00d1A, C\/ ORTIZ OTA\u00d1EZ N\u00ba 22 BAJO (2007) Acondicionamiento de local para oficina y almac\u00e9n de material el\u00e9ctrico.El escaparate act\u00faa a parte de dar iluminaci\u00f3n natural a la zona de oficina como expositor de&#8230;<\/p>\n","protected":false},"author":1,"featured_media":0,"parent":0,"menu_order":0,"comment_status":"closed","ping_status":"closed","template":"","meta":[],"yoast_head":"<!-- This site is optimized with the Yoast SEO plugin v15.2.1 - https:\/\/yoast.com\/wordpress\/plugins\/seo\/ -->\n<title>LOCAL COMERCIAL EON - INTERIORISMO JOAQUIN FRANCO<\/title>\n<meta name=\"robots\" content=\"index, follow, max-snippet:-1, max-image-preview:large, max-video-preview:-1\" \/>\n<link rel=\"canonical\" href=\"https:\/\/joaquinfranco.com\/index.php\/local-comercial-eon\/\" \/>\n<meta property=\"og:locale\" content=\"es_ES\" \/>\n<meta property=\"og:type\" content=\"article\" \/>\n<meta property=\"og:title\" content=\"LOCAL COMERCIAL EON - INTERIORISMO JOAQUIN FRANCO\" \/>\n<meta property=\"og:description\" content=\"PROYECTO ACONDICIONAMIENTO DE LOCAL COMO OFICINA Y ALMACEN DE MATERIAL ELECTRICO PARA DOALTO ONTA\u00d1\u00d3N S.L EN SANTO\u00d1A, C\/ ORTIZ OTA\u00d1EZ N\u00ba 22 BAJO (2007) Acondicionamiento de local para oficina y almac\u00e9n de material el\u00e9ctrico.El escaparate act\u00faa a parte de dar iluminaci\u00f3n natural a la zona de oficina como expositor de...\" \/>\n<meta property=\"og:url\" content=\"https:\/\/joaquinfranco.com\/index.php\/local-comercial-eon\/\" \/>\n<meta property=\"og:site_name\" content=\"INTERIORISMO JOAQUIN FRANCO\" \/>\n<meta property=\"article:publisher\" content=\"https:\/\/www.facebook.com\/joaquin.francotrueba\" \/>\n<meta property=\"article:modified_time\" content=\"2020-05-07T15:22:46+00:00\" \/>\n<meta property=\"og:image\" content=\"http:\/\/joaquinfranco.com\/wp-content\/uploads\/2020\/05\/FACHADA-3.jpg\" \/>\n<meta name=\"twitter:card\" content=\"summary_large_image\" \/>\n<meta name=\"twitter:label1\" content=\"Escrito por\">\n\t<meta name=\"twitter:data1\" content=\"admin\">\n\t<meta name=\"twitter:label2\" content=\"Tiempo de lectura\">\n\t<meta name=\"twitter:data2\" content=\"0 minutos\">\n<script type=\"application\/ld+json\" class=\"yoast-schema-graph\">{\"@context\":\"https:\/\/schema.org\",\"@graph\":[{\"@type\":\"WebSite\",\"@id\":\"https:\/\/joaquinfranco.com\/#website\",\"url\":\"https:\/\/joaquinfranco.com\/\",\"name\":\"INTERIORISMO JOAQUIN FRANCO\",\"description\":\"Estudio de Decoraci\\u00f3n y Arquitectura Interior\",\"potentialAction\":[{\"@type\":\"SearchAction\",\"target\":\"https:\/\/joaquinfranco.com\/?s={search_term_string}\",\"query-input\":\"required name=search_term_string\"}],\"inLanguage\":\"es\"},{\"@type\":\"ImageObject\",\"@id\":\"https:\/\/joaquinfranco.com\/index.php\/local-comercial-eon\/#primaryimage\",\"inLanguage\":\"es\",\"url\":\"http:\/\/joaquinfranco.com\/wp-content\/uploads\/2020\/05\/FACHADA-3.jpg\"},{\"@type\":\"WebPage\",\"@id\":\"https:\/\/joaquinfranco.com\/index.php\/local-comercial-eon\/#webpage\",\"url\":\"https:\/\/joaquinfranco.com\/index.php\/local-comercial-eon\/\",\"name\":\"LOCAL COMERCIAL EON - INTERIORISMO JOAQUIN FRANCO\",\"isPartOf\":{\"@id\":\"https:\/\/joaquinfranco.com\/#website\"},\"primaryImageOfPage\":{\"@id\":\"https:\/\/joaquinfranco.com\/index.php\/local-comercial-eon\/#primaryimage\"},\"datePublished\":\"2020-05-07T15:09:22+00:00\",\"dateModified\":\"2020-05-07T15:22:46+00:00\",\"inLanguage\":\"es\",\"potentialAction\":[{\"@type\":\"ReadAction\",\"target\":[\"https:\/\/joaquinfranco.com\/index.php\/local-comercial-eon\/\"]}]}]}<\/script>\n<!-- \/ Yoast SEO plugin. -->","_links":{"self":[{"href":"https:\/\/joaquinfranco.com\/index.php\/wp-json\/wp\/v2\/pages\/1025"}],"collection":[{"href":"https:\/\/joaquinfranco.com\/index.php\/wp-json\/wp\/v2\/pages"}],"about":[{"href":"https:\/\/joaquinfranco.com\/index.php\/wp-json\/wp\/v2\/types\/page"}],"author":[{"embeddable":true,"href":"https:\/\/joaquinfranco.com\/index.php\/wp-json\/wp\/v2\/users\/1"}],"replies":[{"embeddable":true,"href":"https:\/\/joaquinfranco.com\/index.php\/wp-json\/wp\/v2\/comments?post=1025"}],"version-history":[{"count":3,"href":"https:\/\/joaquinfranco.com\/index.php\/wp-json\/wp\/v2\/pages\/1025\/revisions"}],"predecessor-version":[{"id":1028,"href":"https:\/\/joaquinfranco.com\/index.php\/wp-json\/wp\/v2\/pages\/1025\/revisions\/1028"}],"wp:attachment":[{"href":"https:\/\/joaquinfranco.com\/index.php\/wp-json\/wp\/v2\/media?parent=1025"}],"curies":[{"name":"wp","href":"https:\/\/api.w.org\/{rel}","templated":true}]}}